{"id":8652,"date":"2024-06-11T08:42:13","date_gmt":"2024-06-11T08:42:13","guid":{"rendered":"https:\/\/carolyoungcorp.com\/products\/flexible-wood-panel-board-with-v-grooved-for-wainscoting-wood-flooring-wall-cover-partition-interior-cover-and-decoration"},"modified":"2026-02-11T08:02:36","modified_gmt":"2026-02-11T08:02:36","slug":"flexible-wood-panel-board-with-v-grooved-for-wainscoting-wood-flooring-wall-cover-partition-interior-cover-and-decoration","status":"publish","type":"product","link":"https:\/\/carolyoungcorp.com\/es\/products\/flexible-wood-panel-board-with-v-grooved-for-wainscoting-wood-flooring-wall-cover-partition-interior-cover-and-decoration","title":{"rendered":"Tablero de listones de madera flexibles con ranuras en V para revestimientos de madera, pisos de madera, revestimientos de paredes, particiones, revestimientos interiores y decoraci\u00f3n."},"content":{"rendered":"<h2>Tablero de madera flexible con dise\u00f1o de listones de madera con ranuras en V para pisos, paneles de pared, revestimientos de madera y techos.<\/h2>\n<p>&nbsp;<\/p>\n<h3>Hoja de especificaciones del dise\u00f1o del tablero de madera flexible con listones de madera con ranuras en V:<\/h3>\n<table width=\"0\">\n<tbody>\n<tr>\n<td>especificaciones del producto<\/td>\n<td>Descripci\u00f3n del Producto<\/td>\n<\/tr>\n<tr>\n<td>C\u00f3digo n.\u00b0<\/td>\n<td>CY287-01N-67<\/td>\n<\/tr>\n<tr>\n<td>Tama\u00f1o<\/td>\n<td>3 MM X 4\u2019 X 8\u2019 (3 mm x 1200 mm x 2400 mm)<\/td>\n<\/tr>\n<tr>\n<td>List\u00f3n de madera plano con ranura en V<\/td>\n<td>67 mm de ancho<\/td>\n<\/tr>\n<tr>\n<td>Estructura<\/td>\n<td>Parte superior: chapa de roble rojo, parte media: tablero de MDF<\/td>\n<\/tr>\n<tr>\n<td>Apoyo<\/td>\n<td>Respaldo de tela no tejida reforzada con resina ECO<\/td>\n<\/tr>\n<\/tbody>\n<\/table>\n<p>&nbsp;<\/p>\n<p>Uso: pisos de madera, pisos port\u00e1tiles, rodapi\u00e9s, revestimientos de madera, revestimiento y decoraci\u00f3n de paredes y techos, cabeceros, divisiones, puertas de persiana, frentes de gabinetes y cajones, paneles de pared, paneles de madera para interiores, acabados de muebles como armarios, gabinetes, estanter\u00edas, alacenas y guardarropas, paneles de madera para paredes, paneles de piso de ingenier\u00eda, paneles de techo de madera, decoraci\u00f3n de interiores.<\/p>\n<h3>Caracter\u00edsticas del dise\u00f1o del tablero de madera flexible con listones de madera con ranuras en V:<\/h3>\n<table>\n<tbody>\n<tr>\n<td width=\"566\">1- Es de f\u00e1cil instalaci\u00f3n con pegamento normal para tapicer\u00eda por bricolaje.<\/td>\n<\/tr>\n<tr>\n<td width=\"566\">2- El ancho y el largo se pueden recortar para que se ajusten a la dimensi\u00f3n exacta. El tablero de madera flexible con dise\u00f1o de listones de madera con ranura en V se puede recortar con una sierra de dientes finos o cortar a lo largo con un cuchillo.<\/td>\n<\/tr>\n<tr>\n<td width=\"566\">3- La tela no tejida es m\u00e1s el\u00e1stica, m\u00e1s fuerte y no r\u00edgida como el papel.<\/td>\n<\/tr>\n<tr>\n<td width=\"566\">4- Los tableros de madera flexibles con respaldo de tela no tejida se doblan m\u00e1s f\u00e1cilmente durante la construcci\u00f3n y se adaptan m\u00e1s f\u00e1cilmente a objetos decorativos de cualquier forma.<\/td>\n<\/tr>\n<tr>\n<td width=\"566\">5- El tablero de madera flexible con dise\u00f1o de listones de madera con ranuras en V est\u00e1 listo para te\u00f1ir, pintar o aplicar una capa transparente para combinar con la decoraci\u00f3n interior.<\/td>\n<\/tr>\n<tr>\n<td width=\"566\">6- El tablero de madera flexible con dise\u00f1o de listones de madera con ranuras en V se puede instalar en varios estilos para mejorar el atractivo arquitect\u00f3nico.<\/td>\n<\/tr>\n<\/tbody>\n<\/table>\n<p>&nbsp;<\/p>\n<p>El tejido no tejido que utilizamos (tejido no tejido de poli\u00e9ster\/nailon con resina de l\u00e1tex sint\u00e9tica) cuenta con la autorizaci\u00f3n STANDARD\u00a0100 de OEKO-TEX\u00ae.<\/p>\n<p>Los resultados de la inspecci\u00f3n realizada seg\u00fan la norma STANDARD 100 de OEK-OTEX\u00ae, Anexo 4, clase de producto I, han demostrado que los productos mencionados cumplen los requisitos humanos y ecol\u00f3gicos de la norma STANDARD 100 de OEKO-TEX\u00ae, actualmente establecidos en el Anexo 4 para art\u00edculos para beb\u00e9s.<\/p>\n<p>El tablero de madera flexible con dise\u00f1o de listones de madera con ranuras en V es un tablero de madera que se puede utilizar de forma segura para la decoraci\u00f3n interior de la casa.<\/p>\n<p>Los paneles de madera flexibles con dise\u00f1o de listones de madera con ranura en V se pueden instalar en diversos patrones, como machihembrado, solapado o paneles, para crear dise\u00f1os \u00fanicos y visualmente atractivos en paredes, techos y pisos. Estos paneles\/tableros de madera\/tableros de madera para interiores son populares en proyectos de bricolaje (DIY) para crear muebles a medida, paredes decorativas, techos, pisos y diversos art\u00edculos de decoraci\u00f3n para el hogar.<\/p>\n<p>Palabras clave: paneles de madera para paredes, paneles de piso de ingenier\u00eda, paneles de techo de madera, decoraci\u00f3n de interiores, bricolaje, tablero de panel de madera flexible con dise\u00f1o de listones de madera con ranuras en V, tableros de paneles de madera flexibles.<\/p>\n","protected":false},"excerpt":{"rendered":"<p>Uso: pisos de madera, pisos port\u00e1tiles, rodapi\u00e9s, revestimientos de paredes y techos, revestimientos y decoraci\u00f3n de paredes y techos, cabeceros, divisiones, puertas de persiana, frentes de gabinetes y cajones, paneles de pared, paneles de madera para interiores, acabados de muebles como armarios, gabinetes, estanter\u00edas, alacenas y guardarropas.<\/p>\n<p>Est\u00e1 listo para te\u00f1ir, pintar o aplicar capa transparente para combinar con la decoraci\u00f3n de interiores o para usar en pisos.<\/p>\n<p>Los paneles de madera\/tableros de paneles\/tableros de madera\/paneles de madera para interiores son populares en proyectos de bricolaje (h\u00e1galo usted mismo) para crear muebles personalizados, paredes decorativas y varios elementos de decoraci\u00f3n del hogar.<\/p>\n","protected":false},"featured_media":5838,"template":"","meta":[],"product_brand":[],"product_cat":[293,370,371,372,373],"product_tag":[449,450,451,454,530,531,532,533,534],"class_list":{"0":"post-8652","1":"product","2":"type-product","3":"status-publish","4":"has-post-thumbnail","6":"product_cat-flexible-wood-slats-panel-with-wood-veneer-top","7":"product_cat-pole-column-wall-and-furniture-surface-covers-by-diy","8":"product_cat-flexible-wood-slats-panel-for-furniture-finishing","9":"product_cat-flexible-wood-slats-panel-for-furniture-decoration-wall-cover-and-pole-column-wrap-by-diy","10":"product_cat-flexible-wood-slats-panel-for-interior-wall-ceiling-and-pole-column-covering-and-decoration","11":"product_tag-cubierta-del-techo","12":"product_tag-acabado-de-muebles","13":"product_tag-cubierta-interior-y-decoracion","14":"product_tag-cubierta-de-madera","15":"product_tag-dividir","16":"product_tag-revestimiento-de-madera","17":"product_tag-cubierta-de-pared","18":"product_tag-suelos-de-madera","19":"product_tag-envoltura-de-madera","21":"first","22":"instock","23":"shipping-taxable","24":"product-type-simple"},"jetpack_sharing_enabled":true,"_links":{"self":[{"href":"https:\/\/carolyoungcorp.com\/es\/wp-json\/wp\/v2\/product\/8652","targetHints":{"allow":["GET"]}}],"collection":[{"href":"https:\/\/carolyoungcorp.com\/es\/wp-json\/wp\/v2\/product"}],"about":[{"href":"https:\/\/carolyoungcorp.com\/es\/wp-json\/wp\/v2\/types\/product"}],"wp:featuredmedia":[{"embeddable":true,"href":"https:\/\/carolyoungcorp.com\/es\/wp-json\/wp\/v2\/media\/5838"}],"wp:attachment":[{"href":"https:\/\/carolyoungcorp.com\/es\/wp-json\/wp\/v2\/media?parent=8652"}],"wp:term":[{"taxonomy":"product_brand","embeddable":true,"href":"https:\/\/carolyoungcorp.com\/es\/wp-json\/wp\/v2\/product_brand?post=8652"},{"taxonomy":"product_cat","embeddable":true,"href":"https:\/\/carolyoungcorp.com\/es\/wp-json\/wp\/v2\/product_cat?post=8652"},{"taxonomy":"product_tag","embeddable":true,"href":"https:\/\/carolyoungcorp.com\/es\/wp-json\/wp\/v2\/product_tag?post=8652"}],"curies":[{"name":"wp","href":"https:\/\/api.w.org\/{rel}","templated":true}]}}