{"id":8564,"date":"2023-06-15T07:51:52","date_gmt":"2023-06-15T07:51:52","guid":{"rendered":"https:\/\/carolyoungcorp.com\/products\/flexible-red-oak-veneer-top-panel-board-with-v-grooved-for-pole-column-cover-wall-partition-cover-wall-panel-interior-cover-and-decoration-wood-material"},"modified":"2026-02-11T08:18:21","modified_gmt":"2026-02-11T08:18:21","slug":"flexible-red-oak-veneer-top-panel-board-with-v-grooved-for-pole-column-cover-wall-partition-cover-wall-panel-interior-cover-and-decoration-wood-material","status":"publish","type":"product","link":"https:\/\/carolyoungcorp.com\/es\/products\/flexible-red-oak-veneer-top-panel-board-with-v-grooved-for-pole-column-cover-wall-partition-cover-wall-panel-interior-cover-and-decoration-wood-material","title":{"rendered":"Tablero de listones de madera con ranuras en V flexibles de chapa de roble rojo con refuerzo de tela no tejida ECO-Resign para revestimiento de paredes, envolturas de postes, revestimiento de superficies de muebles y f\u00e1cil uso de pisos port\u00e1tiles de bricolaje"},"content":{"rendered":"<h2>Tablero de listones de madera con ranuras en V flexibles con tela no tejida reforzada con resina ECO para revestimiento de paredes, envolturas de postes, revestimiento de superficies de muebles y f\u00e1cil uso en pisos port\u00e1tiles de bricolaje<\/h2>\n<p>&nbsp;<\/p>\n<p>Los mejores tableros de tambor, tableros de listones de madera flexibles con ranuras en V en tres capas, parte superior en chapa de madera seleccionada, tablero medio de MDF y parte posterior con soporte textil, luego ranurados en V o estriados en las dos capas superiores para el car\u00e1cter flexible y enrollable y con dise\u00f1o de listones ser\u00e1n la mejor selecci\u00f3n para revestimiento de paredes, envolturas de postes, revestimiento de superficies de muebles y uso de pisos port\u00e1tiles por parte de aficionados al bricolaje.<\/p>\n<p>Los tableros de listones de madera flexibles de tres capas, con la capa superior hecha de chapa de madera seleccionada, la capa intermedia hecha de tablero MDF y la parte posterior sostenida con textil, est\u00e1n dise\u00f1ados para una mayor flexibilidad, capacidad de enrollado y durabilidad, siempre la primera opci\u00f3n para estos fines.<\/p>\n<p>Uso: revestimiento de paredes, envoltura de postes, revestimiento de columnas romanas y decoraci\u00f3n de objetos con forma, acabado de muebles para renovar como armarios, gabinetes y estanter\u00edas&#8230;.<\/p>\n<table>\n<tbody>\n<tr>\n<td>especificaciones del producto<\/td>\n<td>Descripci\u00f3n del Producto<\/td>\n<\/tr>\n<tr>\n<td>C\u00f3digo n.\u00b0<\/td>\n<td><span style=\"font-weight: 400;\">CY287-01N<\/span><\/td>\n<\/tr>\n<tr>\n<td>Tama\u00f1o<\/td>\n<td>3 mm x 4 pies x 8 pies (3 mm x 1220 mm x 2440 mm)<\/td>\n<\/tr>\n<tr>\n<td>Estructura<\/td>\n<td>Parte superior: chapa de roble rojo, parte media: tablero MDF, respaldo: tela no tejida reforzada con resina ECO<\/td>\n<\/tr>\n<\/tbody>\n<\/table>\n<p><strong>Personaje:<\/strong><\/p>\n<table>\n<tbody>\n<tr>\n<td width=\"566\">1- Es de f\u00e1cil instalaci\u00f3n con pegamento normal por bricolaje.<\/td>\n<\/tr>\n<tr>\n<td width=\"566\">2- El ancho y la altura se pueden recortar para que se ajusten a la dimensi\u00f3n exacta.<br \/>\nSe puede recortar con una sierra de dientes finos o cortar a lo largo con un c\u00fater.<\/td>\n<\/tr>\n<tr>\n<td width=\"566\">3- Se puede te\u00f1ir o pintar para combinar con la decoraci\u00f3n interior.<\/td>\n<\/tr>\n<tr>\n<td width=\"566\">4- La tela no tejida es m\u00e1s el\u00e1stica, m\u00e1s fuerte y no r\u00edgida como el papel.<\/td>\n<\/tr>\n<tr>\n<td width=\"566\">5- Los tableros flexibles con soporte de tela no tejida se doblan m\u00e1s f\u00e1cilmente durante la construcci\u00f3n y tambi\u00e9n son m\u00e1s f\u00e1ciles de colocar en objetos decorativos de cualquier forma.<\/td>\n<\/tr>\n<\/tbody>\n<\/table>\n<p>&nbsp;<\/p>\n<p>Se puede utilizar para revestimiento y decoraci\u00f3n de paredes y techos. Se puede utilizar como panel de madera, revestimiento de madera, panel de pared y panel de pared interior. Tambi\u00e9n se puede utilizar para revestimiento, cubierta y decoraci\u00f3n de postes, columnas y armarios. Se puede utilizar para el acabado de muebles como armarios, estanter\u00edas, alacenas y roperos.<\/p>\n<p>Se puede utilizar para particiones, revestimientos de madera, frentes de barras, frentes de cajones y puertas de persiana.<\/p>\n<p>&nbsp;<\/p>\n<p>El tejido no tejido que utilizamos (tejido no tejido de poli\u00e9ster\/nailon con resina de l\u00e1tex sint\u00e9tica) cuenta con la autorizaci\u00f3n STANDARD\u00a0100 de OEKO-TEX\u00ae.<\/p>\n<p>Los resultados de la inspecci\u00f3n realizada seg\u00fan la norma STANDARD 100 de OEK-OTEX\u00ae, Anexo 4 clase de producto I, han demostrado que los productos mencionados cumplen los requisitos humanos y ecol\u00f3gicos de la norma STANDARD 100 de OEKO-TEX\u00ae actualmente establecidos en el Anexo 4 para art\u00edculos para beb\u00e9s.<\/p>\n<p>Es un tablero que se puede utilizar de forma segura para la decoraci\u00f3n interior de la casa.<\/p>\n","protected":false},"excerpt":{"rendered":"<p>Se puede utilizar para revestimiento y decoraci\u00f3n de paredes y techos. Se puede utilizar como panel de madera, revestimiento de madera, panel de pared y panel de pared interior. Tambi\u00e9n se puede utilizar para revestimiento, cubierta y decoraci\u00f3n de postes, columnas y armarios. Se puede utilizar para el acabado de muebles como armarios, estanter\u00edas, alacenas y roperos.<\/p>\n<p>Se puede utilizar en tabiques, revestimientos de madera, frentes de barras, frentes de cajones y puertas de persiana.<\/p>\n<p>Los paneles flexibles con soporte de tela no tejida se doblan m\u00e1s f\u00e1cilmente durante la construcci\u00f3n y se adaptan mejor a objetos decorativos de cualquier forma.<\/p>\n<p>El tejido no tejido que utilizamos (tejido no tejido de poli\u00e9ster\/nailon con resina de l\u00e1tex sint\u00e9tica) cuenta con la autorizaci\u00f3n STANDARD\u00a0100 de OEKO-TEX\u00ae.<\/p>\n<p>F\u00e1cil instalaci\u00f3n con pegamento normal por bricolaje.<\/p>\n","protected":false},"featured_media":5558,"template":"","meta":[],"product_brand":[],"product_cat":[293,373,372,371,370],"product_tag":[389,388,387,386,385,384,383,382],"class_list":{"0":"post-8564","1":"product","2":"type-product","3":"status-publish","4":"has-post-thumbnail","6":"product_cat-flexible-wood-slats-panel-with-wood-veneer-top","7":"product_cat-flexible-wood-slats-panel-for-interior-wall-ceiling-and-pole-column-covering-and-decoration","8":"product_cat-flexible-wood-slats-panel-for-furniture-decoration-wall-cover-and-pole-column-wrap-by-diy","9":"product_cat-flexible-wood-slats-panel-for-furniture-finishing","10":"product_cat-pole-column-wall-and-furniture-surface-covers-by-diy","11":"product_tag-tablero-de-paneles-de-madera","12":"product_tag-material-de-madera","13":"product_tag-material-de-construccion-de-madera","14":"product_tag-envoltura-de-pared","15":"product_tag-panel-de-pared","16":"product_tag-revestimiento-y-decoracion-de-paredes","17":"product_tag-cubierta-de-poste-columna","18":"product_tag-entrecubierta-y-decoracion","20":"first","21":"instock","22":"shipping-taxable","23":"product-type-simple"},"jetpack_sharing_enabled":true,"_links":{"self":[{"href":"https:\/\/carolyoungcorp.com\/es\/wp-json\/wp\/v2\/product\/8564","targetHints":{"allow":["GET"]}}],"collection":[{"href":"https:\/\/carolyoungcorp.com\/es\/wp-json\/wp\/v2\/product"}],"about":[{"href":"https:\/\/carolyoungcorp.com\/es\/wp-json\/wp\/v2\/types\/product"}],"wp:featuredmedia":[{"embeddable":true,"href":"https:\/\/carolyoungcorp.com\/es\/wp-json\/wp\/v2\/media\/5558"}],"wp:attachment":[{"href":"https:\/\/carolyoungcorp.com\/es\/wp-json\/wp\/v2\/media?parent=8564"}],"wp:term":[{"taxonomy":"product_brand","embeddable":true,"href":"https:\/\/carolyoungcorp.com\/es\/wp-json\/wp\/v2\/product_brand?post=8564"},{"taxonomy":"product_cat","embeddable":true,"href":"https:\/\/carolyoungcorp.com\/es\/wp-json\/wp\/v2\/product_cat?post=8564"},{"taxonomy":"product_tag","embeddable":true,"href":"https:\/\/carolyoungcorp.com\/es\/wp-json\/wp\/v2\/product_tag?post=8564"}],"curies":[{"name":"wp","href":"https:\/\/api.w.org\/{rel}","templated":true}]}}