{"id":12929,"date":"2026-03-20T08:53:01","date_gmt":"2026-03-20T08:53:01","guid":{"rendered":"https:\/\/carolyoungcorp.com\/products\/flexible-wood-panel-board-with-v-grooved-for-interior-cover-and-decoration"},"modified":"2026-04-20T08:18:13","modified_gmt":"2026-04-20T08:18:13","slug":"flexible-wood-panel-board-with-v-grooved-for-interior-cover-and-decoration","status":"publish","type":"product","link":"https:\/\/carolyoungcorp.com\/es\/products\/flexible-wood-panel-board-with-v-grooved-for-interior-cover-and-decoration","title":{"rendered":"Tablero de madera flexible con ranura en V para revestimiento y decoraci\u00f3n de interiores"},"content":{"rendered":"<h2>Paneles de madera flexibles con ranura en V para revestimiento y decoraci\u00f3n de interiores.<br \/>\nSe pueden instalar en diversos estilos para realzar el atractivo arquitect\u00f3nico.<\/h2>\n<table width=\"0\">\n<tbody>\n<tr>\n<td width=\"151\"><strong>Especificaci\u00f3n del producto<\/strong><\/td>\n<td width=\"451\"><strong>Descripci\u00f3n del Producto<\/strong><\/td>\n<\/tr>\n<tr>\n<td width=\"151\">C\u00f3digo No.<\/td>\n<td width=\"451\">CY307-01<\/td>\n<\/tr>\n<tr>\n<td width=\"151\">Tama\u00f1o<\/td>\n<td width=\"451\">3 mm x 1200 mm x 2400 mm<\/td>\n<\/tr>\n<tr>\n<td width=\"151\">Ranurado en V<\/td>\n<td width=\"451\">13 mm<\/td>\n<\/tr>\n<tr>\n<td width=\"151\">Estructura<\/td>\n<td width=\"451\"><strong>Capa superior<\/strong>: impresi\u00f3n de vetas de roble rojo cortadas en cuartos, relieve fino y acabado impermeable y resistente a la abrasi\u00f3n.<br \/>\n<strong>Capa intermedia<\/strong>: tejido no tejido reforzado con resina ECO.<br \/>\n<strong>Capa inferior<\/strong>: tablero de MDF con ranura en V.<\/td>\n<\/tr>\n<tr>\n<td width=\"151\">Uso<\/td>\n<td width=\"451\">Revestimiento y decoraci\u00f3n de paredes y techos, rodapi\u00e9s, revestimiento de paredes, suelos de madera, tabiques, puertas enrollables, frentes de armarios y cajones, paneles de pared, paneles de madera para interiores, acabados de muebles como armarios, gabinetes, librer\u00edas, alacenas y roperos.<\/td>\n<\/tr>\n<tr>\n<td width=\"151\">Origen<\/td>\n<td width=\"451\">Taiw\u00e1n<\/td>\n<\/tr>\n<\/tbody>\n<\/table>\n<p><span style=\"font-size: 20px;\"><strong>Personaje:<\/strong><\/span><\/p>\n<table>\n<tbody>\n<tr>\n<td width=\"566\">1- Su instalaci\u00f3n es sencilla con pegamento normal para tapicer\u00eda, ideal para hacerlo uno mismo.<\/td>\n<\/tr>\n<tr>\n<td width=\"566\">2- Es posible que sea necesario recortar el ancho y la altura para que se ajusten a las dimensiones exactas.<\/p>\n<p>Se puede recortar con una sierra de dientes finos o cortar longitudinalmente con un c\u00fater.<\/td>\n<\/tr>\n<tr>\n<td width=\"566\">3- El tejido no tejido es m\u00e1s el\u00e1stico, m\u00e1s resistente y no tan r\u00edgido como el papel.<\/td>\n<\/tr>\n<tr>\n<td width=\"566\">4- Los paneles flexibles con respaldo de tela no tejida son m\u00e1s f\u00e1ciles de doblar durante la instalaci\u00f3n y permiten colocar objetos decorativos de cualquier forma con mayor facilidad.<\/td>\n<\/tr>\n<tr>\n<td width=\"566\">5- No se da\u00f1a f\u00e1cilmente y, gracias a su acabado impermeable y resistente a la abrasi\u00f3n, tambi\u00e9n es f\u00e1cil de limpiar cuando se ensucia.<\/td>\n<\/tr>\n<\/tbody>\n<\/table>\n<p>El tejido no tejido que utilizamos (tejido no tejido de poli\u00e9ster\/nylon con resina de l\u00e1tex sint\u00e9tico) cuenta con la autorizaci\u00f3n STANDARD 100 de OEKO-TEX\u00ae.<br \/>\nLos resultados de la inspecci\u00f3n realizada seg\u00fan la norma STANDARD 100 de OEKO-TEX\u00ae, Anexo 4, clase de producto I, han demostrado que los productos mencionados anteriormente cumplen con los requisitos humano-ecol\u00f3gicos de la norma STANDARD 100 de OEKO-TEX\u00ae actualmente establecida en el Anexo 4 para art\u00edculos para beb\u00e9s.<\/p>\n<p>Los paneles de madera\/tableros de madera\/tableros de madera para interiores son populares en proyectos de bricolaje (DIY) para crear muebles personalizados, revestimientos de paredes\/techos, suelos de madera y diversos art\u00edculos de decoraci\u00f3n para el hogar.<\/p>\n","protected":false},"excerpt":{"rendered":"<h2>Tablero de madera flexible con ranura en V para revestimiento y decoraci\u00f3n de interiores.<\/h2>\n<p>Los paneles de madera\/tableros de madera\/tableros de madera para interiores son populares en proyectos de bricolaje (DIY) para crear muebles personalizados, revestimientos de paredes\/techos, suelos de madera y diversos art\u00edculos de decoraci\u00f3n para el hogar.<br \/>\nLos paneles flexibles con respaldo de tela no tejida son m\u00e1s f\u00e1ciles de doblar durante la instalaci\u00f3n y permiten colocar objetos decorativos de cualquier forma con mayor facilidad.<br \/>\nNo se da\u00f1a f\u00e1cilmente y, gracias a su acabado impermeable y resistente a la abrasi\u00f3n, tambi\u00e9n es f\u00e1cil de limpiar cuando se ensucia.<br \/>\nSu instalaci\u00f3n es sencilla con pegamento normal para tapicer\u00eda, ideal para hacerlo uno mismo.<\/p>\n","protected":false},"featured_media":12871,"template":"","meta":[],"product_brand":[],"product_cat":[242,236,232,234,231],"product_tag":[530,4913,4912,4911,4910,4909,4908,4907,841,563,531,455,452,221],"class_list":{"0":"post-12929","1":"product","2":"type-product","3":"status-publish","4":"has-post-thumbnail","6":"product_cat-flexible-wood-slats-panel-for-interior-wall-ceiling-and-pole-column-covering-and-decoration","7":"product_cat-flexible-wood-slats-panel-for-furniture-decoration-wall-cover-and-pole-column-wrap-by-diy","8":"product_cat-flexible-wood-slats-panel-for-furniture-finishing","9":"product_cat-pole-column-wall-and-furniture-surface-covers-by-diy","10":"product_cat-flexible-wood-slats-panel-with-wood-veneer-top","11":"product_tag-dividir","12":"product_tag-tabla-de-madera","13":"product_tag-tablero-de-persiana","14":"product_tag-rodapie","15":"product_tag-revestimiento-de-poste-columna-poste","16":"product_tag-superficie-de-los-muebles","17":"product_tag-piso","19":"product_tag-revestimiento-de-pared-techo","20":"product_tag-decoracion-de-interiores","21":"product_tag-revestimiento-de-madera","22":"product_tag-panel-de-madera","23":"product_tag-tablero-de-control","24":"product_tag-wood-panel-zh-hant","26":"first","27":"instock","28":"shipping-taxable","29":"product-type-simple"},"jetpack_sharing_enabled":true,"_links":{"self":[{"href":"https:\/\/carolyoungcorp.com\/es\/wp-json\/wp\/v2\/product\/12929","targetHints":{"allow":["GET"]}}],"collection":[{"href":"https:\/\/carolyoungcorp.com\/es\/wp-json\/wp\/v2\/product"}],"about":[{"href":"https:\/\/carolyoungcorp.com\/es\/wp-json\/wp\/v2\/types\/product"}],"wp:featuredmedia":[{"embeddable":true,"href":"https:\/\/carolyoungcorp.com\/es\/wp-json\/wp\/v2\/media\/12871"}],"wp:attachment":[{"href":"https:\/\/carolyoungcorp.com\/es\/wp-json\/wp\/v2\/media?parent=12929"}],"wp:term":[{"taxonomy":"product_brand","embeddable":true,"href":"https:\/\/carolyoungcorp.com\/es\/wp-json\/wp\/v2\/product_brand?post=12929"},{"taxonomy":"product_cat","embeddable":true,"href":"https:\/\/carolyoungcorp.com\/es\/wp-json\/wp\/v2\/product_cat?post=12929"},{"taxonomy":"product_tag","embeddable":true,"href":"https:\/\/carolyoungcorp.com\/es\/wp-json\/wp\/v2\/product_tag?post=12929"}],"curies":[{"name":"wp","href":"https:\/\/api.w.org\/{rel}","templated":true}]}}