{"id":12315,"date":"2020-08-09T03:50:48","date_gmt":"2020-08-09T03:50:48","guid":{"rendered":"https:\/\/carolyoungcorp.com\/products\/wood-antibacterial"},"modified":"2026-01-14T09:10:55","modified_gmt":"2026-01-14T09:10:55","slug":"wood-antibacterial","status":"publish","type":"product","link":"https:\/\/carolyoungcorp.com\/es\/products\/wood-antibacterial","title":{"rendered":"Antibacteriano, desinfectante y esterilizante para la protecci\u00f3n de la madera con efectos de acci\u00f3n prolongada &#8211; Carol Young"},"content":{"rendered":"<h2>La sal de amonio cuaternario de silicona, RX-SiN4, tiene un efecto antibacteriano, desinfectante y esterilizante de larga duraci\u00f3n sobre madera y textiles.<\/h2>\n<p>&nbsp;<\/p>\n<p>Descripci\u00f3n<br \/>\nEl protector de madera ha sido elaborado meticulosamente en nuestros laboratorios para ayudar a combatir la pandemia del coronavirus (Covid-19) que ha afectado a todo el mundo.<\/p>\n<p>Este producto tiene la particularidad de que contiene un compuesto org\u00e1nico con sal de amonio cuaternario de silicona, RX-SiN4, que tiene un efecto antibacteriano, desinfectante y esterilizante de larga duraci\u00f3n sobre madera y otras superficies (textiles, lonas, cuerdas, fibra de chimeneas y decoraciones de interiores), sin da\u00f1arlas.<br \/>\nCon la nueva silicona org\u00e1nica como medio, las sales de amonio cuaternario pueden adsorberse en la superficie de bacterias (grampositivas y negativas), levaduras, hongos y virus, alterando la permeabilidad de sus paredes celulares y, por consiguiente, provocando la muerte de los diferentes microorganismos. Esto lo convierte en el producto ideal para su uso durante esta pandemia.<br \/>\nSEspecificaciones:<br \/>\nApariencia: L\u00edquido amarillo p\u00e1lido<br \/>\nGravedad: 1.0<br \/>\nComposici\u00f3n: Quat-silano multifunci\u00f3n<br \/>\nEfecto: Efecto a largo plazo<br \/>\nSoluci\u00f3n RX-SiN4 1\/100~1\/1000 para uso adecuado<br \/>\nAlmacenamiento: 1 a\u00f1o en un lugar fresco (sin abrir)<br \/>\nF\u00f3sforo (EE. UU.) FFDCA. Podr\u00edan utilizarse productos qu\u00edmicos.<\/p>\n","protected":false},"excerpt":{"rendered":"<p>The Wood protector has been meticulously created in our laboratories to help combat the Conoravirus (Covid-19) Pandemic, that has been affecting worldwide.<\/p>\n<p>This product has the particularity that it contains an organic compound with silicone quaternary ammonium salt, RX-SiN4, which has a long-lasting effect of antibacterial, disinfectant and sterilization on wood and other surfaces (textiles, canvas, ropes, firehouse fiber and interior decorations), without damaging them.<br \/>\nWith the new organic silicone as a medium, the quaternary ammonium salts can be adsorbed on the surface of bacteria\u2019s (Gram-Positive and Negative), yeast, fungi and virus, changing the permeability of their cell walls and there for the death of the different microorganisms. Making it the perfect product to be used during this pandemic.<\/p>\n","protected":false},"featured_media":5403,"template":"","meta":[],"product_brand":[],"product_cat":[790],"product_tag":[4803,4802,4801,4800,4799,4798,908,901],"class_list":{"0":"post-12315","1":"product","2":"type-product","3":"status-publish","4":"has-post-thumbnail","6":"product_cat-antibacterial-and-antifungal-quaternary-ammonium-salt","7":"product_tag-productos-quimicos-de-la-madera","8":"product_tag-quimica-textil","9":"product_tag-esterilizacion","10":"product_tag-silicona","11":"product_tag-quimica-organica","12":"product_tag-desinfeccion","13":"product_tag-antibacteriano","14":"product_tag-ffdca-es","16":"first","17":"instock","18":"shipping-taxable","19":"product-type-simple"},"jetpack_sharing_enabled":true,"_links":{"self":[{"href":"https:\/\/carolyoungcorp.com\/es\/wp-json\/wp\/v2\/product\/12315","targetHints":{"allow":["GET"]}}],"collection":[{"href":"https:\/\/carolyoungcorp.com\/es\/wp-json\/wp\/v2\/product"}],"about":[{"href":"https:\/\/carolyoungcorp.com\/es\/wp-json\/wp\/v2\/types\/product"}],"wp:featuredmedia":[{"embeddable":true,"href":"https:\/\/carolyoungcorp.com\/es\/wp-json\/wp\/v2\/media\/5403"}],"wp:attachment":[{"href":"https:\/\/carolyoungcorp.com\/es\/wp-json\/wp\/v2\/media?parent=12315"}],"wp:term":[{"taxonomy":"product_brand","embeddable":true,"href":"https:\/\/carolyoungcorp.com\/es\/wp-json\/wp\/v2\/product_brand?post=12315"},{"taxonomy":"product_cat","embeddable":true,"href":"https:\/\/carolyoungcorp.com\/es\/wp-json\/wp\/v2\/product_cat?post=12315"},{"taxonomy":"product_tag","embeddable":true,"href":"https:\/\/carolyoungcorp.com\/es\/wp-json\/wp\/v2\/product_tag?post=12315"}],"curies":[{"name":"wp","href":"https:\/\/api.w.org\/{rel}","templated":true}]}}