{"id":11513,"date":"2020-06-18T08:51:50","date_gmt":"2020-06-18T08:51:50","guid":{"rendered":"https:\/\/carolyoungcorp.com\/products\/solid-red-oak-molding-for-pole-column-covering"},"modified":"2026-02-11T06:41:22","modified_gmt":"2026-02-11T06:41:22","slug":"solid-red-oak-molding-for-pole-column-covering","status":"publish","type":"product","link":"https:\/\/carolyoungcorp.com\/es\/products\/solid-red-oak-molding-for-pole-column-covering","title":{"rendered":"Moldura de roble rojo macizo para revestir postes\/columnas y conseguir una decoraci\u00f3n de columna romana."},"content":{"rendered":"<h2>Moldura de roble rojo macizo para revestir postes\/columnas y conseguir una decoraci\u00f3n de columna romana.<\/h2>\n<p>&nbsp;<\/p>\n<p>Realce la belleza de sus columnas y postes romanos con nuestra moldura de roble rojo macizo en dos mitades, dise\u00f1ada especialmente para una f\u00e1cil instalaci\u00f3n. Esta moldura de madera de roble rojo de alta calidad es perfecta para decorar columnas y postes romanos, cubrir postes, columnas y pilares en s\u00f3tanos, revestir columnas interiores y revestimientos de columnas de madera.<\/p>\n<p>Elaborada con madera maciza de roble rojo, esta moldura ofrece una durabilidad y est\u00e9tica excepcionales. Su estructura \u00fanica consta de dos mitades, lo que permite un f\u00e1cil ensamblaje en proyectos de bricolaje. Combinada con nuestro panel de madera flexible con chapa de roble rojo, proporciona un aspecto uniforme y armonioso al revestir postes, columnas o pilares.<\/p>\n<p><strong>Usos:<\/strong> Revestimiento de columnas y postes romanos, revestimientos para postes\/postes\/columnas de s\u00f3tanos, revestimientos interiores de columnas, revestimiento de madera, revestimientos de columnas de madera<\/p>\n<table width=\"0\">\n<tbody>\n<tr>\n<td width=\"151\">Especificaci\u00f3n del producto<\/td>\n<td width=\"451\">Descripci\u00f3n del Producto<\/td>\n<\/tr>\n<tr>\n<td width=\"151\">C\u00f3digo No<\/td>\n<td width=\"451\">294-00<\/td>\n<\/tr>\n<tr>\n<td width=\"151\">Tama\u00f1o<\/td>\n<td width=\"451\">Di\u00e1metro del juego de tapas: 6 y 7 pulgadas \/ Con orificio: 3 \u00bd, 4 o 4 \u00bd pulgadas \/ Interior: corte con radio de \u00bd pulgada<br \/>\nDi\u00e1metro del juego de bases: 7 y 8 pulgadas \/ Con orificio: 3 \u00bd, 4 o 4 \u00bd pulgadas \/ Exterior: corte con radio de \u00bd pulgada<\/td>\n<\/tr>\n<tr>\n<td width=\"151\">Material<\/td>\n<td width=\"451\">Madera maciza de roble rojo<\/td>\n<\/tr>\n<tr>\n<td width=\"151\">Estructura<\/td>\n<td width=\"451\">Juego de tapas y juego de bases<\/td>\n<\/tr>\n<tr>\n<td width=\"151\">Forma<\/td>\n<td width=\"451\">Oct\u00e1gono dividido en dos mitades (tambi\u00e9n puede ser cuadrado)<\/td>\n<\/tr>\n<tr>\n<td width=\"151\">Altura<\/td>\n<td width=\"451\">\u00be de pulgada<\/td>\n<\/tr>\n<tr>\n<td width=\"151\">Origen<\/td>\n<td width=\"451\">Taiw\u00e1n<\/td>\n<\/tr>\n<\/tbody>\n<\/table>\n<p><strong>Caracter\u00edsticas principales:<\/strong><\/p>\n<p>Instalaci\u00f3n sencilla: La moldura se instala f\u00e1cilmente con pegamento com\u00fan, lo que la convierte en una opci\u00f3n ideal para los aficionados al bricolaje.<\/p>\n<p>Ajuste perfecto para columnas y pilares romanos: Dise\u00f1ada para un ajuste perfecto con columnas y pilares romanos, garantiza un resultado impecable y visualmente atractivo.<\/p>\n<p>Acabados personalizables: La moldura de roble rojo se puede te\u00f1ir o pintar para combinar con el estilo de su decoraci\u00f3n interior, ofreciendo gran versatilidad de dise\u00f1o.<\/p>\n<p>Disfrute de la belleza y la practicidad de nuestras molduras de roble rojo macizo, fabricadas con orgullo en Taiw\u00e1n.<\/p>\n<p>Para clientes en Estados Unidos, por favor contacten a nuestro agente autorizado, POLE-WRAP, INC.<\/p>\n<p>Buscamos activamente agentes y distribuidores en todo el mundo (excepto Estados Unidos).<\/p>\n","protected":false},"excerpt":{"rendered":"<h2 class=\"product_title entry-title\">Moldura de roble rojo macizo para revestir postes\/columnas y conseguir una decoraci\u00f3n de columna romana.<\/h2>\n<p>Usos: Revestimiento de columnas y postes romanos, revestimientos para postes\/postes\/columnas de s\u00f3tanos, revestimientos interiores de columnas, revestimiento de madera, revestimientos de columnas de madera<\/p>\n<p>Su instalaci\u00f3n es sencilla con pegamento com\u00fan, ideal para proyectos de bricolaje.<\/p>\n<p>Combina a la perfecci\u00f3n con la decoraci\u00f3n de columnas o postes romanos.<\/p>\n<p>Las molduras de madera maciza de roble rojo combinadas con paneles de madera flexibles con chapa de roble rojo pueden utilizarse para revestir postes, columnas o pilares.<\/p>\n","protected":false},"featured_media":5218,"template":"","meta":[],"product_brand":[],"product_cat":[293,541],"product_tag":[380,383,388,441,446,448,454,529,531,849,853,1596,1599,3974,3981],"class_list":{"0":"post-11513","1":"product","2":"type-product","3":"status-publish","4":"has-post-thumbnail","6":"product_cat-flexible-wood-slats-panel-with-wood-veneer-top","7":"product_cat-diy-square-octagon-solid-wood-molding-for-interior-decoration","8":"product_tag-wood-material-es","9":"product_tag-cubierta-de-poste-columna","10":"product_tag-material-de-madera","11":"product_tag-building-material-es","12":"product_tag-wood-cover-es","13":"product_tag-material-de-construccion","14":"product_tag-cubierta-de-madera","15":"product_tag-wood-wrap-es","16":"product_tag-revestimiento-de-madera","17":"product_tag-interior-covering-es","18":"product_tag-revestimiento-interior","19":"product_tag-molding-es","20":"product_tag-moldura","21":"product_tag-pole-column-wrap-es","22":"product_tag-revestimiento-de-postes-columnas","24":"first","25":"instock","26":"shipping-taxable","27":"product-type-simple"},"jetpack_sharing_enabled":true,"_links":{"self":[{"href":"https:\/\/carolyoungcorp.com\/es\/wp-json\/wp\/v2\/product\/11513","targetHints":{"allow":["GET"]}}],"collection":[{"href":"https:\/\/carolyoungcorp.com\/es\/wp-json\/wp\/v2\/product"}],"about":[{"href":"https:\/\/carolyoungcorp.com\/es\/wp-json\/wp\/v2\/types\/product"}],"wp:featuredmedia":[{"embeddable":true,"href":"https:\/\/carolyoungcorp.com\/es\/wp-json\/wp\/v2\/media\/5218"}],"wp:attachment":[{"href":"https:\/\/carolyoungcorp.com\/es\/wp-json\/wp\/v2\/media?parent=11513"}],"wp:term":[{"taxonomy":"product_brand","embeddable":true,"href":"https:\/\/carolyoungcorp.com\/es\/wp-json\/wp\/v2\/product_brand?post=11513"},{"taxonomy":"product_cat","embeddable":true,"href":"https:\/\/carolyoungcorp.com\/es\/wp-json\/wp\/v2\/product_cat?post=11513"},{"taxonomy":"product_tag","embeddable":true,"href":"https:\/\/carolyoungcorp.com\/es\/wp-json\/wp\/v2\/product_tag?post=11513"}],"curies":[{"name":"wp","href":"https:\/\/api.w.org\/{rel}","templated":true}]}}