{"id":11491,"date":"2020-06-29T08:52:20","date_gmt":"2020-06-29T08:52:20","guid":{"rendered":"https:\/\/carolyoungcorp.com\/products\/solid-red-oak-molding-pole-column-covering"},"modified":"2026-02-13T09:50:18","modified_gmt":"2026-02-13T09:50:18","slug":"solid-red-oak-molding-pole-column-covering","status":"publish","type":"product","link":"https:\/\/carolyoungcorp.com\/es\/products\/solid-red-oak-molding-pole-column-covering","title":{"rendered":"Moldura cuadrada de roble rojo macizo para poste\/columna con dise\u00f1o de columna romana"},"content":{"rendered":"<h2>Se puede utilizar moldura de roble rojo macizo combinada con tablero flexible de MDF para revestir y decorar postes, columnas y pilares, logrando as\u00ed un dise\u00f1o de columna romana.<\/h2>\n<p>&nbsp;<\/p>\n<p><strong>Usos: Columnas romanas, revestimiento de postes semicirculares, cubiertas para postes de s\u00f3tano, revestimiento de postes para s\u00f3tano (h\u00e1galo usted mismo), revestimiento de madera, revestimiento de columnas interiores.<br \/>\n<\/strong><\/p>\n<table width=\"0\">\n<tbody>\n<tr>\n<td width=\"151\">especificaci\u00f3n del producto<\/td>\n<td width=\"451\">Descripci\u00f3n del Producto<\/td>\n<\/tr>\n<tr>\n<td width=\"151\">C\u00f3digo No<\/td>\n<td width=\"451\">294-08<\/td>\n<\/tr>\n<tr>\n<td width=\"151\">Tama\u00f1os<\/td>\n<td width=\"451\">Juego de tapas: Di\u00e1metro: 6 y 7 pulgadas \/ con orificio: 3 \u00bd, 4 o 4 \u00bd pulgadas \/ interior: corte con radio de \u00bd pulgada<br \/>\nJuego de bases: Di\u00e1metro: 7 y 8 pulgadas \/ con orificio: 3 \u00bd, 4 o 4 \u00bd pulgadas \/ exterior: corte con radio de \u00bd pulgada<\/td>\n<\/tr>\n<tr>\n<td width=\"151\">Material<\/td>\n<td width=\"451\">Madera maciza de roble rojo<\/td>\n<\/tr>\n<tr>\n<td width=\"151\">Estructura<\/td>\n<td width=\"451\">Juego de tapas y juego de bases<\/td>\n<\/tr>\n<tr>\n<td width=\"151\">Forma<\/td>\n<td width=\"451\">Cuadrada en dos mitades (tambi\u00e9n puede estar en oct\u00e1gono)<\/td>\n<\/tr>\n<tr>\n<td width=\"151\">Altura<\/td>\n<td width=\"451\">\u00be de pulgada<\/td>\n<\/tr>\n<tr>\n<td width=\"151\">Origen<\/td>\n<td width=\"451\">Taiw\u00e1n<\/td>\n<\/tr>\n<\/tbody>\n<\/table>\n<p><strong>\u00a0<\/strong><\/p>\n<p><strong><span style=\"color: #3366ff;\"><br \/>\n<\/span><span style=\"color: #000000;\">Personajes<\/span><span style=\"color: #3366ff;\"><br \/>\n<\/span><\/strong><\/p>\n<table>\n<tbody>\n<tr>\n<td width=\"566\">1- F\u00e1cil de instalar con pegamento (h\u00e1galo usted mismo).<\/td>\n<\/tr>\n<tr>\n<td width=\"566\">2- Se adapta perfectamente a una columna o poste romano y a una envoltura de poste semicircular.<\/td>\n<\/tr>\n<tr>\n<td width=\"566\">3- Se puede te\u00f1ir o pintar para que combine con el estilo de la decoraci\u00f3n interior.<\/td>\n<\/tr>\n<\/tbody>\n<\/table>\n<p>&nbsp;<\/p>\n<p>(Los clientes en los Estados Unidos deben comunicarse directamente con nuestro agente: POLE-WRAP, INC. )<\/p>\n<p>***Buscamos agentes y distribuidores (excluidos Estados Unidos y Jap\u00f3n).***<\/p>\n","protected":false},"excerpt":{"rendered":"<table style=\"height: 442px;\" width=\"954\">\n<tbody>\n<tr>\n<td width=\"365\">\n<h2>Moldura cuadrada de roble rojo macizo para poste\/columna con dise\u00f1o de columna romana<\/h2>\n<p>Usos: Revestimiento de columnas y postes romanos, revestimiento de postes de s\u00f3tano, revestimiento de postes de s\u00f3tano (h\u00e1galo usted mismo), revestimiento de madera, revestimiento de columnas interiores<\/p>\n<p>Su instalaci\u00f3n es sencilla con pegamento com\u00fan, ideal para proyectos de bricolaje.<\/p>\n<p>Combina a la perfecci\u00f3n con la decoraci\u00f3n de columnas o postes romanos.<\/p>\n<p>Las molduras de madera maciza de roble rojo combinadas con paneles de madera flexibles con chapa de roble rojo pueden utilizarse para revestir postes, columnas o pilares.<\/td>\n<\/tr>\n<\/tbody>\n<\/table>\n","protected":false},"featured_media":5243,"template":"","meta":[],"product_brand":[],"product_cat":[293,541],"product_tag":[383,388,531,853,1599,3979,3980,3981],"class_list":{"0":"post-11491","1":"product","2":"type-product","3":"status-publish","4":"has-post-thumbnail","6":"product_cat-flexible-wood-slats-panel-with-wood-veneer-top","7":"product_cat-diy-square-octagon-solid-wood-molding-for-interior-decoration","8":"product_tag-cubierta-de-poste-columna","9":"product_tag-material-de-madera","10":"product_tag-revestimiento-de-madera","11":"product_tag-revestimiento-interior","12":"product_tag-moldura","13":"product_tag-cubierta-de-poste-de-sotano","14":"product_tag-revestimiento-interior-de-columnas","15":"product_tag-revestimiento-de-postes-columnas","17":"first","18":"instock","19":"shipping-taxable","20":"product-type-simple"},"jetpack_sharing_enabled":true,"_links":{"self":[{"href":"https:\/\/carolyoungcorp.com\/es\/wp-json\/wp\/v2\/product\/11491","targetHints":{"allow":["GET"]}}],"collection":[{"href":"https:\/\/carolyoungcorp.com\/es\/wp-json\/wp\/v2\/product"}],"about":[{"href":"https:\/\/carolyoungcorp.com\/es\/wp-json\/wp\/v2\/types\/product"}],"wp:featuredmedia":[{"embeddable":true,"href":"https:\/\/carolyoungcorp.com\/es\/wp-json\/wp\/v2\/media\/5243"}],"wp:attachment":[{"href":"https:\/\/carolyoungcorp.com\/es\/wp-json\/wp\/v2\/media?parent=11491"}],"wp:term":[{"taxonomy":"product_brand","embeddable":true,"href":"https:\/\/carolyoungcorp.com\/es\/wp-json\/wp\/v2\/product_brand?post=11491"},{"taxonomy":"product_cat","embeddable":true,"href":"https:\/\/carolyoungcorp.com\/es\/wp-json\/wp\/v2\/product_cat?post=11491"},{"taxonomy":"product_tag","embeddable":true,"href":"https:\/\/carolyoungcorp.com\/es\/wp-json\/wp\/v2\/product_tag?post=11491"}],"curies":[{"name":"wp","href":"https:\/\/api.w.org\/{rel}","templated":true}]}}