{"id":11466,"date":"2020-06-18T09:13:03","date_gmt":"2020-06-18T09:13:03","guid":{"rendered":"https:\/\/carolyoungcorp.com\/products\/solid-red-oak-wooden-pole-column-covering"},"modified":"2026-02-10T09:52:54","modified_gmt":"2026-02-10T09:52:54","slug":"solid-red-oak-wooden-pole-column-covering","status":"publish","type":"product","link":"https:\/\/carolyoungcorp.com\/es\/products\/solid-red-oak-wooden-pole-column-covering","title":{"rendered":"Estanter\u00eda de madera para postes: una soluci\u00f3n vers\u00e1til para postes y columnas existentes. Esta estanter\u00eda se puede instalar en postes ya existentes en la habitaci\u00f3n."},"content":{"rendered":"<h2 class=\"product_title entry-title\">Estanter\u00eda de madera para postes: una soluci\u00f3n vers\u00e1til para postes y columnas existentes. Esta estanter\u00eda se puede instalar en postes ya existentes en la habitaci\u00f3n.<\/h2>\n<p>&nbsp;<\/p>\n<p>Nos complace presentar nuestra innovadora estanter\u00eda de postes de madera, una soluci\u00f3n pr\u00e1ctica y personalizable dise\u00f1ada para aprovechar al m\u00e1ximo los postes y columnas que ya tiene en su hogar. Con esta vers\u00e1til estanter\u00eda, podr\u00e1 crear f\u00e1cilmente espacio adicional de almacenamiento o exhibici\u00f3n para diversos fines, como colocar bebidas, tazas, platos o incluso plantas en maceta.<\/p>\n<table width=\"0\">\n<tbody>\n<tr>\n<td width=\"151\">especificaci\u00f3n del producto<\/td>\n<td width=\"451\">Descripci\u00f3n del Producto<\/td>\n<\/tr>\n<tr>\n<td width=\"151\">C\u00f3digo No<\/td>\n<td width=\"451\">294-13 + 294-14<\/td>\n<\/tr>\n<tr>\n<td width=\"151\">Tama\u00f1o<\/td>\n<td width=\"451\">Placa: dos mitades, di\u00e1metro 17-1\/2&#8243;, corte interior con radio de 1\/2&#8243;, orificios de 3-1\/2&#8243;, 4&#8243; y 4-1\/2&#8243;.<br \/>\nSoporte: ancho 4&#8243;, largo 8&#8243;, espesor 20 mm, corte exterior con radio de 3\/8&#8243;, orificio de 10 mm.<\/td>\n<\/tr>\n<tr>\n<td width=\"151\">Material<\/td>\n<td width=\"451\">Madera maciza de roble rojo<\/td>\n<\/tr>\n<tr>\n<td width=\"151\">Estructura<\/td>\n<td width=\"451\">Plato (2 mitades redondas) + 4 soportes<\/td>\n<\/tr>\n<tr>\n<td width=\"151\">Uso<\/td>\n<td width=\"451\">Colocaci\u00f3n de bebidas, tazas, platos, macetas y diversos adornos o art\u00edculos del hogar; revestimiento de madera; revestimientos de columnas interiores (h\u00e1galo usted mismo); cubiertas para postes, columnas y m\u00e1stiles de s\u00f3tanos.<\/td>\n<\/tr>\n<tr>\n<td width=\"151\">Origen<\/td>\n<td width=\"451\">Taiw\u00e1n<\/td>\n<\/tr>\n<\/tbody>\n<\/table>\n<p>&nbsp;<\/p>\n<p><strong><span style=\"color: #3366ff;\">Personaje:<\/span><\/strong><\/p>\n<table>\n<tbody>\n<tr>\n<td width=\"566\">1- Se puede instalar en postes y columnas para m\u00faltiples usos, por ejemplo, para colocar bebidas, tazas, platos, macetas y diversos adornos o art\u00edculos del hogar.<\/td>\n<\/tr>\n<tr>\n<td width=\"566\">2- Se adapta perfectamente a la columna o poste Roma.<\/td>\n<\/tr>\n<tr>\n<td width=\"566\">3- Se puede te\u00f1ir o pintar para que combine con la decoraci\u00f3n interior.<\/td>\n<\/tr>\n<tr>\n<td width=\"566\">4- Es pr\u00e1ctico y bonito para la tapicer\u00eda interior.<\/td>\n<\/tr>\n<tr>\n<td width=\"566\">5- Su instalaci\u00f3n es sencilla con pegamento normal, por lo que puede hacerlo usted mismo.<\/td>\n<\/tr>\n<\/tbody>\n<\/table>\n<p><strong><span style=\"color: #3366ff;\">\u00a0<\/span><\/strong><\/p>\n<p>(Los clientes en los Estados Unidos deben comunicarse directamente con nuestro agente: POLE-WRAP, INC. )<\/p>\n<p>***Buscamos agentes y distribuidores (excluidos Estados Unidos y Jap\u00f3n).***<\/p>\n","protected":false},"excerpt":{"rendered":"<h2>El conjunto de estantes de roble rojo macizo combinado con un panel flexible con ranuras en V sirve para revestir postes\/columnas interiores y para a\u00f1adir estantes adicionales al poste mediante bricolaje.<\/h2>\n<p>&nbsp;<\/p>\n<p>Revestimiento de madera, revestimientos de columnas interiores (h\u00e1galo usted mismo), cubiertas para postes\/pilares\/columnas de s\u00f3tano<\/p>\n<p>Para la decoraci\u00f3n de interiores, es muy f\u00e1cil a\u00f1adir una repisa a la pared; sin embargo, hacerlo en postes o columnas no es tan sencillo. En este caso, necesita nuestro juego de repisas de madera maciza para a\u00f1adir una repisa adicional a un poste o columna con herramientas sencillas. Es especialmente \u00fatil para postes o columnas de pl\u00e1stico o metal, o postes reforzados en s\u00f3tanos; incluso es m\u00e1s f\u00e1cil que una repisa de pared.<\/p>\n<p>Uso: Estante de madera que se puede instalar en postes y columnas para m\u00faltiples usos, como colocar bebidas, tazas, platos, macetas y diversos objetos decorativos o art\u00edculos del hogar.<\/p>\n<p>F\u00e1cil instalaci\u00f3n con pegamento com\u00fan (h\u00e1galo usted mismo).<\/p>\n<p>Producto fabricado en Taiw\u00e1n.<\/p>\n<p>&nbsp;<\/p>\n","protected":false},"featured_media":5183,"template":"","meta":[],"product_brand":[],"product_cat":[293,535],"product_tag":[380,383,388,529,531,742,849,853,900,3922,3923,3924,3925,3926,3927],"class_list":{"0":"post-11466","1":"product","2":"type-product","3":"status-publish","4":"has-post-thumbnail","6":"product_cat-flexible-wood-slats-panel-with-wood-veneer-top","7":"product_cat-multipurpose-solid-wood-shelf-on-pole-installed-by-diy","8":"product_tag-wood-material-es","9":"product_tag-cubierta-de-poste-columna","10":"product_tag-material-de-madera","11":"product_tag-wood-wrap-es","12":"product_tag-revestimiento-de-madera","13":"product_tag-pole-column-decoration-es","14":"product_tag-interior-covering-es","15":"product_tag-revestimiento-interior","16":"product_tag-drink-shelf-es","17":"product_tag-post-pole-column-wrap-es","18":"product_tag-shelf-es","19":"product_tag-estante-de-bebidas","20":"product_tag-decoracion-de-poste-columna","21":"product_tag-envoltura-para-postes-postes-columnas","22":"product_tag-estante","24":"first","25":"instock","26":"shipping-taxable","27":"product-type-simple"},"jetpack_sharing_enabled":true,"_links":{"self":[{"href":"https:\/\/carolyoungcorp.com\/es\/wp-json\/wp\/v2\/product\/11466","targetHints":{"allow":["GET"]}}],"collection":[{"href":"https:\/\/carolyoungcorp.com\/es\/wp-json\/wp\/v2\/product"}],"about":[{"href":"https:\/\/carolyoungcorp.com\/es\/wp-json\/wp\/v2\/types\/product"}],"wp:featuredmedia":[{"embeddable":true,"href":"https:\/\/carolyoungcorp.com\/es\/wp-json\/wp\/v2\/media\/5183"}],"wp:attachment":[{"href":"https:\/\/carolyoungcorp.com\/es\/wp-json\/wp\/v2\/media?parent=11466"}],"wp:term":[{"taxonomy":"product_brand","embeddable":true,"href":"https:\/\/carolyoungcorp.com\/es\/wp-json\/wp\/v2\/product_brand?post=11466"},{"taxonomy":"product_cat","embeddable":true,"href":"https:\/\/carolyoungcorp.com\/es\/wp-json\/wp\/v2\/product_cat?post=11466"},{"taxonomy":"product_tag","embeddable":true,"href":"https:\/\/carolyoungcorp.com\/es\/wp-json\/wp\/v2\/product_tag?post=11466"}],"curies":[{"name":"wp","href":"https:\/\/api.w.org\/{rel}","templated":true}]}}