{"id":11435,"date":"2020-06-22T08:23:37","date_gmt":"2020-06-22T08:23:37","guid":{"rendered":"https:\/\/carolyoungcorp.com\/products\/flexible-wood-board-basement-pole-lally-column-covering"},"modified":"2026-02-10T09:34:29","modified_gmt":"2026-02-10T09:34:29","slug":"flexible-wood-board-basement-pole-lally-column-covering","status":"publish","type":"product","link":"https:\/\/carolyoungcorp.com\/es\/products\/flexible-wood-board-basement-pole-lally-column-covering","title":{"rendered":"Tablero de madera flexible para revestimiento de paredes, techos, postes interiores, postes reforzados en s\u00f3tanos y columnas (chapa de cerezo) para bricolaje."},"content":{"rendered":"<h2 class=\"product_title entry-title\">Tablero flexible de madera de cerezo para revestimiento de paredes, techos, postes interiores, postes reforzados para s\u00f3tanos y columnas (h\u00e1galo usted mismo).<\/h2>\n<p>&nbsp;<\/p>\n<p>Tablero flexible con chapa de cerezo para postes redondos, revestimiento de paredes curvas y superficies de muebles, revestimiento de postes de s\u00f3tano, revestimiento de madera, panel de madera, revestimiento interior de madera, pared de panel de madera.<\/p>\n<p><strong>Ficha de datos<\/strong><\/p>\n<table>\n<tbody>\n<tr>\n<td>Especificaciones del producto<\/td>\n<td>Descripci\u00f3n del Producto<\/td>\n<\/tr>\n<tr>\n<td>C\u00f3digo No<\/td>\n<td><span style=\"font-weight: 400;\">CY287-98<\/span><\/td>\n<\/tr>\n<tr>\n<td>Tama\u00f1o<\/td>\n<td>4 pies x 8 pies<\/td>\n<\/tr>\n<tr>\n<td>Espesor<\/td>\n<td><span style=\"font-weight: 400;\">3 mm<\/span><\/td>\n<\/tr>\n<tr>\n<td>ranuras en V<\/td>\n<td><span style=\"font-weight: 400;\">13 mm<\/span><\/td>\n<\/tr>\n<tr>\n<td>Estructura<\/td>\n<td>Capa superior: Chapa de cerezo \/ Capa intermedia: Tablero de MDF \/ Capa inferior: Papel kraft<\/td>\n<\/tr>\n<tr>\n<td>Uso<\/td>\n<td>revestimiento de pared \/ techo \/ poste \/ columna<\/td>\n<\/tr>\n<tr>\n<td>Origen<\/td>\n<td>Taiw\u00e1n<\/td>\n<\/tr>\n<\/tbody>\n<\/table>\n<p>&nbsp;<\/p>\n<p><strong><span style=\"color: #3366ff;\"><span style=\"font-size: 16px; font-style: normal;\">Personajes<br \/>\n<\/span><\/span><\/strong><\/p>\n<table>\n<tbody>\n<tr>\n<td width=\"566\">1- F\u00e1cil instalaci\u00f3n con pegamento (h\u00e1galo usted mismo).<\/td>\n<\/tr>\n<tr>\n<td width=\"566\">2- Es posible que sea necesario recortar el ancho y el alto para ajustarlos a las dimensiones exactas.<\/td>\n<\/tr>\n<tr>\n<td width=\"566\">3- Se puede te\u00f1ir o pintar para que combine con la decoraci\u00f3n interior.<\/td>\n<\/tr>\n<tr>\n<td width=\"566\">4- Gracias a su ranura en V, se adapta perfectamente a la forma decorativa.<\/td>\n<\/tr>\n<tr>\n<td width=\"566\">5- Es un producto ecol\u00f3gico gracias a que el tablero MDF est\u00e1 fabricado con material reciclado.<\/td>\n<\/tr>\n<\/tbody>\n<\/table>\n<p><strong><span style=\"color: #3366ff;\"><span style=\"font-size: 16px; font-style: normal;\"><br \/>\n<\/span><\/span><\/strong><\/p>\n<p>(Los clientes en los Estados Unidos deben comunicarse directamente con nuestro agente: POLE-WRAP, INC. )<\/p>\n<p>***Buscamos agentes y distribuidores (excluidos Estados Unidos y Jap\u00f3n).***<\/p>\n","protected":false},"excerpt":{"rendered":"<h2>Tablero flexible de madera de cerezo para paredes, techos, muebles, revestimiento de postes interiores y postes reforzados para s\u00f3tanos, revestimiento y decoraci\u00f3n de columnas.<\/h2>\n<p>&nbsp;<\/p>\n<p>Usos: cubiertas para postes de s\u00f3tanos, revestimiento de madera, paneles de madera, revestimiento interior de madera, paredes de paneles de madera.<\/p>\n<p>F\u00e1cil instalaci\u00f3n con pegamento com\u00fan, por bricolaje.<\/p>\n<ul>\n<li>El ancho y la altura se pueden recortar para que se ajusten a la dimensi\u00f3n exacta.<\/li>\n<li>Puede adaptarse completamente a la forma decorativa gracias a su ranura en V.<\/li>\n<li>Es un producto respetuoso con el medio ambiente debido a que el tablero MDF est\u00e1 elaborado con material reciclado.<\/li>\n<\/ul>\n","protected":false},"featured_media":5328,"template":"","meta":[],"product_brand":[],"product_cat":[370,293],"product_tag":[448,3817,1005,1003,974,853,849,841,455,447,441,388,383,380],"class_list":{"0":"post-11435","1":"product","2":"type-product","3":"status-publish","4":"has-post-thumbnail","6":"product_cat-pole-column-wall-and-furniture-surface-covers-by-diy","7":"product_cat-flexible-wood-slats-panel-with-wood-veneer-top","8":"product_tag-material-de-construccion","9":"product_tag-wll-ceiling-covering-es","10":"product_tag-tablero-de-madera","11":"product_tag-wood-board-es","12":"product_tag-pole-column-covering-es","13":"product_tag-revestimiento-interior","14":"product_tag-interior-covering-es","15":"product_tag-revestimiento-de-pared-techo","16":"product_tag-panel-de-madera","17":"product_tag-wood-panel-es","18":"product_tag-building-material-es","19":"product_tag-material-de-madera","20":"product_tag-cubierta-de-poste-columna","21":"product_tag-wood-material-es","23":"first","24":"instock","25":"shipping-taxable","26":"product-type-simple"},"jetpack_sharing_enabled":true,"_links":{"self":[{"href":"https:\/\/carolyoungcorp.com\/es\/wp-json\/wp\/v2\/product\/11435","targetHints":{"allow":["GET"]}}],"collection":[{"href":"https:\/\/carolyoungcorp.com\/es\/wp-json\/wp\/v2\/product"}],"about":[{"href":"https:\/\/carolyoungcorp.com\/es\/wp-json\/wp\/v2\/types\/product"}],"wp:featuredmedia":[{"embeddable":true,"href":"https:\/\/carolyoungcorp.com\/es\/wp-json\/wp\/v2\/media\/5328"}],"wp:attachment":[{"href":"https:\/\/carolyoungcorp.com\/es\/wp-json\/wp\/v2\/media?parent=11435"}],"wp:term":[{"taxonomy":"product_brand","embeddable":true,"href":"https:\/\/carolyoungcorp.com\/es\/wp-json\/wp\/v2\/product_brand?post=11435"},{"taxonomy":"product_cat","embeddable":true,"href":"https:\/\/carolyoungcorp.com\/es\/wp-json\/wp\/v2\/product_cat?post=11435"},{"taxonomy":"product_tag","embeddable":true,"href":"https:\/\/carolyoungcorp.com\/es\/wp-json\/wp\/v2\/product_tag?post=11435"}],"curies":[{"name":"wp","href":"https:\/\/api.w.org\/{rel}","templated":true}]}}