{"id":11432,"date":"2020-06-18T08:28:32","date_gmt":"2020-06-18T08:28:32","guid":{"rendered":"https:\/\/carolyoungcorp.com\/products\/flexible-panel-board-pole-column-covering"},"modified":"2026-02-11T07:33:15","modified_gmt":"2026-02-11T07:33:15","slug":"flexible-panel-board-pole-column-covering","status":"publish","type":"product","link":"https:\/\/carolyoungcorp.com\/es\/products\/flexible-panel-board-pole-column-covering","title":{"rendered":"Panel de madera flexible para cubrir paredes y postes"},"content":{"rendered":"<h2>Panel de madera flexible con chapa de roble rojo para revestir, panel de madera, pared de paneles de madera, revestimiento interior de madera, envoltura de madera<\/h2>\n<p>&nbsp;<\/p>\n<h2 class=\"entry-title\">Tableros flexibles de roble rojo de tres capas con listones ranurados en V o acanalados, ideales para revestimiento de paredes, columnas, postes, decoraci\u00f3n de interiores y superficies de muebles.<\/h2>\n<p>&nbsp;<\/p>\n<p><strong>Ficha T\u00e9cnica\u00a0of Flexible Red Oak wood panel boards in three layers with V-grooved<br \/>\n<\/strong><\/p>\n<table width=\"0\">\n<tbody>\n<tr>\n<td width=\"151\">Especificaci\u00f3n del producto<\/td>\n<td width=\"451\">Descripci\u00f3n del Producto<\/td>\n<\/tr>\n<tr>\n<td width=\"151\">C\u00f3digo\u00a0N<\/td>\n<td width=\"451\">CY287-01<\/td>\n<\/tr>\n<tr>\n<td width=\"151\">Tama\u00f1o<\/td>\n<td width=\"451\">3 mm x 4 pies x 8 pies (3mm x 1220mm x 2440mm)<\/td>\n<\/tr>\n<tr>\n<td width=\"151\">Ranudaro en V<\/td>\n<td width=\"451\">13 mm<\/td>\n<\/tr>\n<tr>\n<td width=\"151\">Estructuras<\/td>\n<td width=\"451\">Capa Superior: Roble \/ Capa Intermedia: MDF \/ Capa Inferior: Papel Craft<\/td>\n<\/tr>\n<tr>\n<td width=\"151\">Usos<\/td>\n<td width=\"451\">Revestimientos de paredes, techos, postes o columnas<\/td>\n<\/tr>\n<tr>\n<td width=\"151\">Hecho<\/td>\n<td width=\"451\">\u00a0 Taiw\u00e1n<\/td>\n<\/tr>\n<\/tbody>\n<\/table>\n<p>&nbsp;<\/p>\n<p><strong>Personaje<br \/>\n<\/strong><\/p>\n<table>\n<tbody>\n<tr>\n<td width=\"566\">1- F\u00e1cil Instalaci\u00f3n con pegamento (DIY).<\/td>\n<\/tr>\n<tr>\n<td width=\"566\">2- Panel recortable a medidas necesarias.<\/td>\n<\/tr>\n<tr>\n<td width=\"566\">3- La capa superior puede ser te\u00f1ido o pintado a gusto.<\/td>\n<\/tr>\n<tr>\n<td width=\"566\">4- IAdaptaci\u00f3n perfecta a superficies, gracias a ranuras en forma de V.<\/td>\n<\/tr>\n<tr>\n<td width=\"566\">5- Producto totalmente ecol\u00f3gico, debido a que MDF est\u00e1 hecho de material reciclado.<\/td>\n<\/tr>\n<\/tbody>\n<\/table>\n<p><strong>\u00a0<\/strong><\/p>\n<p>&nbsp;<\/p>\n<p>(Los clientes en los Estados Unidos deben comunicarse directamente con nuestro agente: POLE-WRAP, INC.)<\/p>\n<p>***Buscando agentes y distribuidores (excluyendo Estados Unidos y Jap\u00f3n)***<\/p>\n","protected":false},"excerpt":{"rendered":"<h2>El panel flexible con ranura en V se utiliza para revestimiento de paredes, techos, columnas interiores, refuerzo de columnas en s\u00f3tanos y columnas de soporte, as\u00ed como para decoraci\u00f3n del hogar. Tambi\u00e9n se utiliza en revestimientos de madera para paredes y revestimientos interiores.<\/h2>\n<p>\u2022 El panel flexible con chapa de roble rojo en la superficie se puede utilizar para el dise\u00f1o de decoraci\u00f3n de interiores de bricolaje, decoraci\u00f3n de armarios, decoraci\u00f3n de muebles del hogar, revestimiento de fachadas, muebles, columnas de refuerzo, revestimiento y decoraci\u00f3n de columnas de soporte.<\/p>\n<p>Uso: revestimiento de paredes, techos, postes y columnas<\/p>\n<p>C\u00f3digo n.\u00b0 CY287-01<\/p>\n<p>Dimensiones: 3 mm x 1,22 m x 2,44 m<\/p>\n","protected":false},"featured_media":5753,"template":"","meta":[],"product_brand":[],"product_cat":[293,370],"product_tag":[380,383,388,444,452,849,853,974,3814,3815,3816,4097],"class_list":{"0":"post-11432","1":"product","2":"type-product","3":"status-publish","4":"has-post-thumbnail","6":"product_cat-flexible-wood-slats-panel-with-wood-veneer-top","7":"product_cat-pole-column-wall-and-furniture-surface-covers-by-diy","8":"product_tag-wood-material-es","9":"product_tag-cubierta-de-poste-columna","10":"product_tag-material-de-madera","11":"product_tag-panel-board-es","12":"product_tag-tablero-de-control","13":"product_tag-interior-covering-es","14":"product_tag-revestimiento-interior","15":"product_tag-pole-column-covering-es","16":"product_tag-wall-covering-es","17":"product_tag-panel-de-control","18":"product_tag-revestimiento-de-pared","19":"product_tag-revestimiento-de-paredes","21":"first","22":"instock","23":"shipping-taxable","24":"product-type-simple"},"jetpack_sharing_enabled":true,"_links":{"self":[{"href":"https:\/\/carolyoungcorp.com\/es\/wp-json\/wp\/v2\/product\/11432","targetHints":{"allow":["GET"]}}],"collection":[{"href":"https:\/\/carolyoungcorp.com\/es\/wp-json\/wp\/v2\/product"}],"about":[{"href":"https:\/\/carolyoungcorp.com\/es\/wp-json\/wp\/v2\/types\/product"}],"wp:featuredmedia":[{"embeddable":true,"href":"https:\/\/carolyoungcorp.com\/es\/wp-json\/wp\/v2\/media\/5753"}],"wp:attachment":[{"href":"https:\/\/carolyoungcorp.com\/es\/wp-json\/wp\/v2\/media?parent=11432"}],"wp:term":[{"taxonomy":"product_brand","embeddable":true,"href":"https:\/\/carolyoungcorp.com\/es\/wp-json\/wp\/v2\/product_brand?post=11432"},{"taxonomy":"product_cat","embeddable":true,"href":"https:\/\/carolyoungcorp.com\/es\/wp-json\/wp\/v2\/product_cat?post=11432"},{"taxonomy":"product_tag","embeddable":true,"href":"https:\/\/carolyoungcorp.com\/es\/wp-json\/wp\/v2\/product_tag?post=11432"}],"curies":[{"name":"wp","href":"https:\/\/api.w.org\/{rel}","templated":true}]}}