{"id":10610,"date":"2020-06-29T09:26:30","date_gmt":"2020-06-29T09:26:30","guid":{"rendered":"https:\/\/carolyoungcorp.com\/products\/furniture-finishing"},"modified":"2026-02-10T08:47:16","modified_gmt":"2026-02-10T08:47:16","slug":"furniture-finishing","status":"publish","type":"product","link":"https:\/\/carolyoungcorp.com\/es\/products\/furniture-finishing","title":{"rendered":"Tablero de listones de madera flexibles para acabado y revestimiento de superficies de muebles"},"content":{"rendered":"<div class=\"mceTemp\"><\/div>\n<h2>Tablero de listones de madera flexibles para acabado y revestimiento de superficies de muebles<\/h2>\n<p>Los paneles de listones de madera con ranuras en V se pueden usar para renovar muebles antiguos o que no sean de madera, o para crear dise\u00f1os propios con herramientas sencillas. Gracias a su flexibilidad, se pueden cortar f\u00e1cilmente con un c\u00fater para corregir esquinas o \u00e1ngulos curvos. Adem\u00e1s, tienen un reverso reforzado de papel o tela, y son f\u00e1ciles de pegar y laminar sobre la superficie del mueble.<\/p>\n<p>&nbsp;<\/p>\n<p>Uso: panel de madera, envoltura de madera, revestimiento de madera para interiores, tabiques, revestimiento de madera, frentes de barras, frentes de cajones, envolturas de postes\/columnas, panel de madera para el acabado de muebles como armarios, gabinetes y estanter\u00edas.<\/p>\n<table width=\"0\">\n<tbody>\n<tr>\n<td width=\"151\">especificaci\u00f3n del producto<\/td>\n<td width=\"451\">Descripci\u00f3n del Producto<\/td>\n<\/tr>\n<tr>\n<td width=\"151\">C\u00f3digo n.\u00b0<\/td>\n<td width=\"451\">CY287-01<\/td>\n<\/tr>\n<tr>\n<td width=\"151\">Tama\u00f1o<\/td>\n<td width=\"451\">3 mm x 4 pies x 8 pies (3mm x 1220mm x 2440mm)<\/td>\n<\/tr>\n<tr>\n<td width=\"151\">ranurado en V<\/td>\n<td width=\"451\">13 mm<\/td>\n<\/tr>\n<tr>\n<td width=\"151\">Estructura<\/td>\n<td width=\"451\">Capa superior: chapa de roble rojo \/ capa intermedia: tablero MDF \/ capa inferior: papel kraft<\/td>\n<\/tr>\n<tr>\n<td width=\"151\">Origen<\/td>\n<td width=\"451\">Taiw\u00e1n<\/td>\n<\/tr>\n<\/tbody>\n<\/table>\n<p>&nbsp;<\/p>\n<p>Personaje:<\/p>\n<table>\n<tbody>\n<tr>\n<td width=\"566\">1- F\u00e1cil instalaci\u00f3n con pegamento general por parte del usuario.<\/td>\n<\/tr>\n<tr>\n<td width=\"566\">2- El ancho y la altura se pueden recortar para ajustarse a la dimensi\u00f3n exacta.<br \/>\nSe puede recortar con una sierra de dientes finos o cortar a lo largo con un c\u00fater.<\/td>\n<\/tr>\n<tr>\n<td width=\"566\">3- Est\u00e1 listo para ser te\u00f1ido, pintado o barnizado para combinar con la decoraci\u00f3n interior.<\/td>\n<\/tr>\n<tr>\n<td width=\"566\">4- Puede adaptarse completamente a la forma decorativa debido a su car\u00e1cter flexible.<\/td>\n<\/tr>\n<\/tbody>\n<\/table>\n<p>&nbsp;<\/p>\n<p>(Los clientes en los Estados Unidos deben comunicarse directamente con nuestro agente: POLE-WRAP, INC. )<\/p>\n<p>***Buscando agentes y distribuidores (excluyendo Estados Unidos y Jap\u00f3n)***<\/p>\n","protected":false},"excerpt":{"rendered":"<h2 class=\"product_title entry-title\">Tablero de listones de madera flexibles para acabado y revestimiento de superficies de muebles<\/h2>\n<p>&nbsp;<\/p>\n<p>Uso: panel de madera, envoltura de madera, revestimiento de madera para interiores, tabiques, revestimiento de madera, frentes de barras, frentes de cajones, envolturas de postes\/columnas, panel de madera para el acabado de muebles como armarios, gabinetes y estanter\u00edas.<\/p>\n<p>F\u00e1cil instalaci\u00f3n con pegamento general por parte del usuario.<\/p>\n<p>Se adapta perfectamente a cualquier forma decorativa gracias a su flexibilidad.<\/p>\n<p>El panel se puede cortar y combinar libremente seg\u00fan el dise\u00f1o que prefieras.<\/p>\n","protected":false},"featured_media":5163,"template":"","meta":[],"product_brand":[],"product_cat":[293,371],"product_tag":[380,388,443,444,450,452,849,853,1003,1005],"class_list":{"0":"post-10610","1":"product","2":"type-product","3":"status-publish","4":"has-post-thumbnail","6":"product_cat-flexible-wood-slats-panel-with-wood-veneer-top","7":"product_cat-flexible-wood-slats-panel-for-furniture-finishing","8":"product_tag-wood-material-es","9":"product_tag-material-de-madera","10":"product_tag-furniture-finishing-es","11":"product_tag-panel-board-es","12":"product_tag-acabado-de-muebles","13":"product_tag-tablero-de-control","14":"product_tag-interior-covering-es","15":"product_tag-revestimiento-interior","16":"product_tag-wood-board-es","17":"product_tag-tablero-de-madera","19":"first","20":"instock","21":"shipping-taxable","22":"product-type-simple"},"jetpack_sharing_enabled":true,"_links":{"self":[{"href":"https:\/\/carolyoungcorp.com\/es\/wp-json\/wp\/v2\/product\/10610","targetHints":{"allow":["GET"]}}],"collection":[{"href":"https:\/\/carolyoungcorp.com\/es\/wp-json\/wp\/v2\/product"}],"about":[{"href":"https:\/\/carolyoungcorp.com\/es\/wp-json\/wp\/v2\/types\/product"}],"wp:featuredmedia":[{"embeddable":true,"href":"https:\/\/carolyoungcorp.com\/es\/wp-json\/wp\/v2\/media\/5163"}],"wp:attachment":[{"href":"https:\/\/carolyoungcorp.com\/es\/wp-json\/wp\/v2\/media?parent=10610"}],"wp:term":[{"taxonomy":"product_brand","embeddable":true,"href":"https:\/\/carolyoungcorp.com\/es\/wp-json\/wp\/v2\/product_brand?post=10610"},{"taxonomy":"product_cat","embeddable":true,"href":"https:\/\/carolyoungcorp.com\/es\/wp-json\/wp\/v2\/product_cat?post=10610"},{"taxonomy":"product_tag","embeddable":true,"href":"https:\/\/carolyoungcorp.com\/es\/wp-json\/wp\/v2\/product_tag?post=10610"}],"curies":[{"name":"wp","href":"https:\/\/api.w.org\/{rel}","templated":true}]}}