{"id":10495,"date":"2020-06-30T09:56:31","date_gmt":"2020-06-30T09:56:31","guid":{"rendered":"https:\/\/carolyoungcorp.com\/products\/solid-maple-wood-molding-pole-covering"},"modified":"2026-02-13T09:38:02","modified_gmt":"2026-02-13T09:38:02","slug":"solid-maple-wood-molding-pole-covering","status":"publish","type":"product","link":"https:\/\/carolyoungcorp.com\/es\/products\/solid-maple-wood-molding-pole-covering","title":{"rendered":"Moldura de madera maciza de arce para cubrir postes y columnas"},"content":{"rendered":"<h2 class=\"product_title entry-title\">Moldura de madera maciza de arce sobre poste\/columna para decoraci\u00f3n de columnas romanas de madera<\/h2>\n<h4>La moldura de madera de arce maciza combinada con un panel de listones de madera flexible se puede utilizar para cubrir y decorar postes, columnas y pilares para obtener un dise\u00f1o de columna romana mediante bricolaje.<\/h4>\n<p>Uso: Revestimiento de columnas y postes romanos, revestimiento de madera, revestimiento de postes\/columnas de s\u00f3tanos, revestimientos de columnas interiores, revestimiento de postes de s\u00f3tanos DIY, decoraci\u00f3n de postes\/columnas interiores<\/p>\n<table width=\"0\">\n<tbody>\n<tr>\n<td width=\"151\">especificaci\u00f3n del producto<\/td>\n<td width=\"451\">Descripci\u00f3n del Producto<\/td>\n<\/tr>\n<tr>\n<td width=\"151\">C\u00f3digo n.\u00b0<\/td>\n<td width=\"451\">294-07<\/td>\n<\/tr>\n<tr>\n<td width=\"151\">Tama\u00f1o<\/td>\n<td width=\"451\">Juego de tapas &#8211; di\u00e1metro: 6&#8243; y 7&#8243; con orificio: 3-\u00bd\u00bb, 4&#8243; o 4-\u00bd\u00bb e interior: corte de radio de \u00bd\u00bb<br \/>\nJuego de base &#8211; di\u00e1metro: 7&#8243; y 8&#8243; con orificio: 3-\u00bd\u00bb, 4&#8243; o 4\u00bd\u00bb y exterior: corte de radio de \u00bd\u00bb<\/td>\n<\/tr>\n<tr>\n<td width=\"151\">Material<\/td>\n<td width=\"451\">Madera maciza de arce<\/td>\n<\/tr>\n<tr>\n<td width=\"151\">Estructura<\/td>\n<td width=\"451\">Juego de tapa y juego de base<\/td>\n<\/tr>\n<tr>\n<td width=\"151\">Forma<\/td>\n<td width=\"451\">Oct\u00e1gono en dos mitades (tambi\u00e9n puede ser cuadrado)<\/td>\n<\/tr>\n<tr>\n<td width=\"151\">Altura<\/td>\n<td width=\"451\">\u00be de pulgada<\/td>\n<\/tr>\n<tr>\n<td width=\"151\">Origen<\/td>\n<td width=\"451\">\u00a0Taiw\u00e1n<\/td>\n<\/tr>\n<\/tbody>\n<\/table>\n<p>&nbsp;<\/p>\n<p>Personajes:<\/p>\n<table>\n<tbody>\n<tr>\n<td width=\"566\">1- F\u00e1cil de instalar con pegamento (DIY).<\/td>\n<\/tr>\n<tr>\n<td width=\"566\">2- Puede adaptarse perfectamente a una columna o poste romano.<\/td>\n<\/tr>\n<tr>\n<td width=\"566\">3- Se puede te\u00f1ir o pintar para combinar con el estilo de su decoraci\u00f3n interior.<\/td>\n<\/tr>\n<\/tbody>\n<\/table>\n<p>&nbsp;<\/p>\n<p>&nbsp;<\/p>\n<p>(Clientes en Estados Unidos, por favor, contacten directamente con nuestro agente: POLE-WRAP, INC.)<\/p>\n<p>***Se buscan agentes y distribuidores (excepto Estados Unidos y Jap\u00f3n)***<\/p>\n","protected":false},"excerpt":{"rendered":"<p>Uso: Revestimiento de columnas y postes romanos, revestimiento de madera, revestimiento de postes\/columnas de s\u00f3tanos, revestimientos de columnas interiores, revestimiento de postes de s\u00f3tanos DIY, decoraci\u00f3n de postes\/columnas interiores<\/p>\n<p>F\u00e1cil instalaci\u00f3n por parte del usuario DIY con pegamento com\u00fan.<\/p>\n<p>Se puede te\u00f1ir o pintar para que combine con la decoraci\u00f3n interior.<\/p>\n<p>La moldura de madera de arce maciza combinada con un panel de listones de madera flexibles con chapa de madera de arce puede usarse para cubrir postes, columnas y pilares.<\/p>\n","protected":false},"featured_media":5268,"template":"","meta":[],"product_brand":[],"product_cat":[293,541],"product_tag":[383,388,448,853,1599],"class_list":{"0":"post-10495","1":"product","2":"type-product","3":"status-publish","4":"has-post-thumbnail","6":"product_cat-flexible-wood-slats-panel-with-wood-veneer-top","7":"product_cat-diy-square-octagon-solid-wood-molding-for-interior-decoration","8":"product_tag-cubierta-de-poste-columna","9":"product_tag-material-de-madera","10":"product_tag-material-de-construccion","11":"product_tag-revestimiento-interior","12":"product_tag-moldura","14":"first","15":"instock","16":"shipping-taxable","17":"product-type-simple"},"jetpack_sharing_enabled":true,"_links":{"self":[{"href":"https:\/\/carolyoungcorp.com\/es\/wp-json\/wp\/v2\/product\/10495","targetHints":{"allow":["GET"]}}],"collection":[{"href":"https:\/\/carolyoungcorp.com\/es\/wp-json\/wp\/v2\/product"}],"about":[{"href":"https:\/\/carolyoungcorp.com\/es\/wp-json\/wp\/v2\/types\/product"}],"wp:featuredmedia":[{"embeddable":true,"href":"https:\/\/carolyoungcorp.com\/es\/wp-json\/wp\/v2\/media\/5268"}],"wp:attachment":[{"href":"https:\/\/carolyoungcorp.com\/es\/wp-json\/wp\/v2\/media?parent=10495"}],"wp:term":[{"taxonomy":"product_brand","embeddable":true,"href":"https:\/\/carolyoungcorp.com\/es\/wp-json\/wp\/v2\/product_brand?post=10495"},{"taxonomy":"product_cat","embeddable":true,"href":"https:\/\/carolyoungcorp.com\/es\/wp-json\/wp\/v2\/product_cat?post=10495"},{"taxonomy":"product_tag","embeddable":true,"href":"https:\/\/carolyoungcorp.com\/es\/wp-json\/wp\/v2\/product_tag?post=10495"}],"curies":[{"name":"wp","href":"https:\/\/api.w.org\/{rel}","templated":true}]}}