{"id":10485,"date":"2020-07-06T09:05:13","date_gmt":"2020-07-06T09:05:13","guid":{"rendered":"https:\/\/carolyoungcorp.com\/products\/solid-cherry-wood-molding-pole-column-covering"},"modified":"2026-02-13T08:53:19","modified_gmt":"2026-02-13T08:53:19","slug":"solid-cherry-wood-molding-pole-column-covering","status":"publish","type":"product","link":"https:\/\/carolyoungcorp.com\/es\/products\/solid-cherry-wood-molding-pole-column-covering","title":{"rendered":"Moldura de madera maciza de cerezo para cubrir postes o columnas y decorar columnas romanas."},"content":{"rendered":"<div class=\"woocommerce-product-details__short-description\">\n<h2 class=\"product_title entry-title\">Moldura de madera maciza de cerezo para cubrir postes o columnas y decorar columnas romanas.<\/h2>\n<div class=\"woocommerce-product-details__short-description\">\n<p>Uso: Revestimiento de columnas y postes romanos, cubiertas de postes\/postes\/columnas de s\u00f3tanos, revestimientos de columnas interiores, revestimientos de madera, revestimientos de columnas de madera<\/p>\n<table width=\"0\">\n<tbody>\n<tr>\n<td width=\"151\">especificaci\u00f3n del producto<\/td>\n<td width=\"451\">Descripci\u00f3n del Producto<\/td>\n<\/tr>\n<tr>\n<td width=\"151\">C\u00f3digo n.\u00b0<\/td>\n<td width=\"451\">294-06<\/td>\n<\/tr>\n<tr>\n<td width=\"151\">Tama\u00f1o<\/td>\n<td width=\"451\">Juego de tapas &#8211; di\u00e1metro: 6&#8243; y 7&#8243; con orificio: 3-\u00bd\u00bb, 4&#8243; o 4-\u00bd\u00bb e interior: corte de radio de \u00bd\u00bb<br \/>\nJuego de base &#8211; di\u00e1metro: 7&#8243; y 8&#8243; con orificio: 3-\u00bd\u00bb, 4&#8243; o 4-\u00bd\u00bb y exterior: corte de radio de \u00bd\u00bb<\/td>\n<\/tr>\n<tr>\n<td width=\"151\">Material<\/td>\n<td width=\"451\">Madera maciza de cerezo<\/td>\n<\/tr>\n<tr>\n<td width=\"151\">Estructura<\/td>\n<td width=\"451\">Juego de tapa y juego de base<\/td>\n<\/tr>\n<tr>\n<td width=\"151\">Forma<\/td>\n<td width=\"451\">oct\u00e1gono en dos mitades (tambi\u00e9n puede ser cuadrado)<\/td>\n<\/tr>\n<tr>\n<td width=\"151\">Altura<\/td>\n<td width=\"451\">3\/4 de pulgada<\/td>\n<\/tr>\n<tr>\n<td width=\"151\">Origen<\/td>\n<td width=\"451\">Taiw\u00e1n<\/td>\n<\/tr>\n<\/tbody>\n<\/table>\n<p>Caracter\u00edsticas principales:<\/p>\n<p>1- Instalaci\u00f3n sencilla de bricolaje: la moldura se puede instalar f\u00e1cilmente con pegamento normal, lo que la convierte en una opci\u00f3n f\u00e1cil de usar para los entusiastas del bricolaje.<\/p>\n<p>2- Ajuste perfecto para columnas y postes romanos: dise\u00f1ado para adaptarse perfectamente a columnas y postes romanos, garantiza un resultado uniforme y visualmente atractivo.<\/p>\n<p>3- Acabados personalizables: La moldura de madera maciza de cerezo se puede te\u00f1ir o pintar para combinar con el estilo de su decoraci\u00f3n interior, ofreciendo versatilidad en el dise\u00f1o.<\/p>\n<p>Realce la belleza de sus columnas y postes romanos con nuestra moldura de cerezo macizo en dos mitades, especialmente dise\u00f1ada para una f\u00e1cil instalaci\u00f3n. Esta moldura de cerezo macizo de alta calidad es perfecta para la decoraci\u00f3n de columnas y postes romanos, cubiertas de postes\/columnas de s\u00f3tanos, revestimientos interiores de columnas y revestimientos de columnas de madera.<\/p>\n<p>Fabricada en madera maciza de cerezo, esta moldura ofrece una durabilidad y est\u00e9tica excepcionales. Su estructura \u00fanica consta de dos mitades, lo que permite una f\u00e1cil reunificaci\u00f3n durante proyectos de bricolaje. Gracias a la combinaci\u00f3n de nuestro tablero de listones de madera flexibles con chapa de cerezo, proporciona una apariencia uniforme y cohesiva al cubrir postes, columnas o pilares.<\/p>\n<\/div>\n<\/div>\n<p>Experimente la belleza y la comodidad de nuestras molduras de madera maciza de cerezo, fabricadas con orgullo en Taiw\u00e1n.<\/p>\n<p>Para clientes en Estados Unidos, contacte con nuestro agente autorizado, POLE-WRAP, INC.<\/p>\n<p>Buscamos activamente agentes y distribuidores en todo el mundo (excepto Estados Unidos).<\/p>\n<p>Palabras clave: revestimientos para columnas interiores, columnas romanas, revestimiento para postes, revestimientos para postes de s\u00f3tanos<\/p>\n","protected":false},"excerpt":{"rendered":"<h2>Moldura de madera maciza de cerezo para cubrir postes o columnas y decorar columnas romanas.<\/h2>\n<p>Uso: Revestimiento de columnas y postes romanos, cubiertas de postes\/postes\/columnas de s\u00f3tanos, revestimientos de columnas interiores, revestimientos de madera, revestimientos de columnas de madera<\/p>\n<p>Se instala f\u00e1cilmente con pegamento com\u00fan, por bricolaje.<\/p>\n<p>Se puede te\u00f1ir o pintar para que combine con la decoraci\u00f3n interior.<\/p>\n<p>La moldura de madera de cerezo maciza combinada con un panel de listones de madera flexible con chapa de madera de cerezo es una excelente combinaci\u00f3n para cubrir postes, columnas y pilares.<\/p>\n<p>&nbsp;<\/p>\n","protected":false},"featured_media":5253,"template":"","meta":[],"product_brand":[],"product_cat":[293,541],"product_tag":[383,388,749,853,1496],"class_list":{"0":"post-10485","1":"product","2":"type-product","3":"status-publish","4":"has-post-thumbnail","6":"product_cat-flexible-wood-slats-panel-with-wood-veneer-top","7":"product_cat-diy-square-octagon-solid-wood-molding-for-interior-decoration","8":"product_tag-cubierta-de-poste-columna","9":"product_tag-material-de-madera","10":"product_tag-producto-de-madera","11":"product_tag-revestimiento-interior","12":"product_tag-molduras-de-madera","14":"first","15":"instock","16":"shipping-taxable","17":"product-type-simple"},"jetpack_sharing_enabled":true,"_links":{"self":[{"href":"https:\/\/carolyoungcorp.com\/es\/wp-json\/wp\/v2\/product\/10485","targetHints":{"allow":["GET"]}}],"collection":[{"href":"https:\/\/carolyoungcorp.com\/es\/wp-json\/wp\/v2\/product"}],"about":[{"href":"https:\/\/carolyoungcorp.com\/es\/wp-json\/wp\/v2\/types\/product"}],"wp:featuredmedia":[{"embeddable":true,"href":"https:\/\/carolyoungcorp.com\/es\/wp-json\/wp\/v2\/media\/5253"}],"wp:attachment":[{"href":"https:\/\/carolyoungcorp.com\/es\/wp-json\/wp\/v2\/media?parent=10485"}],"wp:term":[{"taxonomy":"product_brand","embeddable":true,"href":"https:\/\/carolyoungcorp.com\/es\/wp-json\/wp\/v2\/product_brand?post=10485"},{"taxonomy":"product_cat","embeddable":true,"href":"https:\/\/carolyoungcorp.com\/es\/wp-json\/wp\/v2\/product_cat?post=10485"},{"taxonomy":"product_tag","embeddable":true,"href":"https:\/\/carolyoungcorp.com\/es\/wp-json\/wp\/v2\/product_tag?post=10485"}],"curies":[{"name":"wp","href":"https:\/\/api.w.org\/{rel}","templated":true}]}}