{"id":10251,"date":"2020-07-07T08:17:29","date_gmt":"2020-07-07T08:17:29","guid":{"rendered":"https:\/\/carolyoungcorp.com\/products\/solid-red-oak-wood-molding-column-decoration"},"modified":"2026-02-13T08:45:52","modified_gmt":"2026-02-13T08:45:52","slug":"solid-red-oak-wood-molding-column-decoration","status":"publish","type":"product","link":"https:\/\/carolyoungcorp.com\/es\/products\/solid-red-oak-wood-molding-column-decoration","title":{"rendered":"Moldura de madera maciza de roble rojo para decoraci\u00f3n de postes y columnas interiores"},"content":{"rendered":"<h2>Moldura de madera maciza de roble rojo para decoraci\u00f3n de postes\/columnas interiores, especialmente para dise\u00f1o de columnas romanas.<\/h2>\n<p>Realce la belleza de sus columnas y postes romanos con nuestra moldura de roble rojo macizo en dos mitades, especialmente dise\u00f1ada para una f\u00e1cil instalaci\u00f3n. Esta moldura de roble rojo de alta calidad es perfecta para la decoraci\u00f3n de columnas y postes romanos, cubiertas de postes\/columnas de s\u00f3tanos, revestimientos interiores de columnas y revestimientos de columnas de madera.<\/p>\n<p>Fabricada en roble rojo macizo, esta moldura ofrece una durabilidad y est\u00e9tica excepcionales. Su estructura \u00fanica consta de dos mitades, lo que permite una f\u00e1cil reunificaci\u00f3n durante proyectos de bricolaje. Gracias a la combinaci\u00f3n de nuestro tablero de madera flexible con chapa de roble rojo, proporciona una apariencia uniforme y cohesiva al cubrir postes, columnas o pilares.<\/p>\n<p><strong>Caracter\u00edsticas principales:<\/strong><\/p>\n<p>1. Instalaci\u00f3n sencilla de bricolaje: la moldura de roble rojo s\u00f3lido se puede instalar f\u00e1cilmente con pegamento normal, lo que la convierte en una opci\u00f3n f\u00e1cil de usar para los entusiastas del bricolaje.<\/p>\n<p>2. Ajuste perfecto para columnas y postes romanos: dise\u00f1ado para adaptarse perfectamente a columnas y postes romanos, garantiza un resultado uniforme y visualmente atractivo.<\/p>\n<p>3. Acabados personalizables: La moldura de roble rojo se puede te\u00f1ir o pintar para combinar con el estilo de su decoraci\u00f3n interior, ofreciendo versatilidad en el dise\u00f1o.<\/p>\n<p>Experimente la belleza y la comodidad de nuestra moldura de roble rojo macizo, fabricada con orgullo en Taiw\u00e1n.<\/p>\n<p><strong>Uso:<\/strong> decoraci\u00f3n de columnas y postes romanos de interiores, envoltura de madera, revestimientos de postes, cubiertas de postes\/columnas de s\u00f3tanos, cubierta de postes de s\u00f3tano de bricolaje<\/p>\n<p><strong>Especificaci\u00f3n:<br \/>\n<\/strong><\/p>\n<table width=\"0\">\n<tbody>\n<tr>\n<td width=\"151\">especificaci\u00f3n del producto<\/td>\n<td width=\"451\">Descripci\u00f3n del Producto<\/td>\n<\/tr>\n<tr>\n<td width=\"151\">C\u00f3digo n.\u00b0<\/td>\n<td width=\"451\">294-00<\/td>\n<\/tr>\n<tr>\n<td width=\"151\">Tama\u00f1o<\/td>\n<td width=\"451\">Juego de tapas\u2026di\u00e1metro de 6 y 7 pulgadas, con orificio de 3-1\/2, 4 o 4-1\/2 pulgadas y radio de corte interior de 1\/2 pulgada.<\/p>\n<p>Juego de base\u2026 di\u00e1metro de 7 pulgadas y 8 pulgadas, con orificio de 3-1\/2 pulgadas o 4 pulgadas o 4-1\/2 pulgadas y radio exterior cortado de 1\/2 pulgada<\/td>\n<\/tr>\n<tr>\n<td width=\"151\">Material<\/td>\n<td width=\"451\">Roble rojo macizo<\/td>\n<\/tr>\n<tr>\n<td width=\"151\">Estructura<\/td>\n<td width=\"451\">Juego de tapa y juego de base<\/td>\n<\/tr>\n<tr>\n<td width=\"151\">Forma<\/td>\n<td width=\"451\">Oct\u00e1gono en dos mitades (tambi\u00e9n puede ser cuadrado)<\/td>\n<\/tr>\n<tr>\n<td width=\"151\">Altura<\/td>\n<td width=\"451\">3\/4 de pulgada<\/td>\n<\/tr>\n<\/tbody>\n<\/table>\n<p><strong>\u00a0<\/strong><\/p>\n<p><strong>Personaje:<\/strong><\/p>\n<table>\n<tbody>\n<tr>\n<td width=\"566\">1- Es f\u00e1cil de instalar con pegamento com\u00fan, haci\u00e9ndolo usted mismo.<\/td>\n<\/tr>\n<tr>\n<td width=\"566\">2- Se adapta al 100% al decorar la columna o poste de Roma.<\/td>\n<\/tr>\n<tr>\n<td width=\"566\">3- Se puede te\u00f1ir o pintar para combinar con la decoraci\u00f3n interior.<\/td>\n<\/tr>\n<tr>\n<td width=\"566\">4- Se puede utilizar otro tipo de madera maciza.<\/td>\n<\/tr>\n<\/tbody>\n<\/table>\n<p>(Los clientes en los Estados Unidos deben comunicarse directamente con nuestro agente: POLE-WRAP, INC. )<\/p>\n<p>***Buscando agentes y distribuidores (excluyendo Estados Unidos)***<\/p>\n","protected":false},"excerpt":{"rendered":"<p>Uso: decoraci\u00f3n de columnas y postes romanos de interiores, envoltura de madera, revestimientos de postes, cubiertas de postes\/columnas de s\u00f3tanos, cubierta de postes de s\u00f3tano de bricolaje<\/p>\n<p>Se instala f\u00e1cilmente con pegamento com\u00fan (hazlo t\u00fa mismo).<\/p>\n<p>Se adapta perfectamente a la decoraci\u00f3n de columnas o postes Roma.<\/p>\n<p>Se puede te\u00f1ir o pintar para que combine con la decoraci\u00f3n interior.<\/p>\n<p>La moldura de madera maciza combinada con un panel flexible permite decorar postes, columnas y pilares.<\/p>\n","protected":false},"featured_media":5218,"template":"","meta":[],"product_brand":[],"product_cat":[415,293],"product_tag":[388,563,670,748,1496],"class_list":{"0":"post-10251","1":"product","2":"type-product","3":"status-publish","4":"has-post-thumbnail","6":"product_cat-solid-wood-molding-for-pole-or-column-covering-and-decoration","7":"product_cat-flexible-wood-slats-panel-with-wood-veneer-top","8":"product_tag-material-de-madera","9":"product_tag-decoracion-de-interiores","10":"product_tag-decoracion-de-madera","11":"product_tag-decoracion-de-postes-columnas","12":"product_tag-molduras-de-madera","14":"first","15":"instock","16":"shipping-taxable","17":"product-type-simple"},"jetpack_sharing_enabled":true,"_links":{"self":[{"href":"https:\/\/carolyoungcorp.com\/es\/wp-json\/wp\/v2\/product\/10251","targetHints":{"allow":["GET"]}}],"collection":[{"href":"https:\/\/carolyoungcorp.com\/es\/wp-json\/wp\/v2\/product"}],"about":[{"href":"https:\/\/carolyoungcorp.com\/es\/wp-json\/wp\/v2\/types\/product"}],"wp:featuredmedia":[{"embeddable":true,"href":"https:\/\/carolyoungcorp.com\/es\/wp-json\/wp\/v2\/media\/5218"}],"wp:attachment":[{"href":"https:\/\/carolyoungcorp.com\/es\/wp-json\/wp\/v2\/media?parent=10251"}],"wp:term":[{"taxonomy":"product_brand","embeddable":true,"href":"https:\/\/carolyoungcorp.com\/es\/wp-json\/wp\/v2\/product_brand?post=10251"},{"taxonomy":"product_cat","embeddable":true,"href":"https:\/\/carolyoungcorp.com\/es\/wp-json\/wp\/v2\/product_cat?post=10251"},{"taxonomy":"product_tag","embeddable":true,"href":"https:\/\/carolyoungcorp.com\/es\/wp-json\/wp\/v2\/product_tag?post=10251"}],"curies":[{"name":"wp","href":"https:\/\/api.w.org\/{rel}","templated":true}]}}