{"id":9193,"date":"2019-01-23T06:31:31","date_gmt":"2019-01-23T06:31:31","guid":{"rendered":"https:\/\/carolyoungcorp.com\/about-us"},"modified":"2026-01-08T06:28:41","modified_gmt":"2026-01-08T06:28:41","slug":"about-us","status":"publish","type":"page","link":"https:\/\/carolyoungcorp.com\/es\/about-us","title":{"rendered":"Acerca de Carol Young Corporation | Tu fabricante de confianza de madera de Taiw\u00e1n desde 1984"},"content":{"rendered":"\t\t<div data-elementor-type=\"wp-post\" data-elementor-id=\"9193\" class=\"elementor elementor-9193 elementor-17\" data-elementor-post-type=\"page\">\n\t\t\t\t<div class=\"elementor-element elementor-element-56d55a0 e-flex e-con-boxed e-con e-parent\" data-id=\"56d55a0\" data-element_type=\"container\" data-e-type=\"container\" data-settings=\"{&quot;background_background&quot;:&quot;classic&quot;}\">\n\t\t\t\t\t<div class=\"e-con-inner\">\n\t\t\t\t<div class=\"elementor-element elementor-element-def1fb1 elementor-widget elementor-widget-theme-post-title elementor-page-title elementor-widget-heading\" data-id=\"def1fb1\" data-element_type=\"widget\" data-e-type=\"widget\" data-widget_type=\"theme-post-title.default\">\n\t\t\t\t<div class=\"elementor-widget-container\">\n\t\t\t\t\t<h1 class=\"elementor-heading-title elementor-size-default\">Acerca de Carol Young Corporation | Tu fabricante de confianza de madera de Taiw\u00e1n desde 1984<\/h1>\t\t\t\t<\/div>\n\t\t\t\t<\/div>\n\t\t\t\t\t<\/div>\n\t\t\t\t<\/div>\n\t\t<div class=\"elementor-element elementor-element-3035ef7 e-flex e-con-boxed e-con e-parent\" data-id=\"3035ef7\" data-element_type=\"container\" data-e-type=\"container\" data-settings=\"{&quot;background_background&quot;:&quot;classic&quot;}\">\n\t\t\t\t\t<div class=\"e-con-inner\">\n\t\t<div class=\"elementor-element elementor-element-2a2a6ba e-con-full e-flex e-con e-child\" data-id=\"2a2a6ba\" data-element_type=\"container\" data-e-type=\"container\">\n\t\t\t\t<div class=\"elementor-element elementor-element-5cb9603 elementor-widget elementor-widget-heading\" data-id=\"5cb9603\" data-element_type=\"widget\" data-e-type=\"widget\" data-widget_type=\"heading.default\">\n\t\t\t\t<div class=\"elementor-widget-container\">\n\t\t\t\t\t<h2 class=\"elementor-heading-title elementor-size-default\">Nuestra empresa<\/h2>\t\t\t\t<\/div>\n\t\t\t\t<\/div>\n\t\t<div class=\"elementor-element elementor-element-fc8bbd7 e-con-full e-flex e-con e-child\" data-id=\"fc8bbd7\" data-element_type=\"container\" data-e-type=\"container\">\n\t\t<div class=\"elementor-element elementor-element-f55cd0a e-con-full e-flex e-con e-child\" data-id=\"f55cd0a\" data-element_type=\"container\" data-e-type=\"container\" data-settings=\"{&quot;background_background&quot;:&quot;classic&quot;}\">\n\t\t\t\t<div class=\"elementor-element elementor-element-01ac901 elementor-widget elementor-widget-video\" data-id=\"01ac901\" data-element_type=\"widget\" data-e-type=\"widget\" data-settings=\"{&quot;youtube_url&quot;:&quot;https:\\\/\\\/youtu.be\\\/QRQi6xnmmfc?si=B_gbXdYaHvjfDOH9&quot;,&quot;video_type&quot;:&quot;youtube&quot;,&quot;controls&quot;:&quot;yes&quot;}\" data-widget_type=\"video.default\">\n\t\t\t\t<div class=\"elementor-widget-container\">\n\t\t\t\t\t\t\t<div class=\"elementor-wrapper elementor-open-inline\">\n\t\t\t<div class=\"elementor-video\"><\/div>\t\t<\/div>\n\t\t\t\t\t\t<\/div>\n\t\t\t\t<\/div>\n\t\t\t\t<\/div>\n\t\t\t\t<\/div>\n\t\t<div class=\"elementor-element elementor-element-b2b2bc8 e-con-full e-flex e-con e-child\" data-id=\"b2b2bc8\" data-element_type=\"container\" data-e-type=\"container\">\n\t\t<div class=\"elementor-element elementor-element-b6d0520 e-con-full e-flex e-con e-child\" data-id=\"b6d0520\" data-element_type=\"container\" data-e-type=\"container\">\n\t\t\t\t<div class=\"elementor-element elementor-element-af05a15 elementor-widget elementor-widget-text-editor\" data-id=\"af05a15\" data-element_type=\"widget\" data-e-type=\"widget\" data-widget_type=\"text-editor.default\">\n\t\t\t\t<div class=\"elementor-widget-container\">\n\t\t\t\t\t\t\t\t\t<p>Nuestra empresa se fund\u00f3 en 1984. Somos una empresa experimentada con buena calidad y el mejor servicio. El proyecto principal es la producci\u00f3n de diversos productos de madera, como tableros de paneles ranurados en V, tableros laminados, conjuntos de molduras de madera, conjuntos de estanter\u00edas de madera &#8230;., etc. para decoraci\u00f3n de interiores, material de construcci\u00f3n y hogar. Los usos incluyen el revestimiento\/decoraci\u00f3n de paredes o techos, el revestimiento\/decoraci\u00f3n de postes o columnas, el acabado de muebles (como armarios, roperos, armarios, armarios&#8230;etc.).<br>Nuestras materias primas proceden de Europa, Norteam\u00e9rica y la zona local de Taiw\u00e1n.<br>Adem\u00e1s, todos nuestros productos deben fabricarse en Taiw\u00e1n. Esto es garant\u00eda de calidad.     <\/p>\t\t\t\t\t\t\t\t<\/div>\n\t\t\t\t<\/div>\n\t\t\t\t<\/div>\n\t\t<div class=\"elementor-element elementor-element-33b7c65 e-con-full e-flex e-con e-child\" data-id=\"33b7c65\" data-element_type=\"container\" data-e-type=\"container\">\n\t\t\t\t<div class=\"elementor-element elementor-element-aeaf306 elementor-widget elementor-widget-text-editor\" data-id=\"aeaf306\" data-element_type=\"widget\" data-e-type=\"widget\" data-widget_type=\"text-editor.default\">\n\t\t\t\t<div class=\"elementor-widget-container\">\n\t\t\t\t\t\t\t\t\t<p>Tambi\u00e9n aceptamos negocios OEM u ODM. Contamos con un excelente equipo que desarrolla nuevos productos y tecnolog\u00edas. Nuestro personal tambi\u00e9n tiene de 10 a 20 a\u00f1os de rica experiencia en producci\u00f3n.<br>Somos Exportadores, Importadores y Fabricantes. Tenemos buena experiencia en muchos campos debido a que nuestros productos son diversificados. Nuestros productos se venden en todo el mundo.<br>La b\u00fasqueda de la innovaci\u00f3n y la defensa de la tradici\u00f3n es nuestro objetivo, una actitud positiva y un servicio dedicado es nuestro prop\u00f3sito, perm\u00edtenos convertirnos en tu mejor socio.<br>Para tus necesidades, podemos proporcionarte los productos m\u00e1s adecuados y el servicio m\u00e1s perfecto en todos los aspectos.    <\/p>\t\t\t\t\t\t\t\t<\/div>\n\t\t\t\t<\/div>\n\t\t\t\t<\/div>\n\t\t\t\t<\/div>\n\t\t\t\t<\/div>\n\t\t\t\t\t<\/div>\n\t\t\t\t<\/div>\n\t\t<div class=\"elementor-element elementor-element-92cc578 e-flex e-con-boxed e-con e-parent\" data-id=\"92cc578\" data-element_type=\"container\" data-e-type=\"container\">\n\t\t\t\t\t<div class=\"e-con-inner\">\n\t\t\t\t<div class=\"elementor-element elementor-element-83ba497 elementor-widget elementor-widget-image\" data-id=\"83ba497\" data-element_type=\"widget\" data-e-type=\"widget\" data-widget_type=\"image.default\">\n\t\t\t\t<div class=\"elementor-widget-container\">\n\t\t\t\t\t\t\t\t\t\t\t\t\t\t\t<img fetchpriority=\"high\" decoding=\"async\" width=\"2560\" height=\"1801\" src=\"https:\/\/i0.wp.com\/carolyoungcorp.com\/wp-content\/uploads\/2025\/08\/DUNSbradstreet-DUNS-CERTIFICATE%E9%84%A7%E7%99%BD%E6%B0%8F%E7%AC%AC%E4%B8%89%E6%96%B9%E4%BC%81%E6%A5%AD%E8%AA%8D%E8%AD%89-scaled.jpg?fit=2560%2C1801&amp;quality=100&amp;ssl=1\" class=\"attachment-full size-full wp-image-8003\" alt=\"\u9127\u767d\u6c0f\u7b2c\u4e09\u65b9\u4f01\u696d\u8a8d\u8b49\" \/>\t\t\t\t\t\t\t\t\t\t\t\t\t\t\t<\/div>\n\t\t\t\t<\/div>\n\t\t\t\t<div class=\"elementor-element elementor-element-edda376 elementor-widget elementor-widget-spacer\" data-id=\"edda376\" data-element_type=\"widget\" data-e-type=\"widget\" data-widget_type=\"spacer.default\">\n\t\t\t\t<div class=\"elementor-widget-container\">\n\t\t\t\t\t\t\t<div class=\"elementor-spacer\">\n\t\t\t<div class=\"elementor-spacer-inner\"><\/div>\n\t\t<\/div>\n\t\t\t\t\t\t<\/div>\n\t\t\t\t<\/div>\n\t\t\t\t\t<\/div>\n\t\t\t\t<\/div>\n\t\t<div class=\"elementor-element elementor-element-4c57dba e-flex e-con-boxed e-con e-parent\" data-id=\"4c57dba\" data-element_type=\"container\" data-e-type=\"container\" data-settings=\"{&quot;background_background&quot;:&quot;classic&quot;}\">\n\t\t\t\t\t<div class=\"e-con-inner\">\n\t\t<div class=\"elementor-element elementor-element-308af1a e-con-full e-flex e-con e-child\" data-id=\"308af1a\" data-element_type=\"container\" data-e-type=\"container\">\n\t\t\t\t<div class=\"elementor-element elementor-element-d2ee1b5 elementor-widget elementor-widget-heading\" data-id=\"d2ee1b5\" data-element_type=\"widget\" data-e-type=\"widget\" data-widget_type=\"heading.default\">\n\t\t\t\t<div class=\"elementor-widget-container\">\n\t\t\t\t\t<h3 class=\"elementor-heading-title elementor-size-default\">\u00bfTe interesa? Consulta All\u00ed Productos <\/h3>\t\t\t\t<\/div>\n\t\t\t\t<\/div>\n\t\t\t\t<\/div>\n\t\t<div class=\"elementor-element elementor-element-7cd8833 e-con-full e-flex e-con e-child\" data-id=\"7cd8833\" data-element_type=\"container\" data-e-type=\"container\">\n\t\t\t\t<div class=\"elementor-element elementor-element-7b6d11a elementor-align-center elementor-mobile-align-center elementor-tablet-align-right elementor-widget elementor-widget-button\" data-id=\"7b6d11a\" data-element_type=\"widget\" data-e-type=\"widget\" data-widget_type=\"button.default\">\n\t\t\t\t<div class=\"elementor-widget-container\">\n\t\t\t\t\t\t\t\t\t<div class=\"elementor-button-wrapper\">\n\t\t\t\t\t<a class=\"elementor-button elementor-button-link elementor-size-md\" href=\"https:\/\/carolyoungcorp.com\/es\/todos-los-productos\" id=\"btn-product-overview-about-footer-es\">\n\t\t\t\t\t\t<span class=\"elementor-button-content-wrapper\">\n\t\t\t\t\t\t\t\t\t<span class=\"elementor-button-text\">Resumen del producto<\/span>\n\t\t\t\t\t<\/span>\n\t\t\t\t\t<\/a>\n\t\t\t\t<\/div>\n\t\t\t\t\t\t\t\t<\/div>\n\t\t\t\t<\/div>\n\t\t\t\t<\/div>\n\t\t\t\t\t<\/div>\n\t\t\t\t<\/div>\n\t\t\t\t<\/div>\n\t\t","protected":false},"excerpt":{"rendered":"<p>Nuestra empresa https:\/\/youtu.be\/QRQi6xnmmfc?si=B_gbXdYaHvjfDOH9 Nuestra empresa se fund\u00f3 en 1984. Somos una empresa experimentada con buena calidad y el mejor servicio. El proyecto principal es la producci\u00f3n de diversos productos de madera, como tableros de paneles ranurados en V, tableros laminados, conjuntos de molduras de madera, conjuntos de estanter\u00edas de madera &#8230;., etc. para decoraci\u00f3n de [&hellip;]<\/p>\n","protected":false},"author":1,"featured_media":0,"parent":0,"menu_order":0,"comment_status":"closed","ping_status":"closed","template":"","meta":{"footnotes":""},"tags":[],"class_list":["post-9193","page","type-page","status-publish","hentry"],"jetpack_sharing_enabled":true,"_links":{"self":[{"href":"https:\/\/carolyoungcorp.com\/es\/wp-json\/wp\/v2\/pages\/9193","targetHints":{"allow":["GET"]}}],"collection":[{"href":"https:\/\/carolyoungcorp.com\/es\/wp-json\/wp\/v2\/pages"}],"about":[{"href":"https:\/\/carolyoungcorp.com\/es\/wp-json\/wp\/v2\/types\/page"}],"author":[{"embeddable":true,"href":"https:\/\/carolyoungcorp.com\/es\/wp-json\/wp\/v2\/users\/1"}],"replies":[{"embeddable":true,"href":"https:\/\/carolyoungcorp.com\/es\/wp-json\/wp\/v2\/comments?post=9193"}],"version-history":[{"count":9,"href":"https:\/\/carolyoungcorp.com\/es\/wp-json\/wp\/v2\/pages\/9193\/revisions"}],"predecessor-version":[{"id":12042,"href":"https:\/\/carolyoungcorp.com\/es\/wp-json\/wp\/v2\/pages\/9193\/revisions\/12042"}],"wp:attachment":[{"href":"https:\/\/carolyoungcorp.com\/es\/wp-json\/wp\/v2\/media?parent=9193"}],"wp:term":[{"taxonomy":"post_tag","embeddable":true,"href":"https:\/\/carolyoungcorp.com\/es\/wp-json\/wp\/v2\/tags?post=9193"}],"curies":[{"name":"wp","href":"https:\/\/api.w.org\/{rel}","templated":true}]}}