{"id":9129,"date":"2025-06-22T15:13:32","date_gmt":"2025-06-22T15:13:32","guid":{"rendered":"https:\/\/carolyoungcorp.com\/categories"},"modified":"2025-09-02T23:18:37","modified_gmt":"2025-09-02T23:18:37","slug":"categories","status":"publish","type":"page","link":"https:\/\/carolyoungcorp.com\/es\/categories","title":{"rendered":"Todas las categor\u00edas"},"content":{"rendered":"","protected":false},"excerpt":{"rendered":"<p>Haga clic en las categor\u00edas de art\u00edculos a continuaci\u00f3n y seleccione el tema apropiado para navegar.<\/p>\n","protected":false},"author":10,"featured_media":0,"parent":0,"menu_order":0,"comment_status":"closed","ping_status":"closed","template":"","meta":{"footnotes":""},"tags":[],"class_list":["post-9129","page","type-page","status-publish","hentry"],"jetpack_sharing_enabled":true,"_links":{"self":[{"href":"https:\/\/carolyoungcorp.com\/es\/wp-json\/wp\/v2\/pages\/9129","targetHints":{"allow":["GET"]}}],"collection":[{"href":"https:\/\/carolyoungcorp.com\/es\/wp-json\/wp\/v2\/pages"}],"about":[{"href":"https:\/\/carolyoungcorp.com\/es\/wp-json\/wp\/v2\/types\/page"}],"author":[{"embeddable":true,"href":"https:\/\/carolyoungcorp.com\/es\/wp-json\/wp\/v2\/users\/10"}],"replies":[{"embeddable":true,"href":"https:\/\/carolyoungcorp.com\/es\/wp-json\/wp\/v2\/comments?post=9129"}],"version-history":[{"count":1,"href":"https:\/\/carolyoungcorp.com\/es\/wp-json\/wp\/v2\/pages\/9129\/revisions"}],"predecessor-version":[{"id":9131,"href":"https:\/\/carolyoungcorp.com\/es\/wp-json\/wp\/v2\/pages\/9129\/revisions\/9131"}],"wp:attachment":[{"href":"https:\/\/carolyoungcorp.com\/es\/wp-json\/wp\/v2\/media?parent=9129"}],"wp:term":[{"taxonomy":"post_tag","embeddable":true,"href":"https:\/\/carolyoungcorp.com\/es\/wp-json\/wp\/v2\/tags?post=9129"}],"curies":[{"name":"wp","href":"https:\/\/api.w.org\/{rel}","templated":true}]}}