{"id":12807,"date":"2026-02-27T13:36:26","date_gmt":"2026-02-27T13:36:26","guid":{"rendered":"https:\/\/carolyoungcorp.com\/imprint"},"modified":"2026-02-28T13:54:27","modified_gmt":"2026-02-28T13:54:27","slug":"imprint","status":"publish","type":"page","link":"https:\/\/carolyoungcorp.com\/es\/imprint","title":{"rendered":"Aviso Legal"},"content":{"rendered":"<figure>\n<table>\n<tbody>\n<tr>\n<td>nombre de empresa <\/td>\n<td>Corporaci\u00f3n Carol Young<\/td>\n<\/tr>\n<tr>\n<td>Representante <\/td>\n<td>Mei-HSIN, TSAI<\/td>\n<\/tr>\n<tr>\n<td>Direcci\u00f3n comercial <\/td>\n<td>5F.-1, No. 60, Sec. 2, Bade Rd., Zhongshan Dist., Taipei City 104097, Taiw\u00e1n (R.O.C.)<\/td>\n<\/tr>\n<tr>\n<td>Registro Mercantil \/ N\u00famero de Registro <\/td>\n<td>05256424<\/td>\n<\/tr>\n<tr>\n<td>Monto del capital<\/td>\n<td>EUR 270,468.80<\/td>\n<\/tr>\n<tr>\n<td>N\u00famero de registro de empresa con fines de lucro del gobierno de la ciudad de Taipei <\/td>\n<td>N\u00famero de Registro de Empresas de Construcci\u00f3n de la Ciudad de Taip\u00e9i (077) n.\u00ba 201632<\/td>\n<\/tr>\n<tr>\n<td>Contacto<\/td>\n<td><\/td>\n<\/tr>\n<tr>\n<td>E-mail<\/td>\n<td>service@carolyoungcorp.com<\/td>\n<\/tr>\n<tr>\n<td>Phone<\/td>\n<td>+886 2 2751 4190<\/td>\n<\/tr>\n<\/tbody>\n<\/table>\n<\/figure>\n","protected":false},"excerpt":{"rendered":"<p>nombre de empresa Corporaci\u00f3n Carol Young Representante Mei-HSIN, TSAI Direcci\u00f3n comercial 5F.-1, No. 60, Sec. 2, Bade Rd., Zhongshan Dist., Taipei City 104097, Taiw\u00e1n (R.O.C.) Registro Mercantil \/ N\u00famero de Registro 05256424 Monto del capital EUR 270,468.80 N\u00famero de registro de empresa con fines de lucro del gobierno de la ciudad de Taipei N\u00famero de [&hellip;]<\/p>\n","protected":false},"author":10,"featured_media":0,"parent":0,"menu_order":0,"comment_status":"closed","ping_status":"closed","template":"","meta":{"footnotes":""},"tags":[],"class_list":["post-12807","page","type-page","status-publish","hentry"],"jetpack_sharing_enabled":true,"_links":{"self":[{"href":"https:\/\/carolyoungcorp.com\/es\/wp-json\/wp\/v2\/pages\/12807","targetHints":{"allow":["GET"]}}],"collection":[{"href":"https:\/\/carolyoungcorp.com\/es\/wp-json\/wp\/v2\/pages"}],"about":[{"href":"https:\/\/carolyoungcorp.com\/es\/wp-json\/wp\/v2\/types\/page"}],"author":[{"embeddable":true,"href":"https:\/\/carolyoungcorp.com\/es\/wp-json\/wp\/v2\/users\/10"}],"replies":[{"embeddable":true,"href":"https:\/\/carolyoungcorp.com\/es\/wp-json\/wp\/v2\/comments?post=12807"}],"version-history":[{"count":4,"href":"https:\/\/carolyoungcorp.com\/es\/wp-json\/wp\/v2\/pages\/12807\/revisions"}],"predecessor-version":[{"id":12848,"href":"https:\/\/carolyoungcorp.com\/es\/wp-json\/wp\/v2\/pages\/12807\/revisions\/12848"}],"wp:attachment":[{"href":"https:\/\/carolyoungcorp.com\/es\/wp-json\/wp\/v2\/media?parent=12807"}],"wp:term":[{"taxonomy":"post_tag","embeddable":true,"href":"https:\/\/carolyoungcorp.com\/es\/wp-json\/wp\/v2\/tags?post=12807"}],"curies":[{"name":"wp","href":"https:\/\/api.w.org\/{rel}","templated":true}]}}