{"id":12771,"date":"2020-05-15T15:06:59","date_gmt":"2020-05-15T15:06:59","guid":{"rendered":"https:\/\/carolyoungcorp.com\/?page_id=12771"},"modified":"2026-02-27T12:29:07","modified_gmt":"2026-02-27T12:29:07","slug":"privacy-policy","status":"publish","type":"page","link":"https:\/\/carolyoungcorp.com\/es\/privacy-policy","title":{"rendered":"Pol\u00edtica de Privacidad"},"content":{"rendered":"\t\t<div data-elementor-type=\"wp-page\" data-elementor-id=\"12771\" class=\"elementor elementor-12771 elementor-3\" data-elementor-post-type=\"page\">\n\t\t\t\t\t\t<section class=\"elementor-section elementor-top-section elementor-element elementor-element-d05be6e elementor-section-height-min-height elementor-section-content-middle elementor-section-boxed elementor-section-height-default elementor-section-items-middle\" data-id=\"d05be6e\" data-element_type=\"section\" data-e-type=\"section\" data-settings=\"{&quot;background_background&quot;:&quot;classic&quot;}\">\n\t\t\t\t\t\t\t<div class=\"elementor-background-overlay\"><\/div>\n\t\t\t\t\t\t\t<div class=\"elementor-container elementor-column-gap-default\">\n\t\t\t\t\t<div class=\"elementor-column elementor-col-100 elementor-top-column elementor-element elementor-element-cfad839\" data-id=\"cfad839\" data-element_type=\"column\" data-e-type=\"column\">\n\t\t\t<div class=\"elementor-widget-wrap elementor-element-populated\">\n\t\t\t\t\t\t<div class=\"elementor-element elementor-element-ed0053e elementor-widget elementor-widget-heading\" data-id=\"ed0053e\" data-element_type=\"widget\" data-e-type=\"widget\" data-widget_type=\"heading.default\">\n\t\t\t\t<div class=\"elementor-widget-container\">\n\t\t\t\t\t<h1 class=\"elementor-heading-title elementor-size-default\">Pol\u00edtica de Privacidad<\/h1>\t\t\t\t<\/div>\n\t\t\t\t<\/div>\n\t\t\t\t\t<\/div>\n\t\t<\/div>\n\t\t\t\t\t<\/div>\n\t\t<\/section>\n\t\t\t\t<section class=\"elementor-section elementor-top-section elementor-element elementor-element-224c1865 elementor-section-boxed elementor-section-height-default elementor-section-height-default\" data-id=\"224c1865\" data-element_type=\"section\" data-e-type=\"section\">\n\t\t\t\t\t\t<div class=\"elementor-container elementor-column-gap-default\">\n\t\t\t\t\t<div class=\"elementor-column elementor-col-100 elementor-top-column elementor-element elementor-element-5daba87b\" data-id=\"5daba87b\" data-element_type=\"column\" data-e-type=\"column\">\n\t\t\t<div class=\"elementor-widget-wrap elementor-element-populated\">\n\t\t\t\t\t\t<div class=\"elementor-element elementor-element-14f2e03b elementor-widget elementor-widget-text-editor\" data-id=\"14f2e03b\" data-element_type=\"widget\" data-e-type=\"widget\" data-widget_type=\"text-editor.default\">\n\t\t\t\t<div class=\"elementor-widget-container\">\n\t\t\t\t\t\t\t\t\t<h2><b>Pol\u00edtica de Privacidad<\/b><\/h2><p><span style=\"font-weight: 400;\">Bienvenido a <\/span><b>\u201cCarol Young Corporation\u201d<\/b><span style=\"font-weight: 400;\"> (en adelante, \u201ceste sitio\u201d). Por su propio derecho y seguridad de su privacidad, por la presente le informamos sobre la pol\u00edtica de privacidad de este sitio; por favor, lea atentamente lo siguiente:<\/span><\/p><h3><b>1. Aplicaci\u00f3n de la pol\u00edtica de protecci\u00f3n de la privacidad<\/b><\/h3><p><span style=\"font-weight: 400;\">La pol\u00edtica de protecci\u00f3n de la privacidad establece c\u00f3mo este sitio maneja la informaci\u00f3n de identificaci\u00f3n personal recopilada cuando usted utiliza los servicios del sitio. Esta pol\u00edtica no se aplica a sitios web vinculados ajenos a este sitio, ni a personas que no est\u00e9n contratadas o involucradas en la gesti\u00f3n de este sitio.<\/span><\/p><h3><b>2. Recopilaci\u00f3n, procesamiento y utilizaci\u00f3n de datos personales<\/b><\/h3><p><span style=\"font-weight: 400;\">Cuando realice gestiones comerciales o participe en actividades de este sitio, le solicitaremos que proporcione los datos personales necesarios, los cuales procesaremos y utilizaremos dentro del alcance de dicho prop\u00f3sito espec\u00edfico. Sin su consentimiento por escrito, este sitio no utilizar\u00e1 sus datos personales para otros fines.<\/span><\/p><ul><li style=\"font-weight: 400;\" aria-level=\"1\"><span style=\"font-weight: 400;\">Este sitio web conservar\u00e1 su nombre, direcci\u00f3n de correo electr\u00f3nico, informaci\u00f3n de contacto, hora de acceso, etc., cuando utilice servicios interactivos como buzones de servicio y encuestas.<\/span><\/li><li style=\"font-weight: 400;\" aria-level=\"1\"><span style=\"font-weight: 400;\">Durante la navegaci\u00f3n, el servidor registrar\u00e1 autom\u00e1ticamente las acciones relevantes, incluyendo su direcci\u00f3n IP, tiempo de uso, navegador utilizado, datos consultados, etc. Esta informaci\u00f3n servir\u00e1 como referencia para mejorar los servicios de nuestro sitio web. Este registro es para uso interno y nunca ser\u00e1 publicado.<\/span><\/li><li style=\"font-weight: 400;\" aria-level=\"1\"><span style=\"font-weight: 400;\">Con el fin de proporcionar servicios precisos, realizaremos estad\u00edsticas y an\u00e1lisis de los contenidos de las encuestas, y presentaremos datos estad\u00edsticos o textos explicativos de los resultados del an\u00e1lisis. A excepci\u00f3n de la investigaci\u00f3n interna, publicaremos los datos estad\u00edsticos y textos explicativos seg\u00fan sea necesario, pero nunca informaci\u00f3n personal espec\u00edfica.<\/span><\/li><\/ul><h3><b>3. Protecci\u00f3n de los datos<\/b><\/h3><p><span style=\"font-weight: 400;\">El servidor de este sitio est\u00e1 equipado con diversos dispositivos de seguridad, tales como cortafuegos (firewalls), sistemas antivirus y otros mecanismos de seguridad necesarios. El sitio y sus datos personales cuentan con una protecci\u00f3n estricta. Solo el personal autorizado puede acceder a sus datos personales e informaci\u00f3n relacionada. Todas las personas involucradas han firmado contratos de confidencialidad. Cualquier persona que viole las obligaciones de confidencialidad estar\u00e1 sujeta a las sanciones legales correspondientes.<\/span><\/p><p><span style=\"font-weight: 400;\">Si fuera necesario contar con servicios de terceros para fines comerciales, este sitio exigir\u00e1 que dichas personas mantengan una estricta confidencialidad; adem\u00e1s, tomaremos los procedimientos de inspecci\u00f3n necesarios para garantizar la seguridad de sus datos personales.<\/span><\/p><h3><b>4. Enlaces relacionados en este sitio<\/b><\/h3><p><span style=\"font-weight: 400;\">Este sitio proporciona enlaces a otros sitios web. Usted puede acceder a ellos haciendo clic en los enlaces proporcionados. Sin embargo, estos sitios web vinculados no se rigen por la pol\u00edtica de privacidad de este sitio. Debe consultar la pol\u00edtica de privacidad de cada sitio web externo.<\/span><\/p><h3><b>5. Pol\u00edticas para compartir datos personales con terceros<\/b><\/h3><p><span style=\"font-weight: 400;\">Este sitio nunca proporcionar\u00e1, intercambiar\u00e1, alquilar\u00e1 ni vender\u00e1 ninguno de sus datos personales a otras personas, grupos, empresas privadas o agencias p\u00fablicas, excepto aquellos con base legal u obligaciones contractuales. Las circunstancias de la disposici\u00f3n anterior incluyen, pero no se limitan a:<\/span><\/p><ul><li style=\"font-weight: 400;\" aria-level=\"1\"><span style=\"font-weight: 400;\">Con su consentimiento por escrito.<\/span><\/li><li style=\"font-weight: 400;\" aria-level=\"1\"><span style=\"font-weight: 400;\">Cuando la ley lo disponga expresamente.<\/span><\/li><li style=\"font-weight: 400;\" aria-level=\"1\"><span style=\"font-weight: 400;\">Para mantener la seguridad nacional o promover el inter\u00e9s p\u00fablico.<\/span><\/li><li style=\"font-weight: 400;\" aria-level=\"1\"><span style=\"font-weight: 400;\">Para salvarlo de peligros en su vida, integridad f\u00edsica, libertad o propiedad.<\/span><\/li><li style=\"font-weight: 400;\" aria-level=\"1\"><span style=\"font-weight: 400;\">Cuando una agencia p\u00fablica o instituci\u00f3n de investigaci\u00f3n acad\u00e9mica lo requiera para investigaciones estad\u00edsticas o acad\u00e9micas basadas en el inter\u00e9s p\u00fablico, siempre que los datos sean procesados o recopilados de forma que sea imposible identificar a la parte espec\u00edfica seg\u00fan su m\u00e9todo de divulgaci\u00f3n.<\/span><\/li><li style=\"font-weight: 400;\" aria-level=\"1\"><span style=\"font-weight: 400;\">Cuando su comportamiento en este sitio viole los t\u00e9rminos o pueda da\u00f1ar u obstruir los derechos de este sitio o causar da\u00f1o a cualquier persona, la divulgaci\u00f3n de sus datos personales por parte de este sitio sea necesaria para la identificaci\u00f3n, comunicaci\u00f3n o toma de acciones legales.<\/span><\/li><li style=\"font-weight: 400;\" aria-level=\"1\"><span style=\"font-weight: 400;\">Para beneficio de sus derechos.<\/span><\/li><li style=\"font-weight: 400;\" aria-level=\"1\"><span style=\"font-weight: 400;\">Cuando este sitio solicite a un fabricante asistencia en la recopilaci\u00f3n, procesamiento o uso de sus datos personales, ser\u00e1 responsable de la supervisi\u00f3n y gesti\u00f3n de los proveedores externos o individuos.<\/span><\/li><\/ul><h3><b>6. Uso de cookies<\/b><\/h3><p><span style=\"font-weight: 400;\">Para ofrecerle el mejor servicio, este sitio colocar\u00e1 y utilizar\u00e1 nuestras cookies en su computadora. Si no desea aceptar cookies, puede configurar un nivel de privacidad ALTO en las funciones del navegador que utilice. Puede rechazar la escritura de cookies, pero esto puede causar que algunas funciones de este sitio web no operen correctamente.<\/span><\/p><h3><b>7. Enmiendas a la Pol\u00edtica de Privacidad<\/b><\/h3><p><span style=\"font-weight: 400;\">La pol\u00edtica de privacidad de este sitio se modificar\u00e1 en cualquier momento en respuesta a las necesidades. Los t\u00e9rminos modificados se publicar\u00e1n en el sitio.<\/span><\/p>\t\t\t\t\t\t\t\t<\/div>\n\t\t\t\t<\/div>\n\t\t\t\t\t<\/div>\n\t\t<\/div>\n\t\t\t\t\t<\/div>\n\t\t<\/section>\n\t\t\t\t<\/div>\n\t\t","protected":false},"excerpt":{"rendered":"<p>Pol\u00edtica de Privacidad Pol\u00edtica de Privacidad Bienvenido a \u201cCarol Young Corporation\u201d (en adelante, \u201ceste sitio\u201d). Por su propio derecho y seguridad de su privacidad, por la presente le informamos sobre la pol\u00edtica de privacidad de este sitio; por favor, lea atentamente lo siguiente: 1. Aplicaci\u00f3n de la pol\u00edtica de protecci\u00f3n de la privacidad La pol\u00edtica [&hellip;]<\/p>\n","protected":false},"author":10,"featured_media":0,"parent":0,"menu_order":0,"comment_status":"closed","ping_status":"open","template":"","meta":{"footnotes":""},"tags":[],"class_list":["post-12771","page","type-page","status-publish","hentry"],"jetpack_sharing_enabled":true,"_links":{"self":[{"href":"https:\/\/carolyoungcorp.com\/es\/wp-json\/wp\/v2\/pages\/12771","targetHints":{"allow":["GET"]}}],"collection":[{"href":"https:\/\/carolyoungcorp.com\/es\/wp-json\/wp\/v2\/pages"}],"about":[{"href":"https:\/\/carolyoungcorp.com\/es\/wp-json\/wp\/v2\/types\/page"}],"author":[{"embeddable":true,"href":"https:\/\/carolyoungcorp.com\/es\/wp-json\/wp\/v2\/users\/10"}],"replies":[{"embeddable":true,"href":"https:\/\/carolyoungcorp.com\/es\/wp-json\/wp\/v2\/comments?post=12771"}],"version-history":[{"count":7,"href":"https:\/\/carolyoungcorp.com\/es\/wp-json\/wp\/v2\/pages\/12771\/revisions"}],"predecessor-version":[{"id":12779,"href":"https:\/\/carolyoungcorp.com\/es\/wp-json\/wp\/v2\/pages\/12771\/revisions\/12779"}],"wp:attachment":[{"href":"https:\/\/carolyoungcorp.com\/es\/wp-json\/wp\/v2\/media?parent=12771"}],"wp:term":[{"taxonomy":"post_tag","embeddable":true,"href":"https:\/\/carolyoungcorp.com\/es\/wp-json\/wp\/v2\/tags?post=12771"}],"curies":[{"name":"wp","href":"https:\/\/api.w.org\/{rel}","templated":true}]}}