{"id":9470,"date":"2020-07-07T07:32:25","date_gmt":"2020-07-07T07:32:25","guid":{"rendered":"https:\/\/carolyoungcorp.com\/products\/red-oak-veneer-flexible-panel-board"},"modified":"2025-09-08T09:03:44","modified_gmt":"2025-09-08T09:03:44","slug":"red-oak-veneer-flexible-panel-board","status":"publish","type":"product","link":"https:\/\/carolyoungcorp.com\/de\/products\/red-oak-veneer-flexible-panel-board","title":{"rendered":"Flexible Holzlattenplatte mit Furnier aus Rot-Eiche f\u00fcr Mast- und Wanddekoration"},"content":{"rendered":"<h2>Flexible Holzlattenplatte mit Furnier aus Rot-Eiche f\u00fcr Mast- und Wanddekoration<\/h2>\n<h2>Flexibles Paneel aus Latten aus Rot-Eichenholz zum Abdecken von Kunstw\u00e4nden, gebogenen W\u00e4nden oder runden Stangen durch Heimwerker<\/h2>\n<p>&nbsp;<\/p>\n<p>Suchen Sie nach einer transformativen L\u00f6sung, um Ihre Kunstw\u00e4nde, gebogenen W\u00e4nde oder Rundstangen zum Leben zu erwecken? Dann sind Sie hier richtig! Unsere flexiblen Lattenpaneele aus Rot-Eichenholz bieten einen innovativen Ansatz, um die \u00c4sthetik Ihres Raums zu verbessern und ein k\u00fcnstlerisches Meisterwerk zu schaffen.<\/p>\n<p>Stellen Sie sich die M\u00f6glichkeiten vor, wenn Sie Holz m\u00fchelos an jede Kurve und Kontur anpassen k\u00f6nnen. Mit unseren flexiblen Lattenpaneelen aus Rot-Eiche k\u00f6nnen Sie beeindruckende Kunstw\u00e4nde gestalten, geschwungene W\u00e4nde verkleiden oder Mastummantelungen herstellen. Die Flexibilit\u00e4t unserer Lattenpaneele aus Rot-Eiche erm\u00f6glicht eine nahtlose Anwendung und sorgt f\u00fcr ein optisch beeindruckendes und fesselndes Gesamtbild.<\/p>\n<p>Egal, ob Sie als K\u00fcnstler Ihre Werke pr\u00e4sentieren oder einfach die Sch\u00f6nheit der Kunst sch\u00e4tzen \u2013 unsere Paneele bieten die ideale Leinwand f\u00fcr Ihren kreativen Ausdruck. Die robuste, verst\u00e4rkte Textilr\u00fcckseite sorgt f\u00fcr eine zuverl\u00e4ssige Haftung und garantiert, dass unsere Paneele sicher an ihrem Platz bleiben.<\/p>\n<p>Vielseitig einsetzbare, flexible Lattenplatten aus Rot-Eichenholz eignen sich f\u00fcr Innenverkleidungen aus Holz, Holzpaneelw\u00e4nde, Holzverkleidungen und Holzpaneele.<\/p>\n<table width=\"0\">\n<tbody>\n<tr>\n<td>Produktspezifikationen<\/td>\n<td>Produktbeschreibung<\/td>\n<\/tr>\n<tr>\n<td>Code-Nr.<\/td>\n<td>CY287-01<\/td>\n<\/tr>\n<tr>\n<td>Gr\u00f6\u00dfe<\/td>\n<td>4 Fu\u00df x 8 Fu\u00df<\/td>\n<\/tr>\n<tr>\n<td>Dicke<\/td>\n<td>3 mm<\/td>\n<\/tr>\n<tr>\n<td>V-gerillt<\/td>\n<td>13 mm<\/td>\n<\/tr>\n<tr>\n<td>Struktur<\/td>\n<td>Obere Schicht: Roteichenfurnier\/ Mittlere Schicht: MDF-Platte\/ Untere Schicht: Kraftpapier<\/td>\n<\/tr>\n<tr>\n<td>Verwendung<\/td>\n<td>Wand-, Decken-, Mast- oder S\u00e4ulenverkleidung<\/td>\n<\/tr>\n<tr>\n<td>Herkunft<\/td>\n<td>Taiwan<\/td>\n<\/tr>\n<\/tbody>\n<\/table>\n<p>Charaktere:<\/p>\n<table>\n<tbody>\n<tr>\n<td width=\"566\">1- Einfache Installation mit normalem Kleber durch Heimwerker.<\/td>\n<\/tr>\n<tr>\n<td width=\"566\">2- Breite und H\u00f6he m\u00fcssen ggf. auf die exakte Gr\u00f6\u00dfe zugeschnitten werden.<br \/>\nDies kann mit einer Feins\u00e4ge oder der L\u00e4nge nach mit einem Cuttermesser zugeschnitten werden.<\/td>\n<\/tr>\n<tr>\n<td width=\"566\">3- Bei einer Furnierplatte kann diese gebeizt oder lackiert werden, um sie an die Inneneinrichtung anzupassen.<\/td>\n<\/tr>\n<tr>\n<td width=\"566\">4- Dank der V-Nut passt es sich der dekorativen Form vollst\u00e4ndig an.<\/td>\n<\/tr>\n<tr>\n<td width=\"566\">5- Flexibilit\u00e4t beim Biegen und Formen w\u00e4hrend der Konstruktion.<\/td>\n<\/tr>\n<\/tbody>\n<\/table>\n<p>&nbsp;<\/p>\n<p>(Kunden in den Vereinigten Staaten wenden sich bitte direkt an unseren Vertreter \u2013 POLE-WRAP, INC. )<\/p>\n<p>***Suche nach Vertretern und Vertriebsh\u00e4ndlern (au\u00dfer in den USA)***<\/p>\n","protected":false},"excerpt":{"rendered":"<p>Mehrzweck-Holzlattenplatten, flexible Innenverkleidung aus Holz, Holzpaneelwand, Holzverkleidung, Holzpaneel<\/p>\n<p>\u2022 Flexible Holzlattenplatten k\u00f6nnen zur Dekoration von Innenr\u00e4umen, Schr\u00e4nken, Stangen und S\u00e4ulen verwendet werden.<\/p>\n<p>\u2022 Flexible Holzlattenplatten in Kombination mit Massivholzleisten k\u00f6nnen zur Dekoration von Masten\/Pfosten\/S\u00e4ulen\/S\u00e4ulen verwendet werden.<\/p>\n<p>\u2022 Flexible Holzlattenplatten k\u00f6nnen frei zugeschnitten und nach dem gew\u00fcnschten Muster kombiniert werden.<\/p>\n","protected":false},"featured_media":5456,"template":"","meta":[],"product_brand":[],"product_cat":[294,352],"product_tag":[368,427,571,769,1001,1025],"class_list":{"0":"post-9470","1":"product","2":"type-product","3":"status-publish","4":"has-post-thumbnail","6":"product_cat-flexible-wood-slats-panel-with-wood-veneer-top","7":"product_cat-flexible-wood-slats-panel-for-furniture-decoration-wall-cover-and-pole-column-wrap-by-diy","8":"product_tag-holzmaterial","9":"product_tag-schalttafel","10":"product_tag-innenausstattung","11":"product_tag-mast-saeulendekoration","12":"product_tag-holzbrett","13":"product_tag-formbearbeitung","15":"first","16":"instock","17":"shipping-taxable","18":"product-type-simple"},"jetpack_sharing_enabled":true,"_links":{"self":[{"href":"https:\/\/carolyoungcorp.com\/de\/wp-json\/wp\/v2\/product\/9470","targetHints":{"allow":["GET"]}}],"collection":[{"href":"https:\/\/carolyoungcorp.com\/de\/wp-json\/wp\/v2\/product"}],"about":[{"href":"https:\/\/carolyoungcorp.com\/de\/wp-json\/wp\/v2\/types\/product"}],"wp:featuredmedia":[{"embeddable":true,"href":"https:\/\/carolyoungcorp.com\/de\/wp-json\/wp\/v2\/media\/5456"}],"wp:attachment":[{"href":"https:\/\/carolyoungcorp.com\/de\/wp-json\/wp\/v2\/media?parent=9470"}],"wp:term":[{"taxonomy":"product_brand","embeddable":true,"href":"https:\/\/carolyoungcorp.com\/de\/wp-json\/wp\/v2\/product_brand?post=9470"},{"taxonomy":"product_cat","embeddable":true,"href":"https:\/\/carolyoungcorp.com\/de\/wp-json\/wp\/v2\/product_cat?post=9470"},{"taxonomy":"product_tag","embeddable":true,"href":"https:\/\/carolyoungcorp.com\/de\/wp-json\/wp\/v2\/product_tag?post=9470"}],"curies":[{"name":"wp","href":"https:\/\/api.w.org\/{rel}","templated":true}]}}