{"id":9314,"date":"2020-07-16T09:40:46","date_gmt":"2020-07-16T09:40:46","guid":{"rendered":"https:\/\/carolyoungcorp.com\/products\/solid-mdf-molding-column-decoration"},"modified":"2025-11-25T08:37:03","modified_gmt":"2025-11-25T08:37:03","slug":"solid-mdf-molding-column-decoration","status":"publish","type":"product","link":"https:\/\/carolyoungcorp.com\/de\/products\/solid-mdf-molding-column-decoration","title":{"rendered":"MDF-Holzleiste f\u00fcr Pfosten\/S\u00e4ulen zur Dekoration r\u00f6mischer Holzs\u00e4ulen"},"content":{"rendered":"<h2>Umweltfreundliche MDF-Holzleisten zur Dekoration von Pfosten\/S\u00e4ulen im r\u00f6mischen S\u00e4ulenstil zum Selbermachen.<\/h2>\n<p>&nbsp;<\/p>\n<p>Versch\u00f6nern Sie Ihre r\u00f6mischen S\u00e4ulen und Pfosten mit unserer zweiteiligen ECO-MDF-Holzleiste, die speziell f\u00fcr die einfache Selbstmontage entwickelt wurde. Diese hochwertige MDF-Holzleiste eignet sich perfekt f\u00fcr die Dekoration r\u00f6mischer S\u00e4ulen und Pfosten, die Verkleidung von S\u00e4ulen im Kellerbereich, die Umrandung von S\u00e4ulen im Innenbereich und die Verkleidung von Holzs\u00e4ulen.<\/p>\n<p>Diese aus ECO-MDF-Holzplatten gefertigte MDF-Leiste zeichnet sich durch au\u00dfergew\u00f6hnliche Langlebigkeit und ansprechende Optik aus. Ihre einzigartige zweiteilige Konstruktion erm\u00f6glicht ein m\u00fcheloses Zusammenf\u00fcgen bei Heimwerkerprojekten. In Kombination mit unserer flexiblen MDF-Holzplatte sorgt sie f\u00fcr ein nahtloses und harmonisches Erscheinungsbild beim Verkleiden von Pfosten, S\u00e4ulen oder Pfeilern.<\/p>\n<p>Erleben Sie die Sch\u00f6nheit und den Komfort unserer MDF-Leisten, hergestellt in Taiwan.<\/p>\n<p>Anwendungsbereiche: Verkleidung r\u00f6mischer S\u00e4ulen und Pfosten, Holzverkleidung, S\u00e4ulenverkleidungen im Innenbereich, Abdeckungen f\u00fcr Kellerpfosten\/-s\u00e4ulen.<\/p>\n<table width=\"0\">\n<tbody>\n<tr>\n<td>Produktspezifikationen<\/td>\n<td>Produktbeschreibung<\/td>\n<\/tr>\n<tr>\n<td>Code Nr.<\/td>\n<td>294-05<\/td>\n<\/tr>\n<tr>\n<td>Material<\/td>\n<td>MDF-Platte<\/td>\n<\/tr>\n<tr>\n<td>Struktur<\/td>\n<td>Kappen- und Sockelset<\/td>\n<\/tr>\n<tr>\n<td>Form<\/td>\n<td>Achteck in zwei H\u00e4lften (kann auch ein Quadrat sein)<\/td>\n<\/tr>\n<tr>\n<td>H\u00f6he<\/td>\n<td>3\/4 Zoll<\/td>\n<\/tr>\n<tr>\n<td>Gr\u00f6\u00dfe<\/td>\n<td>Kappen-Set\u2026Durchmesser 6 Zoll &amp; 7 Zoll, mit Loch 3-1\/2 Zoll, 4 Zoll oder 4-1\/2 Zoll<br \/>\nund Innenradius 1\/2 Zoll<br \/>\nSockel-Set\u2026Durchmesser 7 Zoll &amp; 8 Zoll, mit Loch 3-1\/2 Zoll, 4 Zoll oder 4-1\/2 Zoll<br \/>\nund Au\u00dfenradius 1\/2 Zoll<\/td>\n<\/tr>\n<\/tbody>\n<\/table>\n<p>Charakter:<\/p>\n<table>\n<tbody>\n<tr>\n<td width=\"566\">1- Einfache Selbstmontage: Die ECO MDF-Leiste l\u00e4sst sich einfach mit normalem Klebstoff montieren und ist somit eine benutzerfreundliche Wahl f\u00fcr Heimwerker.<\/td>\n<\/tr>\n<tr>\n<td width=\"566\">2- Perfekte Passform f\u00fcr r\u00f6mische S\u00e4ulen und Stangen: Es wurde speziell f\u00fcr die perfekte Passform an r\u00f6mischen S\u00e4ulen und Stangen entwickelt und gew\u00e4hrleistet so ein nahtloses und optisch ansprechendes Ergebnis.<\/td>\n<\/tr>\n<tr>\n<td width=\"566\">3- Individuell anpassbare Oberfl\u00e4chen: Die MDF-Leisten k\u00f6nnen gebeizt oder lackiert werden, um dem Stil Ihrer Inneneinrichtung zu entsprechen und bieten so vielseitige Gestaltungsm\u00f6glichkeiten.<\/td>\n<\/tr>\n<\/tbody>\n<\/table>\n<div class=\"mceTemp\"><\/div>\n<p>(Kunden in den Vereinigten Staaten wenden sich bitte direkt an unseren Vertreter \u2013 POLE-WRAP, INC. )<\/p>\n<p>***Wir suchen Vertreter und Vertriebspartner (au\u00dferhalb der USA und Japans).***<\/p>\n","protected":false},"excerpt":{"rendered":"<p>Verwendung: Verkleidung und Dekoration r\u00f6mischer S\u00e4ulen und Pfosten, Holzverkleidung, S\u00e4ulenverkleidung im Innenbereich, Abdeckung von S\u00e4ulen\/Pfosten\/S\u00e4ulen im Kellerbereich<\/p>\n<p>Die Montage ist mit handels\u00fcblichem Kleber einfach und kann selbst durchgef\u00fchrt werden.<\/p>\n<p>Das Material kann gebeizt oder lackiert werden, um es an die Inneneinrichtung anzupassen.<\/p>\n<h2><\/h2>\n","protected":false},"featured_media":5226,"template":"","meta":[],"product_brand":[],"product_cat":[416,294,350,540],"product_tag":[368,424,571,677,3988,4101],"class_list":{"0":"post-9314","1":"product","2":"type-product","3":"status-publish","4":"has-post-thumbnail","6":"product_cat-solid-wood-molding-for-pole-or-column-covering-and-decoration","7":"product_cat-flexible-wood-slats-panel-with-wood-veneer-top","8":"product_cat-pole-column-wall-and-furniture-surface-covers-by-diy","9":"product_cat-diy-square-octagon-solid-wood-molding-for-interior-decoration","10":"product_tag-holzmaterial","11":"product_tag-baumaterial","12":"product_tag-innenausstattung","13":"product_tag-holzdekoration","14":"product_tag-stangen-saeulendekoration","15":"product_tag-holzleisten","17":"first","18":"instock","19":"shipping-taxable","20":"product-type-simple"},"jetpack_sharing_enabled":true,"_links":{"self":[{"href":"https:\/\/carolyoungcorp.com\/de\/wp-json\/wp\/v2\/product\/9314","targetHints":{"allow":["GET"]}}],"collection":[{"href":"https:\/\/carolyoungcorp.com\/de\/wp-json\/wp\/v2\/product"}],"about":[{"href":"https:\/\/carolyoungcorp.com\/de\/wp-json\/wp\/v2\/types\/product"}],"wp:featuredmedia":[{"embeddable":true,"href":"https:\/\/carolyoungcorp.com\/de\/wp-json\/wp\/v2\/media\/5226"}],"wp:attachment":[{"href":"https:\/\/carolyoungcorp.com\/de\/wp-json\/wp\/v2\/media?parent=9314"}],"wp:term":[{"taxonomy":"product_brand","embeddable":true,"href":"https:\/\/carolyoungcorp.com\/de\/wp-json\/wp\/v2\/product_brand?post=9314"},{"taxonomy":"product_cat","embeddable":true,"href":"https:\/\/carolyoungcorp.com\/de\/wp-json\/wp\/v2\/product_cat?post=9314"},{"taxonomy":"product_tag","embeddable":true,"href":"https:\/\/carolyoungcorp.com\/de\/wp-json\/wp\/v2\/product_tag?post=9314"}],"curies":[{"name":"wp","href":"https:\/\/api.w.org\/{rel}","templated":true}]}}