{"id":9307,"date":"2020-08-13T09:38:10","date_gmt":"2020-08-13T09:38:10","guid":{"rendered":"https:\/\/carolyoungcorp.com\/products\/solid-red-oak-wood-shelf-for-pole-column-decoration"},"modified":"2025-11-24T09:37:40","modified_gmt":"2025-11-24T09:37:40","slug":"solid-red-oak-wood-shelf-for-pole-column-decoration","status":"publish","type":"product","link":"https:\/\/carolyoungcorp.com\/de\/products\/solid-red-oak-wood-shelf-for-pole-column-decoration","title":{"rendered":"Regalset aus massivem, rotem Eichenholz zur Dekoration von Stangen\/S\u00e4ulen"},"content":{"rendered":"<h2>Dieses Regalset aus massiver Roteiche, kombiniert mit flexiblen Holzlatten mit V-Nut zur Montage an Pfosten\/S\u00e4ulen oder zur Erweiterung bestehender Pfosten\/S\u00e4ulen, ist vielseitig einsetzbar. Es eignet sich ideal f\u00fcr die individuelle Gestaltung von Pfosten\/S\u00e4ulen im Innenbereich.<\/h2>\n<h2>Regalset aus massivem, rotem Eichenholz zur Dekoration von Stangen\/S\u00e4ulen<\/h2>\n<p>Das Holzstangenregal-Set l\u00e4sst sich vielseitig an Stangen und S\u00e4ulen anbringen, beispielsweise zur Aufbewahrung von Getr\u00e4nken, Tassen, Geschirr, Topfpflanzen, Dekorationen oder Haushaltsgegenst\u00e4nden.<\/p>\n<p>Anwendungsbereiche: DIY-Pfosten-\/S\u00e4ulenverkleidungen im Keller, S\u00e4ulenverkleidungen, Verkleidungen f\u00fcr Innens\u00e4ulen, Holzverkleidungen<\/p>\n<table width=\"0\">\n<tbody>\n<tr>\n<td>Produktspezifikationen<\/td>\n<td>Produktbeschreibung<\/td>\n<\/tr>\n<tr>\n<td>Code Nr.<\/td>\n<td>294-13 + 294-14<\/td>\n<\/tr>\n<tr>\n<td>Material<\/td>\n<td>massive Roteiche (oder andere Holzwerkstoffe wie Ahorn, Kirsche, MDF usw.)<\/td>\n<\/tr>\n<tr>\n<td>Structure<\/td>\n<td>Plate (circle in 2 halves also can be square in 2 halves) + 4 supports<\/td>\n<\/tr>\n<tr>\n<td>Gr\u00f6\u00dfe<\/td>\n<td>Platte \u2013 2 H\u00e4lften, Durchmesser 17-1\/2 Zoll, Innenradius 1\/2 Zoll, Bohrung 3-1\/2 Zoll, 4 Zoll, 4-1\/2 Zoll<br \/>\nHalterung \u2013 Breite 4 Zoll, L\u00e4nge 8 Zoll, Dicke 20 mm, Au\u00dfenradius 3\/8 Zoll, Bohrung 10 mm<\/td>\n<\/tr>\n<\/tbody>\n<\/table>\n<p>Charakter:<\/p>\n<table>\n<tbody>\n<tr>\n<td width=\"566\">1- Es passt perfekt auf Pfosten\/S\u00e4ulen\/Pfeiler\/Pfeiler.<\/td>\n<\/tr>\n<tr>\n<td width=\"566\">2- Es passt perfekt auf Pfosten\/S\u00e4ulen\/Pfeiler\/Pfeiler.<\/td>\n<\/tr>\n<tr>\n<td width=\"566\">3- Dies ist eine praktische und sch\u00f6ne Inneneinrichtung.<\/td>\n<\/tr>\n<tr>\n<td width=\"566\">4- Es l\u00e4sst sich mit gew\u00f6hnlichem Klebstoff problemlos selbst anbringen.<\/td>\n<\/tr>\n<\/tbody>\n<\/table>\n<p>Dieses Produkt wird in Taiwan hergestellt.<\/p>\n<p>(Kunden in den Vereinigten Staaten wenden sich bitte direkt an unseren Vertreter \u2013 POLE-WRAP, INC. )<\/p>\n<p>***Wir suchen Vertreter und Vertriebspartner (au\u00dferhalb der USA und Japans).***<\/p>\n","protected":false},"excerpt":{"rendered":"<h2>Dieses Regalset aus massiver Roteiche, kombiniert mit flexiblen Holzlatten mit V-Nut zur Montage an Pfosten\/S\u00e4ulen oder zur Erweiterung bestehender Pfosten\/S\u00e4ulen, ist vielseitig einsetzbar. Es eignet sich ideal f\u00fcr die individuelle Gestaltung von Pfosten\/S\u00e4ulen im Innenbereich.<\/h2>\n<p>Das Holzstangenregal-Set kann an Stangen und S\u00e4ulen f\u00fcr verschiedene Zwecke montiert werden, zum Beispiel zur Aufbewahrung von Getr\u00e4nken, Tassen, Geschirr, Topfpflanzen und verschiedenen Dekorationen oder Haushaltsgegenst\u00e4nden.<\/p>\n<p>Es l\u00e4sst sich einfach mit handels\u00fcblichem Heimwerkerkleber anbringen.<\/p>\n<p>Die Produkte werden in Taiwan hergestellt.<\/p>\n","protected":false},"featured_media":5181,"template":"","meta":[],"product_brand":[],"product_cat":[294,543],"product_tag":[571,676,677,772,965,3988],"class_list":{"0":"post-9307","1":"product","2":"type-product","3":"status-publish","4":"has-post-thumbnail","6":"product_cat-flexible-wood-slats-panel-with-wood-veneer-top","7":"product_cat-solid-wood-shelf-for-pole-roman-column-decoration","8":"product_tag-innenausstattung","9":"product_tag-holzverkleidung","10":"product_tag-holzdekoration","11":"product_tag-holz-diy-regal","12":"product_tag-innenabdeckung","13":"product_tag-stangen-saeulendekoration","15":"first","16":"instock","17":"shipping-taxable","18":"product-type-simple"},"jetpack_sharing_enabled":true,"_links":{"self":[{"href":"https:\/\/carolyoungcorp.com\/de\/wp-json\/wp\/v2\/product\/9307","targetHints":{"allow":["GET"]}}],"collection":[{"href":"https:\/\/carolyoungcorp.com\/de\/wp-json\/wp\/v2\/product"}],"about":[{"href":"https:\/\/carolyoungcorp.com\/de\/wp-json\/wp\/v2\/types\/product"}],"wp:featuredmedia":[{"embeddable":true,"href":"https:\/\/carolyoungcorp.com\/de\/wp-json\/wp\/v2\/media\/5181"}],"wp:attachment":[{"href":"https:\/\/carolyoungcorp.com\/de\/wp-json\/wp\/v2\/media?parent=9307"}],"wp:term":[{"taxonomy":"product_brand","embeddable":true,"href":"https:\/\/carolyoungcorp.com\/de\/wp-json\/wp\/v2\/product_brand?post=9307"},{"taxonomy":"product_cat","embeddable":true,"href":"https:\/\/carolyoungcorp.com\/de\/wp-json\/wp\/v2\/product_cat?post=9307"},{"taxonomy":"product_tag","embeddable":true,"href":"https:\/\/carolyoungcorp.com\/de\/wp-json\/wp\/v2\/product_tag?post=9307"}],"curies":[{"name":"wp","href":"https:\/\/api.w.org\/{rel}","templated":true}]}}