{"id":9301,"date":"2020-06-24T09:50:38","date_gmt":"2020-06-24T09:50:38","guid":{"rendered":"https:\/\/carolyoungcorp.com\/products\/maple-veneer-flexible-panel-board-pole-column-covering"},"modified":"2025-11-12T09:24:54","modified_gmt":"2025-11-12T09:24:54","slug":"maple-veneer-flexible-panel-board-pole-column-covering","status":"publish","type":"product","link":"https:\/\/carolyoungcorp.com\/de\/products\/maple-veneer-flexible-panel-board-pole-column-covering","title":{"rendered":"Flexible Holzlattenplatte mit Ahornfurnier f\u00fcr Wand-\/Decken-\/Masten-\/S\u00e4ulenverkleidung zum Selbermachen"},"content":{"rendered":"<h2>Flexible Holzlattenplatte mit Ahornfurnieroberfl\u00e4che f\u00fcr Wand-\/Decken-\/Masten-\/S\u00e4ulenverkleidungen, Holzpaneele, Bauholzpaneele, Holzummantelungen, Holzverkleidungen f\u00fcr den Innenbereich, Abdeckungen f\u00fcr Kellerpfosten\/Masten\/S\u00e4ulen und Ummantelungen f\u00fcr den Innenbereich von S\u00e4ulen.<\/h2>\n<p>Verwendung: Wand-\/Deckenverkleidung, Mast- oder S\u00e4ulenverkleidung, Mast-\/S\u00e4ulenverkleidungen, Kellermastverkleidungen, Holzs\u00e4ulenverkleidungen<\/p>\n<table width=\"0\">\n<tbody>\n<tr>\n<td>Produktspezifikationen<\/td>\n<td>Produktbeschreibung<\/td>\n<\/tr>\n<tr>\n<td>Code-Nr.<\/td>\n<td>CY287-99<\/td>\n<\/tr>\n<tr>\n<td>Gr\u00f6\u00dfe<\/td>\n<td>4 Fu\u00df x 8 Fu\u00df<\/td>\n<\/tr>\n<tr>\n<td>Dicke<\/td>\n<td>3 mm<\/td>\n<\/tr>\n<tr>\n<td>V-gerillt<\/td>\n<td>13 mm<\/td>\n<\/tr>\n<tr>\n<td>Struktur<\/td>\n<td>Obere Schicht: Ahornfurnier\/ Mittlere Schicht: MDF-Platte\/ Untere Schicht: Kraftpapier<\/td>\n<\/tr>\n<tr>\n<td>Herkunft<\/td>\n<td>Taiwan<\/td>\n<\/tr>\n<\/tbody>\n<\/table>\n<p>Charakter:<strong><br \/>\n<\/strong><\/p>\n<table>\n<tbody>\n<tr>\n<td width=\"566\">\n<ul>\n<li>Einfache Installation mit handels\u00fcblichem Kleber durch Heimwerker.<\/li>\n<\/ul>\n<\/td>\n<\/tr>\n<tr>\n<td width=\"566\">\n<ul>\n<li>Breite und H\u00f6he m\u00fcssen ggf. auf die exakte Gr\u00f6\u00dfe zugeschnitten werden.<br \/>\nDies kann mit einer Feins\u00e4ge oder der L\u00e4nge nach mit einem Cuttermesser zugeschnitten werden.<\/li>\n<\/ul>\n<\/td>\n<\/tr>\n<tr>\n<td width=\"566\">\n<ul>\n<li>Es kann gebeizt, lackiert oder mit Klarlack \u00fcberzogen werden, um es an die Inneneinrichtung anzupassen.<\/li>\n<\/ul>\n<\/td>\n<\/tr>\n<tr>\n<td width=\"566\">\n<ul>\n<li>Dank der V-Nut passt es sich der dekorativen Form vollst\u00e4ndig an.<\/li>\n<\/ul>\n<\/td>\n<\/tr>\n<tr>\n<td width=\"566\">\n<ul>\n<li>Flexibilit\u00e4t beim Biegen und Formen w\u00e4hrend der Konstruktion.<\/li>\n<\/ul>\n<\/td>\n<\/tr>\n<\/tbody>\n<\/table>\n<p>Kunden in den Vereinigten Staaten wenden sich bitte direkt an unseren Vertreter \u2013 POLE-WRAP, INC.)<\/p>\n<p>***Suche nach Vertretern und Vertriebsh\u00e4ndlern (au\u00dfer in den USA und Japan)***<\/p>\n<p>Schl\u00fcsselw\u00f6rter: Mastverkleidungen, Kellermastabdeckungen, Holzs\u00e4ulenverkleidungen, MDF-Platte, flexible Plattenplatte, Wand-\/Decken-\/Mast-\/S\u00e4ulenverkleidung, Holzplatte, Holzverkleidung, Holzverkleidung f\u00fcr den Innenbereich, Kellerpfostenabdeckungen, S\u00e4ulenverkleidungen f\u00fcr den Innenbereich<\/p>\n","protected":false},"excerpt":{"rendered":"<p>Flexible Paneelplatte mit Ahornfurnier f\u00fcr Wand-\/Decken-\/Masten-\/S\u00e4ulenverkleidung, Holzpaneel, Holzverkleidung, Holzverkleidung f\u00fcr den Innenbereich, Abdeckungen f\u00fcr Kellerpfosten\/Masten\/S\u00e4ulen, S\u00e4ulenverkleidungen f\u00fcr den Innenbereich<\/p>\n<p>Die Deckplatte aus Ahornfurnier mit V-Nut kann f\u00fcr DIY-Innendekorationsdesigns verwendet werden, beispielsweise f\u00fcr Schrankdekoration, Heimdekoration, Modellierungsverkleidungen, M\u00f6belveredelung sowie die Dekoration von Verst\u00e4rkungss\u00e4ulen und St\u00fctzs\u00e4ulen.<\/p>\n<p>Einfache Montage mit normalem Kleber durch Heimwerker.<\/p>\n<p>Das Produkt wird in Taiwan hergestellt.<\/p>\n","protected":false},"featured_media":5166,"template":"","meta":[],"product_brand":[],"product_cat":[294,350],"product_tag":[430,676,719,3742,3884,3885,3886,3887,3888,3889,3890],"class_list":{"0":"post-9301","1":"product","2":"type-product","3":"status-publish","4":"has-post-thumbnail","6":"product_cat-flexible-wood-slats-panel-with-wood-veneer-top","7":"product_cat-pole-column-wall-and-furniture-surface-covers-by-diy","8":"product_tag-holzplatte","9":"product_tag-holzverkleidung","10":"product_tag-wand-decken-mast-saeulenverkleidung","11":"product_tag-kellerpfostenabdeckungen","12":"product_tag-mastverkleidungen","13":"product_tag-kellermastabdeckungen","14":"product_tag-holzsaeulenverkleidungen","15":"product_tag-mdf-platte","16":"product_tag-flexible-plattenplatte","17":"product_tag-holzverkleidung-fuer-den-innenbereich","18":"product_tag-saeulenverkleidungen-fuer-den-innenbereich","20":"first","21":"instock","22":"shipping-taxable","23":"product-type-simple"},"jetpack_sharing_enabled":true,"_links":{"self":[{"href":"https:\/\/carolyoungcorp.com\/de\/wp-json\/wp\/v2\/product\/9301","targetHints":{"allow":["GET"]}}],"collection":[{"href":"https:\/\/carolyoungcorp.com\/de\/wp-json\/wp\/v2\/product"}],"about":[{"href":"https:\/\/carolyoungcorp.com\/de\/wp-json\/wp\/v2\/types\/product"}],"wp:featuredmedia":[{"embeddable":true,"href":"https:\/\/carolyoungcorp.com\/de\/wp-json\/wp\/v2\/media\/5166"}],"wp:attachment":[{"href":"https:\/\/carolyoungcorp.com\/de\/wp-json\/wp\/v2\/media?parent=9301"}],"wp:term":[{"taxonomy":"product_brand","embeddable":true,"href":"https:\/\/carolyoungcorp.com\/de\/wp-json\/wp\/v2\/product_brand?post=9301"},{"taxonomy":"product_cat","embeddable":true,"href":"https:\/\/carolyoungcorp.com\/de\/wp-json\/wp\/v2\/product_cat?post=9301"},{"taxonomy":"product_tag","embeddable":true,"href":"https:\/\/carolyoungcorp.com\/de\/wp-json\/wp\/v2\/product_tag?post=9301"}],"curies":[{"name":"wp","href":"https:\/\/api.w.org\/{rel}","templated":true}]}}