{"id":9090,"date":"2021-03-31T09:30:39","date_gmt":"2021-03-31T09:30:39","guid":{"rendered":"https:\/\/carolyoungcorp.com\/products\/1202"},"modified":"2025-11-28T09:04:53","modified_gmt":"2025-11-28T09:04:53","slug":"flexible-wood-slats-panel-boards-in-three-layers-with-v-grooved-slats-design-for-wall-paneling-pole-or-column-wraps-interior-decoration-and-furniture-surface-covers","status":"publish","type":"product","link":"https:\/\/carolyoungcorp.com\/de\/products\/flexible-wood-slats-panel-boards-in-three-layers-with-v-grooved-slats-design-for-wall-paneling-pole-or-column-wraps-interior-decoration-and-furniture-surface-covers","title":{"rendered":"Flexible Holzlattenplatten in drei Schichten mit V-Nut-Lamellendesign f\u00fcr Wandverkleidungen, Mast- oder S\u00e4ulenverkleidungen, Innendekoration und M\u00f6beloberfl\u00e4chenabdeckungen"},"content":{"rendered":"<h2 class=\"entry-title\">Flexible Holzlattenplatten in drei Schichten mit V-Nut-Lamellendesign f\u00fcr Wandverkleidungen, Mast- oder S\u00e4ulenverkleidungen, Innendekoration und M\u00f6beloberfl\u00e4chenabdeckungen<\/h2>\n<p>Flexible Holzlattenplatten und Holzleisten dienen zur Verkleidung und Dekoration von Masten\/S\u00e4ulen.<br \/>\nFlexible Holzlattenplatten und Holzgetr\u00e4nkeregale dienen zur Verkleidung und Dekoration von Masten\/S\u00e4ulen.<br \/>\nWir bieten au\u00dferdem antibakterielle, desinfizierende und sterilisierende organische Silikon-Quatern\u00e4rammoniumsalze f\u00fcr Holzprodukte und Textilien an. Flexible Holzlattenplatten und Leisten sind haupts\u00e4chlich f\u00fcr die Innendekoration konzipiert, insbesondere zur Verkleidung von Masten\/S\u00e4ulen in vier Holzarten (Roteiche, Ahorn, Kirsche und MDF). Aus flexiblen Holzlattenplatten und Holzleisten l\u00e4sst sich im Handumdrehen ein wundersch\u00f6nes r\u00f6misches S\u00e4ulendesign gestalten.<\/p>\n<p>Verwendung: Holzverkleidungen im Innenbereich, MDF-Wandpaneele, Holzverkleidungen, Abdeckungen f\u00fcr Kellerpfosten\/-stangen\/-s\u00e4ulen<\/p>\n<p>Charakter:<\/p>\n<table>\n<tbody>\n<tr>\n<td width=\"566\">1) Einfache Montage mit normalem Kleber durch Heimwerker.<\/td>\n<\/tr>\n<tr>\n<td width=\"566\">2) Breite und H\u00f6he m\u00fcssen m\u00f6glicherweise zugeschnitten werden, um den genauen Abmessungen zu entsprechen.<\/td>\n<\/tr>\n<tr>\n<td width=\"566\">3) Es kann gebeizt oder gestrichen werden, um es an die Inneneinrichtung anzupassen.<\/td>\n<\/tr>\n<tr>\n<td width=\"566\">4) Dank der V-Nut kann die dekorative Form eng angepasst werden.<\/td>\n<\/tr>\n<\/tbody>\n<\/table>\n<p>Dieses Produkt wird in Taiwan hergestellt.<\/p>\n<p>(Kunden in den Vereinigten Staaten wenden sich bitte direkt an unseren Vertreter \u2013 POLE-WRAP, INC.)<\/p>\n<p>***Suche nach Vertretern und Vertriebsh\u00e4ndlern (au\u00dfer in den USA)***<\/p>\n","protected":false},"excerpt":{"rendered":"<h2 class=\"entry-title\">Flexible Holzlamellenplatten in drei Schichten, V-Nut- oder geriffelte Lamellenausf\u00fchrung f\u00fcr Wandverkleidungen, Mast- oder S\u00e4ulenverkleidungen, Innendekoration und M\u00f6beloberfl\u00e4chenabdeckungen<\/h2>\n<p>Verwendung: Holzverkleidungen im Innenbereich, MDF-Wandpaneele, Holzverkleidungen, Abdeckungen f\u00fcr Kellerpfosten\/-stangen\/-s\u00e4ulen<\/p>\n<p>Flexible Holzlattenpaneele und Holzleisten dienen zur Verkleidung und Dekoration von Pfosten\/S\u00e4ulen.<\/p>\n<p>Flexible Holzlattenpaneele und Holz-Getr\u00e4nkeregale dienen zur Verkleidung und Dekoration von Pfosten\/S\u00e4ulen.<\/p>\n<p>&nbsp;<\/p>\n","protected":false},"featured_media":5231,"template":"","meta":[],"product_brand":[],"product_cat":[548,350],"product_tag":[427,571,677,769,965,975],"class_list":{"0":"post-9090","1":"product","2":"type-product","3":"status-publish","4":"has-post-thumbnail","6":"product_cat-flexible-mdf-wood-slats-panels-for-diy-interior-pole-decoration","7":"product_cat-pole-column-wall-and-furniture-surface-covers-by-diy","8":"product_tag-schalttafel","9":"product_tag-innenausstattung","10":"product_tag-holzdekoration","11":"product_tag-mast-saeulendekoration","12":"product_tag-innenabdeckung","13":"product_tag-mast-saeulenverkleidung","15":"first","16":"instock","17":"shipping-taxable","18":"product-type-simple"},"jetpack_sharing_enabled":true,"_links":{"self":[{"href":"https:\/\/carolyoungcorp.com\/de\/wp-json\/wp\/v2\/product\/9090","targetHints":{"allow":["GET"]}}],"collection":[{"href":"https:\/\/carolyoungcorp.com\/de\/wp-json\/wp\/v2\/product"}],"about":[{"href":"https:\/\/carolyoungcorp.com\/de\/wp-json\/wp\/v2\/types\/product"}],"wp:featuredmedia":[{"embeddable":true,"href":"https:\/\/carolyoungcorp.com\/de\/wp-json\/wp\/v2\/media\/5231"}],"wp:attachment":[{"href":"https:\/\/carolyoungcorp.com\/de\/wp-json\/wp\/v2\/media?parent=9090"}],"wp:term":[{"taxonomy":"product_brand","embeddable":true,"href":"https:\/\/carolyoungcorp.com\/de\/wp-json\/wp\/v2\/product_brand?post=9090"},{"taxonomy":"product_cat","embeddable":true,"href":"https:\/\/carolyoungcorp.com\/de\/wp-json\/wp\/v2\/product_cat?post=9090"},{"taxonomy":"product_tag","embeddable":true,"href":"https:\/\/carolyoungcorp.com\/de\/wp-json\/wp\/v2\/product_tag?post=9090"}],"curies":[{"name":"wp","href":"https:\/\/api.w.org\/{rel}","templated":true}]}}