{"id":8890,"date":"2021-03-31T09:48:16","date_gmt":"2021-03-31T09:48:16","guid":{"rendered":"https:\/\/carolyoungcorp.com\/products\/flexible-wood-board-for-furniture-finishing-covering"},"modified":"2025-11-28T08:44:36","modified_gmt":"2025-11-28T08:44:36","slug":"flexible-wood-board-for-furniture-finishing-covering","status":"publish","type":"product","link":"https:\/\/carolyoungcorp.com\/de\/products\/flexible-wood-board-for-furniture-finishing-covering","title":{"rendered":"Flexible Holzlattenplatte f\u00fcr die M\u00f6belveredelung"},"content":{"rendered":"<h2>Innenverkleidung aus Holzlatten\/Holzlattenplatte Flexible Holzlattenplatte f\u00fcr die M\u00f6belveredelung<\/h2>\n<p>Die besten Rollladenbretter, flexible Holzlamellenpaneele mit V-Nut, dreilagig, Oberseite aus ausgew\u00e4hltem Holzfurnier, mittlere MDF-Platte und R\u00fcckseite mit Textiltr\u00e4ger. V-Nuten oder Riffelungen in den oberen beiden Lagen f\u00fcr flexiblen und rollbaren Charakter und mit Lamellendesign sind die beste Wahl f\u00fcr die M\u00f6belverkleidung.<\/p>\n<p>Verwendung: Endbeschichtung f\u00fcr M\u00f6bel wie Schr\u00e4nke, Vitrinen, Garderoben und B\u00fccherregale.<\/p>\n<table width=\"0\">\n<tbody>\n<tr>\n<td>Produktspezifikationen<\/td>\n<td>Produktbeschreibung<\/td>\n<\/tr>\n<tr>\n<td>Code-Nr.<\/td>\n<td>CY287-01<\/td>\n<\/tr>\n<tr>\n<td>Gr\u00f6\u00dfe<\/td>\n<td>4 Fu\u00df x 8 Fu\u00df<\/td>\n<\/tr>\n<tr>\n<td>V-gerillt<\/td>\n<td>13 mm<\/td>\n<\/tr>\n<tr>\n<td>Struktur<\/td>\n<td>Oberseite: Roteichenfurnier, Mitte: MDF-Platte, Unterseite: Kraftpapier<\/td>\n<\/tr>\n<\/tbody>\n<\/table>\n<p>Charakter:<\/p>\n<table>\n<tbody>\n<tr>\n<td width=\"566\">1- Einfache Montage mit normalem Kleber durch Heimwerker.<\/td>\n<\/tr>\n<tr>\n<td width=\"566\">2- Breite und H\u00f6he m\u00fcssen m\u00f6glicherweise zugeschnitten werden, um den genauen Abmessungen zu entsprechen.<\/td>\n<\/tr>\n<tr>\n<td width=\"566\">3- Bei einer Furnierplatte kann diese gebeizt oder lackiert werden, um sie an die Inneneinrichtung anzupassen.<\/td>\n<\/tr>\n<tr>\n<td width=\"566\">4- Dank der V-Nut passt es sich der dekorativen Form vollst\u00e4ndig an.<\/td>\n<\/tr>\n<tr>\n<td width=\"566\">5- Es kann frei zugeschnitten und nach den gew\u00fcnschten Mustern kombiniert werden.<\/td>\n<\/tr>\n<\/tbody>\n<\/table>\n<p>Das Produkt wird in Taiwan hergestellt<\/p>\n<p>(Kunden in den Vereinigten Staaten wenden sich bitte direkt an unseren Vertreter \u2013 POLE-WRAP, INC.)<\/p>\n<p>***Suche nach Vertretern und Vertriebsh\u00e4ndlern (au\u00dfer in den USA)***<\/p>\n","protected":false},"excerpt":{"rendered":"<p>Innenverkleidung aus Holzlatten\/Holzlattenplatte Flexible Holzlattenplatte f\u00fcr die M\u00f6belveredelung<br \/>\nFlexible Holzlattenplatte f\u00fcr die M\u00f6belverkleidung, beispielsweise f\u00fcr Kleiderschr\u00e4nke, Vitrinen und B\u00fccherregale.<\/p>\n<p>Alte oder andere M\u00f6bel k\u00f6nnen mit der V-Nut-Holzlattenplatte aufgefrischt oder mit einfachen Werkzeugen nach Ihren eigenen W\u00fcnschen gestaltet werden. Die V-Nut-Holzlattenplatte ist flexibel und l\u00e4sst sich leicht mit einem Messer zuschneiden, um sie an scharfen Ecken oder gebogenen Winkeln des M\u00f6belst\u00fccks zu befestigen. Die V-Nut-Holzlattenplatte mit verst\u00e4rkter Papierr\u00fcckseite l\u00e4sst sich leicht auf die M\u00f6beloberfl\u00e4che kleben und laminieren.<\/p>\n<p>Einfache Montage mit normalem Kleber durch Heimwerker.<\/p>\n<p>Aufgrund der flexiblen V-Nut-Eigenschaft kann es sich vollst\u00e4ndig an die dekorative Form anpassen.<\/p>\n<p>Die Paneelplatten k\u00f6nnen frei zugeschnitten und nach Ihren Lieblingsmustern kombiniert werden.<\/p>\n<p>&nbsp;<\/p>\n","protected":false},"featured_media":5206,"template":"","meta":[],"product_brand":[],"product_cat":[294,350,351,352],"product_tag":[426,429,571,677,964,965,966],"class_list":{"0":"post-8890","1":"product","2":"type-product","3":"status-publish","4":"has-post-thumbnail","6":"product_cat-flexible-wood-slats-panel-with-wood-veneer-top","7":"product_cat-pole-column-wall-and-furniture-surface-covers-by-diy","8":"product_cat-flexible-wood-slats-panel-for-furniture-finishing","9":"product_cat-flexible-wood-slats-panel-for-furniture-decoration-wall-cover-and-pole-column-wrap-by-diy","10":"product_tag-moebelveredelung","11":"product_tag-holzabdeckung","12":"product_tag-innenausstattung","13":"product_tag-holzdekoration","14":"product_tag-planke","15":"product_tag-innenabdeckung","16":"product_tag-bedienfeld","18":"first","19":"instock","20":"shipping-taxable","21":"product-type-simple"},"jetpack_sharing_enabled":true,"_links":{"self":[{"href":"https:\/\/carolyoungcorp.com\/de\/wp-json\/wp\/v2\/product\/8890","targetHints":{"allow":["GET"]}}],"collection":[{"href":"https:\/\/carolyoungcorp.com\/de\/wp-json\/wp\/v2\/product"}],"about":[{"href":"https:\/\/carolyoungcorp.com\/de\/wp-json\/wp\/v2\/types\/product"}],"wp:featuredmedia":[{"embeddable":true,"href":"https:\/\/carolyoungcorp.com\/de\/wp-json\/wp\/v2\/media\/5206"}],"wp:attachment":[{"href":"https:\/\/carolyoungcorp.com\/de\/wp-json\/wp\/v2\/media?parent=8890"}],"wp:term":[{"taxonomy":"product_brand","embeddable":true,"href":"https:\/\/carolyoungcorp.com\/de\/wp-json\/wp\/v2\/product_brand?post=8890"},{"taxonomy":"product_cat","embeddable":true,"href":"https:\/\/carolyoungcorp.com\/de\/wp-json\/wp\/v2\/product_cat?post=8890"},{"taxonomy":"product_tag","embeddable":true,"href":"https:\/\/carolyoungcorp.com\/de\/wp-json\/wp\/v2\/product_tag?post=8890"}],"curies":[{"name":"wp","href":"https:\/\/api.w.org\/{rel}","templated":true}]}}