{"id":8873,"date":"2021-04-13T06:39:34","date_gmt":"2021-04-13T06:39:34","guid":{"rendered":"https:\/\/carolyoungcorp.com\/products\/antibacterial-and-anti-mold-drink-shelf-for-interior-cover-and-decoration"},"modified":"2025-11-27T09:36:18","modified_gmt":"2025-11-27T09:36:18","slug":"antibacterial-and-anti-mold-drink-shelf-for-interior-cover-and-decoration","status":"publish","type":"product","link":"https:\/\/carolyoungcorp.com\/de\/products\/antibacterial-and-anti-mold-drink-shelf-for-interior-cover-and-decoration","title":{"rendered":"Antibakterielles und schimmelhemmendes Getr\u00e4nkeregal aus Massivholz f\u00fcr die Innenverkleidung von Stangen\/S\u00e4ulen und zur Dekoration"},"content":{"rendered":"<p>Antibakterielles und schimmelhemmendes Getr\u00e4nkeregal aus Massivholz f\u00fcr die Innenverkleidung von Stangen\/S\u00e4ulen und zur Dekoration<\/p>\n<p>Angesichts der COVID-19-Epidemie (fr\u00fcher bekannt als Wuhan-Pneumonie), die weltweit weiterhin schwere Katastrophen verursacht, besteht ein gro\u00dfer Bedarf an antibakteriellen, desinfizierenden und sterilisierenden Schutzprodukten. Haushaltshygiene, Epidemiepr\u00e4vention und Gesundheitsf\u00fcrsorge sind derzeit wichtige Themen.<\/p>\n<p>RX-SiN4 (Trimethoxysilylgruppe und ihr Hydrolysat, quart\u00e4res Trihydroxyammoniumsalz) ist ein hochwirksames antibakterielles und schimmelhemmendes Mittel.<\/p>\n<p>Holzm\u00f6bel und Dekorationsmaterialien aus Holz f\u00fcr den Innenbereich k\u00f6nnen mit dem langwirksamen antibakteriellen, schimmelhemmenden und desodorierenden Mittel RX-SiN4 bespr\u00fcht werden. Nach dem Trocknen hydrolysiert und reagiert RX-SiN4 zu einem Nanofilm, der auf der Oberfl\u00e4che haftet und einen lang anhaltenden Schutz bietet. Die Membran kann Bakterien langfristig eliminieren und ihr Wachstum hemmen. Es ist ein langwirksames Mittel gegen Schimmel, Bakterien, Sterilisation und Deodorant f\u00fcr Holzm\u00f6bel und Dekorationsmaterialien aus Holz. Die Wirkung ist langanhaltend und stabil. RX-SiN4 ist langzeitwirksam und entspricht dem US-amerikanischen \u201eFederal Food, Drug and Cosmetic Act\u201c (FFDCA). Es kann mit chemischen Substanzen verwendet werden, ist ungiftig, nicht hautreizend und hat selbst bei l\u00e4ngerem K\u00f6rperkontakt keine negativen Auswirkungen.<\/p>\n<p>Nach dem Bespr\u00fchen mit RX-SiN4 werden gew\u00f6hnliche Holzm\u00f6bel oder Holzdekorationsmaterialien zu M\u00f6beln mit lang anhaltender antibakterieller und schimmelhemmender Wirkung.<\/p>\n<p>Ein SGS-Experiment best\u00e4tigte, dass \u201eEscherichia coli\u201c, \u201ePseudomonas aeruginosa\u201c, \u201eCandida albicans\u201c und \u201eStaphylococcus aureus subsp. aureus\u201c eine antibakterielle Wirkung von \u00fcber 99,9 % aufweisen. (Siehe den beigef\u00fcgten SGS-Testbericht.)<\/p>\n<p>Getr\u00e4nkeregal aus Massivholz<\/p>\n<p>VERWENDUNG: R\u00f6mische S\u00e4ulen-\/Mastverkleidung und -Dekoration, Kellerpfostenverkleidungen, Kellermastverkleidungen, S\u00e4ulenverkleidungen im Innenbereich, Mastverkleidungen, Holzverkleidung<\/p>\n<table width=\"0\">\n<tbody>\n<tr>\n<td>Produktspezifikationen<\/td>\n<td>Produktbeschreibung<\/td>\n<\/tr>\n<tr>\n<td>Code-Nr.<\/td>\n<td>294-13 + 294-14<\/td>\n<\/tr>\n<tr>\n<td>MATERIAL<\/td>\n<td>Massive Roteiche<\/td>\n<\/tr>\n<tr>\n<td>STRUKTUR<\/td>\n<td>oben \u2013 Platte, unten \u2013 St\u00fctze<\/td>\n<\/tr>\n<tr>\n<td>GR\u00d6SSE<\/td>\n<td>Platte \u2013 zwei H\u00e4lften, Durchmesser 17,5 Zoll, Innenradius 1,27 cm, Bohrung 8,5 cm, 10,27 cm<\/p>\n<p>St\u00fctze \u2013 Breite 10,2 cm, L\u00e4nge 20,2 cm, Dicke 20 mm, Au\u00dfenradius 9,5 cm, Bohrung 10 mm<\/td>\n<\/tr>\n<\/tbody>\n<\/table>\n<p>CHARAKTER:<\/p>\n<table>\n<tbody>\n<tr>\n<td width=\"566\">1- Getr\u00e4nkeregal aus Massivholz kann f\u00fcr verschiedene Zwecke an Stangen und S\u00e4ulen angebracht werden, beispielsweise zum Abstellen von Getr\u00e4nken, Tassen, Tellern, Topfpflanzen usw.<\/td>\n<\/tr>\n<tr>\n<td width=\"566\">2- Das Getr\u00e4nkeregal aus Massivholz passt 100 % zur Dekoration von S\u00e4ule und Stange.<\/td>\n<\/tr>\n<tr>\n<td width=\"566\">3- Getr\u00e4nkeregal aus Massivholz kann gebeizt oder lackiert werden, um zur Inneneinrichtung zu passen.<\/td>\n<\/tr>\n<tr>\n<td width=\"566\">4- F\u00fcr das Getr\u00e4nkeregal aus Massivholz k\u00f6nnen auch andere Massivholzarten verwendet werden.<\/td>\n<\/tr>\n<tr>\n<td width=\"566\">5- Ein Getr\u00e4nkeregal aus Massivholz ist eine praktische und sch\u00f6ne Erg\u00e4nzung zur Innenpolsterung.<\/td>\n<\/tr>\n<tr>\n<td width=\"566\">6- Das Getr\u00e4nkeregal aus Massivholz l\u00e4sst sich mit normalem Kleber einfach selbst anbringen.<\/td>\n<\/tr>\n<\/tbody>\n<\/table>\n<p>Alle unsere Produkte werden in TAIWAN und nicht in CHINA hergestellt.<\/p>\n","protected":false},"excerpt":{"rendered":"<p>Antibakterielles und schimmelhemmendes Getr\u00e4nkeregal aus Massivholz f\u00fcr die Innenverkleidung von Stangen\/S\u00e4ulen und zur Dekoration<\/p>\n<p>COVID-19 (fr\u00fcher bekannt als Wuhan-Pneumonie) ist eine Epidemie, die weltweit schwere Katastrophen verursacht.<\/p>\n<p>Wichtige Themen sind Haushaltshygiene, Seuchenpr\u00e4vention und Gesundheitsvorsorge.<\/p>\n<p>Die Wirkung ist langanhaltend und stabil. Es entspricht dem US-amerikanischen \u201eFederal Food, Drug and Cosmetic Act\u201c (FFDCA.) Es d\u00fcrfen keine chemischen Substanzen verwendet werden.<\/p>\n<p>Das Getr\u00e4nkeregal aus Massivholz l\u00e4sst sich mit normalem Kleber einfach selbst anbringen.<\/p>\n","protected":false},"featured_media":5181,"template":"","meta":[],"product_brand":[],"product_cat":[536,543],"product_tag":[363,611,768,769,893,903,904,928],"class_list":{"0":"post-8873","1":"product","2":"type-product","3":"status-publish","4":"has-post-thumbnail","6":"product_cat-multipurpose-solid-wood-shelf-on-pole-installed-by-diy","7":"product_cat-solid-wood-shelf-for-pole-roman-column-decoration","8":"product_tag-mast-saeulenabdeckung","9":"product_tag-diy-material-de","10":"product_tag-innendekoration-aus-holz","11":"product_tag-mast-saeulendekoration","12":"product_tag-covid-19-de","13":"product_tag-anti-schimmel","14":"product_tag-antibakteriell","15":"product_tag-regal-set","17":"first","18":"instock","19":"shipping-taxable","20":"product-type-simple"},"jetpack_sharing_enabled":true,"_links":{"self":[{"href":"https:\/\/carolyoungcorp.com\/de\/wp-json\/wp\/v2\/product\/8873","targetHints":{"allow":["GET"]}}],"collection":[{"href":"https:\/\/carolyoungcorp.com\/de\/wp-json\/wp\/v2\/product"}],"about":[{"href":"https:\/\/carolyoungcorp.com\/de\/wp-json\/wp\/v2\/types\/product"}],"wp:featuredmedia":[{"embeddable":true,"href":"https:\/\/carolyoungcorp.com\/de\/wp-json\/wp\/v2\/media\/5181"}],"wp:attachment":[{"href":"https:\/\/carolyoungcorp.com\/de\/wp-json\/wp\/v2\/media?parent=8873"}],"wp:term":[{"taxonomy":"product_brand","embeddable":true,"href":"https:\/\/carolyoungcorp.com\/de\/wp-json\/wp\/v2\/product_brand?post=8873"},{"taxonomy":"product_cat","embeddable":true,"href":"https:\/\/carolyoungcorp.com\/de\/wp-json\/wp\/v2\/product_cat?post=8873"},{"taxonomy":"product_tag","embeddable":true,"href":"https:\/\/carolyoungcorp.com\/de\/wp-json\/wp\/v2\/product_tag?post=8873"}],"curies":[{"name":"wp","href":"https:\/\/api.w.org\/{rel}","templated":true}]}}