{"id":8865,"date":"2021-04-14T08:49:07","date_gmt":"2021-04-14T08:49:07","guid":{"rendered":"https:\/\/carolyoungcorp.com\/products\/shelving-stands-with-antibacterial-and-anti-mold-effect"},"modified":"2025-11-27T09:27:47","modified_gmt":"2025-11-27T09:27:47","slug":"shelving-stands-with-antibacterial-and-anti-mold-effect","status":"publish","type":"product","link":"https:\/\/carolyoungcorp.com\/de\/products\/shelving-stands-with-antibacterial-and-anti-mold-effect","title":{"rendered":"Regalst\u00e4nder mit antibakterieller und schimmelhemmender Wirkung f\u00fcr Holzprodukte"},"content":{"rendered":"<h2>Regalst\u00e4nder mit antibakterieller und schimmelhemmender Wirkung f\u00fcr Holzprodukte<\/h2>\n<p>Angesichts der COVID-19-Epidemie (fr\u00fcher bekannt als Wuhan-Pneumonie), die weltweit schwere Katastrophen verursacht, sind Haushaltshygiene, Epidemiepr\u00e4vention und Gesundheitsf\u00fcrsorge derzeit wichtige Themen. Es besteht ein gro\u00dfer Bedarf an antibakteriellen, desinfizierenden und sterilisierenden Schutzprodukten.<\/p>\n<p>RX-SiN4 (Trimethoxysilylgruppe und ihr Hydrolysat, Trihydroxy-quatern\u00e4res Ammoniumsalz) ist ein hochwirksames antibakterielles und schimmelhemmendes Mittel. Holzm\u00f6bel oder Holzdekorationsmaterialien f\u00fcr den Innenbereich k\u00f6nnen mit dem langwirksamen antibakteriellen, schimmelhemmenden und desodorierenden Mittel RX-SiN4 bespr\u00fcht werden.<\/p>\n<p>Nach dem Trocknen kann RX-SiN4 hydrolysiert und reagiert, wodurch ein Nanofilm entsteht, der an der Oberfl\u00e4che haftet und einen langanhaltenden Schutz bietet. Die Membran kann Bakterien langfristig eliminieren und ihr Wachstum hemmen. Es ist ein langwirksames Anti-Schimmel-, antibakterielles, sterilisierendes und desodorierendes Mittel f\u00fcr Holzm\u00f6bel und Holzdekorationsmaterialien. Die Wirkung ist langanhaltend und stabil. RX-SiN4 ist langzeitwirksam und entspricht dem US-amerikanischen \u201eFederal Food, Drug and Cosmetic Act\u201c (FFDCA). Es kann mit chemischen Substanzen verwendet werden. RX-SiN4 ist ungiftig, nicht hautreizend und hat selbst bei l\u00e4ngerem K\u00f6rperkontakt keine negativen Auswirkungen.<\/p>\n<p>Nach dem Bespr\u00fchen mit RX-SiN4 werden gew\u00f6hnliche Holzm\u00f6bel oder Holzdekorationsmaterialien zu M\u00f6beln mit lang anhaltender antibakterieller und schimmelhemmender Wirkung.<\/p>\n<p>Ein SGS-Experiment best\u00e4tigte, dass \u201eEscherichia coli\u201c, \u201ePseudomonas aeruginosa\u201c, \u201eCandida albicans\u201c und \u201eStaphylococcus aureus subsp. aureus\u201c eine antibakterielle Wirkung von \u00fcber 99,9 % aufweisen. (Siehe den beigef\u00fcgten SGS-Testbericht.)<\/p>\n<p>&#8211; Regalst\u00e4nder, der an Stangen und S\u00e4ulen montiert werden kann und vielseitig einsetzbar ist, z. B. zum Abstellen von Getr\u00e4nken, Tassen, Geschirr, Topfpflanzen und verschiedenen Dekorationsgegenst\u00e4nden oder Haushaltsgegenst\u00e4nden.<br \/>\n&#8211; DIY-Kellerstangenabdeckung, Kellerpfostenabdeckung, Kellers\u00e4ulenabdeckung, Holzverkleidung, Innens\u00e4ulenverkleidung<br \/>\n&#8211; Aus Massivholz gefertigt<br \/>\n&#8211; Einfache Selbstmontage.<\/p>\n<table width=\"0\">\n<tbody>\n<tr>\n<td>Produktspezifikationen<\/td>\n<td>Produktbeschreibung<\/td>\n<\/tr>\n<tr>\n<td>CODE-NR.<\/td>\n<td>294-13 + 294-14<\/td>\n<\/tr>\n<tr>\n<td>MATERIAL<\/td>\n<td>Massive Roteiche<\/td>\n<\/tr>\n<tr>\n<td>STRUKTUR<\/td>\n<td>oben \u2013 Platte, unten \u2013 St\u00fctze<\/td>\n<\/tr>\n<tr>\n<td>GR\u00d6SSE<\/td>\n<td>Platte \u2013 zwei H\u00e4lften, Durchmesser 17,5 Zoll, Innenradius 1,27 cm, Bohrung 8,5 cm, 10,27 cm<\/p>\n<p>St\u00fctze \u2013 Breite 10,2 cm, L\u00e4nge 20,2 cm, Dicke 20 mm, Au\u00dfenradius 9,5 cm, Bohrung 10 mm<\/td>\n<\/tr>\n<\/tbody>\n<\/table>\n<p>CHARAKTER:<\/p>\n<table>\n<tbody>\n<tr>\n<td width=\"566\">1) Es kann f\u00fcr verschiedene Zwecke an Stangen und S\u00e4ulen installiert werden, beispielsweise zum Abstellen von Getr\u00e4nken, Tassen, Tellern und Topfpflanzen usw.<\/td>\n<\/tr>\n<tr>\n<td width=\"566\">2) Es passt 100 % zur Dekoration der r\u00f6mischen S\u00e4ule und Stange.<\/td>\n<\/tr>\n<tr>\n<td width=\"566\">3) Es kann gebeizt oder gestrichen werden, um es an die Inneneinrichtung anzupassen.<\/td>\n<\/tr>\n<tr>\n<td width=\"566\">4) Es kann auch anderes Massivholz verwendet werden.<\/td>\n<\/tr>\n<tr>\n<td width=\"566\">5) Es ist praktisch und sch\u00f6n f\u00fcr die Innenpolsterung.<\/td>\n<\/tr>\n<tr>\n<td width=\"566\">6) Die Installation ist mit normalem Kleber einfach selbst durchzuf\u00fchren.<\/td>\n<\/tr>\n<\/tbody>\n<\/table>\n<p>Das Produkt wird in Taiwan und nicht in China hergestellt.<\/p>\n","protected":false},"excerpt":{"rendered":"<p>Regalst\u00e4nder mit antibakterieller und Anti-Schimmel-Wirkung<\/p>\n<p>Es besteht ein gro\u00dfer Bedarf an antibakteriellen, desinfizierenden und sterilisierenden Schutzprodukten.<\/p>\n<p>Es ist ein langwirksames Mittel gegen Schimmel, Bakterien, Sterilisation und Deodorant f\u00fcr Holzm\u00f6bel und Holzdekorationsmaterialien.<\/p>\n<p>Es entspricht dem US-amerikanischen \u201eFederal Food, Drug and Cosmetic Act\u201c (FFDCA.) und darf keine chemischen Substanzen enthalten.<\/p>\n<p>Es verwandelt gew\u00f6hnliche Holzm\u00f6bel oder Holzdekorationsmaterialien in M\u00f6bel mit lang anhaltender antibakterieller und schimmelhemmender Wirkung.<\/p>\n<p>Regalst\u00e4nder, der an Stangen und S\u00e4ulen montiert werden kann und vielseitig einsetzbar ist, beispielsweise zum Abstellen von Getr\u00e4nken, Tassen, Geschirr, Topfpflanzen und verschiedenen Dekorations- oder Haushaltsgegenst\u00e4nden.<\/p>\n<p>DIY-Kellerstangenabdeckung, Kellerpfostenabdeckungen, Kellers\u00e4ulenabdeckungen, Holzverkleidung, Innens\u00e4ulenverkleidungen<\/p>\n","protected":false},"featured_media":5181,"template":"","meta":[],"product_brand":[],"product_cat":[536,543],"product_tag":[571,677,718,893,895,903,904,905,906],"class_list":{"0":"post-8865","1":"product","2":"type-product","3":"status-publish","4":"has-post-thumbnail","6":"product_cat-multipurpose-solid-wood-shelf-on-pole-installed-by-diy","7":"product_cat-solid-wood-shelf-for-pole-roman-column-decoration","8":"product_tag-innenausstattung","9":"product_tag-holzdekoration","10":"product_tag-mast-saeulenverkleidung-und-dekoration","11":"product_tag-covid-19-de","12":"product_tag-ffdca-de","13":"product_tag-anti-schimmel","14":"product_tag-antibakteriell","15":"product_tag-getraenkeregal","16":"product_tag-regalstaender","18":"first","19":"instock","20":"shipping-taxable","21":"product-type-simple"},"jetpack_sharing_enabled":true,"_links":{"self":[{"href":"https:\/\/carolyoungcorp.com\/de\/wp-json\/wp\/v2\/product\/8865","targetHints":{"allow":["GET"]}}],"collection":[{"href":"https:\/\/carolyoungcorp.com\/de\/wp-json\/wp\/v2\/product"}],"about":[{"href":"https:\/\/carolyoungcorp.com\/de\/wp-json\/wp\/v2\/types\/product"}],"wp:featuredmedia":[{"embeddable":true,"href":"https:\/\/carolyoungcorp.com\/de\/wp-json\/wp\/v2\/media\/5181"}],"wp:attachment":[{"href":"https:\/\/carolyoungcorp.com\/de\/wp-json\/wp\/v2\/media?parent=8865"}],"wp:term":[{"taxonomy":"product_brand","embeddable":true,"href":"https:\/\/carolyoungcorp.com\/de\/wp-json\/wp\/v2\/product_brand?post=8865"},{"taxonomy":"product_cat","embeddable":true,"href":"https:\/\/carolyoungcorp.com\/de\/wp-json\/wp\/v2\/product_cat?post=8865"},{"taxonomy":"product_tag","embeddable":true,"href":"https:\/\/carolyoungcorp.com\/de\/wp-json\/wp\/v2\/product_tag?post=8865"}],"curies":[{"name":"wp","href":"https:\/\/api.w.org\/{rel}","templated":true}]}}