{"id":8847,"date":"2021-07-06T09:38:37","date_gmt":"2021-07-06T09:38:37","guid":{"rendered":"https:\/\/carolyoungcorp.com\/products\/half-round-solid-wood-panel-for-covering-and-decoration"},"modified":"2025-11-27T09:13:52","modified_gmt":"2025-11-27T09:13:52","slug":"half-round-solid-wood-panel-for-covering-and-decoration","status":"publish","type":"product","link":"https:\/\/carolyoungcorp.com\/de\/products\/half-round-solid-wood-panel-for-covering-and-decoration","title":{"rendered":"Flexible Holzlatten, halbrunde Massivholzplatten f\u00fcr Innenw\u00e4nde, runde Stangen\/S\u00e4ulen und runde Objekte, Verkleidung und Dekoration"},"content":{"rendered":"<h2>Flexible Holzlatten, halbrunde Massivholzplatten f\u00fcr Innenw\u00e4nde, runde Stangen\/S\u00e4ulen und runde Objekte, Verkleidung und Dekoration<\/h2>\n<p>Verwendung: Abdeckungen f\u00fcr Kellerstangen, Abdeckungen f\u00fcr Kellerpfosten, Verkleidungen f\u00fcr Innens\u00e4ulen, Holzverkleidung, Wand-\/Deckenverkleidung und -dekoration, Verkleidung und Dekoration f\u00fcr Stangen-\/r\u00f6mische S\u00e4ulen<\/p>\n<table width=\"0\">\n<tbody>\n<tr>\n<td>Produktspezifikationen<\/td>\n<td>Produktbeschreibung<\/td>\n<\/tr>\n<tr>\n<td>Code-Nr.<\/td>\n<td>WOOD 34-58<\/td>\n<\/tr>\n<tr>\n<td>Material<\/td>\n<td>Massives Roteichenholz<\/td>\n<\/tr>\n<tr>\n<td>Gr\u00f6\u00dfe<\/td>\n<td>9 mm x 4 Fu\u00df x 8 Fu\u00df<\/td>\n<\/tr>\n<tr>\n<td>Streifen<\/td>\n<td>19 mm Breite<\/td>\n<\/tr>\n<tr>\n<td>R\u00fcckendeckung<\/td>\n<td>Kraftpapier<\/td>\n<\/tr>\n<\/tbody>\n<\/table>\n<p>Charakter:<\/p>\n<table>\n<tbody>\n<tr>\n<td width=\"566\">1- Einfache Installation mit normalem Polsterkleber durch Heimwerker.<\/td>\n<\/tr>\n<tr>\n<td width=\"566\">2- Breite und H\u00f6he m\u00fcssen m\u00f6glicherweise zugeschnitten werden, um den genauen Abmessungen zu entsprechen.<\/td>\n<\/tr>\n<tr>\n<td width=\"566\">3- Es ist flexibel und passt sich daher der dekorativen Form an.<\/td>\n<\/tr>\n<tr>\n<td width=\"566\">4- Es kann durch andere Massivholzarten oder nur MDF-Platten ersetzt werden. Wenn Sie MDF-Platten verwenden, k\u00f6nnen Sie diese f\u00e4rben oder lackieren, um sie an die Inneneinrichtung anzupassen.<\/td>\n<\/tr>\n<\/tbody>\n<\/table>\n<p>&nbsp;<\/p>\n","protected":false},"excerpt":{"rendered":"<h2>Flexible Holzlatten, halbrunde Massivholzplatten f\u00fcr Innenw\u00e4nde, runde Stangen\/S\u00e4ulen und runde Objekte, Verkleidung und Dekoration<\/h2>\n<p>Verwendung: Abdeckungen f\u00fcr Kellerstangen, Abdeckungen f\u00fcr Kellerpfosten, Verkleidungen f\u00fcr Innens\u00e4ulen, Holzverkleidung, Wand-\/Deckenverkleidung und -dekoration, Verkleidung und Dekoration f\u00fcr Stangen-\/r\u00f6mische S\u00e4ulen<\/p>\n<p>Flexible Holzlamellen, halbrunde Massivholzplatte f\u00fcr Innenverkleidung und Dekoration<\/p>\n<p>Flexible Holzlamellen, halbrunde Massivholzplatte f\u00fcr Wand-\/Deckenverkleidung und Dekoration<\/p>\n<p>Einfache Installation mit normalem Polsterkleber durch Heimwerker.<\/p>\n<p>&nbsp;<\/p>\n<p>&nbsp;<\/p>\n","protected":false},"featured_media":5416,"template":"","meta":[],"product_brand":[],"product_cat":[350,353],"product_tag":[368,424,427,571,677,719,822,851,852],"class_list":{"0":"post-8847","1":"product","2":"type-product","3":"status-publish","4":"has-post-thumbnail","6":"product_cat-pole-column-wall-and-furniture-surface-covers-by-diy","7":"product_cat-flexible-wood-slats-panel-for-interior-wall-ceiling-and-pole-column-covering-and-decoration","8":"product_tag-holzmaterial","9":"product_tag-baumaterial","10":"product_tag-schalttafel","11":"product_tag-innenausstattung","12":"product_tag-holzdekoration","13":"product_tag-wand-decken-mast-saeulenverkleidung","14":"product_tag-polstermaterial","15":"product_tag-innenverkleidung","16":"product_tag-wand-decken-mast-saeulendekoration","18":"first","19":"instock","20":"shipping-taxable","21":"product-type-simple"},"jetpack_sharing_enabled":true,"_links":{"self":[{"href":"https:\/\/carolyoungcorp.com\/de\/wp-json\/wp\/v2\/product\/8847","targetHints":{"allow":["GET"]}}],"collection":[{"href":"https:\/\/carolyoungcorp.com\/de\/wp-json\/wp\/v2\/product"}],"about":[{"href":"https:\/\/carolyoungcorp.com\/de\/wp-json\/wp\/v2\/types\/product"}],"wp:featuredmedia":[{"embeddable":true,"href":"https:\/\/carolyoungcorp.com\/de\/wp-json\/wp\/v2\/media\/5416"}],"wp:attachment":[{"href":"https:\/\/carolyoungcorp.com\/de\/wp-json\/wp\/v2\/media?parent=8847"}],"wp:term":[{"taxonomy":"product_brand","embeddable":true,"href":"https:\/\/carolyoungcorp.com\/de\/wp-json\/wp\/v2\/product_brand?post=8847"},{"taxonomy":"product_cat","embeddable":true,"href":"https:\/\/carolyoungcorp.com\/de\/wp-json\/wp\/v2\/product_cat?post=8847"},{"taxonomy":"product_tag","embeddable":true,"href":"https:\/\/carolyoungcorp.com\/de\/wp-json\/wp\/v2\/product_tag?post=8847"}],"curies":[{"name":"wp","href":"https:\/\/api.w.org\/{rel}","templated":true}]}}