{"id":8837,"date":"2021-07-07T07:47:38","date_gmt":"2021-07-07T07:47:38","guid":{"rendered":"https:\/\/carolyoungcorp.com\/products\/flexible-half-round-solid-wood-panel-for-covering-and-decoration"},"modified":"2025-11-12T09:12:22","modified_gmt":"2025-11-12T09:12:22","slug":"flexible-half-round-solid-wood-panel-for-covering-and-decoration","status":"publish","type":"product","link":"https:\/\/carolyoungcorp.com\/de\/products\/flexible-half-round-solid-wood-panel-for-covering-and-decoration","title":{"rendered":"Flexibles halbrundes Massivholz-Lamellenpaneel zur Wand-\/Mastverkleidung und Dekoration"},"content":{"rendered":"<h2 class=\"entry-title\">Flexible Holzlattenpaneele f\u00fcr gebogene Rezeptionstheken oder Barfronten sowie gebogene Wand- und Stangendekorationen<\/h2>\n<p>Verwendung: Wand-\/Deckenverkleidung und -dekoration, Holzummantelung, Mast-\/Pfostenverkleidung, DIY-Kellermastverkleidung, Mast-\/r\u00f6mische S\u00e4ulenverkleidung und -dekoration<\/p>\n<p>Verwenden Sie flexible Holzlattenplatten f\u00fcr geschwungene Empfangstresen oder Barfronten. Die Dekoration geschwungener W\u00e4nde und Stangen l\u00e4sst sich schneller und einfacher selbst gestalten. Sie k\u00f6nnen auch weitere kostenlose Designs selbst gestalten. Informationen zum Bau einer Barfront finden Sie unten.<\/p>\n<p>Erste- Sie m\u00fcssen die Gr\u00f6\u00dfe der zu verkleidenden Barfront messen.<br \/>\nZweite- Entsprechend der gemessenen Gr\u00f6\u00dfe k\u00f6nnen Sie mit einer feinzahnigen S\u00e4ge zuschneiden oder mit einem Universalmesser der L\u00e4nge nach schneiden.<br \/>\nDritte- Sie k\u00f6nnen die R\u00fcckseite des Bretts bekleben und die halbrunde Holzlattenplatte auf die Vorderseite der Stange kleben.<\/p>\n<p>Fr\u00fcher bestand dieses Produkt aus halbrunden Massivholzstreifen, die einzeln von Hand zusammengef\u00fcgt wurden. Dies ist nicht nur zeitaufwendig, sondern auch teuer. Die langen und d\u00fcnnen Streifen neigen dazu, sich w\u00e4hrend\/nach dem Schneiden oder Fr\u00e4sen zu verdrehen, zu verschieben und zu rutschen. Dies kann zu Problemen hinsichtlich der Ausrichtung, des Abstands und der Parallelit\u00e4t der Streifen f\u00fchren.<\/p>\n<p>Jetzt ist unsere flexible halbrunde Holzlattenplatte in Vollplatten mit den Ma\u00dfen 4\u2019 (Breite) x 8\u2019 (H\u00f6he) erh\u00e4ltlich. Der entscheidende Punkt ist, dass unsere flexible halbrunde Holzlattenplatte in Vollplattenform g\u00fcnstiger ist als das alte Produkt mit den einzelnen Streifen. Sie kann nicht nur f\u00fcr Barfronten verwendet werden, sondern auch f\u00fcr W\u00e4nde, Trennw\u00e4nde, Wandvert\u00e4felungen, Stangen-\/S\u00e4ulenverkleidungen, Schubladenfronten und Rollladent\u00fcren.<br \/>\nBitte beachten Sie unsere halbrunden Holzlattenplatten mit den Code-Nr. CY300-01N und CY300-02N.<\/p>\n<p>Charakter:<\/p>\n<table>\n<tbody>\n<tr>\n<td width=\"566\">1- Einfache Installation mit normalem Polsterkleber durch Heimwerker.<\/td>\n<\/tr>\n<tr>\n<td width=\"566\">2- Breite und H\u00f6he m\u00fcssen m\u00f6glicherweise zugeschnitten werden, um den genauen Abmessungen zu entsprechen.<\/td>\n<\/tr>\n<tr>\n<td width=\"566\">3- Es ist flexibel und passt sich daher genau der dekorativen Form an.<\/td>\n<\/tr>\n<tr>\n<td width=\"566\">4- Es kann durch andere Massivholzarten oder nur MDF-Platten ersetzt werden. Wenn Sie MDF-Platten verwenden, k\u00f6nnen Sie diese f\u00e4rben oder lackieren, um sie an die Inneneinrichtung anzupassen.<\/td>\n<\/tr>\n<\/tbody>\n<\/table>\n<p>&nbsp;<\/p>\n","protected":false},"excerpt":{"rendered":"<p>Verwendung: Wand-\/Deckenverkleidung und -dekoration, Holzummantelung, Mast-\/Pfostenverkleidung, DIY-Kellermastverkleidung, Mast-\/r\u00f6mische S\u00e4ulenverkleidung und -dekoration<\/p>\n<p>Es ist flexibel und passt sich daher genau der dekorativen Form an.<\/p>\n<p>Einfache Installation mit normalem Polsterkleber durch Heimwerker.<\/p>\n","protected":false},"featured_media":5656,"template":"","meta":[],"product_brand":[],"product_cat":[350,353],"product_tag":[362,364,677,718,808,822,840],"class_list":{"0":"post-8837","1":"product","2":"type-product","3":"status-publish","4":"has-post-thumbnail","6":"product_cat-pole-column-wall-and-furniture-surface-covers-by-diy","7":"product_cat-flexible-wood-slats-panel-for-interior-wall-ceiling-and-pole-column-covering-and-decoration","8":"product_tag-innenverkleidung-und-dekoration","9":"product_tag-wandverkleidung-und-dekoration","10":"product_tag-holzdekoration","11":"product_tag-mast-saeulenverkleidung-und-dekoration","12":"product_tag-dekorationsbaumaterial","13":"product_tag-polstermaterial","14":"product_tag-wand-deckenverkleidung","16":"first","17":"instock","18":"shipping-taxable","19":"product-type-simple"},"jetpack_sharing_enabled":true,"_links":{"self":[{"href":"https:\/\/carolyoungcorp.com\/de\/wp-json\/wp\/v2\/product\/8837","targetHints":{"allow":["GET"]}}],"collection":[{"href":"https:\/\/carolyoungcorp.com\/de\/wp-json\/wp\/v2\/product"}],"about":[{"href":"https:\/\/carolyoungcorp.com\/de\/wp-json\/wp\/v2\/types\/product"}],"wp:featuredmedia":[{"embeddable":true,"href":"https:\/\/carolyoungcorp.com\/de\/wp-json\/wp\/v2\/media\/5656"}],"wp:attachment":[{"href":"https:\/\/carolyoungcorp.com\/de\/wp-json\/wp\/v2\/media?parent=8837"}],"wp:term":[{"taxonomy":"product_brand","embeddable":true,"href":"https:\/\/carolyoungcorp.com\/de\/wp-json\/wp\/v2\/product_brand?post=8837"},{"taxonomy":"product_cat","embeddable":true,"href":"https:\/\/carolyoungcorp.com\/de\/wp-json\/wp\/v2\/product_cat?post=8837"},{"taxonomy":"product_tag","embeddable":true,"href":"https:\/\/carolyoungcorp.com\/de\/wp-json\/wp\/v2\/product_tag?post=8837"}],"curies":[{"name":"wp","href":"https:\/\/api.w.org\/{rel}","templated":true}]}}