{"id":8820,"date":"2021-07-07T08:06:03","date_gmt":"2021-07-07T08:06:03","guid":{"rendered":"https:\/\/carolyoungcorp.com\/products\/half-round-solid-wood-panel-with-solid-wood-molding-for-pole-column-covering-and-decoration"},"modified":"2025-11-07T08:28:56","modified_gmt":"2025-11-07T08:28:56","slug":"half-round-solid-wood-panel-with-solid-wood-molding-for-pole-column-covering-and-decoration","status":"publish","type":"product","link":"https:\/\/carolyoungcorp.com\/de\/products\/half-round-solid-wood-panel-with-solid-wood-molding-for-pole-column-covering-and-decoration","title":{"rendered":"Halbrunde Massivholz-Lamellenplatte mit Massivholz-Formteil zur Mast-\/S\u00e4ulenverkleidung und Dekoration"},"content":{"rendered":"<h2>Holzlattenverkleidung und -formteil &#8211; Flexible halbrunde Massivholzlattenverkleidung und -formteil f\u00fcr die Innenverkleidung und Dekoration von Stangen\/S\u00e4ulen<\/h2>\n<p>&nbsp;<\/p>\n<h3>Flexibles, halbrundes Holzlattenpaneel zum Umh\u00fcllen und Abdecken von Stangen oder runden Objekten<\/h3>\n<p>Verwendung: Halbrunde Stangenummantelung, halbrunder Stab f\u00fcr Stangenummantelung, Wandverkleidung, Innendekoration, DIY-Kellerstangen-\/Pfostenverkleidung, S\u00e4ulenverkleidungen f\u00fcr den Innenbereich, Holzverkleidung, gebogene Wand-\/Deckenverkleidung und -dekoration, Stangen-\/r\u00f6mische S\u00e4ulenverkleidung und -dekoration<\/p>\n<table width=\"0\">\n<tbody>\n<tr>\n<td>Produktspezifikationen<\/td>\n<td>Produktbeschreibung<\/td>\n<\/tr>\n<tr>\n<td>Code-Nr.<\/td>\n<td>WOOD 34-58<\/td>\n<\/tr>\n<tr>\n<td>Material<\/td>\n<td>Massives Roteichenholz<\/td>\n<\/tr>\n<tr>\n<td>Gr\u00f6\u00dfe<\/td>\n<td>9 mm x 4 Fu\u00df x 8 Fu\u00df<\/td>\n<\/tr>\n<tr>\n<td>Streifen<\/td>\n<td>19 mm Breite<\/td>\n<\/tr>\n<tr>\n<td>R\u00fcckendeckung<\/td>\n<td>Kraftpapier<\/td>\n<\/tr>\n<\/tbody>\n<\/table>\n<p>Charakter:<\/p>\n<table>\n<tbody>\n<tr>\n<td width=\"566\">1- Einfache Installation mit normalem Polsterkleber durch Heimwerker.<\/td>\n<\/tr>\n<tr>\n<td width=\"566\">2- Breite und H\u00f6he m\u00fcssen m\u00f6glicherweise zugeschnitten werden, um den genauen Abmessungen zu entsprechen.<\/td>\n<\/tr>\n<tr>\n<td width=\"566\">3- Es ist flexibel und passt sich daher der dekorativen Form an.<\/td>\n<\/tr>\n<tr>\n<td width=\"566\">4- Es kann durch andere Massivholzarten oder nur MDF-Platten ersetzt werden. Wenn Sie MDF-Platten verwenden, k\u00f6nnen Sie diese f\u00e4rben oder lackieren, um sie an die Inneneinrichtung anzupassen.<\/td>\n<\/tr>\n<\/tbody>\n<\/table>\n<p>&nbsp;<\/p>\n<p>Massivholzleisten f\u00fcr r\u00f6mische S\u00e4ulen- und Pfostendekoration<\/p>\n<p>Verwendung: R\u00f6mische S\u00e4ulen- und Pfahldekoration<\/p>\n<table width=\"0\">\n<tbody>\n<tr>\n<td>Produktspezifikationen<\/td>\n<td>Produktbeschreibung<\/td>\n<\/tr>\n<tr>\n<td>Code-Nr.<\/td>\n<td>294-00<\/td>\n<\/tr>\n<tr>\n<td>Material<\/td>\n<td>Massive Roteiche<\/td>\n<\/tr>\n<tr>\n<td>Structure<\/td>\n<td>Kappensatz und Basissatz<\/td>\n<\/tr>\n<tr>\n<td>Shape<\/td>\n<td>Achteck in zwei H\u00e4lften (kann auch quadratisch gemacht werden)<\/td>\n<\/tr>\n<tr>\n<td>Height<\/td>\n<td>3\/4 Zoll<\/td>\n<\/tr>\n<tr>\n<td>Gr\u00f6\u00dfe<\/td>\n<td>Kappensatz \u2026 Durchmesser 6 Zoll und 7 Zoll, mit Loch 3-1\/2 Zoll, 4 Zoll oder 4-1\/2 Zoll<br \/>\nund Innenradiusschnitt 1\/2 Zoll<br \/>\nBasissatz\u2026Durchmesser 7 Zoll und 8 Zoll, mit Loch 3-1\/2 Zoll oder 4 Zoll oder 4-1\/2 Zoll und Au\u00dfenradiusschnitt 1\/2 Zoll<\/td>\n<\/tr>\n<\/tbody>\n<\/table>\n<p>Charakter:<\/p>\n<table>\n<tbody>\n<tr>\n<td width=\"566\">1- Die Installation ist mit normalem Kleber ganz einfach und kann selbst durchgef\u00fchrt werden.<\/td>\n<\/tr>\n<tr>\n<td width=\"566\">2- Es passt 100 % zur Dekoration der r\u00f6mischen S\u00e4ule oder Stange.<\/td>\n<\/tr>\n<tr>\n<td width=\"566\">3- Es kann gebeizt oder gestrichen werden, um es an die Inneneinrichtung anzupassen.<\/td>\n<\/tr>\n<tr>\n<td width=\"566\">4- Es kann auch Massivholz anderer Art verwendet werden.<\/td>\n<\/tr>\n<\/tbody>\n<\/table>\n<p>&nbsp;<\/p>\n<p>Schl\u00fcsselw\u00f6rter: Halbrundstab f\u00fcr Stangenwicklung, Halbrundstab f\u00fcr Stangenwicklung, R\u00f6mische S\u00e4ule, Stangendekoration, Innendekoration<\/p>\n","protected":false},"excerpt":{"rendered":"<h2>Flexible halbrunde Holzlattenplatten k\u00f6nnen mit normalem Polsterkleber einfach selbst installiert werden.<\/h2>\n<p>Die Massivholzleisten passen 100 % zur Dekoration r\u00f6mischer S\u00e4ulen oder Pfosten.<\/p>\n<p>Halbrunde Massivholzlattenplatten sind flexibel und passen sich daher gut an dekorative Formen wie gebogene W\u00e4nde, runde Stangen, M\u00f6bel und Polster an und sind leicht selbst zu gestalten.<\/p>\n","protected":false},"featured_media":5441,"template":"","meta":[],"product_brand":[],"product_cat":[540,350],"product_tag":[424,571,677,718,822,3715,3716,3717,3718],"class_list":{"0":"post-8820","1":"product","2":"type-product","3":"status-publish","4":"has-post-thumbnail","6":"product_cat-diy-square-octagon-solid-wood-molding-for-interior-decoration","7":"product_cat-pole-column-wall-and-furniture-surface-covers-by-diy","8":"product_tag-baumaterial","9":"product_tag-innenausstattung","10":"product_tag-holzdekoration","11":"product_tag-mast-saeulenverkleidung-und-dekoration","12":"product_tag-polstermaterial","13":"product_tag-halbrundstab-fuer-stangenwicklung","14":"product_tag-roemische-saeule","15":"product_tag-stangendekoration","16":"product_tag-innendekoration","18":"first","19":"instock","20":"shipping-taxable","21":"product-type-simple"},"jetpack_sharing_enabled":true,"_links":{"self":[{"href":"https:\/\/carolyoungcorp.com\/de\/wp-json\/wp\/v2\/product\/8820","targetHints":{"allow":["GET"]}}],"collection":[{"href":"https:\/\/carolyoungcorp.com\/de\/wp-json\/wp\/v2\/product"}],"about":[{"href":"https:\/\/carolyoungcorp.com\/de\/wp-json\/wp\/v2\/types\/product"}],"wp:featuredmedia":[{"embeddable":true,"href":"https:\/\/carolyoungcorp.com\/de\/wp-json\/wp\/v2\/media\/5441"}],"wp:attachment":[{"href":"https:\/\/carolyoungcorp.com\/de\/wp-json\/wp\/v2\/media?parent=8820"}],"wp:term":[{"taxonomy":"product_brand","embeddable":true,"href":"https:\/\/carolyoungcorp.com\/de\/wp-json\/wp\/v2\/product_brand?post=8820"},{"taxonomy":"product_cat","embeddable":true,"href":"https:\/\/carolyoungcorp.com\/de\/wp-json\/wp\/v2\/product_cat?post=8820"},{"taxonomy":"product_tag","embeddable":true,"href":"https:\/\/carolyoungcorp.com\/de\/wp-json\/wp\/v2\/product_tag?post=8820"}],"curies":[{"name":"wp","href":"https:\/\/api.w.org\/{rel}","templated":true}]}}