{"id":8777,"date":"2022-04-01T06:57:04","date_gmt":"2022-04-01T06:57:04","guid":{"rendered":"https:\/\/carolyoungcorp.com\/products\/red-oak-panel-with-v-grooved-and-paper-backing-for-basement-poles-and-lally-columns-decoration-by-diy"},"modified":"2025-11-10T06:47:43","modified_gmt":"2025-11-10T06:47:43","slug":"red-oak-panel-with-v-grooved-and-paper-backing-for-basement-poles-and-lally-columns-decoration-by-diy","status":"publish","type":"product","link":"https:\/\/carolyoungcorp.com\/de\/products\/red-oak-panel-with-v-grooved-and-paper-backing-for-basement-poles-and-lally-columns-decoration-by-diy","title":{"rendered":"Flexible Holzlattenplatte mit Rot-Eichenfurnier und V-Nut und Papierr\u00fcckseite ist f\u00fcr Kellerstangen und Lally-S\u00e4ulen-Dekoration durch DIY, um r\u00f6mische S\u00e4ulendekoration zu erhalten"},"content":{"rendered":"<h2>Flexible Holzlattenplatte mit Rot-Eichenfurnier und V-Nut und Papierr\u00fcckseite ist f\u00fcr Kellerstangen und Lally-S\u00e4ulen-Dekoration durch DIY, um r\u00f6mische S\u00e4ulendekoration zu erhalten<\/h2>\n<p>Die beste flexible Holzlattenplatte mit V-Nut und Rot-Eichenholzfurnier besteht aus drei Schichten: Oberseite aus ausgew\u00e4hltem Rot-Eichenfurnier, mittlere MDF-Platte und R\u00fcckseite mit Papiertr\u00e4ger. Die V-Nuten oder Riffelungen der oberen beiden Schichten sind auf verbesserte Flexibilit\u00e4t, Rollbarkeit und Haltbarkeit ausgelegt und sind mit ihrem Lattendesign die erste Wahl f\u00fcr Kellerpfostenabdeckungen, Mastummantelungen und r\u00f6mische S\u00e4ulendekorationen zum Selbermachen.<\/p>\n<p>&nbsp;<\/p>\n<table width=\"0\">\n<tbody>\n<tr>\n<td>Produktspezifikationen<\/td>\n<td>Produktbeschreibung<\/td>\n<\/tr>\n<tr>\n<td>Holzfurnierarten<\/td>\n<td>Furnier aus Roteiche<br \/>\n(Alternativ k\u00f6nnen auch Ahorn-, Kirsch- oder andere Holzfurniere verwendet werden, oder auch nur eine MDF-Platte ohne Holzfurnier)<\/td>\n<\/tr>\n<tr>\n<td>Gr\u00f6\u00dfe<\/td>\n<td>4 Fu\u00df x 8 Fu\u00df (1200 mm x 2400 mm)<\/td>\n<\/tr>\n<tr>\n<td>Dicke<\/td>\n<td>3 mm<\/td>\n<\/tr>\n<tr>\n<td>V-gerillt<\/td>\n<td>13 mm Breite (43 mm, 67 mm und andere Breiten sind erh\u00e4ltlich, m\u00fcssen aber speziell bestellt werden)<\/td>\n<\/tr>\n<tr>\n<td>Struktur<\/td>\n<td>Obere Schicht: Holzfurnier, mittlere Schicht: MDF-Platte, untere Schicht: Kraftpapier (oder mit ECO-Harz verst\u00e4rkte Vliesstoffr\u00fcckseite)<\/td>\n<\/tr>\n<tr>\n<td>Verwendung<\/td>\n<td>Verkleidungen f\u00fcr S\u00e4ulen und St\u00fctzen im Innenbereich, Wandpaneele aus Holz, Deckenverkleidungen, M\u00f6beloberfl\u00e4chenbel\u00e4ge, Bodenbel\u00e4ge, Wandvert\u00e4felungen, Dekoration mit r\u00f6mischen S\u00e4ulen, DIY-S\u00e4ulenverkleidungen f\u00fcr den Keller, S\u00e4ulenverkleidungen f\u00fcr den Keller, S\u00e4ulenverkleidungen und -ummantelungen f\u00fcr den Keller<\/td>\n<\/tr>\n<tr>\n<td>Herkunft<\/td>\n<td>Hergestellt in Taiwan<\/td>\n<\/tr>\n<\/tbody>\n<\/table>\n<p>Vorteil:<\/p>\n<table>\n<tbody>\n<tr>\n<td width=\"566\">1- Die Installation ist mit normalem Polsterkleber ganz einfach und kann selbst durchgef\u00fchrt werden.<\/td>\n<\/tr>\n<tr>\n<td width=\"566\">2. Breite und H\u00f6he m\u00fcssen ggf. auf die exakte Gr\u00f6\u00dfe zugeschnitten werden.<br \/>\nDies kann mit einer Feins\u00e4ge oder mit einem Cuttermesser der L\u00e4nge nach\u00a0 \u00a0 \u00a0 \u00a0 \u00a0erfolgen.<\/td>\n<\/tr>\n<tr>\n<td width=\"566\">3- Es ist flexibel und kann daher eng an die dekorative Form angepasst werden.<\/td>\n<\/tr>\n<tr>\n<td width=\"566\">4- Es kann gebeizt, lackiert oder mit Klarlack \u00fcberzogen werden, um es an die Inneneinrichtung anzupassen.<\/td>\n<\/tr>\n<\/tbody>\n<\/table>\n<p>&nbsp;<\/p>\n<p>Das Paneel ist in 2,44 m L\u00e4nge erh\u00e4ltlich und passt auf die meisten Standard-Kellerst\u00fctzen oder Lally-S\u00e4ulen. Die Montage ist mit normalem Kleber ganz einfach. Es besteht aus hochwertigem Material mit nat\u00fcrlicher Holzoberfl\u00e4che f\u00fcr Kellerst\u00fctzen, Lally-S\u00e4ulen und geformte Dekorationen.<\/p>\n<p>So verkleiden Sie verst\u00e4rkte Kellerpfosten oder -s\u00e4ulen mit Holzlattenplatten, insbesondere in Eigenleistung. F\u00fcr Abdeckungen und Umh\u00fcllungen runder Pfosten m\u00fcssen flexible Holzlattenplatten verwendet oder St\u00fcck f\u00fcr St\u00fcck laminierte Holzlatten verwendet werden, um die runde Pfosten oder S\u00e4ule zu verkleiden oder zu umh\u00fcllen. K\u00f6nnen wir die Umh\u00fcllungen oder Abdeckungen f\u00fcr Kellerpfosten oder -s\u00e4ulen schnell und einfach in Eigenleistung herstellen? Ja, wir haben festgestellt, dass die Holzlattenplatten mit V-Nut der Carol Young Corporation daf\u00fcr geeignet sind. Diese Holzlattenplatten mit V-Nut sind flexibel und aufrollbar und lassen sich daher leicht um runde Kellerpfosten oder -s\u00e4ulen verkleiden und umwickeln. Durch das V-Nut- und Lattendesign dieser Holzlattenplatten werden sie flexibel. Diese flexiblen Holzlattenplatten, auch Holzlatten-Rollladenplatten genannt, werden h\u00e4ufig als Wandverkleidungen im Innenbereich oder als Dekoration f\u00fcr Pfostenumh\u00fcllungen verwendet. Als Holzfurnier kommen Roteiche, Ahorn, Kirsche oder andere Holzarten in Frage, aber Roteichenfurnier ist am beliebtesten.<\/p>\n<p>Die Installation ist einfach:<\/p>\n<p>Schneiden Sie zun\u00e4chst die L\u00e4nge mit einer Feinzahns\u00e4ge oder einer Gehrungslade und die Breite mit einem Cuttermesser zu. Kleben Sie anschlie\u00dfend die V-Nut-Platte mit Konstruktionskleber an die Stange. Anschlie\u00dfend k\u00f6nnen Sie das optionale Cap &amp; Base-Set aus Massivholz ankleben oder mit Ziern\u00e4geln befestigen, um den letzten Schliff zu erzielen. Zum Schluss versiegeln, beizen oder lackieren Sie die Platte passend zur Inneneinrichtung.<\/p>\n<p>Wir liefern auch Massivholzleisten passend zur S\u00e4ule mit Durchmessern von 6&#8243;, 7&#8243; und 8&#8243; mit Bohrungen von 3-1\/2&#8243;, 4&#8243; und 4-1\/2&#8243;.<\/p>\n<p>(Kunden in den USA wenden sich bitte direkt an unseren Vertreter \u2013 POLE-WRAP, INC.)<\/p>\n<p>***Suche nach Vertretern und Vertriebspartnern (au\u00dfer in den USA)***<\/p>\n<p>Schl\u00fcsselw\u00f6rter: Selbstgemachte Kellerpfostenabdeckungen, flexible Holzplatten f\u00fcr Pfostenverkleidungen, flexible Holzpaneele, Pfostenverkleidungen, Pfostendekoration, Kellerpfostenverkleidung, Dekoration f\u00fcr r\u00f6mische S\u00e4ulen, Kellerpfostenverkleidung, DIY<\/p>\n<p>&nbsp;<\/p>\n","protected":false},"excerpt":{"rendered":"<h2>Roteichenholzplatte mit V-Nut und Papierr\u00fcckseite f\u00fcr runde Kellerstangen und Lally-S\u00e4ulen-Dekoration zum Selbermachen<\/h2>\n<p>Pfostenabdeckungen, Holzpaneele, Holzpaneele f\u00fcr den Innenbereich, Baumaterial, Mastdekoration, Holzbaumaterial, r\u00f6mische S\u00e4ulendekoration, Kellerpfosten-\/Mastabdeckung, Innendekoration, Holzdekoration f\u00fcr den Innenbereich, Wandverkleidung<\/p>\n<p>Die Montage ist mit normalem Kleber ganz einfach.<\/p>\n<p>Es handelt sich um hochwertiges Material mit nat\u00fcrlicher Holzoberfl\u00e4che an Kellerst\u00fctzen, S\u00e4ulen und Formdekorationen.<\/p>\n<p>&nbsp;<\/p>\n","protected":false},"featured_media":5451,"template":"","meta":[],"product_brand":[],"product_cat":[350,353,540],"product_tag":[3806,3807,3808,3809,3810,3811,3812,3813],"class_list":{"0":"post-8777","1":"product","2":"type-product","3":"status-publish","4":"has-post-thumbnail","6":"product_cat-pole-column-wall-and-furniture-surface-covers-by-diy","7":"product_cat-flexible-wood-slats-panel-for-interior-wall-ceiling-and-pole-column-covering-and-decoration","8":"product_cat-diy-square-octagon-solid-wood-molding-for-interior-decoration","9":"product_tag-selbstgemachte-kellerpfostenabdeckungen","10":"product_tag-flexible-holzplatten-fuer-pfostenverkleidungen","11":"product_tag-flexible-holzpaneele","12":"product_tag-pfostenverkleidungen","13":"product_tag-pfostendekoration","14":"product_tag-kellerpfostenverkleidung","15":"product_tag-dekoration-fuer-roemische-saeulen","16":"product_tag-diy-de","18":"first","19":"instock","20":"shipping-taxable","21":"product-type-simple"},"jetpack_sharing_enabled":true,"_links":{"self":[{"href":"https:\/\/carolyoungcorp.com\/de\/wp-json\/wp\/v2\/product\/8777","targetHints":{"allow":["GET"]}}],"collection":[{"href":"https:\/\/carolyoungcorp.com\/de\/wp-json\/wp\/v2\/product"}],"about":[{"href":"https:\/\/carolyoungcorp.com\/de\/wp-json\/wp\/v2\/types\/product"}],"wp:featuredmedia":[{"embeddable":true,"href":"https:\/\/carolyoungcorp.com\/de\/wp-json\/wp\/v2\/media\/5451"}],"wp:attachment":[{"href":"https:\/\/carolyoungcorp.com\/de\/wp-json\/wp\/v2\/media?parent=8777"}],"wp:term":[{"taxonomy":"product_brand","embeddable":true,"href":"https:\/\/carolyoungcorp.com\/de\/wp-json\/wp\/v2\/product_brand?post=8777"},{"taxonomy":"product_cat","embeddable":true,"href":"https:\/\/carolyoungcorp.com\/de\/wp-json\/wp\/v2\/product_cat?post=8777"},{"taxonomy":"product_tag","embeddable":true,"href":"https:\/\/carolyoungcorp.com\/de\/wp-json\/wp\/v2\/product_tag?post=8777"}],"curies":[{"name":"wp","href":"https:\/\/api.w.org\/{rel}","templated":true}]}}