{"id":8759,"date":"2022-04-01T07:20:28","date_gmt":"2022-04-01T07:20:28","guid":{"rendered":"https:\/\/carolyoungcorp.com\/products\/shelving-stand-can-be-installed-on-poles-and-columns-for-multi-purpose-usages"},"modified":"2025-11-12T03:40:23","modified_gmt":"2025-11-12T03:40:23","slug":"shelving-stand-can-be-installed-on-poles-and-columns-for-multi-purpose-usages","status":"publish","type":"product","link":"https:\/\/carolyoungcorp.com\/de\/products\/shelving-stand-can-be-installed-on-poles-and-columns-for-multi-purpose-usages","title":{"rendered":"Regalst\u00e4nder k\u00f6nnen f\u00fcr Mehrzweckanwendungen an Stangen und S\u00e4ulen montiert werden"},"content":{"rendered":"<figure id=\"attachment_890\" aria-describedby=\"caption-attachment-890\" style=\"width: 238px\" class=\"wp-caption alignnone\"><img data-recalc-dims=\"1\" fetchpriority=\"high\" decoding=\"async\" class=\"size-medium wp-image-890\" src=\"https:\/\/i0.wp.com\/carolyoungcorp.com\/wp-content\/uploads\/2020\/05\/news-e1591847943432-238x300.jpg?resize=238%2C300&#038;quality=100&#038;ssl=1\" alt=\"interior column wraps, pole coverings, wood column wraps, wood wrap, interior wood paneling, timber panel, wall panel, wood panel, panel wood, wood panel wall for wall and pole decoration, Column covering, Pole Covering. wood shelf on pole\" width=\"238\" height=\"300\" \/><figcaption id=\"caption-attachment-890\" class=\"wp-caption-text\">Flexibles Paneelbrett kombiniert mit Holzregal f\u00fcr vielseitige Nutzung<\/figcaption><\/figure>\n<h2>Regalst\u00e4nder, der f\u00fcr mehrere Zwecke an Stangen und S\u00e4ulen montiert werden kann. Regalst\u00e4nder aus Holzstangen zur Verst\u00e4rkung des Regals an Stangen, der so konzipiert ist, dass er die in Ihrem Zuhause bereits vorhandenen Stangen und S\u00e4ulen optimal nutzt.<\/h2>\n<p>Mit diesem vielseitigen Regal k\u00f6nnen Sie m\u00fchelos zus\u00e4tzlichen Stauraum oder Ausstellungsfl\u00e4che f\u00fcr eine Vielzahl von Zwecken schaffen, darunter zum Abstellen von Getr\u00e4nken, Tassen, Geschirr oder sogar Topfpflanzen. Verwendungsm\u00f6glichkeiten, zum Beispiel zum Abstellen von Getr\u00e4nken, Tassen, Geschirr, Topfpflanzen und einer Vielzahl von Dekorationen oder Haushaltsgegenst\u00e4nden.<\/p>\n<p>Wo befindet sich das Regal? \u2013 Abdeckungen f\u00fcr Kellers\u00e4ulen\/-pfosten\/-pfosten, Holzs\u00e4ulenverkleidungen<br \/>\nMaterial des Regals: Aus Massivholz<br \/>\nMontage: Einfache Selbstmontage, insbesondere f\u00fcr bereits vorhandene Pfosten und S\u00e4ulen in Ihrem Zuhause.<\/p>\n<p>VERWENDUNG: R\u00f6mische S\u00e4ulen- und Stangendekoration und Schaffung von zus\u00e4tzlichem Stauraum oder Ausstellungsraum f\u00fcr eine Vielzahl von Zwecken, einschlie\u00dflich der Platzierung von Getr\u00e4nken, Tassen, Geschirr oder sogar Topfpflanzen.<\/p>\n<table width=\"0\">\n<tbody>\n<tr>\n<td>Produktspezifikationen<\/td>\n<td>Produktbeschreibung<\/td>\n<\/tr>\n<tr>\n<td>Code-Nr.<\/td>\n<td>294-13 + 294-14<\/td>\n<\/tr>\n<tr>\n<td>MATERIAL<\/td>\n<td>Massive Roteiche<\/td>\n<\/tr>\n<tr>\n<td>STRUKTUR<\/td>\n<td>oben \u2013 Platte, unten \u2013 St\u00fctze<\/td>\n<\/tr>\n<tr>\n<td>GR\u00d6SSE<\/td>\n<td>Platte \u2013 zwei H\u00e4lften, Durchmesser 17,5 mm, Innenradius 1,27 mm, Bohrung 8,5 mm, 10,27 mm<\/p>\n<p>St\u00fctze \u2013 Breite 10,27 mm, L\u00e4nge 20,27 mm, Dicke 20 mm, Au\u00dfenradius 9,5 mm, Bohrung 10 mm<\/td>\n<\/tr>\n<\/tbody>\n<\/table>\n<p>ZEICHEN:<\/p>\n<table>\n<tbody>\n<tr>\n<td width=\"566\">1) Es kann f\u00fcr verschiedene Zwecke an Stangen und S\u00e4ulen angebracht werden, z. B. zum Abstellen von Getr\u00e4nken, Tassen, Tellern und Topfpflanzen usw.<\/td>\n<\/tr>\n<tr>\n<td width=\"566\">2) Es passt 100 % zum Dekorieren der r\u00f6mischen S\u00e4ule und des Pfostens.<\/td>\n<\/tr>\n<tr>\n<td width=\"566\">3) Es kann gebeizt oder gestrichen werden, um es an die Inneneinrichtung anzupassen.<\/td>\n<\/tr>\n<tr>\n<td width=\"566\">4) ES KANN ANDERE ART MASSIVHOLZ VERWENDET WERDEN.<\/td>\n<\/tr>\n<tr>\n<td width=\"566\">5) Es ist praktisch und sch\u00f6n f\u00fcr die Polsterung im Innenbereich.<\/td>\n<\/tr>\n<tr>\n<td width=\"566\">6) Die Installation ist mit normalem Kleber einfach selbst durchzuf\u00fchren.<\/td>\n<\/tr>\n<\/tbody>\n<\/table>\n<p>&nbsp;<\/p>\n<p>(Kunden in den Vereinigten Staaten wenden sich bitte direkt an unseren Vertreter \u2013 POLE-WRAP, INC.)<\/p>\n<p>***Suche nach Vertretern und Vertriebsh\u00e4ndlern (au\u00dfer in den USA)***<\/p>\n<p>Schl\u00fcsselw\u00f6rter: Kellers\u00e4ulenabdeckungen, Kellers\u00e4ule, Stangenabdeckungen, Holzregal auf Stange, DIY<\/p>\n","protected":false},"excerpt":{"rendered":"<p>Die Installation ist mit normalem Kleber einfach selbst durchzuf\u00fchren.<\/p>\n<p>Regalst\u00e4nder, der an Stangen und S\u00e4ulen montiert werden kann und vielseitig eingesetzt werden kann, beispielsweise zum Abstellen von Getr\u00e4nken, Tassen, Geschirr, Topfpflanzen und verschiedenen Dekorations- oder Haushaltsgegenst\u00e4nden.<\/p>\n<p>Es ist f\u00fcr Kellers\u00e4ulen-\/Mast-\/Pfostenabdeckungen und Holzs\u00e4ulenverkleidungen vorgesehen.<\/p>\n<p>Es kann gebeizt oder gestrichen werden, um es an die Inneneinrichtung anzupassen.<\/p>\n<p>Es ist praktisch und sch\u00f6n f\u00fcr die Polsterung im Innenbereich.<\/p>\n","protected":false},"featured_media":5291,"template":"","meta":[],"product_brand":[],"product_cat":[536,543],"product_tag":[573,677,768,769,770,771,772],"class_list":{"0":"post-8759","1":"product","2":"type-product","3":"status-publish","4":"has-post-thumbnail","6":"product_cat-multipurpose-solid-wood-shelf-on-pole-installed-by-diy","7":"product_cat-solid-wood-shelf-for-pole-roman-column-decoration","8":"product_tag-mast-pfosten-saeulenummantelung","9":"product_tag-holzdekoration","10":"product_tag-innendekoration-aus-holz","11":"product_tag-mast-saeulendekoration","12":"product_tag-mast-pfosten-saeulenabdeckung","13":"product_tag-holzprodukt","14":"product_tag-holz-diy-regal","16":"first","17":"instock","18":"shipping-taxable","19":"product-type-simple"},"jetpack_sharing_enabled":true,"_links":{"self":[{"href":"https:\/\/carolyoungcorp.com\/de\/wp-json\/wp\/v2\/product\/8759","targetHints":{"allow":["GET"]}}],"collection":[{"href":"https:\/\/carolyoungcorp.com\/de\/wp-json\/wp\/v2\/product"}],"about":[{"href":"https:\/\/carolyoungcorp.com\/de\/wp-json\/wp\/v2\/types\/product"}],"wp:featuredmedia":[{"embeddable":true,"href":"https:\/\/carolyoungcorp.com\/de\/wp-json\/wp\/v2\/media\/5291"}],"wp:attachment":[{"href":"https:\/\/carolyoungcorp.com\/de\/wp-json\/wp\/v2\/media?parent=8759"}],"wp:term":[{"taxonomy":"product_brand","embeddable":true,"href":"https:\/\/carolyoungcorp.com\/de\/wp-json\/wp\/v2\/product_brand?post=8759"},{"taxonomy":"product_cat","embeddable":true,"href":"https:\/\/carolyoungcorp.com\/de\/wp-json\/wp\/v2\/product_cat?post=8759"},{"taxonomy":"product_tag","embeddable":true,"href":"https:\/\/carolyoungcorp.com\/de\/wp-json\/wp\/v2\/product_tag?post=8759"}],"curies":[{"name":"wp","href":"https:\/\/api.w.org\/{rel}","templated":true}]}}