{"id":8732,"date":"2022-09-12T08:34:18","date_gmt":"2022-09-12T08:34:18","guid":{"rendered":"https:\/\/carolyoungcorp.com\/products\/flexible-half-round-mdf-panel-board-for-interior-cover-and-decoration"},"modified":"2025-11-07T07:38:38","modified_gmt":"2025-11-07T07:38:38","slug":"flexible-half-round-mdf-panel-board-for-interior-cover-and-decoration","status":"publish","type":"product","link":"https:\/\/carolyoungcorp.com\/de\/products\/flexible-half-round-mdf-panel-board-for-interior-cover-and-decoration","title":{"rendered":"Halbrunde, umweltfreundliche MDF-Holzlattenplatte f\u00fcr Wandverkleidungen, Mast- oder S\u00e4ulenverkleidungen und Innendekoration"},"content":{"rendered":"<h2>Halbrunde, umweltfreundliche MDF-Holzlattenplatte f\u00fcr Wandverkleidungen, Mast- oder S\u00e4ulenverkleidungen und Innendekoration<\/h2>\n<p>Unsere bestehenden flexiblen halbrunden MDF-Holzlattenplatten sind mit einer verst\u00e4rkten Kraftpapierr\u00fcckseite ausgestattet (Code-Nr. CY300-01). Jetzt haben wir eine weitere neue flexible halbrunde MDF-Holzlattenplatte mit einer mit \u00d6ko-Harz verst\u00e4rkten Vliesstoffr\u00fcckseite (Code-Nr. CY300-01N). Der Vorteil besteht darin, dass der Vliesstoff elastischer, fester und nicht so steif wie Papier ist. Flexible Holzlattenplatten mit Vliesstoffr\u00fcckseite lassen sich beim Bau leichter biegen und eignen sich leichter f\u00fcr die Befestigung von Dekorationsobjekten jeder Form.<\/p>\n<p>Dar\u00fcber hinaus neigen flexible Holzlattenplatten mit Vliesr\u00fccken nicht so leicht zum Rei\u00dfen wie solche mit Papierr\u00fccken.<\/p>\n<p>Daher ist es praktischer, beim Bau flexible Holzlattenplatten mit Vliesr\u00fccken zu w\u00e4hlen.<\/p>\n<p>Dar\u00fcber hinaus verf\u00fcgt der von uns verwendete Vliesstoff (Vliesstoff aus Polyester\/Nylon mit synthetischem Latexharz) \u00fcber die Zulassung nach STANDARD\u00a0100 by OEKO-TEX\u00ae.<\/p>\n<p>Die Ergebnisse der Pr\u00fcfung nach STANDARD 100 by OEKO-TEX\u00ae, Anhang 4 Produktklasse I haben ergeben, dass die oben genannten Waren die human\u00f6kologischen Anforderungen des STANDARD 100 by OEKO-TEX\u00ae erf\u00fcllen, wie sie derzeit im Anhang 4 f\u00fcr Babyartikel festgelegt sind.<\/p>\n<p>Es handelt sich also um eine Holzlattenplatte, die bedenkenlos zur Inneneinrichtung von H\u00e4usern verwendet werden kann.<\/p>\n<p>Verwendung: Wand-\/Deckenverkleidung und -dekoration, Pfosten-\/Mast-\/S\u00e4ulenverkleidung und -dekoration, Mast-\/Pfosten-\/S\u00e4ulenverkleidung, Holzverkleidung, Holzpaneel, Erneuerung von M\u00f6beloberfl\u00e4chen, Wandpaneel, Holzpaneel im Innenbereich und M\u00f6belverkleidung und -dekoration wie z.\u00a0B. Wandschr\u00e4nke, Vitrinen, B\u00fccherregale, Schr\u00e4nke und Garderoben.<\/p>\n<table width=\"0\">\n<tbody>\n<tr>\n<td>Produktspezifikationen<\/td>\n<td>Produktbeschreibung<\/td>\n<\/tr>\n<tr>\n<td>Code-Nr.<\/td>\n<td>CY300-01N<\/td>\n<\/tr>\n<tr>\n<td>Gr\u00f6\u00dfe<\/td>\n<td>6 mm x 4 Fu\u00df x 8 Fu\u00df (6 mm x 1200 mm x 2400 mm)<\/td>\n<\/tr>\n<tr>\n<td>Holzstreifen<\/td>\n<td>18 mm Breite<\/td>\n<\/tr>\n<tr>\n<td>Material<\/td>\n<td>MDF-Platte<\/td>\n<\/tr>\n<tr>\n<td>R\u00fcckendeckung<\/td>\n<td>Mit ECO-Harz verst\u00e4rkte Vliesstoffr\u00fcckseite<\/td>\n<\/tr>\n<\/tbody>\n<\/table>\n<p>Charakter:<\/p>\n<table>\n<tbody>\n<tr>\n<td width=\"566\">1- Die Installation ist mit normalem Polsterkleber ganz einfach und kann selbst durchgef\u00fchrt werden.<\/td>\n<\/tr>\n<tr>\n<td width=\"566\">2- Die Breite und H\u00f6he m\u00fcssen m\u00f6glicherweise zugeschnitten werden, um den genauen Abmessungen zu entsprechen.<\/p>\n<p>Es kann mit einer feinzahnigen S\u00e4ge zugeschnitten oder der L\u00e4nge nach mit einem Universalmesser geschnitten werden.<\/td>\n<\/tr>\n<tr>\n<td width=\"566\">3- Es ist flexibel und kann daher eng an die dekorative Form angepasst werden.<\/td>\n<\/tr>\n<tr>\n<td width=\"566\">4- Es kann gebeizt, lackiert oder mit Klarlack \u00fcberzogen werden, um es an die Inneneinrichtung anzupassen.<\/td>\n<\/tr>\n<\/tbody>\n<\/table>\n<p>&nbsp;<\/p>\n<p>***Suche nach Vertretern und Vertriebsh\u00e4ndlern (au\u00dfer in den USA)***<\/p>\n<p>&nbsp;<\/p>\n","protected":false},"excerpt":{"rendered":"<p>Flexible halbrunde MDF-Holzlattenplatten dienen zur Innenverkleidung und Dekoration.<\/p>\n<p>Es kann f\u00fcr Wand- und Deckenverkleidungen sowie Dekorationen verwendet werden. Es ist als Holzpaneel, Holzverkleidung, MDF-Wandpaneel und Innenwandpaneel einsetzbar. Es kann auch f\u00fcr die Verkleidung, Abdeckung und Dekoration von Masten\/Pfosten\/S\u00e4ulen verwendet werden. Es eignet sich f\u00fcr die Veredelung von M\u00f6beln wie Schr\u00e4nken, Vitrinen, B\u00fccherregalen, Schr\u00e4nken und Garderoben.<\/p>\n<p>Flexible halbrunde MDF-Holzlattenplatten sind das geeignete Produkt f\u00fcr Holzpaneele im Innenbereich, Wandpaneele, Holzverkleidungen und Kellerpfosten-\/Mast-\/S\u00e4ulenverkleidungen und -verkleidungen zum Selbermachen.<\/p>\n<p>&nbsp;<\/p>\n","protected":false},"featured_media":5481,"template":"","meta":[],"product_brand":[],"product_cat":[548,350,351,352,353],"product_tag":[365,430,524,571,572,573,611,717,718,719],"class_list":{"0":"post-8732","1":"product","2":"type-product","3":"status-publish","4":"has-post-thumbnail","6":"product_cat-flexible-mdf-wood-slats-panels-for-diy-interior-pole-decoration","7":"product_cat-pole-column-wall-and-furniture-surface-covers-by-diy","8":"product_cat-flexible-wood-slats-panel-for-furniture-finishing","9":"product_cat-flexible-wood-slats-panel-for-furniture-decoration-wall-cover-and-pole-column-wrap-by-diy","10":"product_cat-flexible-wood-slats-panel-for-interior-wall-ceiling-and-pole-column-covering-and-decoration","11":"product_tag-wandpaneel","12":"product_tag-holzplatte","13":"product_tag-holzummantelung","14":"product_tag-innenausstattung","15":"product_tag-innenwandpaneel","16":"product_tag-mast-pfosten-saeulenummantelung","17":"product_tag-diy-material-de","18":"product_tag-kellerpfosten-mast-saeulenabdeckung","19":"product_tag-mast-saeulenverkleidung-und-dekoration","20":"product_tag-wand-decken-mast-saeulenverkleidung","22":"first","23":"instock","24":"shipping-taxable","25":"product-type-simple"},"jetpack_sharing_enabled":true,"_links":{"self":[{"href":"https:\/\/carolyoungcorp.com\/de\/wp-json\/wp\/v2\/product\/8732","targetHints":{"allow":["GET"]}}],"collection":[{"href":"https:\/\/carolyoungcorp.com\/de\/wp-json\/wp\/v2\/product"}],"about":[{"href":"https:\/\/carolyoungcorp.com\/de\/wp-json\/wp\/v2\/types\/product"}],"wp:featuredmedia":[{"embeddable":true,"href":"https:\/\/carolyoungcorp.com\/de\/wp-json\/wp\/v2\/media\/5481"}],"wp:attachment":[{"href":"https:\/\/carolyoungcorp.com\/de\/wp-json\/wp\/v2\/media?parent=8732"}],"wp:term":[{"taxonomy":"product_brand","embeddable":true,"href":"https:\/\/carolyoungcorp.com\/de\/wp-json\/wp\/v2\/product_brand?post=8732"},{"taxonomy":"product_cat","embeddable":true,"href":"https:\/\/carolyoungcorp.com\/de\/wp-json\/wp\/v2\/product_cat?post=8732"},{"taxonomy":"product_tag","embeddable":true,"href":"https:\/\/carolyoungcorp.com\/de\/wp-json\/wp\/v2\/product_tag?post=8732"}],"curies":[{"name":"wp","href":"https:\/\/api.w.org\/{rel}","templated":true}]}}