{"id":8710,"date":"2022-11-08T03:52:41","date_gmt":"2022-11-08T03:52:41","guid":{"rendered":"https:\/\/carolyoungcorp.com\/products\/flexible-half-round-solid-red-oak-panel-board-for-wall-covering-and-partition"},"modified":"2025-11-10T07:46:16","modified_gmt":"2025-11-10T07:46:16","slug":"flexible-half-round-solid-red-oak-panel-board-for-wall-covering-and-partition","status":"publish","type":"product","link":"https:\/\/carolyoungcorp.com\/de\/products\/flexible-half-round-solid-red-oak-panel-board-for-wall-covering-and-partition","title":{"rendered":"Flexibles, halbrundes Lamellenpaneel aus massiver Rot-Eiche f\u00fcr Wandverkleidungen und Trennw\u00e4nde"},"content":{"rendered":"<h2>Flexibles, halbrundes Lamellenpaneel aus massiver Rot-Eiche f\u00fcr Wandverkleidungen und Trennw\u00e4nde<\/h2>\n<p>Verwendung: Wand-\/Deckenverkleidung und -dekoration, Trennwand, Pfosten-\/Mast-\/S\u00e4ulenverkleidung und -dekoration, Mast-\/Pfosten-\/S\u00e4ulenverkleidung, Holzverkleidung, Wandpaneel, Holzpaneel f\u00fcr den Innenbereich, M\u00f6belveredelung<\/p>\n<table width=\"0\">\n<tbody>\n<tr>\n<td>Produktspezifikationen<\/td>\n<td>Produktbeschreibung<\/td>\n<\/tr>\n<tr>\n<td>Code-Nr.<\/td>\n<td>CY300-02<\/td>\n<\/tr>\n<tr>\n<td>Gr\u00f6\u00dfe<\/td>\n<td>4 Fu\u00df x 8 Fu\u00df (120 cm x 240 cm)<\/td>\n<\/tr>\n<tr>\n<td>H\u00f6he<\/td>\n<td>6 mm<\/td>\n<\/tr>\n<tr>\n<td>Streifen<\/td>\n<td>18 mm Breite<\/td>\n<\/tr>\n<tr>\n<td>Material<\/td>\n<td>Massive Roteiche<\/td>\n<\/tr>\n<tr>\n<td>R\u00fcckendeckung<\/td>\n<td>verst\u00e4rktes Kraftpapier<\/td>\n<\/tr>\n<\/tbody>\n<\/table>\n<p>Charakter:<\/p>\n<table>\n<tbody>\n<tr>\n<td width=\"566\">1- Die Installation ist mit normalem Polsterkleber ganz einfach und kann selbst durchgef\u00fchrt werden.<\/td>\n<\/tr>\n<tr>\n<td width=\"566\">2- Die Breite und H\u00f6he m\u00fcssen m\u00f6glicherweise zugeschnitten werden, um den genauen Abmessungen zu entsprechen.<\/p>\n<p>Es kann mit einer feinzahnigen S\u00e4ge zugeschnitten oder der L\u00e4nge nach mit einem Universalmesser geschnitten werden.<\/td>\n<\/tr>\n<tr>\n<td width=\"566\">3- Es ist flexibel und kann daher eng an die dekorative Form angepasst werden.<\/td>\n<\/tr>\n<tr>\n<td width=\"566\">4- Es kann gebeizt, lackiert oder mit einem Klarlack versehen werden, um es an die Innendekoration anzupassen.<\/td>\n<\/tr>\n<\/tbody>\n<\/table>\n<p>&nbsp;<\/p>\n<p>Es kann f\u00fcr Wand- und Deckenverkleidungen sowie Dekorationen verwendet werden. Es ist als Holzpaneel, Holzverkleidung, Wandpaneel und Innenwandpaneel einsetzbar. Es kann auch f\u00fcr die Verkleidung, Abdeckung und Dekoration von Masten, Pfosten und S\u00e4ulen verwendet werden. Es eignet sich f\u00fcr die Veredelung von M\u00f6beln wie Schr\u00e4nken, Vitrinen, B\u00fccherregalen, Schr\u00e4nken und Garderoben.<\/p>\n<p>Es kann f\u00fcr Trennw\u00e4nde, W\u00e4nde, Decken, Wandvert\u00e4felungen, Stangenverkleidungen, Barfronten, Schubladenfronten und Rollt\u00fcren verwendet werden.<\/p>\n<p>Die Montage ist mit normalem Klebstoff f\u00fcr Innenpolsterungen einfach und selbst durchzuf\u00fchren. Dank seiner Flexibilit\u00e4t passt es sich der dekorativen Form an. Es kann gebeizt oder lackiert werden, um zur Inneneinrichtung zu passen.<\/p>\n<p>Bei der Innendekoration wird mit der flexiblen halbrunden Paneelplatte aus Rot-Eiche ein dreidimensionaler 3D-Effekt erzielt.<\/p>\n","protected":false},"excerpt":{"rendered":"[caption id=\"attachment_1390\" align=\"alignnone\" width=\"225\"]<img fetchpriority=\"high\" decoding=\"async\" class=\"size-medium wp-image-1390\" src=\"https:\/\/carolyoungcorp.com\/wp-content\/uploads\/2022\/11\/CY300_02_06-1000x1333-1-e1667875879627-225x300.jpg\" alt=\"for wall\/ceiling\/partition covering and decoration\" width=\"225\" height=\"300\" \/> flexible halbrunde Holzplatte aus Rot-Eiche[\/caption]\n<p>Die Anbringung ist mit normalem Polsterkleber ganz einfach und kann von Heimwerkern durchgef\u00fchrt werden.<\/p>\n<p>Es ist flexibel und passt sich daher der dekorativen Form an.<\/p>\n<p>Es kann f\u00fcr Trennw\u00e4nde, Wand-\/Deckenverkleidungen und Dekorationen verwendet werden. Es ist als Holzpaneel, Holzverkleidung, Wandpaneel und Innenwandpaneel einsetzbar. Es kann auch f\u00fcr die Verkleidung, Abdeckung und Dekoration von Pfosten\/Pfosten\/S\u00e4ulen verwendet werden. Es kann f\u00fcr die Veredelung von M\u00f6beln wie Schr\u00e4nken, Vitrinen, B\u00fccherregalen, Schr\u00e4nken und Garderoben verwendet werden.<\/p>\n<p>Es kann an W\u00e4nden, Decken, Wandvert\u00e4felungen, Stangenverkleidungen, Barfronten, Schubladenfronten und Rollt\u00fcren verwendet werden.<\/p>\n","protected":false},"featured_media":5526,"template":"","meta":[],"product_brand":[],"product_cat":[350,353,352,351],"product_tag":[430,677,676,675,611,573,524,429,424,365,362],"class_list":{"0":"post-8710","1":"product","2":"type-product","3":"status-publish","4":"has-post-thumbnail","6":"product_cat-pole-column-wall-and-furniture-surface-covers-by-diy","7":"product_cat-flexible-wood-slats-panel-for-interior-wall-ceiling-and-pole-column-covering-and-decoration","8":"product_cat-flexible-wood-slats-panel-for-furniture-decoration-wall-cover-and-pole-column-wrap-by-diy","9":"product_cat-flexible-wood-slats-panel-for-furniture-finishing","10":"product_tag-holzplatte","11":"product_tag-holzdekoration","12":"product_tag-holzverkleidung","13":"product_tag-decke","14":"product_tag-diy-material-de","15":"product_tag-mast-pfosten-saeulenummantelung","16":"product_tag-holzummantelung","17":"product_tag-holzabdeckung","18":"product_tag-baumaterial","19":"product_tag-wandpaneel","20":"product_tag-innenverkleidung-und-dekoration","22":"first","23":"instock","24":"shipping-taxable","25":"product-type-simple"},"jetpack_sharing_enabled":true,"_links":{"self":[{"href":"https:\/\/carolyoungcorp.com\/de\/wp-json\/wp\/v2\/product\/8710","targetHints":{"allow":["GET"]}}],"collection":[{"href":"https:\/\/carolyoungcorp.com\/de\/wp-json\/wp\/v2\/product"}],"about":[{"href":"https:\/\/carolyoungcorp.com\/de\/wp-json\/wp\/v2\/types\/product"}],"wp:featuredmedia":[{"embeddable":true,"href":"https:\/\/carolyoungcorp.com\/de\/wp-json\/wp\/v2\/media\/5526"}],"wp:attachment":[{"href":"https:\/\/carolyoungcorp.com\/de\/wp-json\/wp\/v2\/media?parent=8710"}],"wp:term":[{"taxonomy":"product_brand","embeddable":true,"href":"https:\/\/carolyoungcorp.com\/de\/wp-json\/wp\/v2\/product_brand?post=8710"},{"taxonomy":"product_cat","embeddable":true,"href":"https:\/\/carolyoungcorp.com\/de\/wp-json\/wp\/v2\/product_cat?post=8710"},{"taxonomy":"product_tag","embeddable":true,"href":"https:\/\/carolyoungcorp.com\/de\/wp-json\/wp\/v2\/product_tag?post=8710"}],"curies":[{"name":"wp","href":"https:\/\/api.w.org\/{rel}","templated":true}]}}