{"id":8697,"date":"2023-06-19T10:38:05","date_gmt":"2023-06-19T10:38:05","guid":{"rendered":"https:\/\/carolyoungcorp.com\/products\/the-usages-and-advantages-of-the-flexible-wood-panel-board-with-v-grooved-as-compared-to-normal-rigid-wood-boards-and-wood-slats"},"modified":"2025-11-07T09:32:14","modified_gmt":"2025-11-07T09:32:14","slug":"the-usages-and-advantages-of-the-flexible-wood-panel-board-with-v-grooved-as-compared-to-normal-rigid-wood-boards-and-wood-slats","status":"publish","type":"product","link":"https:\/\/carolyoungcorp.com\/de\/products\/the-usages-and-advantages-of-the-flexible-wood-panel-board-with-v-grooved-as-compared-to-normal-rigid-wood-boards-and-wood-slats","title":{"rendered":"Verwendung und Vorteile der flexiblen Holzlattenplatte mit V-Nut im Vergleich zu normalen starren Holzplatten und einzelnen Holzlatten"},"content":{"rendered":"<figure id=\"attachment_1225\" aria-describedby=\"caption-attachment-1225\" style=\"width: 225px\" class=\"wp-caption alignnone\"><img data-recalc-dims=\"1\" fetchpriority=\"high\" decoding=\"async\" class=\"size-medium wp-image-1225\" src=\"https:\/\/i0.wp.com\/carolyoungcorp.com\/wp-content\/uploads\/2021\/04\/RedOakSquareShelf-294_20294_14-225x300.jpg?resize=225%2C300&#038;quality=100\" alt=\"square wood shelf on pole, interior column wraps, pole coverings, wood column wraps, wood wrap, interior wood paneling, timber panel, wood panel, panel wood, wood panel, wood shelf on pole\/column\" width=\"225\" height=\"300\" \/><figcaption id=\"caption-attachment-1225\" class=\"wp-caption-text\">Getr\u00e4nkeregal-Set aus massivem Rot-Eichenholz in quadratischer Form f\u00fcr die Mast-\/S\u00e4ulendekoration mit Mehrzweckfunktion<\/figcaption><\/figure>\n<figure id=\"attachment_1037\" aria-describedby=\"caption-attachment-1037\" style=\"width: 300px\" class=\"wp-caption alignnone\"><img data-recalc-dims=\"1\" decoding=\"async\" class=\"size-medium wp-image-1037\" src=\"https:\/\/i0.wp.com\/carolyoungcorp.com\/wp-content\/uploads\/2020\/06\/RedOakPanelCY287_01_RedOakMolding_294_08-1-300x225.jpg?resize=300%2C225&#038;quality=100\" alt=\"interior column wraps, pole coverings, wood column wraps, wood wrap, interior wood paneling, timber panel, wood panel, panel wood, wood panel, pole\/column\/post cover and decoration\" width=\"300\" height=\"225\" \/><figcaption id=\"caption-attachment-1037\" class=\"wp-caption-text\">Flexibles Paneelbrett mit Holzformteil<\/figcaption><\/figure>\n<figure id=\"attachment_1392\" aria-describedby=\"caption-attachment-1392\" style=\"width: 186px\" class=\"wp-caption alignnone\"><img data-recalc-dims=\"1\" decoding=\"async\" class=\"size-medium wp-image-1392\" src=\"https:\/\/i0.wp.com\/carolyoungcorp.com\/wp-content\/uploads\/2022\/11\/CY300_02_07-1000x1609-1-186x300.jpg?resize=186%2C300&#038;quality=100\" alt=\"for wall cover and partition\" width=\"186\" height=\"300\" \/><figcaption id=\"caption-attachment-1392\" class=\"wp-caption-text\">flexible halbrunde Holzplatte aus Rot-Eiche<\/figcaption><\/figure>\n<h2>Die Verwendungsm\u00f6glichkeiten und Vorteile der flexiblen Holzlattenplatte mit V-Nut im Vergleich zu normalen starren Holzplatten und einzelnen Holzlatten:<\/h2>\n<p>&nbsp;<\/p>\n<p>Die besten Rollladenbretter, flexible Holzlamellenpaneele mit V-Nut, dreilagig, Oberseite aus ausgew\u00e4hltem Holzfurnier, mittlere MDF-Platte und R\u00fcckseite mit Textiltr\u00e4ger. Die V-Nut oder Rillung der oberen beiden Schichten sorgt f\u00fcr Flexibilit\u00e4t und Rollbarkeit und ist mit Lamellendesign die beste Wahl f\u00fcr die Inneneinrichtung.<\/p>\n<p>Flexible Holzlattenplatten in drei Schichten, wobei die obere Schicht aus ausgew\u00e4hltem Holzfurnier, die mittlere Schicht aus MDF-Platten und die R\u00fcckseite mit Textil verst\u00e4rkt ist, sind immer die erste Wahl und wurden f\u00fcr verbesserte Flexibilit\u00e4t, Rollbarkeit und Haltbarkeit entwickelt.<\/p>\n<p>Verwendungen:<\/p>\n<table>\n<tbody>\n<tr>\n<td width=\"566\">\n<ul>\n<li>Wandverkleidung, r\u00f6mische S\u00e4ulenverkleidung und Formdekoration.<\/li>\n<\/ul>\n<\/td>\n<\/tr>\n<tr>\n<td width=\"566\">\n<ul>\n<li>Veredelung f\u00fcr Kleiderschr\u00e4nke, Vitrinen und B\u00fccherregale.<\/li>\n<\/ul>\n<\/td>\n<\/tr>\n<tr>\n<td width=\"566\">\n<ul>\n<li>Geeignet f\u00fcr Trennw\u00e4nde, Wandvert\u00e4felungen, Barfronten, Schubladenfronten.<\/li>\n<\/ul>\n<\/td>\n<\/tr>\n<tr>\n<td width=\"566\">\n<ul>\n<li>Kann f\u00fcr Mast-\/Pfosten-\/S\u00e4ulenumh\u00fcllungen, Abdeckungen und Dekorationen verwendet werden.<\/li>\n<\/ul>\n<\/td>\n<\/tr>\n<tr>\n<td width=\"566\">\n<ul>\n<li>Ideal f\u00fcr die Veredelung von M\u00f6beln wie Schr\u00e4nken, Vitrinen, B\u00fccherregalen, Schr\u00e4nken und Garderoben.<\/li>\n<\/ul>\n<\/td>\n<\/tr>\n<\/tbody>\n<\/table>\n<p>Vorteile gegen\u00fcber normalen Hartholzplatten:<\/p>\n<table>\n<tbody>\n<tr>\n<td width=\"566\">\n<ul>\n<li>Einfache Installation mit normalem Kleber, erm\u00f6glicht Heimwerkerprojekte.<\/li>\n<\/ul>\n<\/td>\n<\/tr>\n<tr>\n<td width=\"566\">\n<ul>\n<li>Flexibilit\u00e4t beim Biegen und Formen w\u00e4hrend der Konstruktion.<\/li>\n<\/ul>\n<\/td>\n<\/tr>\n<tr>\n<td width=\"566\">\n<ul>\n<li>Kann mit einer feinzahnigen S\u00e4ge oder einem Universalmesser auf die exakte Gr\u00f6\u00dfe zugeschnitten werden.<\/li>\n<\/ul>\n<\/td>\n<\/tr>\n<tr>\n<td width=\"566\">\n<ul>\n<li>Die R\u00fcckseite aus Vliesstoff sorgt f\u00fcr Elastizit\u00e4t, Festigkeit und Widerstandsf\u00e4higkeit gegen Steifheit.<\/li>\n<\/ul>\n<\/td>\n<\/tr>\n<tr>\n<td width=\"566\">\n<ul>\n<li>Eine Beizung oder Lackierung ist m\u00f6glich, um die gew\u00fcnschte Inneneinrichtung anzupassen..<\/li>\n<\/ul>\n<\/td>\n<\/tr>\n<tr>\n<td width=\"566\">\n<ul>\n<li>Kosteng\u00fcnstige Alternative zu starren Holzplatten mit verbesserter Flexibilit\u00e4t.<\/li>\n<\/ul>\n<\/td>\n<\/tr>\n<\/tbody>\n<\/table>\n<p>Vorteile gegen\u00fcber einzelnen Holzlatten:<\/p>\n<table>\n<tbody>\n<tr>\n<td width=\"566\">\n<ul>\n<li>Einfachere Montage und Handhabung im Vergleich zum individuellen Auflegen und Ausrichten von Holzlatten.<\/li>\n<\/ul>\n<\/td>\n<\/tr>\n<tr>\n<td width=\"566\">\n<ul>\n<li>Das V-Rillen-Design verleiht eine dekorative Note und steigert die optische Attraktivit\u00e4t.<\/li>\n<\/ul>\n<\/td>\n<\/tr>\n<tr>\n<td width=\"566\">\n<ul>\n<li>Die R\u00fcckseite aus Vliesstoff bietet \u00fcberlegene Flexibilit\u00e4t und erleichtert das Biegen.<\/li>\n<\/ul>\n<\/td>\n<\/tr>\n<tr>\n<td width=\"566\">\n<ul>\n<li>Geringeres Risiko von Verformungen, Verdrehungen oder Verschiebungen, das bei einzelnen Holzlatten h\u00e4ufig auftritt.<\/li>\n<\/ul>\n<\/td>\n<\/tr>\n<tr>\n<td width=\"566\">\n<ul>\n<li>Kosteng\u00fcnstigere L\u00f6sung im Vergleich zu handgefertigten Holzlattenkonstruktionen.<\/li>\n<\/ul>\n<\/td>\n<\/tr>\n<tr>\n<td width=\"566\">\n<ul>\n<li>Geeignet f\u00fcr verschiedene Anwendungen, einschlie\u00dflich Wand-\/Deckenverkleidungen und Dekorationsobjekten jeder Form.<\/li>\n<\/ul>\n<\/td>\n<\/tr>\n<\/tbody>\n<\/table>\n<p>&nbsp;<\/p>\n","protected":false},"excerpt":{"rendered":"[caption id=\"attachment_1415\" align=\"alignnone\" width=\"300\"]<img loading=\"lazy\" decoding=\"async\" class=\"size-medium wp-image-1415\" src=\"http:\/\/carolyoungcorp.com\/wp-content\/uploads\/2023\/06\/CY287-01N-3-300x211.jpg\" alt=\"for interior decoration, wall\/partition cover, pole\/column cover, wood material\" width=\"300\" height=\"211\" \/> Flexible Holzplatte mit V-Nut<br \/>mit ECO-Harz verst\u00e4rktem Vliesstoff[\/caption]\n[caption id=\"attachment_1413\" align=\"alignnone\" width=\"253\"]<img loading=\"lazy\" decoding=\"async\" class=\"size-medium wp-image-1413\" src=\"http:\/\/carolyoungcorp.com\/wp-content\/uploads\/2023\/06\/CY287-01N-1-253x300.jpg\" alt=\"for wall cover and partition, interior decoration, bar front,drawer front, tambour door\" width=\"253\" height=\"300\" \/> Flexibles Paneel mit V-Nut und ECO-Harz-verst\u00e4rkter Vliesstoffr\u00fcckseite[\/caption]\n","protected":false},"featured_media":5771,"template":"","meta":[],"product_brand":[],"product_cat":[294],"product_tag":[649,648,574,572,430,368,366,365,362],"class_list":{"0":"post-8697","1":"product","2":"type-product","3":"status-publish","4":"has-post-thumbnail","6":"product_cat-flexible-wood-slats-panel-with-wood-veneer-top","7":"product_tag-holzlattenplatte","8":"product_tag-rollladenbrett","9":"product_tag-wanddekoration","10":"product_tag-innenwandpaneel","11":"product_tag-holzplatte","12":"product_tag-holzmaterial","13":"product_tag-wandverkleidung","14":"product_tag-wandpaneel","15":"product_tag-innenverkleidung-und-dekoration","17":"first","18":"instock","19":"shipping-taxable","20":"product-type-simple"},"jetpack_sharing_enabled":true,"_links":{"self":[{"href":"https:\/\/carolyoungcorp.com\/de\/wp-json\/wp\/v2\/product\/8697","targetHints":{"allow":["GET"]}}],"collection":[{"href":"https:\/\/carolyoungcorp.com\/de\/wp-json\/wp\/v2\/product"}],"about":[{"href":"https:\/\/carolyoungcorp.com\/de\/wp-json\/wp\/v2\/types\/product"}],"wp:featuredmedia":[{"embeddable":true,"href":"https:\/\/carolyoungcorp.com\/de\/wp-json\/wp\/v2\/media\/5771"}],"wp:attachment":[{"href":"https:\/\/carolyoungcorp.com\/de\/wp-json\/wp\/v2\/media?parent=8697"}],"wp:term":[{"taxonomy":"product_brand","embeddable":true,"href":"https:\/\/carolyoungcorp.com\/de\/wp-json\/wp\/v2\/product_brand?post=8697"},{"taxonomy":"product_cat","embeddable":true,"href":"https:\/\/carolyoungcorp.com\/de\/wp-json\/wp\/v2\/product_cat?post=8697"},{"taxonomy":"product_tag","embeddable":true,"href":"https:\/\/carolyoungcorp.com\/de\/wp-json\/wp\/v2\/product_tag?post=8697"}],"curies":[{"name":"wp","href":"https:\/\/api.w.org\/{rel}","templated":true}]}}