{"id":8670,"date":"2023-06-15T07:36:13","date_gmt":"2023-06-15T07:36:13","guid":{"rendered":"https:\/\/carolyoungcorp.com\/products\/flexible-half-round-mdf-panel-board-for-wall-cover-pole-column-wrap-wood-interior-decoration-furniture-finishing"},"modified":"2025-11-07T08:49:01","modified_gmt":"2025-11-07T08:49:01","slug":"flexible-half-round-mdf-panel-board-for-wall-cover-pole-column-wrap-wood-interior-decoration-furniture-finishing","status":"publish","type":"product","link":"https:\/\/carolyoungcorp.com\/de\/products\/flexible-half-round-mdf-panel-board-for-wall-cover-pole-column-wrap-wood-interior-decoration-furniture-finishing","title":{"rendered":"Flexible halbrunde MDF-Holzpaneele f\u00fcr Wandverkleidung, Pfosten-\/S\u00e4ulenverkleidung, Holzinnendekoration, M\u00f6beloberfl\u00e4chenbehandlung"},"content":{"rendered":"<h2>Flexible halbrunde MDF-Holzlattenplatte<\/h2>\n<p>Verwendung: Ummantelung von Masten, Ummantelung von MDF-Stangen, Wand-\/Deckenverkleidung und -dekoration, Verkleidung und Dekoration von Pfosten\/Masten\/S\u00e4ulen, gebogene Wand, runde Mast- und Kellerpfostenabdeckungen, Holzummantelung, Kellerpfostenabdeckungen, Ummantelung von Masten\/Pfosten\/S\u00e4ulen, Holzummantelung, Wandpaneel, Holzpaneel f\u00fcr den Innenbereich, M\u00f6belveredelung, Kellerpfostenabdeckungen<\/p>\n<p>&nbsp;<\/p>\n<table width=\"0\">\n<tbody>\n<tr>\n<td>Produktspezifikationen<\/td>\n<td>Produktbeschreibung<\/td>\n<\/tr>\n<tr>\n<td>Code-Nr.<\/td>\n<td>CY300-01N<\/td>\n<\/tr>\n<tr>\n<td>Gr\u00f6\u00dfe<\/td>\n<td>4 Fu\u00df x 8 Fu\u00df (1200 mm x 2400 mm)<\/td>\n<\/tr>\n<tr>\n<td>H\u00f6he<\/td>\n<td>6 mm<\/td>\n<\/tr>\n<tr>\n<td>Lamelle<\/td>\n<td>18 mm Breite<\/td>\n<\/tr>\n<tr>\n<td>Material<\/td>\n<td>MDF-Platte<\/td>\n<\/tr>\n<tr>\n<td>R\u00fcckendeckung<\/td>\n<td>Mit ECO-Harz verst\u00e4rkte Vliesstoffr\u00fcckseite<\/td>\n<\/tr>\n<\/tbody>\n<\/table>\n<p><strong>\u00a0<\/strong><\/p>\n<p>Charakter:<\/p>\n<table>\n<tbody>\n<tr>\n<td width=\"566\">1- Die Installation ist mit normalem Polsterkleber ganz einfach und kann selbst durchgef\u00fchrt werden.<\/td>\n<\/tr>\n<tr>\n<td width=\"566\">2- Breite und L\u00e4nge m\u00fcssen m\u00f6glicherweise zugeschnitten werden, um den genauen Abmessungen zu entsprechen.<br \/>\nEs kann mit einer feinzahnigen S\u00e4ge zugeschnitten oder der L\u00e4nge nach mit einem Universalmesser geschnitten werden.<\/td>\n<\/tr>\n<tr>\n<td width=\"566\">3- Der Vliesstoff ist elastischer, fester und nicht steif wie Papier.<\/td>\n<\/tr>\n<tr>\n<td width=\"566\">4- Flexible Platten mit Vliesstoffr\u00fccken lassen sich beim Bau leichter biegen und leichter an Dekorationsobjekte jeder Form anpassen.<\/td>\n<\/tr>\n<tr>\n<td width=\"566\">5- Es kann gebeizt, lackiert oder mit Klarlack \u00fcberzogen werden, um es an die Inneneinrichtung anzupassen.<\/td>\n<\/tr>\n<\/tbody>\n<\/table>\n<p>&nbsp;<\/p>\n<p>Der von uns verwendete Vliesstoff (Vliesstoff aus Polyester\/Nylon mit synthetischem Latexharz) verf\u00fcgt \u00fcber die Zulassung nach STANDARD\u00a0100 by OEKO-TEX\u00ae.<\/p>\n<p>Die Ergebnisse der Pr\u00fcfung nach STANDARD 100 by OEKO-TEX\u00ae, Anhang 4 Produktklasse I haben ergeben, dass die oben genannten Waren die human\u00f6kologischen Anforderungen des STANDARD 100 by OEKO-TEX\u00ae erf\u00fcllen, wie sie derzeit im Anhang 4 f\u00fcr Babyartikel festgelegt sind.<\/p>\n<p>Es handelt sich um eine Paneelplatte, die sicher zur Innendekoration von H\u00e4usern verwendet werden kann.<\/p>\n<p>Die halbrunden, flexiblen Holzlattenpaneele eignen sich f\u00fcr Wand- und Deckenverkleidungen, Kellerpfostenabdeckungen und die Innendekoration. Sie eignen sich als Holzpaneele, Holzverkleidungen, MDF-Wandpaneele und Innenwandpaneele. Sie eignen sich auch f\u00fcr Mast-, Pfosten- und S\u00e4ulenverkleidungen, Wandverkleidungen und Kellerpfostenabdeckungen. Sie eignen sich auch f\u00fcr Fu\u00dfb\u00f6den und M\u00f6bel wie Schr\u00e4nke, Vitrinen, B\u00fccherregale und Garderoben.<\/p>\n<p>Die flexiblen Holzlattenpaneele k\u00f6nnen an W\u00e4nden, Decken, Wandvert\u00e4felungen, Stangenverkleidungen, Kellerpfostenabdeckungen, Barfronten, Schubladenfronten und Rollt\u00fcren verwendet werden. Dank der flexiblen Holzlattenpaneele mit starker und elastischer Stoffunterst\u00fctzung sind sie flexibel und k\u00f6nnen aufgerollt und transportiert werden. Sie eignen sich auch als tragbarer Bodenbelag beim Camping (zum Transport im Auto in zwei 1,20 x 1,20 m gro\u00dfe St\u00fccke geschnitten).<\/p>\n<p>Bei der Innendekoration wird mit der flexiblen halbrunden MDF-Holzlattenplatte ein dreidimensionaler Effekt erzielt.<\/p>\n<p>Flexible halbrunde MDF-Holzlattenplatten werden f\u00fcr Innenholzplatten, Wandplatten, Holzverkleidungen und Kellerpfosten-\/Mast-\/S\u00e4ulenverkleidungen und -verkleidungen zum Selbermachen verwendet.<\/p>\n<p>Schl\u00fcsselw\u00f6rter: Ummantelung von Pfosten, MDF-Pfostenummantelung, Kellerpfostenabdeckungen, Holzummantelung, Kellerpfostenabdeckungen<\/p>\n","protected":false},"excerpt":{"rendered":"<p>Flexible Platten mit nicht gewebter Stoffr\u00fcckseite lassen sich w\u00e4hrend der Konstruktion leichter biegen und passen sich leichter an dekorative Objekte jeder Form an.<\/p>\n<p>Der von uns verwendete Vliesstoff (aus Polyester\/Nylon mit synthetischem Latexharz) ist gem\u00e4\u00df STANDARD 100 by OEKO-TEX\u00ae zertifiziert.<\/p>\n<p>Es ist ein Paneelbrett, das sicher f\u00fcr die Innendekoration des Hauses verwendet werden kann.<\/p>\n<p>Das flexible halbrunde MDF-Panel wird f\u00fcr Holzpaneele, Wandpaneele, Holzverkleidungen und die Abdeckung und Verkleidung von Pfosten\/S\u00e4ulen\/Spalten im Keller verwendet.<\/p>\n","protected":false},"featured_media":5571,"template":"","meta":[],"product_brand":[],"product_cat":[548,353,351,350],"product_tag":[3742,3741,3740,613,524,430,428,427,426,368,366,363,362],"class_list":{"0":"post-8670","1":"product","2":"type-product","3":"status-publish","4":"has-post-thumbnail","6":"product_cat-flexible-mdf-wood-slats-panels-for-diy-interior-pole-decoration","7":"product_cat-flexible-wood-slats-panel-for-interior-wall-ceiling-and-pole-column-covering-and-decoration","8":"product_cat-flexible-wood-slats-panel-for-furniture-finishing","9":"product_cat-pole-column-wall-and-furniture-surface-covers-by-diy","10":"product_tag-kellerpfostenabdeckungen","11":"product_tag-mdf-pfostenummantelung","12":"product_tag-ummantelung-von-pfosten","13":"product_tag-holzpaneel-fuer-den-innenbereich","14":"product_tag-holzummantelung","15":"product_tag-holzplatte","16":"product_tag-trennwandabdeckung","17":"product_tag-schalttafel","18":"product_tag-moebelveredelung","19":"product_tag-holzmaterial","20":"product_tag-wandverkleidung","21":"product_tag-mast-saeulenabdeckung","22":"product_tag-innenverkleidung-und-dekoration","24":"first","25":"instock","26":"shipping-taxable","27":"product-type-simple"},"jetpack_sharing_enabled":true,"_links":{"self":[{"href":"https:\/\/carolyoungcorp.com\/de\/wp-json\/wp\/v2\/product\/8670","targetHints":{"allow":["GET"]}}],"collection":[{"href":"https:\/\/carolyoungcorp.com\/de\/wp-json\/wp\/v2\/product"}],"about":[{"href":"https:\/\/carolyoungcorp.com\/de\/wp-json\/wp\/v2\/types\/product"}],"wp:featuredmedia":[{"embeddable":true,"href":"https:\/\/carolyoungcorp.com\/de\/wp-json\/wp\/v2\/media\/5571"}],"wp:attachment":[{"href":"https:\/\/carolyoungcorp.com\/de\/wp-json\/wp\/v2\/media?parent=8670"}],"wp:term":[{"taxonomy":"product_brand","embeddable":true,"href":"https:\/\/carolyoungcorp.com\/de\/wp-json\/wp\/v2\/product_brand?post=8670"},{"taxonomy":"product_cat","embeddable":true,"href":"https:\/\/carolyoungcorp.com\/de\/wp-json\/wp\/v2\/product_cat?post=8670"},{"taxonomy":"product_tag","embeddable":true,"href":"https:\/\/carolyoungcorp.com\/de\/wp-json\/wp\/v2\/product_tag?post=8670"}],"curies":[{"name":"wp","href":"https:\/\/api.w.org\/{rel}","templated":true}]}}