{"id":8650,"date":"2024-06-11T08:42:13","date_gmt":"2024-06-11T08:42:13","guid":{"rendered":"https:\/\/carolyoungcorp.com\/products\/flexible-wood-panel-board-with-v-grooved-for-wainscoting-wood-flooring-wall-cover-partition-interior-cover-and-decoration"},"modified":"2026-02-11T07:58:55","modified_gmt":"2026-02-11T07:58:55","slug":"flexible-wood-panel-board-with-v-grooved-for-wainscoting-wood-flooring-wall-cover-partition-interior-cover-and-decoration","status":"publish","type":"product","link":"https:\/\/carolyoungcorp.com\/de\/products\/flexible-wood-panel-board-with-v-grooved-for-wainscoting-wood-flooring-wall-cover-partition-interior-cover-and-decoration","title":{"rendered":"Flexible Holzlattenplatte mit V-Nut f\u00fcr Wandverkleidungen, Holzb\u00f6den, Wandverkleidungen, Trennw\u00e4nde, Innenverkleidungen und Dekorationen"},"content":{"rendered":"<h2>Flexible Holzpaneelplatte mit V-Nut-Holzlattendesign f\u00fcr Fu\u00dfb\u00f6den, Wandverkleidungen, Wandvert\u00e4felungen und Decken<\/h2>\n<p>&nbsp;<\/p>\n<h3>Datenblatt der flexiblen Holzpaneelplatte mit V-Nut-Holzlamellendesign:<\/h3>\n<table width=\"0\">\n<tbody>\n<tr>\n<td>Produktspezifikationen<\/td>\n<td>Produktbeschreibung<\/td>\n<\/tr>\n<tr>\n<td>Code-Nr.<\/td>\n<td>CY287-01N-67<\/td>\n<\/tr>\n<tr>\n<td>Gr\u00f6\u00dfe<\/td>\n<td>3 MM X 4\u2019 X 8\u2019 (3 mm x 1200 mm x 2400 mm)<\/td>\n<\/tr>\n<tr>\n<td>Flachholzlatte Breite V-gerillt<\/td>\n<td>67 mm Breite<\/td>\n<\/tr>\n<tr>\n<td>Struktur<\/td>\n<td>Oberseite: Roteichenfurnier, Mitte: MDF-Platte<\/td>\n<\/tr>\n<tr>\n<td>R\u00fcckendeckung<\/td>\n<td>Mit ECO-Harz verst\u00e4rkte Vliesstoffr\u00fcckseite<\/td>\n<\/tr>\n<\/tbody>\n<\/table>\n<p>&nbsp;<\/p>\n<p>Verwendung: Holzfu\u00dfb\u00f6den, mobile Fu\u00dfb\u00f6den, Fu\u00dfleisten, Wandvert\u00e4felungen, Wand-\/Deckenverkleidungen und -dekorationen, Kopfteile, Trennw\u00e4nde, Rolll\u00e4den, Schrank- und Schubladenfronten, Wandpaneele, Holzpaneele f\u00fcr den Innenbereich, M\u00f6beloberfl\u00e4chen wie Wandschr\u00e4nke, Schr\u00e4nke, B\u00fccherregale, Schr\u00e4nke und Garderoben, Holzwandvert\u00e4felungen, technische Bodenpaneele, Holzdeckenpaneele, Innendekoration.<\/p>\n<h3>Charakter der flexiblen Holzpaneelplatte mit V-Nut-Holzlamellen-Design:<\/h3>\n<table>\n<tbody>\n<tr>\n<td width=\"566\">1- Die Installation ist mit normalem Polsterkleber ganz einfach und kann selbst durchgef\u00fchrt werden.<\/td>\n<\/tr>\n<tr>\n<td width=\"566\">2- Breite und L\u00e4nge m\u00fcssen m\u00f6glicherweise zugeschnitten werden, um den genauen Abmessungen zu entsprechen. Die flexible Holzplatte mit V-Nut-Holzlattendesign kann mit einer Feinzahns\u00e4ge zugeschnitten oder der L\u00e4nge nach mit einem Universalmesser geschnitten werden.<\/td>\n<\/tr>\n<tr>\n<td width=\"566\">3- Der Vliesstoff ist elastischer, fester und nicht steif wie Papier.<\/td>\n<\/tr>\n<tr>\n<td width=\"566\">4- Flexible Holzplatten mit Vliesstoffr\u00fccken lassen sich beim Bau leichter biegen und leichter an Dekorationsobjekte jeder Form anpassen.<\/td>\n<\/tr>\n<tr>\n<td width=\"566\">5- Die flexible Holzplatte mit V-Nut-Holzlattendesign kann gebeizt, lackiert oder mit Klarlack \u00fcberzogen werden, um zur Inneneinrichtung zu passen.<\/td>\n<\/tr>\n<tr>\n<td width=\"566\">6- Die flexible Holzpaneelplatte mit V-Nut-Holzlattendesign kann in verschiedenen Stilen installiert werden, um die architektonische Attraktivit\u00e4t zu steigern.<\/td>\n<\/tr>\n<\/tbody>\n<\/table>\n<p>&nbsp;<\/p>\n<p>Der von uns verwendete Vliesstoff (Vliesstoff aus Polyester\/Nylon mit synthetischem Latexharz) verf\u00fcgt \u00fcber die Zulassung nach STANDARD\u00a0100 by OEKO-TEX\u00ae.<\/p>\n<p>Die Ergebnisse der Pr\u00fcfung nach STANDARD 100 by OEKO-TEX\u00ae, Anhang 4, Produktklasse I haben ergeben, dass die oben genannten Waren die human\u00f6kologischen Anforderungen des STANDARD 100 by OEKO-TEX\u00ae erf\u00fcllen, wie sie derzeit im Anhang 4 f\u00fcr Babyartikel festgelegt sind.<\/p>\n<p>Die flexible Holzpaneelplatte mit V-Nut-Holzlattendesign ist eine Holzpaneelplatte, die sicher f\u00fcr die Inneneinrichtung von H\u00e4usern verwendet werden kann.<\/p>\n<p>Die flexiblen Holzpaneele mit V-Nut-Lamellendesign k\u00f6nnen in verschiedenen Mustern, wie z. B. \u00dcberlappung, Nut und Feder oder Paneelen, verlegt werden, um einzigartige und optisch ansprechende Wand-, Decken- und Bodendesigns zu schaffen. Die Holzpaneele\/Paneelbretter\/Holzplatten\/Innenholzpaneele sind beliebt bei Heimwerkerprojekten zur Herstellung individueller M\u00f6bel, Akzentw\u00e4nde, Decken, Fu\u00dfb\u00f6den und verschiedener Wohnaccessoires.<\/p>\n<p>Schl\u00fcsselw\u00f6rter: Holzwandverkleidung, technische Bodenpaneelplatte, Holzdeckenpaneelplatte, Innendekoration, Heimwerken, die flexible Holzpaneelplatte mit V-Nut-Holzlattendesign, flexible Holzpaneelplatten.<\/p>\n","protected":false},"excerpt":{"rendered":"<p>Verwendung: Holzb\u00f6den, mobile B\u00f6den, Fu\u00dfleisten, Wandvert\u00e4felungen, Wand-\/Deckenverkleidungen und -dekorationen, Kopfteile, Trennw\u00e4nde, Rolll\u00e4den, Schrank- und Schubladenfronten, Wandpaneele, Holzpaneele f\u00fcr den Innenbereich, M\u00f6beloberfl\u00e4chen wie Wandschr\u00e4nke, Schr\u00e4nke, B\u00fccherregale, Anrichten und Garderoben.<\/p>\n<p>Es kann gebeizt, lackiert oder mit Klarlack \u00fcberzogen werden, um es an die Inneneinrichtung anzupassen oder als Bodenbelag zu verwenden.<\/p>\n<p>Die Holzpaneele\/Paneelbretter\/Holzplatten\/Innenholzpaneele sind bei Do-it-yourself-Projekten (DIY) beliebt, um individuelle M\u00f6bel, Akzentw\u00e4nde und verschiedene Wohndekorationsartikel zu schaffen.<\/p>\n","protected":false},"featured_media":5836,"template":"","meta":[],"product_brand":[],"product_cat":[294,350,351,352,353],"product_tag":[366,425,426,429,521,522,523,524],"class_list":{"0":"post-8650","1":"product","2":"type-product","3":"status-publish","4":"has-post-thumbnail","6":"product_cat-flexible-wood-slats-panel-with-wood-veneer-top","7":"product_cat-pole-column-wall-and-furniture-surface-covers-by-diy","8":"product_cat-flexible-wood-slats-panel-for-furniture-finishing","9":"product_cat-flexible-wood-slats-panel-for-furniture-decoration-wall-cover-and-pole-column-wrap-by-diy","10":"product_cat-flexible-wood-slats-panel-for-interior-wall-ceiling-and-pole-column-covering-and-decoration","11":"product_tag-wandverkleidung","12":"product_tag-deckenabdeckung","13":"product_tag-moebelveredelung","14":"product_tag-holzabdeckung","15":"product_tag-zwischenabdeckung-und-dekoration","16":"product_tag-taefelung","17":"product_tag-holzboden","18":"product_tag-holzummantelung","20":"first","21":"instock","22":"shipping-taxable","23":"product-type-simple"},"jetpack_sharing_enabled":true,"_links":{"self":[{"href":"https:\/\/carolyoungcorp.com\/de\/wp-json\/wp\/v2\/product\/8650","targetHints":{"allow":["GET"]}}],"collection":[{"href":"https:\/\/carolyoungcorp.com\/de\/wp-json\/wp\/v2\/product"}],"about":[{"href":"https:\/\/carolyoungcorp.com\/de\/wp-json\/wp\/v2\/types\/product"}],"wp:featuredmedia":[{"embeddable":true,"href":"https:\/\/carolyoungcorp.com\/de\/wp-json\/wp\/v2\/media\/5836"}],"wp:attachment":[{"href":"https:\/\/carolyoungcorp.com\/de\/wp-json\/wp\/v2\/media?parent=8650"}],"wp:term":[{"taxonomy":"product_brand","embeddable":true,"href":"https:\/\/carolyoungcorp.com\/de\/wp-json\/wp\/v2\/product_brand?post=8650"},{"taxonomy":"product_cat","embeddable":true,"href":"https:\/\/carolyoungcorp.com\/de\/wp-json\/wp\/v2\/product_cat?post=8650"},{"taxonomy":"product_tag","embeddable":true,"href":"https:\/\/carolyoungcorp.com\/de\/wp-json\/wp\/v2\/product_tag?post=8650"}],"curies":[{"name":"wp","href":"https:\/\/api.w.org\/{rel}","templated":true}]}}