{"id":8628,"date":"2024-06-11T09:15:56","date_gmt":"2024-06-11T09:15:56","guid":{"rendered":"https:\/\/carolyoungcorp.com\/products\/flexible-wood-panel-board-with-v-grooved-wood-slats-for-engineering-flooring-wall-cover-wainscoting-interior-cover-and-decoration"},"modified":"2026-02-11T07:44:27","modified_gmt":"2026-02-11T07:44:27","slug":"flexible-wood-panel-board-with-v-grooved-wood-slats-for-engineering-flooring-wall-cover-wainscoting-interior-cover-and-decoration","status":"publish","type":"product","link":"https:\/\/carolyoungcorp.com\/de\/products\/flexible-wood-panel-board-with-v-grooved-wood-slats-for-engineering-flooring-wall-cover-wainscoting-interior-cover-and-decoration","title":{"rendered":"Flexible Holzpaneelplatte mit V-gerillten Holzlamellen f\u00fcr technische Fu\u00dfb\u00f6den, Wandverkleidungen, Wandt\u00e4felungen, Innenverkleidungen und Dekorationen"},"content":{"rendered":"<h3>Datenblatt der flexiblen Holzpaneelplatte mit V-Nut-Holzlamellendesign:<\/h3>\n<table>\n<tbody>\n<tr>\n<td>Produktspezifikationen<\/td>\n<td>Produktbeschreibung<\/td>\n<\/tr>\n<tr>\n<td>Code-Nr.<\/td>\n<td><span style=\"font-weight: 400;\">CY287-01N-43<\/span><\/td>\n<\/tr>\n<tr>\n<td>Gr\u00f6\u00dfe<\/td>\n<td>3 MM X 4\u2019 X 8\u2019 (3 mm x 1200 mm x 2400 mm)<\/td>\n<\/tr>\n<tr>\n<td>Flachholzlatte Breite V-gerillt<\/td>\n<td>43 mm Breite<\/td>\n<\/tr>\n<tr>\n<td>Struktur<\/td>\n<td>Oberseite: Roteichenfurnier, Mitte: MDF-Platte<\/td>\n<\/tr>\n<tr>\n<td>R\u00fcckendeckung<\/td>\n<td>Mit ECO-Harz verst\u00e4rkte Vliesstoffr\u00fcckseite<\/td>\n<\/tr>\n<tr>\n<td>Verwendung<\/td>\n<td>Wand-\/Deckenverkleidung und -dekoration, Fu\u00dfleisten, Kopfteile, Wandvert\u00e4felungen, Parkettb\u00f6den, tragbare B\u00f6den, Trennw\u00e4nde, Rolll\u00e4den, Schrank- und Schubladenfronten, Wandpaneele, Holzpaneele f\u00fcr den Innenbereich, M\u00f6beloberfl\u00e4chen wie Wandschr\u00e4nke, Schr\u00e4nke, B\u00fccherregale, Anrichten und Garderoben.<\/td>\n<\/tr>\n<\/tbody>\n<\/table>\n<p>&nbsp;<\/p>\n<h3>Charakter der flexiblen Holzpaneelplatte mit V-Nut-Holzlamellen-Design:<\/h3>\n<table>\n<tbody>\n<tr>\n<td width=\"566\">1- Die Installation ist mit normalem Polsterkleber ganz einfach und kann selbst durchgef\u00fchrt werden.<\/td>\n<\/tr>\n<tr>\n<td width=\"566\">2- Breite und L\u00e4nge m\u00fcssen m\u00f6glicherweise zugeschnitten werden, um den genauen Abmessungen zu entsprechen. Die flexible Holzplatte mit V-Nut-Holzlattendesign kann mit einer Feinzahns\u00e4ge zugeschnitten oder der L\u00e4nge nach mit einem Universalmesser geschnitten werden.<\/td>\n<\/tr>\n<tr>\n<td width=\"566\">3- Der Vliesstoff ist elastischer, fester und nicht steif wie Papier.<\/td>\n<\/tr>\n<tr>\n<td width=\"566\">4- Flexible Holzplatten mit Vliesstoffr\u00fccken lassen sich beim Bau leichter biegen und leichter an Dekorationsobjekte jeder Form anpassen.<\/td>\n<\/tr>\n<tr>\n<td width=\"566\">5- Die flexible Holzplatte mit V-Nut-Holzlattendesign kann gebeizt, lackiert oder mit Klarlack \u00fcberzogen werden, um zur Inneneinrichtung zu passen.<\/td>\n<\/tr>\n<tr>\n<td width=\"566\">6- Die flexible Holzpaneelplatte mit V-Nut-Holzlattendesign kann in verschiedenen Stilen installiert werden, um die architektonische Attraktivit\u00e4t zu steigern.<\/td>\n<\/tr>\n<\/tbody>\n<\/table>\n<p>&nbsp;<\/p>\n<p>Der von uns verwendete Vliesstoff (Vliesstoff aus Polyester\/Nylon mit synthetischem Latexharz) verf\u00fcgt \u00fcber die Zulassung nach STANDARD\u00a0100 by OEKO-TEX\u00ae.<\/p>\n<p>Die Ergebnisse der Pr\u00fcfung nach STANDARD 100 by OEKO-TEX\u00ae, Anlage 4, Produktklasse I haben ergeben, dass die oben genannten Waren die human\u00f6kologischen Anforderungen des STANDARD 100 by OEKO-TEX\u00ae erf\u00fcllen, wie sie derzeit in Anlage 4 f\u00fcr Babyartikel festgelegt sind.<\/p>\n<p>Die flexible Holzpaneelplatte mit V-Nut-Holzlattendesign ist eine Holzpaneelplatte, die sicher f\u00fcr die Inneneinrichtung von H\u00e4usern verwendet werden kann.<\/p>\n<p>Die flexiblen Holzpaneele mit V-Nut-Lamellendesign k\u00f6nnen in verschiedenen Mustern, wie z. B. \u00dcberlappung, Nut und Feder oder Paneelen, verlegt werden, um einzigartige und optisch ansprechende Wand-, Decken- und Bodendesigns zu schaffen. Die Holzpaneele\/Paneelbretter\/Holzplatten\/Innenholzpaneele sind beliebt bei Heimwerkerprojekten zur Herstellung individueller M\u00f6bel, Akzentw\u00e4nde, Decken, Fu\u00dfb\u00f6den und verschiedener Wohnaccessoires.<\/p>\n<p>Schl\u00fcsselw\u00f6rter: Holzwandverkleidung, technische Bodenpaneelplatte, Holzdeckenpaneelplatte, Innendekoration, Heimwerken, die flexible Holzpaneelplatte mit V-Nut-Holzlattendesign, flexible Holzpaneelplatten.<\/p>\n<p>&nbsp;<\/p>\n","protected":false},"excerpt":{"rendered":"<p>Verwendung: Wand-\/Deckenverkleidung und -dekoration, Fu\u00dfleisten, Kopfteile, Wandvert\u00e4felungen, Holzb\u00f6den, tragbare B\u00f6den, Trennw\u00e4nde, Rolll\u00e4den, Schrank- und Schubladenfronten, Wandpaneele, Holzpaneele f\u00fcr den Innenbereich, M\u00f6belveredelung wie Wandschr\u00e4nke, Schr\u00e4nke, B\u00fccherregale, Anrichten und Garderoben.<\/p>\n<p>Die Anbringung ist mit normalem Polsterkleber ganz einfach und kann von Heimwerkern durchgef\u00fchrt werden.<\/p>\n<p>Sie k\u00f6nnen in verschiedenen Stilen installiert werden, um die architektonische Attraktivit\u00e4t zu steigern.<\/p>\n<p>Die Holzpaneele\/Paneelbretter\/Holzplatten\/Innenholzpaneele sind bei Do-it-yourself-Projekten (DIY) zum Erstellen individueller M\u00f6bel, Akzentw\u00e4nde und verschiedener Wohndekorationsartikel beliebt.<\/p>\n<p>&nbsp;<\/p>\n","protected":false},"featured_media":5851,"template":"","meta":[],"product_brand":[],"product_cat":[294,350,351,352,353],"product_tag":[362,365,366,424,425,426,427,428,429,430],"class_list":{"0":"post-8628","1":"product","2":"type-product","3":"status-publish","4":"has-post-thumbnail","6":"product_cat-flexible-wood-slats-panel-with-wood-veneer-top","7":"product_cat-pole-column-wall-and-furniture-surface-covers-by-diy","8":"product_cat-flexible-wood-slats-panel-for-furniture-finishing","9":"product_cat-flexible-wood-slats-panel-for-furniture-decoration-wall-cover-and-pole-column-wrap-by-diy","10":"product_cat-flexible-wood-slats-panel-for-interior-wall-ceiling-and-pole-column-covering-and-decoration","11":"product_tag-innenverkleidung-und-dekoration","12":"product_tag-wandpaneel","13":"product_tag-wandverkleidung","14":"product_tag-baumaterial","15":"product_tag-deckenabdeckung","16":"product_tag-moebelveredelung","17":"product_tag-schalttafel","18":"product_tag-trennwandabdeckung","19":"product_tag-holzabdeckung","20":"product_tag-holzplatte","22":"first","23":"instock","24":"shipping-taxable","25":"product-type-simple"},"jetpack_sharing_enabled":true,"_links":{"self":[{"href":"https:\/\/carolyoungcorp.com\/de\/wp-json\/wp\/v2\/product\/8628","targetHints":{"allow":["GET"]}}],"collection":[{"href":"https:\/\/carolyoungcorp.com\/de\/wp-json\/wp\/v2\/product"}],"about":[{"href":"https:\/\/carolyoungcorp.com\/de\/wp-json\/wp\/v2\/types\/product"}],"wp:featuredmedia":[{"embeddable":true,"href":"https:\/\/carolyoungcorp.com\/de\/wp-json\/wp\/v2\/media\/5851"}],"wp:attachment":[{"href":"https:\/\/carolyoungcorp.com\/de\/wp-json\/wp\/v2\/media?parent=8628"}],"wp:term":[{"taxonomy":"product_brand","embeddable":true,"href":"https:\/\/carolyoungcorp.com\/de\/wp-json\/wp\/v2\/product_brand?post=8628"},{"taxonomy":"product_cat","embeddable":true,"href":"https:\/\/carolyoungcorp.com\/de\/wp-json\/wp\/v2\/product_cat?post=8628"},{"taxonomy":"product_tag","embeddable":true,"href":"https:\/\/carolyoungcorp.com\/de\/wp-json\/wp\/v2\/product_tag?post=8628"}],"curies":[{"name":"wp","href":"https:\/\/api.w.org\/{rel}","templated":true}]}}