{"id":8556,"date":"2023-06-15T07:51:52","date_gmt":"2023-06-15T07:51:52","guid":{"rendered":"https:\/\/carolyoungcorp.com\/products\/flexible-red-oak-veneer-top-panel-board-with-v-grooved-for-pole-column-cover-wall-partition-cover-wall-panel-interior-cover-and-decoration-wood-material"},"modified":"2026-02-11T08:14:42","modified_gmt":"2026-02-11T08:14:42","slug":"flexible-red-oak-veneer-top-panel-board-with-v-grooved-for-pole-column-cover-wall-partition-cover-wall-panel-interior-cover-and-decoration-wood-material","status":"publish","type":"product","link":"https:\/\/carolyoungcorp.com\/de\/products\/flexible-red-oak-veneer-top-panel-board-with-v-grooved-for-pole-column-cover-wall-partition-cover-wall-panel-interior-cover-and-decoration-wood-material","title":{"rendered":"Flexible Holzlattenplatte mit V-Nut und Furnier aus Rot-Eiche mit verst\u00e4rktem Vliesstoff aus ECO-Resin f\u00fcr Wandverkleidungen, Stangenummantelungen, M\u00f6beloberfl\u00e4chenverkleidungen und einfache Verwendung als tragbarer Bodenbelag zum Selbermachen"},"content":{"rendered":"<h2>Flexible Holzlattenplatte mit V-Nut und verst\u00e4rktem Vliesstoff aus ECO-Resin f\u00fcr Wandverkleidungen, Stangenummantelungen, M\u00f6beloberfl\u00e4chenverkleidungen und einfache Verwendung als tragbarer Bodenbelag zum Selbermachen<\/h2>\n<p>&nbsp;<\/p>\n<p>Die besten Rollladenbretter, flexible Holzlattenpaneele mit V-Nut in drei Schichten, Oberseite aus ausgew\u00e4hltem Holzfurnier, mittlere MDF-Platte und R\u00fcckseite mit Textiltr\u00e4ger, dann V-Nut oder Rillung auf den oberen beiden Schichten f\u00fcr den flexiblen und rollbaren Charakter und mit Lattendesign sind die beste Wahl f\u00fcr Wandverkleidungen, Stangenummantelungen, M\u00f6beloberfl\u00e4chenverkleidungen und tragbare Bodenbel\u00e4ge f\u00fcr Heimwerker.<\/p>\n<p>Flexible Holzlamellenpaneele in drei Schichten, mit der Deckschicht aus ausgew\u00e4hltem Holzfurnier, der Mittelschicht aus MDF-Platten und der R\u00fcckseite mit Textil verst\u00e4rkt, sind aufgrund ihrer erh\u00f6hten Flexibilit\u00e4t, Rollbarkeit und Haltbarkeit f\u00fcr diese Zwecke immer die erste Wahl.<\/p>\n<p>Verwendung: Wandverkleidung, Stangenverkleidung, Verkleidung r\u00f6mischer S\u00e4ulen und Dekoration von Formobjekten, M\u00f6belveredelung zur Erneuerung, z. B. von Schr\u00e4nken, Vitrinen und B\u00fccherregalen \u2026<\/p>\n<table>\n<tbody>\n<tr>\n<td>Produktspezifikationen<\/td>\n<td>Produktbeschreibung<\/td>\n<\/tr>\n<tr>\n<td>Code-Nr.<\/td>\n<td><span style=\"font-weight: 400;\">CY287-01N<\/span><\/td>\n<\/tr>\n<tr>\n<td>Gr\u00f6\u00dfe<\/td>\n<td>3 mm x 4 Fu\u00df x 8 Fu\u00df (3 mm x 1220 mm x 2440 mm)<\/td>\n<\/tr>\n<tr>\n<td>Struktur<\/td>\n<td>Oberseite: Roteichenfurnier, Mitte: MDF-Platte, R\u00fcckseite: mit ECO-Harz verst\u00e4rkter Vliesstoff<\/td>\n<\/tr>\n<\/tbody>\n<\/table>\n<p><strong>Charakter:\u00a0<\/strong><\/p>\n<table>\n<tbody>\n<tr>\n<td width=\"566\">1- Die Installation ist mit normalem Kleber in Eigenleistung einfach durchzuf\u00fchren.<\/td>\n<\/tr>\n<tr>\n<td width=\"566\">2- Breite und H\u00f6he m\u00fcssen m\u00f6glicherweise zugeschnitten werden, um den genauen Abmessungen zu entsprechen.<br \/>\nEs kann mit einer feinzahnigen S\u00e4ge zugeschnitten oder der L\u00e4nge nach mit einem Universalmesser geschnitten werden.<\/td>\n<\/tr>\n<tr>\n<td width=\"566\">3- Es kann gebeizt oder gestrichen werden, um es an die Inneneinrichtung anzupassen.<\/td>\n<\/tr>\n<tr>\n<td width=\"566\">4- Der Vliesstoff ist elastischer, fester und nicht steif wie Papier.<\/td>\n<\/tr>\n<tr>\n<td width=\"566\">5- Flexible Platten mit Vliesstoffr\u00fccken lassen sich beim Bau leichter biegen und auch leichter an Dekorationsobjekte jeder Form anpassen.<\/td>\n<\/tr>\n<\/tbody>\n<\/table>\n<p>&nbsp;<\/p>\n<p>Es kann f\u00fcr Wand- und Deckenverkleidungen sowie Dekorationen verwendet werden. Es ist als Holzpaneel, Holzverkleidung, Wandpaneel und Innenwandpaneel einsetzbar. Es kann auch f\u00fcr die Verkleidung, Abdeckung und Dekoration von Masten, Pfosten und S\u00e4ulen verwendet werden. Es eignet sich f\u00fcr die Veredelung von M\u00f6beln wie Schr\u00e4nken, Vitrinen, B\u00fccherregalen, Schr\u00e4nken und Garderoben.<\/p>\n<p>Es kann f\u00fcr Trennw\u00e4nde, Wandvert\u00e4felungen, Barfronten, Schubladenfronten und Rollt\u00fcren verwendet werden.<\/p>\n<p>&nbsp;<\/p>\n<p>Der von uns verwendete Vliesstoff (Vliesstoff aus Polyester\/Nylon mit synthetischem Latexharz) verf\u00fcgt \u00fcber die Zulassung nach STANDARD\u00a0100 by OEKO-TEX\u00ae.<\/p>\n<p>Die Ergebnisse der Pr\u00fcfung nach STANDARD 100 by OEKO-TEX\u00ae, Anhang 4 Produktklasse I haben ergeben, dass die oben genannten Waren die human\u00f6kologischen Anforderungen des STANDARD 100 by OEKO-TEX\u00ae erf\u00fcllen, wie sie derzeit im Anhang 4 f\u00fcr Babyartikel festgelegt sind.<\/p>\n<p>Es handelt sich um eine Paneelplatte, die sicher zur Innendekoration von H\u00e4usern verwendet werden kann.<\/p>\n","protected":false},"excerpt":{"rendered":"<p>Es kann f\u00fcr Wand- und Deckenverkleidungen sowie Dekorationen verwendet werden. Es ist als Holzpaneel, Holzverkleidung, Wandpaneel und Innenwandpaneel einsetzbar. Es kann auch f\u00fcr die Verkleidung, Abdeckung und Dekoration von Masten, Pfosten und S\u00e4ulen verwendet werden. Es eignet sich f\u00fcr die Veredelung von M\u00f6beln wie Schr\u00e4nken, Vitrinen, B\u00fccherregalen, Schr\u00e4nken und Garderoben.<\/p>\n<p>Es kann f\u00fcr Trennw\u00e4nde, Wandvert\u00e4felungen, Barfronten, Schubladenfronten und Rollt\u00fcren verwendet werden.<\/p>\n<p>Flexible Platten mit Vliesr\u00fccken lassen sich beim Bauen leichter biegen und leichter an Dekorationsobjekte jeder Form anpassen.<\/p>\n<p>Der von uns verwendete Vliesstoff (Vliesstoff aus Polyester\/Nylon mit synthetischem Latexharz) verf\u00fcgt \u00fcber die Zulassung nach STANDARD\u00a0100 by OEKO-TEX\u00ae.<\/p>\n<p>Einfache Montage mit normalem Kleber durch Heimwerker.<\/p>\n","protected":false},"featured_media":5556,"template":"","meta":[],"product_brand":[],"product_cat":[294,353,352,351,350],"product_tag":[369,368,367,366,365,364,363,362],"class_list":{"0":"post-8556","1":"product","2":"type-product","3":"status-publish","4":"has-post-thumbnail","6":"product_cat-flexible-wood-slats-panel-with-wood-veneer-top","7":"product_cat-flexible-wood-slats-panel-for-interior-wall-ceiling-and-pole-column-covering-and-decoration","8":"product_cat-flexible-wood-slats-panel-for-furniture-decoration-wall-cover-and-pole-column-wrap-by-diy","9":"product_cat-flexible-wood-slats-panel-for-furniture-finishing","10":"product_cat-pole-column-wall-and-furniture-surface-covers-by-diy","11":"product_tag-holzpaneel","12":"product_tag-holzmaterial","13":"product_tag-baustoff-holz","14":"product_tag-wandverkleidung","15":"product_tag-wandpaneel","16":"product_tag-wandverkleidung-und-dekoration","17":"product_tag-mast-saeulenabdeckung","18":"product_tag-innenverkleidung-und-dekoration","20":"first","21":"instock","22":"shipping-taxable","23":"product-type-simple"},"jetpack_sharing_enabled":true,"_links":{"self":[{"href":"https:\/\/carolyoungcorp.com\/de\/wp-json\/wp\/v2\/product\/8556","targetHints":{"allow":["GET"]}}],"collection":[{"href":"https:\/\/carolyoungcorp.com\/de\/wp-json\/wp\/v2\/product"}],"about":[{"href":"https:\/\/carolyoungcorp.com\/de\/wp-json\/wp\/v2\/types\/product"}],"wp:featuredmedia":[{"embeddable":true,"href":"https:\/\/carolyoungcorp.com\/de\/wp-json\/wp\/v2\/media\/5556"}],"wp:attachment":[{"href":"https:\/\/carolyoungcorp.com\/de\/wp-json\/wp\/v2\/media?parent=8556"}],"wp:term":[{"taxonomy":"product_brand","embeddable":true,"href":"https:\/\/carolyoungcorp.com\/de\/wp-json\/wp\/v2\/product_brand?post=8556"},{"taxonomy":"product_cat","embeddable":true,"href":"https:\/\/carolyoungcorp.com\/de\/wp-json\/wp\/v2\/product_cat?post=8556"},{"taxonomy":"product_tag","embeddable":true,"href":"https:\/\/carolyoungcorp.com\/de\/wp-json\/wp\/v2\/product_tag?post=8556"}],"curies":[{"name":"wp","href":"https:\/\/api.w.org\/{rel}","templated":true}]}}