{"id":12922,"date":"2026-03-20T08:53:01","date_gmt":"2026-03-20T08:53:01","guid":{"rendered":"https:\/\/carolyoungcorp.com\/products\/flexible-wood-panel-board-with-v-grooved-for-interior-cover-and-decoration"},"modified":"2026-04-20T06:57:57","modified_gmt":"2026-04-20T06:57:57","slug":"flexible-wood-panel-board-with-v-grooved-for-interior-cover-and-decoration","status":"publish","type":"product","link":"https:\/\/carolyoungcorp.com\/de\/products\/flexible-wood-panel-board-with-v-grooved-for-interior-cover-and-decoration","title":{"rendered":"Flexible Holzpaneele mit V-Nut f\u00fcr Innenverkleidungen und Dekorationen"},"content":{"rendered":"<h2>Flexible Holzpaneele mit V-Nut f\u00fcr die Innenverkleidung und Dekoration.<br \/>\nSie lassen sich in verschiedenen Stilen anbringen und tragen so zur architektonischen Wirkung bei.<\/h2>\n<table width=\"0\">\n<tbody>\n<tr>\n<td width=\"151\"><strong>Produktspezifikation<\/strong><\/td>\n<td width=\"451\"><strong>Produktbeschreibung<\/strong><\/td>\n<\/tr>\n<tr>\n<td width=\"151\">Code-Nr.<\/td>\n<td width=\"451\">CY307-01<\/td>\n<\/tr>\n<tr>\n<td width=\"151\">Gr\u00f6\u00dfe<\/td>\n<td width=\"451\">3 mm x 1200 mm x 2400 mm<\/td>\n<\/tr>\n<tr>\n<td width=\"151\">V-Nut<\/td>\n<td width=\"451\">13 mm<\/td>\n<\/tr>\n<tr>\n<td width=\"151\">Struktur<\/td>\n<td width=\"451\"><strong>Oberseite<\/strong> \u2013 Viertelschnitt-Maserung aus Roteiche, feine Pr\u00e4gung und wasserfeste, abriebfeste Oberfl\u00e4che<br \/>\n<strong>Mittlere Schicht<\/strong> \u2013 mit ECO-Harz verst\u00e4rktes Vliesgewebe<br \/>\n<strong>Untere Schicht<\/strong> \u2013 MDF-Platte mit V-Nut<\/td>\n<\/tr>\n<tr>\n<td width=\"151\">Verwendung<\/td>\n<td width=\"451\">Wand- und Deckenverkleidungen und -dekorationen, Fu\u00dfleisten, Wandvert\u00e4felungen, Holzb\u00f6den, Trennw\u00e4nde, Rollt\u00fcren, Schrank- und Schubladenfronten, Wandpaneele, Holzvert\u00e4felungen f\u00fcr den Innenbereich, M\u00f6beloberfl\u00e4chen wie Kleiderschr\u00e4nke, Schr\u00e4nke, B\u00fccherregale, Regale und Garderoben.<\/td>\n<\/tr>\n<tr>\n<td width=\"151\">Herkunft<\/td>\n<td width=\"451\">Taiwan<\/td>\n<\/tr>\n<\/tbody>\n<\/table>\n<p><span style=\"font-size: 20px;\"><strong>Charakter:<\/strong><\/span><\/p>\n<table>\n<tbody>\n<tr>\n<td width=\"566\">1- Die Montage ist mit handels\u00fcblichem Polsterkleber einfach und kann selbst durchgef\u00fchrt werden.<\/td>\n<\/tr>\n<tr>\n<td width=\"566\">2- Breite und H\u00f6he m\u00fcssen gegebenenfalls angepasst werden, um die exakten Abmessungen zu erreichen.<\/p>\n<p>Es kann mit einer feinzahnigen S\u00e4ge zugeschnitten oder mit einem Universalmesser der L\u00e4nge nach aufgeschnitten werden.<\/td>\n<\/tr>\n<tr>\n<td width=\"566\">3- Das Vliesmaterial ist elastischer, fester und nicht so steif wie Papier.<\/td>\n<\/tr>\n<tr>\n<td width=\"566\">4- Flexible Paneelplatten mit Vliesstoff-R\u00fcckseite lassen sich bei der Montage leichter biegen und eignen sich besser zur Anpassung an Dekorationsobjekte jeder Form.<\/td>\n<\/tr>\n<tr>\n<td width=\"566\">5- Es ist nicht leicht zu besch\u00e4digen und dank der wasserfesten und abriebfesten Beschichtung auch leicht zu reinigen, wenn es verschmutzt ist.<\/td>\n<\/tr>\n<\/tbody>\n<\/table>\n<p>Das von uns verwendete Vlies (Vliesstoff aus Polyester\/Nylon mit synthetischem Latexharz) ist nach STANDARD 100 by OEKO-TEX\u00ae zertifiziert.<br \/>\nDie Ergebnisse der Inspektion gem\u00e4\u00df STANDARD 100 by OEKO-TEX\u00ae, Anhang 4, Produktklasse I, haben gezeigt, dass die oben genannten Waren die human\u00f6kologischen Anforderungen des STANDARD 100 by OEKO-TEX\u00ae erf\u00fcllen, die derzeit in Anhang 4 f\u00fcr Babyartikel festgelegt sind.<\/p>\n<p>Holzpaneele\/Holzplatten\/Holzverkleidungen f\u00fcr den Innenbereich sind beliebt bei Heimwerkerprojekten (DIY) zur Herstellung von individuellen M\u00f6beln, Wand-\/Deckenverkleidungen, Holzfu\u00dfb\u00f6den und verschiedenen Wohnaccessoires.<\/p>\n","protected":false},"excerpt":{"rendered":"<h2>Flexible Holzpaneele mit V-Nut f\u00fcr die Innenverkleidung und Dekoration.<\/h2>\n<p>Holzpaneele\/Holzplatten\/Holzverkleidungen f\u00fcr den Innenbereich sind beliebt bei Heimwerkerprojekten (DIY) zur Herstellung von individuellen M\u00f6beln, Wand-\/Deckenverkleidungen, Holzfu\u00dfb\u00f6den und verschiedenen Wohnaccessoires.<br \/>\nFlexible Paneelplatten mit Vliesstoff-R\u00fcckseite lassen sich bei der Montage leichter biegen und eignen sich besser zur Anpassung an Dekorationsobjekte jeder Form.<br \/>\nEs ist nicht leicht zu besch\u00e4digen und dank der wasserfesten und abriebfesten Beschichtung auch leicht zu reinigen, wenn es verschmutzt ist.<br \/>\nDie Montage ist mit handels\u00fcblichem Polsterkleber einfach und kann selbst durchgef\u00fchrt werden.<\/p>\n","protected":false},"featured_media":12869,"template":"","meta":[],"product_brand":[],"product_cat":[294,353,352,351,350],"product_tag":[522,4897,4896,4895,4894,4893,4892,4891,1001,840,571,516,427,369],"class_list":{"0":"post-12922","1":"product","2":"type-product","3":"status-publish","4":"has-post-thumbnail","6":"product_cat-flexible-wood-slats-panel-with-wood-veneer-top","7":"product_cat-flexible-wood-slats-panel-for-interior-wall-ceiling-and-pole-column-covering-and-decoration","8":"product_cat-flexible-wood-slats-panel-for-furniture-decoration-wall-cover-and-pole-column-wrap-by-diy","9":"product_cat-flexible-wood-slats-panel-for-furniture-finishing","10":"product_cat-pole-column-wall-and-furniture-surface-covers-by-diy","11":"product_tag-taefelung","12":"product_tag-pfosten-saeulenverkleidung-2","13":"product_tag-pfosten-saeulenverkleidung","14":"product_tag-tambourbrett","15":"product_tag-bodenbelaege","16":"product_tag-moebeloberflaeche","17":"product_tag-fussleiste","19":"product_tag-holzbrett","20":"product_tag-wand-deckenverkleidung","21":"product_tag-innenausstattung","22":"product_tag-partition-de","23":"product_tag-schalttafel","24":"product_tag-holzpaneel","26":"first","27":"instock","28":"shipping-taxable","29":"product-type-simple"},"jetpack_sharing_enabled":true,"_links":{"self":[{"href":"https:\/\/carolyoungcorp.com\/de\/wp-json\/wp\/v2\/product\/12922","targetHints":{"allow":["GET"]}}],"collection":[{"href":"https:\/\/carolyoungcorp.com\/de\/wp-json\/wp\/v2\/product"}],"about":[{"href":"https:\/\/carolyoungcorp.com\/de\/wp-json\/wp\/v2\/types\/product"}],"wp:featuredmedia":[{"embeddable":true,"href":"https:\/\/carolyoungcorp.com\/de\/wp-json\/wp\/v2\/media\/12869"}],"wp:attachment":[{"href":"https:\/\/carolyoungcorp.com\/de\/wp-json\/wp\/v2\/media?parent=12922"}],"wp:term":[{"taxonomy":"product_brand","embeddable":true,"href":"https:\/\/carolyoungcorp.com\/de\/wp-json\/wp\/v2\/product_brand?post=12922"},{"taxonomy":"product_cat","embeddable":true,"href":"https:\/\/carolyoungcorp.com\/de\/wp-json\/wp\/v2\/product_cat?post=12922"},{"taxonomy":"product_tag","embeddable":true,"href":"https:\/\/carolyoungcorp.com\/de\/wp-json\/wp\/v2\/product_tag?post=12922"}],"curies":[{"name":"wp","href":"https:\/\/api.w.org\/{rel}","templated":true}]}}