{"id":12309,"date":"2020-08-09T03:50:48","date_gmt":"2020-08-09T03:50:48","guid":{"rendered":"https:\/\/carolyoungcorp.com\/products\/wood-antibacterial"},"modified":"2026-01-14T08:27:16","modified_gmt":"2026-01-14T08:27:16","slug":"wood-antibacterial","status":"publish","type":"product","link":"https:\/\/carolyoungcorp.com\/de\/products\/wood-antibacterial","title":{"rendered":"Antibakterielle, desinfizierende und sterilisierende Wirkung zum Schutz von Holz mit Langzeitwirkung \u2013 Carol Young"},"content":{"rendered":"<h2>Das quatern\u00e4re Silizium-Ammoniumsalz RX-SiN4 besitzt eine lang anhaltende antibakterielle, desinfizierende und sterilisierende Wirkung auf Holz und Textilien.<\/h2>\n<p>&nbsp;<\/p>\n<p>Beschreibung<br \/>\nDer Holzschutz wurde in unseren Laboren sorgf\u00e4ltig entwickelt, um im Kampf gegen die Coronavirus-Pandemie (Covid-19) zu helfen, die die ganze Welt betrifft.<\/p>\n<p>Dieses Produkt zeichnet sich dadurch aus, dass es eine organische Verbindung mit einem quatern\u00e4ren Silizium-Ammoniumsalz, RX-SiN4, enth\u00e4lt, das eine lang anhaltende antibakterielle, desinfizierende und sterilisierende Wirkung auf Holz und andere Oberfl\u00e4chen (Textilien, Segeltuch, Seile, Feuerwehrfasern und Inneneinrichtungen) hat, ohne diese zu besch\u00e4digen.<br \/>\nDurch die Verwendung von organischem Silikon als Tr\u00e4germaterial k\u00f6nnen die quatern\u00e4ren Ammoniumsalze an der Oberfl\u00e4che von Bakterien (Gram-positiv und Gram-negativ), Hefen, Pilzen und Viren adsorbiert werden. Dies ver\u00e4ndert die Durchl\u00e4ssigkeit ihrer Zellw\u00e4nde und f\u00fchrt somit zum Absterben der verschiedenen Mikroorganismen. Dadurch eignet sich das Produkt ideal f\u00fcr den Einsatz w\u00e4hrend der aktuellen Pandemie.<br \/>\nSpezifikationen:<br \/>\nAussehen: Hellgelbe Fl\u00fcssigkeit<br \/>\nDichte: 1,0<br \/>\nZusammensetzung: Multifunktionales Quat-Silan<br \/>\nWirkung: Langzeitwirkung<br \/>\nRX-SiN4-L\u00f6sung 1:100 bis 1:1000 f\u00fcr optimale Anwendung<br \/>\nLagerung: 1 Jahr an einem k\u00fchlen Ort (unge\u00f6ffnet)<br \/>\nEntspricht den Richtlinien des US-amerikanischen FFDCA.<\/p>\n","protected":false},"excerpt":{"rendered":"<p>The Wood protector has been meticulously created in our laboratories to help combat the Conoravirus (Covid-19) Pandemic, that has been affecting worldwide.<\/p>\n<p>This product has the particularity that it contains an organic compound with silicone quaternary ammonium salt, RX-SiN4, which has a long-lasting effect of antibacterial, disinfectant and sterilization on wood and other surfaces (textiles, canvas, ropes, firehouse fiber and interior decorations), without damaging them.<br \/>\nWith the new organic silicone as a medium, the quaternary ammonium salts can be adsorbed on the surface of bacteria\u2019s (Gram-Positive and Negative), yeast, fungi and virus, changing the permeability of their cell walls and there for the death of the different microorganisms. Making it the perfect product to be used during this pandemic.<\/p>\n","protected":false},"featured_media":5401,"template":"","meta":[],"product_brand":[],"product_cat":[789],"product_tag":[895,904,4762,4763,4764,4765,4766,4767],"class_list":{"0":"post-12309","1":"product","2":"type-product","3":"status-publish","4":"has-post-thumbnail","6":"product_cat-antibacterial-and-antifungal-quaternary-ammonium-salt","7":"product_tag-ffdca-de","8":"product_tag-antibakteriell","9":"product_tag-desinfektion","10":"product_tag-organische-chemikalien","11":"product_tag-silikon","12":"product_tag-sterilisation","13":"product_tag-textilchemikalien","14":"product_tag-holzchemikalien","16":"first","17":"instock","18":"shipping-taxable","19":"product-type-simple"},"jetpack_sharing_enabled":true,"_links":{"self":[{"href":"https:\/\/carolyoungcorp.com\/de\/wp-json\/wp\/v2\/product\/12309","targetHints":{"allow":["GET"]}}],"collection":[{"href":"https:\/\/carolyoungcorp.com\/de\/wp-json\/wp\/v2\/product"}],"about":[{"href":"https:\/\/carolyoungcorp.com\/de\/wp-json\/wp\/v2\/types\/product"}],"wp:featuredmedia":[{"embeddable":true,"href":"https:\/\/carolyoungcorp.com\/de\/wp-json\/wp\/v2\/media\/5401"}],"wp:attachment":[{"href":"https:\/\/carolyoungcorp.com\/de\/wp-json\/wp\/v2\/media?parent=12309"}],"wp:term":[{"taxonomy":"product_brand","embeddable":true,"href":"https:\/\/carolyoungcorp.com\/de\/wp-json\/wp\/v2\/product_brand?post=12309"},{"taxonomy":"product_cat","embeddable":true,"href":"https:\/\/carolyoungcorp.com\/de\/wp-json\/wp\/v2\/product_cat?post=12309"},{"taxonomy":"product_tag","embeddable":true,"href":"https:\/\/carolyoungcorp.com\/de\/wp-json\/wp\/v2\/product_tag?post=12309"}],"curies":[{"name":"wp","href":"https:\/\/api.w.org\/{rel}","templated":true}]}}