{"id":11517,"date":"2020-06-18T08:28:32","date_gmt":"2020-06-18T08:28:32","guid":{"rendered":"https:\/\/carolyoungcorp.com\/products\/flexible-panel-board-pole-column-covering"},"modified":"2026-02-11T07:10:02","modified_gmt":"2026-02-11T07:10:02","slug":"flexible-panel-board-pole-column-covering","status":"publish","type":"product","link":"https:\/\/carolyoungcorp.com\/de\/products\/flexible-panel-board-pole-column-covering","title":{"rendered":"Flexible Holzpaneele zur Wand- und Mastverkleidung"},"content":{"rendered":"<h2>Flexible Holzpaneele mit Furnier aus Roteiche f\u00fcr Verkleidungen, Wandpaneele, Innenverkleidungen und Holzummantelungen<\/h2>\n<p>&nbsp;<\/p>\n<h2 class=\"entry-title\">Flexible Paneele aus Roteiche in drei Schichten mit V-Nut- oder geriffelten Lamellen, geeignet f\u00fcr Wandverkleidungen, S\u00e4ulen- oder Pfostenverkleidungen, Innenausbau und M\u00f6beloberfl\u00e4chen.<\/h2>\n<p>&nbsp;<\/p>\n<p><strong>Datenblatt f\u00fcr flexible Eichenholz-Paneele in drei Schichten mit V-Nut<br \/>\n<\/strong><\/p>\n<table width=\"0\">\n<tbody>\n<tr>\n<td width=\"151\">Produktspezifikation<\/td>\n<td width=\"451\">Produktbeschreibung<\/td>\n<\/tr>\n<tr>\n<td width=\"151\">Code Nr.<\/td>\n<td width=\"451\">CY287-01<\/td>\n<\/tr>\n<tr>\n<td width=\"151\">Gr\u00f6\u00dfe<\/td>\n<td width=\"451\">3mm x 4 Fu\u00df x 8 Fu\u00df (3mm x 1220mm x 2440mm)<\/td>\n<\/tr>\n<tr>\n<td width=\"151\">V-Nut<\/td>\n<td width=\"451\">13 mm<\/td>\n<\/tr>\n<tr>\n<td width=\"151\">Strukturen<\/td>\n<td width=\"451\">Oberseite: Roteichenfurnier \/ Mitte: MDF-Platte \/ Unterseite: Kraftpapier<\/td>\n<\/tr>\n<tr>\n<td width=\"151\">Anwendungen<\/td>\n<td width=\"451\">Wand-, Decken-, Mast- oder S\u00e4ulenverkleidungen<\/td>\n<\/tr>\n<tr>\n<td width=\"151\">Herkunft<\/td>\n<td width=\"451\">Taiwan<\/td>\n<\/tr>\n<\/tbody>\n<\/table>\n<p>&nbsp;<\/p>\n<p><strong>Charaktere<br \/>\n<\/strong><\/p>\n<table>\n<tbody>\n<tr>\n<td width=\"566\">1- Einfache Montage mit handels\u00fcblichem Kleber in Eigenregie.<\/td>\n<\/tr>\n<tr>\n<td width=\"566\">2- Breite und H\u00f6he m\u00fcssen gegebenenfalls auf die genauen Abmessungen zugeschnitten werden.<\/td>\n<\/tr>\n<tr>\n<td width=\"566\">3- Bei einer furnierten Tischplatte kann diese gebeizt oder lackiert werden, um sie an die Inneneinrichtung anzupassen.<\/td>\n<\/tr>\n<tr>\n<td width=\"566\">4- Dank der V-Nut passt es sich der dekorativen Form perfekt an.<\/td>\n<\/tr>\n<tr>\n<td width=\"566\">5- Es handelt sich um ein umweltfreundliches Produkt, da die MDF-Platte aus Recyclingmaterial besteht.<\/td>\n<\/tr>\n<\/tbody>\n<\/table>\n<p><strong>\u00a0<\/strong><\/p>\n<p>&nbsp;<\/p>\n<p>(Kunden in den Vereinigten Staaten wenden sich bitte direkt an unseren Vertreter \u2013 POLE-WRAP, INC. )<\/p>\n<p>***Wir suchen Vertreter und Vertriebspartner (au\u00dferhalb der USA und Japans).***<\/p>\n","protected":false},"excerpt":{"rendered":"<h2>Die flexible Paneelplatte mit V-Nut dient zur Verkleidung von W\u00e4nden, Decken, Innens\u00e4ulen, Kellerst\u00fctzen und St\u00fctzpfeilern sowie zur Inneneinrichtung. Sie wird als Holzpaneel, Holzverkleidung f\u00fcr W\u00e4nde und als Holzummantelung verwendet.<\/h2>\n<p>\u2022 Die flexible Paneelplatte mit Oberfl\u00e4che aus Roteiche-Furnier eignet sich f\u00fcr DIY-Inneneinrichtungsprojekte, Schrankdekoration, Wohnungseinrichtung, Modellierung von Fassaden, M\u00f6bel, Verst\u00e4rkungss\u00e4ulen, Verkleidung von St\u00fctzs\u00e4ulen und Dekorationsarbeiten.<\/p>\n<p>Verwendung: Wand-, Decken-, Mast- und S\u00e4ulenverkleidung<\/p>\n<p>Artikelnummer: CY287-01<\/p>\n<p>Abmessungen: 3 mm x 122 cm x 244 cm<\/p>\n","protected":false},"featured_media":5751,"template":"","meta":[],"product_brand":[],"product_cat":[294,350],"product_tag":[360,363,366,368,420,427,847,851,973,4005],"class_list":{"0":"post-11517","1":"product","2":"type-product","3":"status-publish","4":"has-post-thumbnail","6":"product_cat-flexible-wood-slats-panel-with-wood-veneer-top","7":"product_cat-pole-column-wall-and-furniture-surface-covers-by-diy","8":"product_tag-wood-material-de","9":"product_tag-mast-saeulenabdeckung","10":"product_tag-wandverkleidung","11":"product_tag-holzmaterial","12":"product_tag-panel-board-de","13":"product_tag-schalttafel","14":"product_tag-interior-covering-de","15":"product_tag-innenverkleidung","16":"product_tag-pole-column-covering-de","17":"product_tag-wall-covering-de","19":"first","20":"instock","21":"shipping-taxable","22":"product-type-simple"},"jetpack_sharing_enabled":true,"_links":{"self":[{"href":"https:\/\/carolyoungcorp.com\/de\/wp-json\/wp\/v2\/product\/11517","targetHints":{"allow":["GET"]}}],"collection":[{"href":"https:\/\/carolyoungcorp.com\/de\/wp-json\/wp\/v2\/product"}],"about":[{"href":"https:\/\/carolyoungcorp.com\/de\/wp-json\/wp\/v2\/types\/product"}],"wp:featuredmedia":[{"embeddable":true,"href":"https:\/\/carolyoungcorp.com\/de\/wp-json\/wp\/v2\/media\/5751"}],"wp:attachment":[{"href":"https:\/\/carolyoungcorp.com\/de\/wp-json\/wp\/v2\/media?parent=11517"}],"wp:term":[{"taxonomy":"product_brand","embeddable":true,"href":"https:\/\/carolyoungcorp.com\/de\/wp-json\/wp\/v2\/product_brand?post=11517"},{"taxonomy":"product_cat","embeddable":true,"href":"https:\/\/carolyoungcorp.com\/de\/wp-json\/wp\/v2\/product_cat?post=11517"},{"taxonomy":"product_tag","embeddable":true,"href":"https:\/\/carolyoungcorp.com\/de\/wp-json\/wp\/v2\/product_tag?post=11517"}],"curies":[{"name":"wp","href":"https:\/\/api.w.org\/{rel}","templated":true}]}}