{"id":11509,"date":"2020-06-18T08:51:50","date_gmt":"2020-06-18T08:51:50","guid":{"rendered":"https:\/\/carolyoungcorp.com\/products\/solid-red-oak-molding-for-pole-column-covering"},"modified":"2026-02-11T06:45:16","modified_gmt":"2026-02-11T06:45:16","slug":"solid-red-oak-molding-for-pole-column-covering","status":"publish","type":"product","link":"https:\/\/carolyoungcorp.com\/de\/products\/solid-red-oak-molding-for-pole-column-covering","title":{"rendered":"Massive Leisten aus roter Eiche zur Verkleidung von Pfosten\/S\u00e4ulen f\u00fcr eine r\u00f6mische S\u00e4ulendekoration."},"content":{"rendered":"<h2>Massive Leisten aus roter Eiche zur Verkleidung von Pfosten\/S\u00e4ulen f\u00fcr eine r\u00f6mische S\u00e4ulendekoration.<\/h2>\n<p>&nbsp;<\/p>\n<p>Versch\u00f6nern Sie Ihre r\u00f6mischen S\u00e4ulen und Pfosten mit unserer zweiteiligen Zierleiste aus massiver Roteiche, die speziell f\u00fcr die einfache Selbstmontage entwickelt wurde. Diese hochwertige Zierleiste aus Roteiche eignet sich perfekt f\u00fcr die Dekoration r\u00f6mischer S\u00e4ulen und Pfosten, die Verkleidung von S\u00e4ulen im Kellerbereich, die Umrandung von S\u00e4ulen im Innenbereich sowie f\u00fcr Holzs\u00e4ulenverkleidungen.<\/p>\n<p>Diese aus massiver Roteiche gefertigte Leiste besticht durch au\u00dfergew\u00f6hnliche Langlebigkeit und ansprechende Optik. Ihre einzigartige zweiteilige Konstruktion erm\u00f6glicht ein m\u00fcheloses Zusammenf\u00fcgen bei Heimwerkerprojekten. In Kombination mit unserer flexiblen Holzplatte mit Roteichenfurnier sorgt sie f\u00fcr ein nahtloses und harmonisches Erscheinungsbild beim Verkleiden von Pfosten, S\u00e4ulen oder Pfeilern.<\/p>\n<p><strong>Verwendung:<\/strong> Verkleidung r\u00f6mischer S\u00e4ulen und Pfosten, Abdeckungen f\u00fcr Kellerpfosten\/-pfosten\/-s\u00e4ulen, S\u00e4ulenverkleidungen im Innenbereich, Holzverkleidung, Holzs\u00e4ulenverkleidungen<\/p>\n<table width=\"0\">\n<tbody>\n<tr>\n<td width=\"151\">Produktspezifikation<\/td>\n<td width=\"451\">Produktbeschreibung<\/td>\n<\/tr>\n<tr>\n<td width=\"151\">Code Nr.<\/td>\n<td width=\"451\">294-00<\/td>\n<\/tr>\n<tr>\n<td width=\"151\">Gr\u00f6\u00dfe<\/td>\n<td width=\"451\">Kappen-Set: Durchmesser: 6 &amp; 7 Zoll \/ Mit Loch: 3 \u00bd, 4 oder 4 \u00bd Zoll \/ Innen: \u00bd Zoll Radius<br \/>\nSockel-Set: Durchmesser: 7 &amp; 8 Zoll \/ Mit Loch: 3 \u00bd, 4 oder 4 \u00bd Zoll \/ Au\u00dfen: \u00bd Zoll Radius<\/td>\n<\/tr>\n<tr>\n<td width=\"151\">Material<\/td>\n<td width=\"451\">Massives Roteichenholz<\/td>\n<\/tr>\n<tr>\n<td width=\"151\">Struktur<\/td>\n<td width=\"451\">Kappen- und Sockelset<\/td>\n<\/tr>\n<tr>\n<td width=\"151\">Form<\/td>\n<td width=\"451\">Achteck in zwei H\u00e4lften (kann auch ein Quadrat sein)<\/td>\n<\/tr>\n<tr>\n<td width=\"151\">H\u00f6he<\/td>\n<td width=\"451\">\u00be Zoll<\/td>\n<\/tr>\n<tr>\n<td width=\"151\">Herkunft<\/td>\n<td width=\"451\">Taiwan<\/td>\n<\/tr>\n<\/tbody>\n<\/table>\n<p><strong>Hauptmerkmale:<\/strong><\/p>\n<p>Einfache Selbstmontage: Die Leiste l\u00e4sst sich einfach mit normalem Klebstoff anbringen und ist somit eine benutzerfreundliche Wahl f\u00fcr Heimwerker.<\/p>\n<p>Perfekte Passform f\u00fcr r\u00f6mische S\u00e4ulen und Pfosten: Es wurde speziell f\u00fcr die perfekte Passform an r\u00f6mischen S\u00e4ulen und Pfosten entwickelt und gew\u00e4hrleistet so ein nahtloses und optisch ansprechendes Ergebnis.<\/p>\n<p>Individuell anpassbare Oberfl\u00e4chen: Die Leisten aus Roteiche k\u00f6nnen gebeizt oder lackiert werden, um dem Stil Ihrer Inneneinrichtung zu entsprechen und bieten so vielseitige Gestaltungsm\u00f6glichkeiten.<\/p>\n<p>Erleben Sie die Sch\u00f6nheit und den Komfort unserer massiven Eichenleisten aus Taiwan.<\/p>\n<p>Kunden in den USA wenden sich bitte an unseren autorisierten Vertriebspartner POLE-WRAP, INC.<\/p>\n<p>Wir suchen weltweit (au\u00dferhalb der USA) aktiv nach Vertriebspartnern und H\u00e4ndlern.<\/p>\n","protected":false},"excerpt":{"rendered":"<h2 class=\"product_title entry-title\">Massive Leisten aus roter Eiche zur Verkleidung von Pfosten\/S\u00e4ulen f\u00fcr eine r\u00f6mische S\u00e4ulendekoration.<\/h2>\n<p>Verwendung: Verkleidung r\u00f6mischer S\u00e4ulen und Pfosten, Pfosten-\/S\u00e4ulenverkleidungen im Kellerbereich, S\u00e4ulenverkleidungen im Innenbereich, Holzverkleidung, Holzs\u00e4ulenverkleidungen<\/p>\n<p>Die Montage mit handels\u00fcblichem Kleber ist einfach und kann selbst durchgef\u00fchrt werden.<\/p>\n<p>Es passt perfekt zur Dekoration von r\u00f6mischen S\u00e4ulen oder Pfosten.<\/p>\n<p>Massive Leisten aus Roteiche in Kombination mit flexiblen Holzpaneelen mit Roteichenfurnier eignen sich zur Verkleidung von Pfosten, S\u00e4ulen und Pfeilern.<\/p>\n","protected":false},"featured_media":5216,"template":"","meta":[],"product_brand":[],"product_cat":[294,540],"product_tag":[360,363,368,417,422,424,520,676,847,851,1601,1608,3955,3964],"class_list":{"0":"post-11509","1":"product","2":"type-product","3":"status-publish","4":"has-post-thumbnail","6":"product_cat-flexible-wood-slats-panel-with-wood-veneer-top","7":"product_cat-diy-square-octagon-solid-wood-molding-for-interior-decoration","8":"product_tag-wood-material-de","9":"product_tag-mast-saeulenabdeckung","10":"product_tag-holzmaterial","11":"product_tag-building-material-de","12":"product_tag-wood-cover-de","13":"product_tag-baumaterial","14":"product_tag-wood-wrap-de","15":"product_tag-holzverkleidung","16":"product_tag-interior-covering-de","17":"product_tag-innenverkleidung","18":"product_tag-molding-de","19":"product_tag-formen-de","20":"product_tag-pole-column-wrap-de","21":"product_tag-stangen-saeulenverkleidung","23":"first","24":"instock","25":"shipping-taxable","26":"product-type-simple"},"jetpack_sharing_enabled":true,"_links":{"self":[{"href":"https:\/\/carolyoungcorp.com\/de\/wp-json\/wp\/v2\/product\/11509","targetHints":{"allow":["GET"]}}],"collection":[{"href":"https:\/\/carolyoungcorp.com\/de\/wp-json\/wp\/v2\/product"}],"about":[{"href":"https:\/\/carolyoungcorp.com\/de\/wp-json\/wp\/v2\/types\/product"}],"wp:featuredmedia":[{"embeddable":true,"href":"https:\/\/carolyoungcorp.com\/de\/wp-json\/wp\/v2\/media\/5216"}],"wp:attachment":[{"href":"https:\/\/carolyoungcorp.com\/de\/wp-json\/wp\/v2\/media?parent=11509"}],"wp:term":[{"taxonomy":"product_brand","embeddable":true,"href":"https:\/\/carolyoungcorp.com\/de\/wp-json\/wp\/v2\/product_brand?post=11509"},{"taxonomy":"product_cat","embeddable":true,"href":"https:\/\/carolyoungcorp.com\/de\/wp-json\/wp\/v2\/product_cat?post=11509"},{"taxonomy":"product_tag","embeddable":true,"href":"https:\/\/carolyoungcorp.com\/de\/wp-json\/wp\/v2\/product_tag?post=11509"}],"curies":[{"name":"wp","href":"https:\/\/api.w.org\/{rel}","templated":true}]}}