{"id":11498,"date":"2020-06-18T09:13:03","date_gmt":"2020-06-18T09:13:03","guid":{"rendered":"https:\/\/carolyoungcorp.com\/products\/solid-red-oak-wooden-pole-column-covering"},"modified":"2026-02-10T09:49:26","modified_gmt":"2026-02-10T09:49:26","slug":"solid-red-oak-wooden-pole-column-covering","status":"publish","type":"product","link":"https:\/\/carolyoungcorp.com\/de\/products\/solid-red-oak-wooden-pole-column-covering","title":{"rendered":"DIY-Regal aus Holzpfosten: Eine vielseitige L\u00f6sung f\u00fcr vorhandene Pfosten und S\u00e4ulen. Dieses Regal aus Holzpfosten kann an bereits vorhandenen Pfosten im Raum angebracht werden."},"content":{"rendered":"<h2 class=\"product_title entry-title\">DIY-Regal aus Holzpfosten: Eine vielseitige L\u00f6sung f\u00fcr vorhandene Pfosten und S\u00e4ulen. Dieses Regal aus Holzpfosten kann an bereits vorhandenen Pfosten im Raum angebracht werden.<\/h2>\n<p>&nbsp;<\/p>\n<p>Wir freuen uns, Ihnen unser innovatives Holzstangenregal vorzustellen \u2013 eine praktische und individuell anpassbare L\u00f6sung, die die bereits vorhandenen Stangen und S\u00e4ulen in Ihrem Zuhause optimal nutzt. Mit diesem vielseitigen Regal schaffen Sie m\u00fchelos zus\u00e4tzlichen Stauraum oder Ausstellungsfl\u00e4che f\u00fcr verschiedenste Zwecke, beispielsweise f\u00fcr Getr\u00e4nke, Tassen, Geschirr oder sogar Topfpflanzen.<\/p>\n<table width=\"0\">\n<tbody>\n<tr>\n<td width=\"151\">Produktspezifikation<\/td>\n<td width=\"451\">Produktbeschreibung<\/td>\n<\/tr>\n<tr>\n<td width=\"151\">Code Nr.<\/td>\n<td width=\"451\">294-13 + 294-14<\/td>\n<\/tr>\n<tr>\n<td width=\"151\">Gr\u00f6\u00dfe<\/td>\n<td width=\"451\">Platte \u2013 2 H\u00e4lften, Durchmesser 17-1\/2 Zoll, Innenradius 1\/2 Zoll, Bohrung 3-1\/2 Zoll, 4 Zoll, 4-1\/2 Zoll<br \/>\nSt\u00fctze \u2013 Breite 4 Zoll, L\u00e4nge 8 Zoll, Dicke 20 mm, Au\u00dfenradius 3\/8 Zoll, Bohrung 10 mm<\/td>\n<\/tr>\n<tr>\n<td width=\"151\">Material<\/td>\n<td width=\"451\">Massives Roteichenholz<\/td>\n<\/tr>\n<tr>\n<td width=\"151\">Struktur<\/td>\n<td width=\"451\">Platte (2 H\u00e4lften im Kreis) + 4 St\u00fctzen<\/td>\n<\/tr>\n<tr>\n<td width=\"151\">Verwendung<\/td>\n<td width=\"451\">Abstellen von Getr\u00e4nken, Tassen, Tellern, Topfpflanzen und diversen Dekorationen oder Haushaltsgegenst\u00e4nden;<br \/>\nHolzverkleidungen, selbstgemachte S\u00e4ulenverkleidungen f\u00fcr den Innenbereich, Abdeckungen f\u00fcr Kellerpfosten\/-stangen\/-s\u00e4ulen<\/td>\n<\/tr>\n<tr>\n<td width=\"151\">Herkunft<\/td>\n<td width=\"451\">Taiwan<\/td>\n<\/tr>\n<\/tbody>\n<\/table>\n<p>&nbsp;<\/p>\n<p><span style=\"color: #000000;\"><strong>Charakter:<\/strong><\/span><\/p>\n<table>\n<tbody>\n<tr>\n<td width=\"566\">1- Es kann an Stangen und S\u00e4ulen f\u00fcr verschiedene Zwecke montiert werden, zum Beispiel zur Ablage von Getr\u00e4nken, Tassen, Tellern, Topfpflanzen sowie verschiedenen Dekorationen oder Haushaltsgegenst\u00e4nden.<\/td>\n<\/tr>\n<tr>\n<td width=\"566\">2- Es passt perfekt auf die Roma-S\u00e4ule oder den Mast.<\/td>\n<\/tr>\n<tr>\n<td width=\"566\">3- Es kann gebeizt oder lackiert werden, um zur Inneneinrichtung zu passen.<\/td>\n<\/tr>\n<tr>\n<td width=\"566\">4- Es ist praktisch und sch\u00f6n f\u00fcr die Innenausstattung.<\/td>\n<\/tr>\n<tr>\n<td width=\"566\">5- Die Montage ist mit normalem Klebstoff einfach und kann selbst durchgef\u00fchrt werden.<\/td>\n<\/tr>\n<\/tbody>\n<\/table>\n<p><strong><span style=\"color: #3366ff;\">\u00a0<\/span><\/strong><\/p>\n<p>(Kunden in den Vereinigten Staaten wenden sich bitte direkt an unseren Vertreter \u2013 POLE-WRAP, INC.)<\/p>\n<p>***Wir suchen Vertreter und Vertriebspartner (au\u00dferhalb der USA und Japans).***<\/p>\n","protected":false},"excerpt":{"rendered":"<h2>Das Regalsystem aus massiver roter Eiche, kombiniert mit einer flexiblen Paneelplatte mit V-Nut, dient der Verkleidung von Pfosten\/S\u00e4ulen im Innenbereich und erm\u00f6glicht das Anbringen zus\u00e4tzlicher Regalb\u00f6den an Pfosten durch Selbstmontage.<\/h2>\n<p>&nbsp;<\/p>\n<p>Holzverkleidung, DIY-S\u00e4ulenverkleidungen f\u00fcr den Innenbereich, Abdeckungen f\u00fcr Pfosten\/S\u00e4ulen im Keller<\/p>\n<p>F\u00fcr die Inneneinrichtung ist die Anbringung eines Regals an der Wand sehr einfach. An Pfosten oder S\u00e4ulen ist dies jedoch nicht so einfach selbst zu bewerkstelligen. In diesem Fall ben\u00f6tigen Sie unser Massivholz-Regalset, um mit einfachen Werkzeugen zus\u00e4tzliche Ablagefl\u00e4che an Pfosten\/S\u00e4ulen anzubringen. Besonders bei Kunststoff- oder Metallpfosten\/S\u00e4ulen im Innenbereich oder verst\u00e4rkten Pfosten im Keller ist die Montage sogar einfacher als bei einem Wandregal.<\/p>\n<p>Verwendungszweck: Holzregal, das an Stangen und S\u00e4ulen befestigt werden kann und vielseitig einsetzbar ist, z. B. zum Abstellen von Getr\u00e4nken, Tassen, Tellern, Topfpflanzen und verschiedenen Dekorationen oder Haushaltsgegenst\u00e4nden.<\/p>\n<p>Die Montage mit handels\u00fcblichem Kleber ist einfach und kann selbst durchgef\u00fchrt werden.<\/p>\n<p>Das Produkt wird in Taiwan hergestellt.<\/p>\n<p>&nbsp;<\/p>\n","protected":false},"featured_media":5181,"template":"","meta":[],"product_brand":[],"product_cat":[294,536],"product_tag":[360,368,520,676,763,847,851,894,905,3984,3985,3988,3989,3990],"class_list":{"0":"post-11498","1":"product","2":"type-product","3":"status-publish","4":"has-post-thumbnail","6":"product_cat-flexible-wood-slats-panel-with-wood-veneer-top","7":"product_cat-multipurpose-solid-wood-shelf-on-pole-installed-by-diy","8":"product_tag-wood-material-de","9":"product_tag-holzmaterial","10":"product_tag-wood-wrap-de","11":"product_tag-holzverkleidung","12":"product_tag-pole-column-decoration-de","13":"product_tag-interior-covering-de","14":"product_tag-innenverkleidung","15":"product_tag-drink-shelf-de","16":"product_tag-getraenkeregal","17":"product_tag-post-pole-column-wrap-de","18":"product_tag-shelf-de","19":"product_tag-stangen-saeulendekoration","20":"product_tag-pfosten-stangen-saeulenverkleidung","21":"product_tag-regal","23":"first","24":"instock","25":"shipping-taxable","26":"product-type-simple"},"jetpack_sharing_enabled":true,"_links":{"self":[{"href":"https:\/\/carolyoungcorp.com\/de\/wp-json\/wp\/v2\/product\/11498","targetHints":{"allow":["GET"]}}],"collection":[{"href":"https:\/\/carolyoungcorp.com\/de\/wp-json\/wp\/v2\/product"}],"about":[{"href":"https:\/\/carolyoungcorp.com\/de\/wp-json\/wp\/v2\/types\/product"}],"wp:featuredmedia":[{"embeddable":true,"href":"https:\/\/carolyoungcorp.com\/de\/wp-json\/wp\/v2\/media\/5181"}],"wp:attachment":[{"href":"https:\/\/carolyoungcorp.com\/de\/wp-json\/wp\/v2\/media?parent=11498"}],"wp:term":[{"taxonomy":"product_brand","embeddable":true,"href":"https:\/\/carolyoungcorp.com\/de\/wp-json\/wp\/v2\/product_brand?post=11498"},{"taxonomy":"product_cat","embeddable":true,"href":"https:\/\/carolyoungcorp.com\/de\/wp-json\/wp\/v2\/product_cat?post=11498"},{"taxonomy":"product_tag","embeddable":true,"href":"https:\/\/carolyoungcorp.com\/de\/wp-json\/wp\/v2\/product_tag?post=11498"}],"curies":[{"name":"wp","href":"https:\/\/api.w.org\/{rel}","templated":true}]}}