{"id":11494,"date":"2020-06-22T08:23:37","date_gmt":"2020-06-22T08:23:37","guid":{"rendered":"https:\/\/carolyoungcorp.com\/products\/flexible-wood-board-basement-pole-lally-column-covering"},"modified":"2026-02-10T09:32:36","modified_gmt":"2026-02-10T09:32:36","slug":"flexible-wood-board-basement-pole-lally-column-covering","status":"publish","type":"product","link":"https:\/\/carolyoungcorp.com\/de\/products\/flexible-wood-board-basement-pole-lally-column-covering","title":{"rendered":"Flexible Holzplatte zur Verkleidung von W\u00e4nden\/Decken\/Innenst\u00fctzen\/verst\u00e4rkten Kellerst\u00fctzen\/S\u00e4ulen (mit Kirschfurnieroberfl\u00e4che) zum Selberbauen"},"content":{"rendered":"<h2 class=\"product_title entry-title\">Flexible Kirschholzplatten zur Verkleidung von W\u00e4nden\/Decken\/Innenst\u00fctzen\/verst\u00e4rkten Kellerst\u00fctzen\/S\u00e4ulen (DIY)<\/h2>\n<p>&nbsp;<\/p>\n<p><strong>Flexible Paneelplatte mit Kirschfurnier f\u00fcr Rundpfosten, gebogene Wandverkleidungen und M\u00f6beloberfl\u00e4chen, Kellerpfostenverkleidungen, Holzverkleidungen, Holzpaneele, Holzpaneele f\u00fcr den Innenausbau, Holzpaneelw\u00e4nde<\/strong><\/p>\n<p><strong>Datenblatt<\/strong><\/p>\n<table>\n<tbody>\n<tr>\n<td>Produktspezifikationen<\/td>\n<td>Produktbeschreibung<\/td>\n<\/tr>\n<tr>\n<td>Code Nr.<\/td>\n<td><span style=\"font-weight: 400;\">CY287-98<\/span><\/td>\n<\/tr>\n<tr>\n<td>Gr\u00f6\u00dfe<\/td>\n<td>4 Fu\u00df x 8 Fu\u00df<\/td>\n<\/tr>\n<tr>\n<td>Dicke<\/td>\n<td><span style=\"font-weight: 400;\">3 mm<\/span><\/td>\n<\/tr>\n<tr>\n<td>V-Nut<\/td>\n<td><span style=\"font-weight: 400;\">13 mm<\/span><\/td>\n<\/tr>\n<tr>\n<td>Struktur<\/td>\n<td>Obere Schicht: Kirschfurnier \/ Mittlere Schicht: MDF-Platte \/ Untere Schicht: Kraftpapier<\/td>\n<\/tr>\n<tr>\n<td>Verwendung<\/td>\n<td>Wand- \/ Decken- \/ Mast- \/ S\u00e4ulenverkleidung<\/td>\n<\/tr>\n<tr>\n<td><span style=\"font-weight: 400;\">Herkunft <\/span><\/td>\n<td><span style=\"font-weight: 400;\">Taiwan<\/span><\/td>\n<\/tr>\n<\/tbody>\n<\/table>\n<p>&nbsp;<\/p>\n<p><span style=\"background-color: #ffffff; color: #000000;\"><strong><span style=\"font-size: 16px; font-style: normal; background-color: #ffffff;\">Charaktere<br \/>\n<\/span><\/strong><\/span><\/p>\n<table>\n<tbody>\n<tr>\n<td width=\"566\">1- Einfache Montage mit Klebstoff (DIY).<\/td>\n<\/tr>\n<tr>\n<td width=\"566\">2- Breite und H\u00f6he m\u00fcssen gegebenenfalls auf die genauen Abmessungen zugeschnitten werden.<\/td>\n<\/tr>\n<tr>\n<td width=\"566\">3- Es kann gebeizt oder lackiert werden, um zur Inneneinrichtung zu passen.<\/td>\n<\/tr>\n<tr>\n<td width=\"566\">4- Dank der V-Nut passt es sich der dekorativen Form perfekt an.<\/td>\n<\/tr>\n<tr>\n<td width=\"566\">5- Es handelt sich um ein umweltfreundliches Produkt, da die MDF-Platte aus recyceltem Material hergestellt wird.<\/td>\n<\/tr>\n<\/tbody>\n<\/table>\n<p><span style=\"background-color: #ffffff; color: #000000;\"><strong><span style=\"font-size: 16px; font-style: normal; background-color: #ffffff;\"><br \/>\n<\/span><\/strong><\/span><\/p>\n<p>(Kunden in den Vereinigten Staaten wenden sich bitte direkt an unseren Vertreter \u2013 POLE-WRAP, INC. )<\/p>\n<p>***Wir suchen Vertreter und Vertriebspartner (au\u00dferhalb der USA und Japans).***<\/p>\n","protected":false},"excerpt":{"rendered":"<h2>Flexible Kirschholzplatten f\u00fcr W\u00e4nde, Decken, M\u00f6bel, Innenverkleidungen von St\u00fctzen und verst\u00e4rkte Kellerst\u00fctzen, Verkleidungen von S\u00e4ulen und Dekorationen.<\/h2>\n<p>&nbsp;<\/p>\n<p>Anwendungsbereiche: Kellerpfostenverkleidungen, Holzverkleidungen, Holzpaneele, Holzvert\u00e4felungen f\u00fcr den Innenbereich, Holzpaneelw\u00e4nde<\/p>\n<p>Einfache Selbstmontage mit handels\u00fcblichem Kleber.<\/p>\n<ul>\n<li>Breite und H\u00f6he m\u00fcssen gegebenenfalls auf die genauen Abmessungen zugeschnitten werden.<\/li>\n<li>Dank der V-Nut passt es sich der dekorativen Form perfekt an.<\/li>\n<li>Es handelt sich um ein umweltfreundliches Produkt, da die MDF-Platte aus recyceltem Material hergestellt wird.<\/li>\n<\/ul>\n","protected":false},"featured_media":5326,"template":"","meta":[],"product_brand":[],"product_cat":[294,350],"product_tag":[360,363,368,369,417,423,424,840,847,851,973,997,1001,3982],"class_list":{"0":"post-11494","1":"product","2":"type-product","3":"status-publish","4":"has-post-thumbnail","6":"product_cat-flexible-wood-slats-panel-with-wood-veneer-top","7":"product_cat-pole-column-wall-and-furniture-surface-covers-by-diy","8":"product_tag-wood-material-de","9":"product_tag-mast-saeulenabdeckung","10":"product_tag-holzmaterial","11":"product_tag-holzpaneel","12":"product_tag-building-material-de","13":"product_tag-wood-panel-de","14":"product_tag-baumaterial","15":"product_tag-wand-deckenverkleidung","16":"product_tag-interior-covering-de","17":"product_tag-innenverkleidung","18":"product_tag-pole-column-covering-de","19":"product_tag-wood-board-de","20":"product_tag-holzbrett","21":"product_tag-wll-ceiling-covering-de","23":"first","24":"instock","25":"shipping-taxable","26":"product-type-simple"},"jetpack_sharing_enabled":true,"_links":{"self":[{"href":"https:\/\/carolyoungcorp.com\/de\/wp-json\/wp\/v2\/product\/11494","targetHints":{"allow":["GET"]}}],"collection":[{"href":"https:\/\/carolyoungcorp.com\/de\/wp-json\/wp\/v2\/product"}],"about":[{"href":"https:\/\/carolyoungcorp.com\/de\/wp-json\/wp\/v2\/types\/product"}],"wp:featuredmedia":[{"embeddable":true,"href":"https:\/\/carolyoungcorp.com\/de\/wp-json\/wp\/v2\/media\/5326"}],"wp:attachment":[{"href":"https:\/\/carolyoungcorp.com\/de\/wp-json\/wp\/v2\/media?parent=11494"}],"wp:term":[{"taxonomy":"product_brand","embeddable":true,"href":"https:\/\/carolyoungcorp.com\/de\/wp-json\/wp\/v2\/product_brand?post=11494"},{"taxonomy":"product_cat","embeddable":true,"href":"https:\/\/carolyoungcorp.com\/de\/wp-json\/wp\/v2\/product_cat?post=11494"},{"taxonomy":"product_tag","embeddable":true,"href":"https:\/\/carolyoungcorp.com\/de\/wp-json\/wp\/v2\/product_tag?post=11494"}],"curies":[{"name":"wp","href":"https:\/\/api.w.org\/{rel}","templated":true}]}}