{"id":11485,"date":"2020-06-29T08:52:20","date_gmt":"2020-06-29T08:52:20","guid":{"rendered":"https:\/\/carolyoungcorp.com\/products\/solid-red-oak-molding-pole-column-covering"},"modified":"2026-02-13T09:48:50","modified_gmt":"2026-02-13T09:48:50","slug":"solid-red-oak-molding-pole-column-covering","status":"publish","type":"product","link":"https:\/\/carolyoungcorp.com\/de\/products\/solid-red-oak-molding-pole-column-covering","title":{"rendered":"Massives quadratisches Zierprofil aus roter Eiche f\u00fcr Pfosten\/S\u00e4ulen im r\u00f6mischen S\u00e4ulendesign"},"content":{"rendered":"<h2>Massive Leisten aus roter Eiche, kombiniert mit flexiblen MDF-Platten, k\u00f6nnen zur Verkleidung und Dekoration von Pfosten, S\u00e4ulen und Pfeilern verwendet werden, um ein r\u00f6misches S\u00e4ulendesign zu erzielen.<\/h2>\n<p>&nbsp;<\/p>\n<p><strong>Verwendung: R\u00f6mische S\u00e4ulen, halbrunde S\u00e4ulenverkleidungen und S\u00e4ulenabdeckungen, Kellerpfostenabdeckungen, DIY-Kellerpfostenabdeckungen, Holzverkleidungen, S\u00e4ulenverkleidungen f\u00fcr den Innenbereich<br \/>\n<\/strong><\/p>\n<table width=\"0\">\n<tbody>\n<tr>\n<td width=\"151\">Produktspezifikation<\/td>\n<td width=\"451\">Produktbeschreibung<\/td>\n<\/tr>\n<tr>\n<td width=\"151\">Code Nr.<\/td>\n<td width=\"451\">\u00a0294-08<\/td>\n<\/tr>\n<tr>\n<td width=\"151\">Gr\u00f6\u00dfen<\/td>\n<td width=\"451\">Kappen-Set: Durchmesser: 6 &amp; 7 Zoll \/ mit Loch: 3 \u00bd, 4 oder 4 \u00bd Zoll \/ innen: \u00bd Zoll Radius<br \/>\nSockel-Set: Durchmesser: 7 &amp; 8 Zoll \/ mit Loch: 3 \u00bd, 4 oder 4 \u00bd Zoll \/ au\u00dfen: \u00bd Zoll Radius<\/td>\n<\/tr>\n<tr>\n<td width=\"151\">Material<\/td>\n<td width=\"451\">Massives Roteichenholz<\/td>\n<\/tr>\n<tr>\n<td width=\"151\">Struktur<\/td>\n<td width=\"451\">Kappen- und Sockelset<\/td>\n<\/tr>\n<tr>\n<td width=\"151\">Form<\/td>\n<td width=\"451\">Quadrat in zwei H\u00e4lften (kann auch ein Achteck sein)<\/td>\n<\/tr>\n<tr>\n<td width=\"151\">H\u00f6he<\/td>\n<td width=\"451\">\u00be Zoll<\/td>\n<\/tr>\n<tr>\n<td width=\"151\">Herkunft<\/td>\n<td width=\"451\">Taiwan<\/td>\n<\/tr>\n<\/tbody>\n<\/table>\n<p><strong>\u00a0<\/strong><\/p>\n<p><strong><span style=\"color: #3366ff;\"><br \/>\n<\/span><span style=\"color: #000000;\">Charaktere<\/span><span style=\"color: #3366ff;\"><br \/>\n<\/span><\/strong><\/p>\n<table>\n<tbody>\n<tr>\n<td width=\"566\">1- Einfache Montage mit Klebstoff (DIY).<\/td>\n<\/tr>\n<tr>\n<td width=\"566\">2- Es passt perfekt an eine r\u00f6mische S\u00e4ule oder Stange und an eine halbrunde Stangenwicklung.<\/td>\n<\/tr>\n<tr>\n<td width=\"566\">3- Es kann gebeizt oder lackiert werden, um zum Stil Ihrer Inneneinrichtung zu passen.<\/td>\n<\/tr>\n<\/tbody>\n<\/table>\n<p>&nbsp;<\/p>\n<p>(Kunden in den Vereinigten Staaten wenden sich bitte direkt an unseren Vertreter \u2013 POLE-WRAP, INC. )<\/p>\n<p>***Wir suchen Vertreter und Vertriebspartner (au\u00dferhalb der USA und Japans).***<\/p>\n","protected":false},"excerpt":{"rendered":"<table style=\"height: 442px;\" width=\"942\">\n<tbody>\n<tr>\n<td width=\"365\">\n<h2>Massives quadratisches Zierprofil aus roter Eiche f\u00fcr Pfosten\/S\u00e4ulen im r\u00f6mischen S\u00e4ulendesign<\/h2>\n<p>Verwendung: Verkleidung r\u00f6mischer S\u00e4ulen und Pfosten, Abdeckungen f\u00fcr Kellerpfosten, DIY-Kellerpfostenabdeckung, Holzverkleidung, Verkleidungen f\u00fcr Innens\u00e4ulen<\/p>\n<p>Die Montage mit handels\u00fcblichem Kleber ist einfach und kann selbst durchgef\u00fchrt werden.<\/p>\n<p>Es passt perfekt zur Dekoration von r\u00f6mischen S\u00e4ulen oder Pfosten.<\/p>\n<p>Massive Leisten aus Roteiche in Kombination mit flexiblen Holzpaneelen mit Roteichenfurnier eignen sich zur Verkleidung von Pfosten, S\u00e4ulen und Pfeilern.<\/td>\n<\/tr>\n<\/tbody>\n<\/table>\n","protected":false},"featured_media":5241,"template":"","meta":[],"product_brand":[],"product_cat":[294,540],"product_tag":[363,368,676,851,1608,3953,3962,3963,3964],"class_list":{"0":"post-11485","1":"product","2":"type-product","3":"status-publish","4":"has-post-thumbnail","6":"product_cat-flexible-wood-slats-panel-with-wood-veneer-top","7":"product_cat-diy-square-octagon-solid-wood-molding-for-interior-decoration","8":"product_tag-mast-saeulenabdeckung","9":"product_tag-holzmaterial","10":"product_tag-holzverkleidung","11":"product_tag-innenverkleidung","12":"product_tag-formen-de","13":"product_tag-basement-post-cover-de","14":"product_tag-kellerpfostenabdeckung","15":"product_tag-innenverkleidung-der-saeule","16":"product_tag-stangen-saeulenverkleidung","18":"first","19":"instock","20":"shipping-taxable","21":"product-type-simple"},"jetpack_sharing_enabled":true,"_links":{"self":[{"href":"https:\/\/carolyoungcorp.com\/de\/wp-json\/wp\/v2\/product\/11485","targetHints":{"allow":["GET"]}}],"collection":[{"href":"https:\/\/carolyoungcorp.com\/de\/wp-json\/wp\/v2\/product"}],"about":[{"href":"https:\/\/carolyoungcorp.com\/de\/wp-json\/wp\/v2\/types\/product"}],"wp:featuredmedia":[{"embeddable":true,"href":"https:\/\/carolyoungcorp.com\/de\/wp-json\/wp\/v2\/media\/5241"}],"wp:attachment":[{"href":"https:\/\/carolyoungcorp.com\/de\/wp-json\/wp\/v2\/media?parent=11485"}],"wp:term":[{"taxonomy":"product_brand","embeddable":true,"href":"https:\/\/carolyoungcorp.com\/de\/wp-json\/wp\/v2\/product_brand?post=11485"},{"taxonomy":"product_cat","embeddable":true,"href":"https:\/\/carolyoungcorp.com\/de\/wp-json\/wp\/v2\/product_cat?post=11485"},{"taxonomy":"product_tag","embeddable":true,"href":"https:\/\/carolyoungcorp.com\/de\/wp-json\/wp\/v2\/product_tag?post=11485"}],"curies":[{"name":"wp","href":"https:\/\/api.w.org\/{rel}","templated":true}]}}