{"id":10596,"date":"2020-06-29T09:26:30","date_gmt":"2020-06-29T09:26:30","guid":{"rendered":"https:\/\/carolyoungcorp.com\/products\/furniture-finishing"},"modified":"2026-02-13T09:41:39","modified_gmt":"2026-02-13T09:41:39","slug":"furniture-finishing","status":"publish","type":"product","link":"https:\/\/carolyoungcorp.com\/de\/products\/furniture-finishing","title":{"rendered":"Flexible Holzlattenplatte zur Oberfl\u00e4chenveredelung und -beschichtung von M\u00f6beln"},"content":{"rendered":"<div class=\"mceTemp\"><\/div>\n<h2>Flexible Holzlattenplatte zur Oberfl\u00e4chenveredelung und -beschichtung von M\u00f6beln<\/h2>\n<p>Alte oder andere M\u00f6bel k\u00f6nnen mit der V-Nut-Holzlattenplatte aufgefrischt und\/oder mit einfachen Werkzeugen nach Ihren eigenen W\u00fcnschen gestaltet werden. Die V-Nut-Holzlattenplatte ist flexibel und l\u00e4sst sich leicht mit einem Messer zuschneiden, um scharfe Ecken oder abgerundete Winkel zu fixieren. Die V-Nut-Holzlattenplatte hat eine verst\u00e4rkte R\u00fcckseite aus Papier oder Stoff und l\u00e4sst sich leicht auf die M\u00f6beloberfl\u00e4che kleben und laminieren.<\/p>\n<p>&nbsp;<\/p>\n<p>Verwendung: Holzplatte, Holzverkleidung, Holzvert\u00e4felung f\u00fcr den Innenbereich, Trennw\u00e4nde, Wandvert\u00e4felungen, Barfronten, Schubladenfronten, Verkleidungen f\u00fcr Stangen\/Pfosten\/S\u00e4ulen, Holzplatte f\u00fcr die M\u00f6belverkleidung, beispielsweise f\u00fcr Kleiderschr\u00e4nke, Vitrinen und B\u00fccherregale.<\/p>\n<table width=\"0\">\n<tbody>\n<tr>\n<td width=\"151\">Produktspezifikation<\/td>\n<td width=\"451\">Produktbeschreibung<\/td>\n<\/tr>\n<tr>\n<td width=\"151\">Code-Nr.<\/td>\n<td width=\"451\">CY287-01<\/td>\n<\/tr>\n<tr>\n<td width=\"151\">Gr\u00f6\u00dfe<\/td>\n<td width=\"451\">3 mm x 4 Fu\u00df x 8 Fu\u00df (3 mm x 1220 mm x 2440 mm)<\/td>\n<\/tr>\n<tr>\n<td width=\"151\">V-gerillt<\/td>\n<td width=\"451\">13 mm<\/td>\n<\/tr>\n<tr>\n<td width=\"151\">Struktur<\/td>\n<td width=\"451\">Obere Schicht: Roteichenfurnier \/ Mittlere Schicht: MDF-Platte \/ Untere Schicht: Kraftpapier<\/td>\n<\/tr>\n<tr>\n<td width=\"151\">Herkunft<\/td>\n<td width=\"451\">Taiwan<\/td>\n<\/tr>\n<\/tbody>\n<\/table>\n<p>&nbsp;<\/p>\n<p>Charakter:<\/p>\n<table>\n<tbody>\n<tr>\n<td width=\"566\">1- Einfache Installation mit handels\u00fcblichem Kleber durch Heimwerker.<\/td>\n<\/tr>\n<tr>\n<td width=\"566\">2- Breite und H\u00f6he m\u00fcssen m\u00f6glicherweise zugeschnitten werden, um den genauen Abmessungen zu entsprechen.<br \/>\nEs kann mit einer feinzahnigen S\u00e4ge zugeschnitten oder der L\u00e4nge nach mit einem Universalmesser geschnitten werden.<\/td>\n<\/tr>\n<tr>\n<td width=\"566\">3- Es kann gebeizt, lackiert oder mit Klarlack \u00fcberzogen werden, um es an die Inneneinrichtung anzupassen.<\/td>\n<\/tr>\n<tr>\n<td width=\"566\">4- Aufgrund seiner Flexibilit\u00e4t passt es sich der dekorativen Form vollst\u00e4ndig an.<\/td>\n<\/tr>\n<\/tbody>\n<\/table>\n<p>&nbsp;<\/p>\n<p>(Kunden in den Vereinigten Staaten wenden sich bitte direkt an unseren Vertreter \u2013 POLE-WRAP, INC. )<\/p>\n<p>***Suche nach Vertretern und Vertriebsh\u00e4ndlern (au\u00dfer in den USA und Japan)***<\/p>\n","protected":false},"excerpt":{"rendered":"<h2 class=\"product_title entry-title\">Flexible Holzlattenplatte zur Oberfl\u00e4chenveredelung und -beschichtung von M\u00f6beln<\/h2>\n<p>&nbsp;<\/p>\n<p>Verwendung: Holzplatte, Holzverkleidung, Holzvert\u00e4felung f\u00fcr den Innenbereich, Trennw\u00e4nde, Wandvert\u00e4felungen, Barfronten, Schubladenfronten, Verkleidungen f\u00fcr Stangen\/Pfosten\/S\u00e4ulen, Holzplatte f\u00fcr die M\u00f6belverkleidung, beispielsweise f\u00fcr Kleiderschr\u00e4nke, Vitrinen und B\u00fccherregale.<\/p>\n<p>Einfache Installation mit handels\u00fcblichem Kleber durch Heimwerker.<\/p>\n<p>Dank seiner Flexibilit\u00e4t passt es sich perfekt der dekorativen Form an.<\/p>\n<p>Die Paneele lassen sich frei zuschneiden und nach Ihren Wunschdesigns kombinieren.<\/p>\n","protected":false},"featured_media":5161,"template":"","meta":[],"product_brand":[],"product_cat":[294,351],"product_tag":[368,426,427,851,1001],"class_list":{"0":"post-10596","1":"product","2":"type-product","3":"status-publish","4":"has-post-thumbnail","6":"product_cat-flexible-wood-slats-panel-with-wood-veneer-top","7":"product_cat-flexible-wood-slats-panel-for-furniture-finishing","8":"product_tag-holzmaterial","9":"product_tag-moebelveredelung","10":"product_tag-schalttafel","11":"product_tag-innenverkleidung","12":"product_tag-holzbrett","14":"first","15":"instock","16":"shipping-taxable","17":"product-type-simple"},"jetpack_sharing_enabled":true,"_links":{"self":[{"href":"https:\/\/carolyoungcorp.com\/de\/wp-json\/wp\/v2\/product\/10596","targetHints":{"allow":["GET"]}}],"collection":[{"href":"https:\/\/carolyoungcorp.com\/de\/wp-json\/wp\/v2\/product"}],"about":[{"href":"https:\/\/carolyoungcorp.com\/de\/wp-json\/wp\/v2\/types\/product"}],"wp:featuredmedia":[{"embeddable":true,"href":"https:\/\/carolyoungcorp.com\/de\/wp-json\/wp\/v2\/media\/5161"}],"wp:attachment":[{"href":"https:\/\/carolyoungcorp.com\/de\/wp-json\/wp\/v2\/media?parent=10596"}],"wp:term":[{"taxonomy":"product_brand","embeddable":true,"href":"https:\/\/carolyoungcorp.com\/de\/wp-json\/wp\/v2\/product_brand?post=10596"},{"taxonomy":"product_cat","embeddable":true,"href":"https:\/\/carolyoungcorp.com\/de\/wp-json\/wp\/v2\/product_cat?post=10596"},{"taxonomy":"product_tag","embeddable":true,"href":"https:\/\/carolyoungcorp.com\/de\/wp-json\/wp\/v2\/product_tag?post=10596"}],"curies":[{"name":"wp","href":"https:\/\/api.w.org\/{rel}","templated":true}]}}