{"id":10502,"date":"2020-06-30T09:56:31","date_gmt":"2020-06-30T09:56:31","guid":{"rendered":"https:\/\/carolyoungcorp.com\/products\/solid-maple-wood-molding-pole-covering"},"modified":"2026-02-13T09:36:45","modified_gmt":"2026-02-13T09:36:45","slug":"solid-maple-wood-molding-pole-covering","status":"publish","type":"product","link":"https:\/\/carolyoungcorp.com\/de\/products\/solid-maple-wood-molding-pole-covering","title":{"rendered":"Massive Ahornholzleiste zur Mast-\/S\u00e4ulenverkleidung"},"content":{"rendered":"<h2 class=\"product_title entry-title\">Massive Ahornholzleiste auf Stange\/S\u00e4ule f\u00fcr r\u00f6mische S\u00e4ulendekoration aus Holz<\/h2>\n<h3>Massive Ahornholzleisten kombiniert mit flexiblen Holzlattenplatten k\u00f6nnen f\u00fcr die Abdeckung und Dekoration von Pfosten\/Pfosten\/S\u00e4ulen\/Pfeilern verwendet werden, um ein r\u00f6misches S\u00e4ulendesign durch Heimwerker zu erhalten.<\/h3>\n<p>Verwendung: R\u00f6mische S\u00e4ulen- und Mastverkleidung, Holzummantelung, Abdeckungen f\u00fcr Kellerpfosten\/-masten\/-s\u00e4ulen, S\u00e4ulenverkleidungen f\u00fcr den Innenbereich, DIY-Kellermastverkleidung, Mast-\/S\u00e4ulendekoration f\u00fcr den Innenbereich<\/p>\n<table width=\"0\">\n<tbody>\n<tr>\n<td width=\"151\">Produktspezifikation<\/td>\n<td width=\"451\">Produktbeschreibung<\/td>\n<\/tr>\n<tr>\n<td width=\"151\">Code-Nr.<\/td>\n<td width=\"451\">294-07<\/td>\n<\/tr>\n<tr>\n<td width=\"151\">Gr\u00f6\u00dfe<\/td>\n<td width=\"451\">Kappensatz \u2013 Durchmesser: 6&#8243; &amp; 7&#8243; mit Bohrung: 3\u00bd&#8220;, 4&#8243; oder 4\u00bd&#8220; und innen: \u00bd&#8220; Radiusschnitt<br \/>\nBasissatz \u2013 Durchmesser: 7&#8243; &amp; 8&#8243; mit Bohrung: 3\u00bd&#8220;, 4&#8243; oder 4\u00bd&#8220; und au\u00dfen: \u00bd&#8220; Radiusschnitt<\/td>\n<\/tr>\n<tr>\n<td width=\"151\">Material<\/td>\n<td width=\"451\">Massives Ahornholz<\/td>\n<\/tr>\n<tr>\n<td width=\"151\">Struktur<\/td>\n<td width=\"451\">Kappensatz &amp; Basissatz<\/td>\n<\/tr>\n<tr>\n<td width=\"151\">Form<\/td>\n<td width=\"451\">Achteck in zwei H\u00e4lften (kann auch quadratisch sein)<\/td>\n<\/tr>\n<tr>\n<td width=\"151\">H\u00f6he<\/td>\n<td width=\"451\">\u00a0\u00be Zoll<\/td>\n<\/tr>\n<tr>\n<td width=\"151\">Herkunft<\/td>\n<td width=\"451\">Taiwan<\/td>\n<\/tr>\n<\/tbody>\n<\/table>\n<p>Charaktere:<\/p>\n<table>\n<tbody>\n<tr>\n<td width=\"566\">1- Einfache Montage mit Kleber (DIY).<\/td>\n<\/tr>\n<tr>\n<td width=\"566\">2- Es passt perfekt zu einer r\u00f6mischen S\u00e4ule oder Stange.<\/td>\n<\/tr>\n<tr>\n<td width=\"566\">3- Es kann gebeizt oder gestrichen werden, um zum Stil Ihrer Inneneinrichtung zu passen.<\/td>\n<\/tr>\n<\/tbody>\n<\/table>\n<p>&nbsp;<\/p>\n<p>(Kunden in den Vereinigten Staaten wenden sich bitte direkt an unseren Vertreter \u2013 POLE-WRAP, INC.)<\/p>\n<p>***Suche nach Vertretern und Vertriebsh\u00e4ndlern (au\u00dfer in den USA und Japan)***<\/p>\n","protected":false},"excerpt":{"rendered":"<p>Verwendung: R\u00f6mische S\u00e4ulen- und Mastverkleidung, Holzummantelung, Abdeckungen f\u00fcr Kellerpfosten\/-masten\/-s\u00e4ulen, S\u00e4ulenverkleidungen f\u00fcr den Innenbereich, DIY-Kellermastverkleidung, Mast-\/S\u00e4ulendekoration f\u00fcr den Innenbereich<\/p>\n<p>Einfache Montage durch Selbstmontage mit normalem Kleber.<\/p>\n<p>Es kann gebeizt oder lackiert werden, um es an die Inneneinrichtung anzupassen.<\/p>\n<p>Massive Ahornholzleisten kombiniert mit flexiblen Holzlattenplatten aus Ahornholzfurnier k\u00f6nnen zur Abdeckung von Masten\/Pfosten\/S\u00e4ulen\/Pfeilern verwendet werden.<\/p>\n","protected":false},"featured_media":5266,"template":"","meta":[],"product_brand":[],"product_cat":[294,540],"product_tag":[368,424,851,975,1608],"class_list":{"0":"post-10502","1":"product","2":"type-product","3":"status-publish","4":"has-post-thumbnail","6":"product_cat-flexible-wood-slats-panel-with-wood-veneer-top","7":"product_cat-diy-square-octagon-solid-wood-molding-for-interior-decoration","8":"product_tag-holzmaterial","9":"product_tag-baumaterial","10":"product_tag-innenverkleidung","11":"product_tag-mast-saeulenverkleidung","12":"product_tag-formen-de","14":"first","15":"instock","16":"shipping-taxable","17":"product-type-simple"},"jetpack_sharing_enabled":true,"_links":{"self":[{"href":"https:\/\/carolyoungcorp.com\/de\/wp-json\/wp\/v2\/product\/10502","targetHints":{"allow":["GET"]}}],"collection":[{"href":"https:\/\/carolyoungcorp.com\/de\/wp-json\/wp\/v2\/product"}],"about":[{"href":"https:\/\/carolyoungcorp.com\/de\/wp-json\/wp\/v2\/types\/product"}],"wp:featuredmedia":[{"embeddable":true,"href":"https:\/\/carolyoungcorp.com\/de\/wp-json\/wp\/v2\/media\/5266"}],"wp:attachment":[{"href":"https:\/\/carolyoungcorp.com\/de\/wp-json\/wp\/v2\/media?parent=10502"}],"wp:term":[{"taxonomy":"product_brand","embeddable":true,"href":"https:\/\/carolyoungcorp.com\/de\/wp-json\/wp\/v2\/product_brand?post=10502"},{"taxonomy":"product_cat","embeddable":true,"href":"https:\/\/carolyoungcorp.com\/de\/wp-json\/wp\/v2\/product_cat?post=10502"},{"taxonomy":"product_tag","embeddable":true,"href":"https:\/\/carolyoungcorp.com\/de\/wp-json\/wp\/v2\/product_tag?post=10502"}],"curies":[{"name":"wp","href":"https:\/\/api.w.org\/{rel}","templated":true}]}}