{"id":10484,"date":"2020-07-06T09:05:13","date_gmt":"2020-07-06T09:05:13","guid":{"rendered":"https:\/\/carolyoungcorp.com\/products\/solid-cherry-wood-molding-pole-column-covering"},"modified":"2026-02-13T08:52:13","modified_gmt":"2026-02-13T08:52:13","slug":"solid-cherry-wood-molding-pole-column-covering","status":"publish","type":"product","link":"https:\/\/carolyoungcorp.com\/de\/products\/solid-cherry-wood-molding-pole-column-covering","title":{"rendered":"Massive Kirschholzleiste zur Abdeckung von Pfosten\/S\u00e4ulen zur Dekoration r\u00f6mischer S\u00e4ulen"},"content":{"rendered":"<div class=\"woocommerce-product-details__short-description\">\n<h2 class=\"product_title entry-title\">Massive Kirschholzleiste zur Abdeckung von Pfosten\/S\u00e4ulen zur Dekoration r\u00f6mischer S\u00e4ulen<\/h2>\n<div class=\"woocommerce-product-details__short-description\">\n<p>Verwendung: R\u00f6mische S\u00e4ulen- und Mastverkleidung, Kellerpfosten-\/Mast-\/S\u00e4ulenverkleidungen, S\u00e4ulenverkleidungen im Innenbereich, Holzverkleidung, Holzs\u00e4ulenverkleidungen<\/p>\n<table width=\"0\">\n<tbody>\n<tr>\n<td width=\"151\">Produktspezifikation<\/td>\n<td width=\"451\">Produktbeschreibung<\/td>\n<\/tr>\n<tr>\n<td width=\"151\">Code-Nr.<\/td>\n<td width=\"451\">294-06<\/td>\n<\/tr>\n<tr>\n<td width=\"151\">Gr\u00f6\u00dfe<\/td>\n<td width=\"451\">Kappensatz \u2013 Durchmesser: 6&#8243; und 7&#8243; mit Loch: 3-\u00bd&#8220;, 4&#8243; oder 4-\u00bd&#8220; und innen: \u00bd&#8220; Radiusschnitt<br \/>\nBasissatz \u2013 Durchmesser: 7&#8243; und 8&#8243;\u00a0mit Loch: 3-\u00bd&#8220;, 4&#8243; oder 4-\u00bd&#8220; und au\u00dfen: \u00bd&#8220; Radiusschnitt<\/td>\n<\/tr>\n<tr>\n<td width=\"151\">Material<\/td>\n<td width=\"451\">Massives Kirschholz<\/td>\n<\/tr>\n<tr>\n<td width=\"151\">Struktur<\/td>\n<td width=\"451\">Kappensatz &amp; Basissatz<\/td>\n<\/tr>\n<tr>\n<td width=\"151\">Form<\/td>\n<td width=\"451\">Achteck in zwei H\u00e4lften (kann auch quadratisch sein)<\/td>\n<\/tr>\n<tr>\n<td width=\"151\">H\u00f6he<\/td>\n<td width=\"451\">3\/4 Zoll<\/td>\n<\/tr>\n<tr>\n<td width=\"151\">Herkunft<\/td>\n<td width=\"451\">Taiwan<\/td>\n<\/tr>\n<\/tbody>\n<\/table>\n<p>Hauptmerkmale:<\/p>\n<p>1- Einfache DIY-Installation: Die Leiste kann einfach mit normalem Kleber installiert werden und ist somit eine benutzerfreundliche Wahl f\u00fcr Heimwerker.<\/p>\n<p>2- Perfekte Passform f\u00fcr r\u00f6mische S\u00e4ulen und Masten: Es wurde so konzipiert, dass es perfekt auf r\u00f6mische S\u00e4ulen und Masten passt und sorgt f\u00fcr ein nahtloses und optisch ansprechendes Ergebnis.<\/p>\n<p>3- Anpassbare Oberfl\u00e4chen: Die Zierleiste aus massivem Kirschholz kann gebeizt oder lackiert werden, um zum Stil Ihrer Inneneinrichtung zu passen, und bietet so vielseitige Gestaltungsm\u00f6glichkeiten.<\/p>\n<p>Versch\u00f6nern Sie Ihre r\u00f6mischen S\u00e4ulen und Pfosten mit unserer zweiteiligen Zierleiste aus massivem Kirschholz. Sie ist speziell f\u00fcr die einfache Selbstmontage konzipiert. Diese hochwertige Zierleiste aus massivem Kirschholz eignet sich perfekt f\u00fcr die Dekoration r\u00f6mischer S\u00e4ulen und Pfosten, die Verkleidung von Kellerpfosten, Pfosten und S\u00e4ulen, die Innenverkleidung von S\u00e4ulen und die Verkleidung von Holzs\u00e4ulen.<\/p>\n<p>Diese Zierleiste aus massivem Kirschholz bietet au\u00dfergew\u00f6hnliche Haltbarkeit und \u00c4sthetik. Ihre einzigartige Struktur aus zwei H\u00e4lften erm\u00f6glicht ein m\u00fcheloses Wiederzusammenf\u00fcgen bei Heimwerkerprojekten. Die Kombination aus unserer Kirschholzfurnierplatte und den flexiblen Holzlamellenplatten sorgt f\u00fcr eine nahtlose und einheitliche Optik bei der Verkleidung von Pfosten, S\u00e4ulen oder Pfeilern.<\/p>\n<\/div>\n<\/div>\n<p>Erleben Sie die Sch\u00f6nheit und den Komfort unserer massiven Kirschholzleisten, die mit Stolz in Taiwan hergestellt werden.<\/p>\n<p>Kunden in den USA wenden sich bitte an unseren autorisierten Vertreter POLE-WRAP, INC.<\/p>\n<p>Wir suchen weltweit (au\u00dfer in den USA) aktiv nach Vertretern und Vertriebspartnern.<\/p>\n<p>Schl\u00fcsselw\u00f6rter: S\u00e4ulenverkleidungen, r\u00f6mische S\u00e4ule, Mastverkleidung, Kellerpfostenverkleidungen<\/p>\n","protected":false},"excerpt":{"rendered":"<h2>Massive Kirschholzleiste zur Abdeckung von Pfosten\/S\u00e4ulen zur Dekoration r\u00f6mischer S\u00e4ulen<\/h2>\n<p>Verwendung: R\u00f6mische S\u00e4ulen- und Mastverkleidung, Kellerpfosten-\/Mast-\/S\u00e4ulenverkleidungen, S\u00e4ulenverkleidungen im Innenbereich, Holzverkleidung, Holzs\u00e4ulenverkleidungen<\/p>\n<p>Die Montage ist mit normalem Kleber ganz einfach.<\/p>\n<p>Es kann gebeizt oder lackiert werden, um es an die Inneneinrichtung anzupassen.<\/p>\n<p>Eine massive Kirschholzleiste in Kombination mit einer flexiblen Holzlattenplatte aus Kirschholzfurnier eignet sich hervorragend zur Verkleidung von Masten\/Pfosten\/S\u00e4ulen\/Pfeilern.<\/p>\n<p>&nbsp;<\/p>\n","protected":false},"featured_media":5251,"template":"","meta":[],"product_brand":[],"product_cat":[294,540],"product_tag":[368,771,851,975,1492],"class_list":{"0":"post-10484","1":"product","2":"type-product","3":"status-publish","4":"has-post-thumbnail","6":"product_cat-flexible-wood-slats-panel-with-wood-veneer-top","7":"product_cat-diy-square-octagon-solid-wood-molding-for-interior-decoration","8":"product_tag-holzmaterial","9":"product_tag-holzprodukt","10":"product_tag-innenverkleidung","11":"product_tag-mast-saeulenverkleidung","12":"product_tag-holzformteil","14":"first","15":"instock","16":"shipping-taxable","17":"product-type-simple"},"jetpack_sharing_enabled":true,"_links":{"self":[{"href":"https:\/\/carolyoungcorp.com\/de\/wp-json\/wp\/v2\/product\/10484","targetHints":{"allow":["GET"]}}],"collection":[{"href":"https:\/\/carolyoungcorp.com\/de\/wp-json\/wp\/v2\/product"}],"about":[{"href":"https:\/\/carolyoungcorp.com\/de\/wp-json\/wp\/v2\/types\/product"}],"wp:featuredmedia":[{"embeddable":true,"href":"https:\/\/carolyoungcorp.com\/de\/wp-json\/wp\/v2\/media\/5251"}],"wp:attachment":[{"href":"https:\/\/carolyoungcorp.com\/de\/wp-json\/wp\/v2\/media?parent=10484"}],"wp:term":[{"taxonomy":"product_brand","embeddable":true,"href":"https:\/\/carolyoungcorp.com\/de\/wp-json\/wp\/v2\/product_brand?post=10484"},{"taxonomy":"product_cat","embeddable":true,"href":"https:\/\/carolyoungcorp.com\/de\/wp-json\/wp\/v2\/product_cat?post=10484"},{"taxonomy":"product_tag","embeddable":true,"href":"https:\/\/carolyoungcorp.com\/de\/wp-json\/wp\/v2\/product_tag?post=10484"}],"curies":[{"name":"wp","href":"https:\/\/api.w.org\/{rel}","templated":true}]}}