{"id":10249,"date":"2020-07-07T08:17:29","date_gmt":"2020-07-07T08:17:29","guid":{"rendered":"https:\/\/carolyoungcorp.com\/products\/solid-red-oak-wood-molding-column-decoration"},"modified":"2026-02-13T08:44:39","modified_gmt":"2026-02-13T08:44:39","slug":"solid-red-oak-wood-molding-column-decoration","status":"publish","type":"product","link":"https:\/\/carolyoungcorp.com\/de\/products\/solid-red-oak-wood-molding-column-decoration","title":{"rendered":"Massive Roteichenholzleiste f\u00fcr die Innendekoration von Masten\/S\u00e4ulen"},"content":{"rendered":"<h2>Massive Holzleiste aus Rot-Eiche f\u00fcr die Innendekoration von Pfosten\/S\u00e4ulen, insbesondere f\u00fcr das Design r\u00f6mischer S\u00e4ulen<\/h2>\n<p>Versch\u00f6nern Sie Ihre r\u00f6mischen S\u00e4ulen und Pfosten mit unserer zweiteiligen Leiste aus massiver Roteiche. Sie ist speziell f\u00fcr die einfache Selbstmontage konzipiert. Diese hochwertige Leiste aus Roteiche eignet sich perfekt f\u00fcr die Dekoration r\u00f6mischer S\u00e4ulen und Pfosten, die Verkleidung von Kellerpfosten, Pfosten und S\u00e4ulen, die Innenverkleidung von S\u00e4ulen und die Verkleidung von Holzs\u00e4ulen.<\/p>\n<p>Diese Leiste aus massiver Roteiche bietet au\u00dfergew\u00f6hnliche Haltbarkeit und \u00c4sthetik. Ihre einzigartige Struktur aus zwei H\u00e4lften erm\u00f6glicht ein m\u00fcheloses Wiederzusammenf\u00fcgen bei Heimwerkerprojekten. Die Kombination mit unserer flexiblen Holzplatte aus Roteichenfurnier sorgt f\u00fcr eine nahtlose und einheitliche Optik bei der Verkleidung von Pfosten, S\u00e4ulen und Pfeilern.<\/p>\n<p><strong>Hauptmerkmale:<\/strong><\/p>\n<p>1. Einfache Selbstmontage: Die massive Roteichenleiste l\u00e4sst sich mit normalem Kleber einfach montieren und ist somit eine benutzerfreundliche Wahl f\u00fcr Heimwerker.<\/p>\n<p>2. Perfekte Passform f\u00fcr r\u00f6mische S\u00e4ulen und Stangen: Es wurde so konzipiert, dass es perfekt auf r\u00f6mische S\u00e4ulen und Stangen passt und sorgt f\u00fcr ein nahtloses und optisch ansprechendes Ergebnis.<\/p>\n<p>3. Anpassbare Oberfl\u00e4chen: Die Red Oak-Leiste kann gebeizt oder lackiert werden, um zum Stil Ihrer Inneneinrichtung zu passen, und bietet so vielseitige Gestaltungsm\u00f6glichkeiten.<\/p>\n<p>Erleben Sie die Sch\u00f6nheit und den Komfort unserer Zierleisten aus massiver Rot-Eiche, die mit Stolz in Taiwan hergestellt werden.<\/p>\n<p><strong>Verwendung:<\/strong> Innendekoration r\u00f6mischer S\u00e4ulen und Stangen, Holzummantelung, Stangenverkleidungen, Abdeckungen f\u00fcr Kellerpfosten\/-s\u00e4ulen, DIY-Kellerstangenabdeckung<\/p>\n<p><strong>Spezifikation:<br \/>\n<\/strong><\/p>\n<table width=\"0\">\n<tbody>\n<tr>\n<td width=\"151\">Produktspezifikation<\/td>\n<td width=\"451\">Produktbeschreibung<\/td>\n<\/tr>\n<tr>\n<td width=\"151\">Code-Nr.<\/td>\n<td width=\"451\">294-00<\/td>\n<\/tr>\n<tr>\n<td width=\"151\">Gr\u00f6\u00dfe<\/td>\n<td width=\"451\">Kappensatz: Durchmesser 6 Zoll und 7 Zoll, mit Bohrung 3 1\/2 Zoll, 4 Zoll oder 4 1\/2 Zoll<br \/>\nBasissatz: Durchmesser 7 Zoll und 8 Zoll, mit Bohrung 3 1\/2 Zoll, 4 Zoll oder 4 1\/2 Zoll<\/td>\n<\/tr>\n<tr>\n<td width=\"151\">Material<\/td>\n<td width=\"451\">Massive Roteiche<\/td>\n<\/tr>\n<tr>\n<td width=\"151\">Struktur<\/td>\n<td width=\"451\">Kappensatz und Basissatz<\/td>\n<\/tr>\n<tr>\n<td width=\"151\">Form<\/td>\n<td width=\"451\">Achteck in zwei H\u00e4lften (kann auch quadratisch sein)<\/td>\n<\/tr>\n<tr>\n<td width=\"151\">H\u00f6he<\/td>\n<td width=\"451\">3\/4 Zoll<\/td>\n<\/tr>\n<\/tbody>\n<\/table>\n<p><strong>\u00a0<\/strong><\/p>\n<p><strong>Charakter:<\/strong><\/p>\n<table>\n<tbody>\n<tr>\n<td width=\"566\">1- Die Installation ist mit normalem Kleber ganz einfach und kann selbst durchgef\u00fchrt werden.<\/td>\n<\/tr>\n<tr>\n<td width=\"566\">2- Es passt 100 % zur Dekoration der Roma-S\u00e4ule oder -Stange.<\/td>\n<\/tr>\n<tr>\n<td width=\"566\">3- Es kann gebeizt oder gestrichen werden, um es an die Inneneinrichtung anzupassen.<\/td>\n<\/tr>\n<tr>\n<td width=\"566\">4- Es k\u00f6nnen auch andere Massivholzarten verwendet werden.<\/td>\n<\/tr>\n<\/tbody>\n<\/table>\n<p>(Kunden in den Vereinigten Staaten wenden sich bitte direkt an unseren Vertreter \u2013 POLE-WRAP, INC. )<\/p>\n<p>***Suche nach Vertretern und Vertriebsh\u00e4ndlern (au\u00dfer in den USA)***<\/p>\n","protected":false},"excerpt":{"rendered":"<p>Verwendung: Innendekoration r\u00f6mischer S\u00e4ulen und Stangen, Holzummantelung, Stangenverkleidungen, Abdeckungen f\u00fcr Kellerpfosten\/-s\u00e4ulen, DIY-Kellerstangenabdeckung<\/p>\n<p>Die Montage ist mit normalem Kleber ganz einfach.<\/p>\n<p>Passt perfekt zur Dekoration von Roma-S\u00e4ulen oder -Pfosten.<\/p>\n<p>Kann gebeizt oder lackiert werden, um die Inneneinrichtung anzupassen.<\/p>\n<p>Massivholzleisten in Kombination mit flexiblen Paneelen eignen sich f\u00fcr die Dekoration von Pfosten, S\u00e4ulen und Pfeilern.<\/p>\n","protected":false},"featured_media":5216,"template":"","meta":[],"product_brand":[],"product_cat":[416,294],"product_tag":[368,571,677,769,1492],"class_list":{"0":"post-10249","1":"product","2":"type-product","3":"status-publish","4":"has-post-thumbnail","6":"product_cat-solid-wood-molding-for-pole-or-column-covering-and-decoration","7":"product_cat-flexible-wood-slats-panel-with-wood-veneer-top","8":"product_tag-holzmaterial","9":"product_tag-innenausstattung","10":"product_tag-holzdekoration","11":"product_tag-mast-saeulendekoration","12":"product_tag-holzformteil","14":"first","15":"instock","16":"shipping-taxable","17":"product-type-simple"},"jetpack_sharing_enabled":true,"_links":{"self":[{"href":"https:\/\/carolyoungcorp.com\/de\/wp-json\/wp\/v2\/product\/10249","targetHints":{"allow":["GET"]}}],"collection":[{"href":"https:\/\/carolyoungcorp.com\/de\/wp-json\/wp\/v2\/product"}],"about":[{"href":"https:\/\/carolyoungcorp.com\/de\/wp-json\/wp\/v2\/types\/product"}],"wp:featuredmedia":[{"embeddable":true,"href":"https:\/\/carolyoungcorp.com\/de\/wp-json\/wp\/v2\/media\/5216"}],"wp:attachment":[{"href":"https:\/\/carolyoungcorp.com\/de\/wp-json\/wp\/v2\/media?parent=10249"}],"wp:term":[{"taxonomy":"product_brand","embeddable":true,"href":"https:\/\/carolyoungcorp.com\/de\/wp-json\/wp\/v2\/product_brand?post=10249"},{"taxonomy":"product_cat","embeddable":true,"href":"https:\/\/carolyoungcorp.com\/de\/wp-json\/wp\/v2\/product_cat?post=10249"},{"taxonomy":"product_tag","embeddable":true,"href":"https:\/\/carolyoungcorp.com\/de\/wp-json\/wp\/v2\/product_tag?post=10249"}],"curies":[{"name":"wp","href":"https:\/\/api.w.org\/{rel}","templated":true}]}}